{"id":68,"date":"2025-11-14T18:04:45","date_gmt":"2025-11-14T17:04:45","guid":{"rendered":"https:\/\/test.groupechampagnat.fr\/ecole-ste-therese\/lequipe-educative\/"},"modified":"2026-01-12T12:25:42","modified_gmt":"2026-01-12T11:25:42","slug":"lequipe-educative","status":"publish","type":"page","link":"https:\/\/www.groupechampagnat.fr\/ecole-ste-therese\/projet-pedagogique\/lequipe-educative\/","title":{"rendered":"L\u2019\u00e9quipe \u00e9ducative"},"content":{"rendered":"\n<p>L\u2019Ecole Ste Th\u00e9r\u00e8se est constitu\u00e9e d\u2019une communaut\u00e9 \u00e9ducative de personnes qui participent activement \u00e0 l\u2019\u00e9ducation et \u00e0 l\u2019apprentissage des savoirs et savoir-\u00eatre des jeunes. <\/p>\n\n\n\n<figure class=\"wp-block-image aligncenter size-full\"><img loading=\"lazy\" decoding=\"async\" width=\"1024\" height=\"480\" src=\"https:\/\/www.groupechampagnat.fr\/wp-sites\/uploads\/sites\/3\/2025\/11\/equipe_stetherese.webp\" alt=\"\" class=\"wp-image-164\" srcset=\"https:\/\/www.groupechampagnat.fr\/wp-sites\/uploads\/sites\/3\/2025\/11\/equipe_stetherese.webp 1024w, https:\/\/www.groupechampagnat.fr\/wp-sites\/uploads\/sites\/3\/2025\/11\/equipe_stetherese-300x141.webp 300w, https:\/\/www.groupechampagnat.fr\/wp-sites\/uploads\/sites\/3\/2025\/11\/equipe_stetherese-768x360.webp 768w\" sizes=\"auto, (max-width: 1024px) 100vw, 1024px\" \/><\/figure>\n\n\n\n<div class=\"wp-block-group bloc is-layout-constrained wp-block-group-is-layout-constrained\">\n<figure class=\"wp-block-image alignright size-full is-resized\"><img loading=\"lazy\" decoding=\"async\" width=\"300\" height=\"300\" src=\"https:\/\/www.groupechampagnat.fr\/wp-sites\/uploads\/sites\/3\/2025\/11\/Cyrille_Perras.webp\" alt=\"\" class=\"wp-image-166\" style=\"width:100px\" srcset=\"https:\/\/www.groupechampagnat.fr\/wp-sites\/uploads\/sites\/3\/2025\/11\/Cyrille_Perras.webp 300w, https:\/\/www.groupechampagnat.fr\/wp-sites\/uploads\/sites\/3\/2025\/11\/Cyrille_Perras-150x150.webp 150w\" sizes=\"auto, (max-width: 300px) 100vw, 300px\" \/><\/figure>\n\n\n\n<figure class=\"wp-block-image alignright size-full is-resized\"><img loading=\"lazy\" decoding=\"async\" width=\"300\" height=\"300\" src=\"https:\/\/www.groupechampagnat.fr\/wp-sites\/uploads\/sites\/3\/2025\/11\/Pierre-Laurent_Combarette.webp\" alt=\"\" class=\"wp-image-169\" style=\"width:100px\" srcset=\"https:\/\/www.groupechampagnat.fr\/wp-sites\/uploads\/sites\/3\/2025\/11\/Pierre-Laurent_Combarette.webp 300w, https:\/\/www.groupechampagnat.fr\/wp-sites\/uploads\/sites\/3\/2025\/11\/Pierre-Laurent_Combarette-150x150.webp 150w\" sizes=\"auto, (max-width: 300px) 100vw, 300px\" \/><\/figure>\n\n\n\n<h3 class=\"wp-block-heading\">Administration :<\/h3>\n\n\n\n<ul class=\"wp-block-list\">\n<li>chef d\u2019\u00e9tablissement coll\u00e8ge \/ coordinateur : Pierre Laurent COMBARETTE<\/li>\n\n\n\n<li>chef d\u2019\u00e9tablissement Maternelle\/Primaire : Cyrille PERRAS<\/li>\n\n\n\n<li>secr\u00e9taire : Karine GRANGE<\/li>\n<\/ul>\n<\/div>\n\n\n\n<div class=\"wp-block-columns is-layout-flex wp-container-core-columns-is-layout-9d6595d7 wp-block-columns-is-layout-flex\">\n<div class=\"wp-block-column bloc is-layout-flow wp-block-column-is-layout-flow\">\n<div class=\"wp-block-group is-layout-constrained wp-block-group-is-layout-constrained\">\n<h3 class=\"wp-block-heading\">Maternelle :<\/h3>\n\n\n\n<ul class=\"wp-block-list\">\n<li>classe de PS\/MS\/GS : 1 enseignante aid\u00e9e de No\u00eblle MEUGNIER (ASEM)<\/li>\n\n\n\n<li>classe de PS\/MS\/GS 2 : Corinne SOUVIGNET aid\u00e9e de Val\u00e9rie DESPLANCHES (ASEM)<\/li>\n<\/ul>\n\n\n\n<h3 class=\"wp-block-heading\">Primaire :<\/h3>\n\n\n\n<ul class=\"wp-block-list\">\n<li>classe de GS-CE1 : Asma BENDJILALI aid\u00e9e de La\u00ebtitia ROUGERIE (ASEM)<\/li>\n\n\n\n<li>classe de CP-CE1 A : Sylvie COQUET<\/li>\n\n\n\n<li>classe de CE1-CE1 B : Karyne MOULLIN<\/li>\n\n\n\n<li>classe de CE2 : Chlo\u00e9 PILAZ<\/li>\n\n\n\n<li>classe de CM1-CM2A : C\u00e9cile DUMAS<\/li>\n\n\n\n<li>classe de CM1-CM2B : Pierre-Yves CORGIER<\/li>\n<\/ul>\n<\/div>\n<\/div>\n\n\n\n<div class=\"wp-block-column bloc is-layout-flow wp-block-column-is-layout-flow\">\n<div class=\"wp-block-group is-layout-constrained wp-block-group-is-layout-constrained\">\n<h3 class=\"wp-block-heading\">Enseignante sp\u00e9cialis\u00e9e en regroupement d\u2019adaptation : <\/h3>\n\n\n\n<ul class=\"wp-block-list\">\n<li>Karen FELIZZATO<\/li>\n<\/ul>\n\n\n\n<h3 class=\"wp-block-heading\">AESH : <\/h3>\n\n\n\n<ul class=\"wp-block-list\">\n<li>Malika MEBARKI<\/li>\n\n\n\n<li>Emine ROSTAING<\/li>\n\n\n\n<li>Jacqueline BAEHR<\/li>\n<\/ul>\n<\/div>\n<\/div>\n<\/div>\n\n\n\n<div class=\"wp-block-columns is-layout-flex wp-container-core-columns-is-layout-9d6595d7 wp-block-columns-is-layout-flex\">\n<div class=\"wp-block-column bloc is-layout-flow wp-block-column-is-layout-flow\">\n<div class=\"wp-block-group is-layout-constrained wp-block-group-is-layout-constrained\">\n<h3 class=\"wp-block-heading\">Intervenants municipaux en sport : <\/h3>\n\n\n\n<ul class=\"wp-block-list\">\n<li>Caroline<\/li>\n\n\n\n<li>Bastien <\/li>\n\n\n\n<li>Corentin<\/li>\n<\/ul>\n\n\n\n<h3 class=\"wp-block-heading\">Intervenants \u00ab Ateliers m\u00e9ridiens \u00bb :<\/h3>\n\n\n\n<ul class=\"wp-block-list\">\n<li>Jacqueline (BCD)<\/li>\n\n\n\n<li>Nicolas ILORCA (Hip-Hop)<\/li>\n\n\n\n<li>Mme BARCELO (relaxation)<\/li>\n\n\n\n<li>Mme VERNET (th\u00e9\u00e2tre)<\/li>\n\n\n\n<li>M. COSSART (chant)<\/li>\n<\/ul>\n<\/div>\n<\/div>\n\n\n\n<div class=\"wp-block-column bloc is-layout-flow wp-block-column-is-layout-flow\">\n<div class=\"wp-block-group is-layout-constrained wp-block-group-is-layout-constrained\">\n<h3 class=\"wp-block-heading\">Entretien des locaux<\/h3>\n\n\n\n<ul class=\"wp-block-list\">\n<li>David VENET<\/li>\n<\/ul>\n\n\n\n<h3 class=\"wp-block-heading\">Personnel de cantine<\/h3>\n\n\n\n<ul class=\"wp-block-list\">\n<li>B\u00e9reng\u00e8re ROUSSEAU<\/li>\n\n\n\n<li>Julien TUAL<\/li>\n<\/ul>\n<\/div>\n<\/div>\n<\/div>\n\n\n\n<div class=\"wp-block-group chapitre_h is-layout-constrained wp-block-group-is-layout-constrained\">\n<h3 class=\"wp-block-heading\">Des th\u00e8mes d\u2019ann\u00e9e qui donnent lieu \u00e0 :<\/h3>\n\n\n\n<ul class=\"wp-block-list\">\n<li>des sorties scolaires<\/li>\n\n\n\n<li>des classes \u00e0 th\u00e8mes en nos murs ou hors les murs<\/li>\n\n\n\n<li>des rencontres avec des partenaires ext\u00e9rieurs (club de basket, m\u00e9diath\u00e8que, mus\u00e9e de L\u2019Arbresle, artistes locaux (monde de l\u2019\u00e9dition, musiciens, peintres, association anthropologia\u2026.)<\/li>\n\n\n\n<li>des expositions dans les classes<\/li>\n\n\n\n<li>une kermesse festive en lien avec le th\u00e8me de l\u2019ann\u00e9e<br><\/li>\n<\/ul>\n<\/div>\n\n\n\n<div class=\"wp-block-group chapitre_h is-layout-constrained wp-block-group-is-layout-constrained\">\n<div class=\"wp-block-columns is-layout-flex wp-container-core-columns-is-layout-9d6595d7 wp-block-columns-is-layout-flex\">\n<div class=\"wp-block-column is-layout-flow wp-block-column-is-layout-flow\" style=\"flex-basis:33.33%\">\n<figure class=\"wp-block-image\"><img decoding=\"async\" src=\"https:\/\/www.groupechampagnat.fr\/wp-media\/uploads\/2020\/12\/CDI.jpg\" alt=\"CDI\" class=\"wp-image-995\"\/><\/figure>\n<\/div>\n\n\n\n<div class=\"wp-block-column is-layout-flow wp-block-column-is-layout-flow\">\n<h3 class=\"wp-block-heading\">Une participation \u00e0 la vie de la commune :<\/h3>\n\n\n\n<ul class=\"wp-block-list\">\n<li>La comm\u00e9moration du 11 novembre<\/li>\n\n\n\n<li>La pr\u00e9vention routi\u00e8re en GS et CM<\/li>\n\n\n\n<li>Les premiers secours avec la Croix rouge<\/li>\n\n\n\n<li>Des interventions avec la FRAPNA<\/li>\n\n\n\n<li>Des spectacles propos\u00e9s par la mairie<\/li>\n\n\n\n<li>Des visites, des expositions&nbsp; \u00e0 la m\u00e9diath\u00e8que<\/li>\n<\/ul>\n<\/div>\n<\/div>\n<\/div>\n","protected":false},"excerpt":{"rendered":"<p>L\u2019Ecole Ste Th\u00e9r\u00e8se est constitu\u00e9e d\u2019une communaut\u00e9 \u00e9ducative de personnes qui participent activement \u00e0 l\u2019\u00e9ducation et \u00e0 l\u2019apprentissage des savoirs et savoir-\u00eatre des jeunes. Administration : Maternelle : Primaire : Enseignante sp\u00e9cialis\u00e9e en regroupement d\u2019adaptation : AESH : Intervenants municipaux en sport : Intervenants \u00ab Ateliers m\u00e9ridiens \u00bb : Entretien des locaux Personnel de cantine [&hellip;]<\/p>\n","protected":false},"author":1,"featured_media":159,"parent":66,"menu_order":0,"comment_status":"closed","ping_status":"closed","template":"","meta":{"footnotes":""},"class_list":["post-68","page","type-page","status-publish","has-post-thumbnail","hentry"],"yoast_head":"<!-- This site is optimized with the Yoast SEO plugin v27.4 - https:\/\/yoast.com\/product\/yoast-seo-wordpress\/ -->\n<title>L\u2019\u00e9quipe \u00e9ducative - \u00c9cole Ste Th\u00e9r\u00e8se<\/title>\n<meta name=\"description\" content=\"\u00c9quipe p\u00e9dagogique de l&#039;\u00e9cole Sainte Th\u00e9r\u00e8se \u00e0 L&#039;Arbresle : enseignants maternelle et primaire, direction et intervenants. Pr\u00e9sentation.\" \/>\n<meta name=\"robots\" content=\"index, follow, max-snippet:-1, max-image-preview:large, max-video-preview:-1\" \/>\n<link rel=\"canonical\" href=\"https:\/\/www.groupechampagnat.fr\/ecole-ste-therese\/projet-pedagogique\/lequipe-educative\/\" \/>\n<meta property=\"og:locale\" content=\"fr_FR\" \/>\n<meta property=\"og:type\" content=\"article\" \/>\n<meta property=\"og:title\" content=\"L\u2019\u00e9quipe \u00e9ducative - \u00c9cole Ste Th\u00e9r\u00e8se\" \/>\n<meta property=\"og:description\" content=\"\u00c9quipe p\u00e9dagogique de l&#039;\u00e9cole Sainte Th\u00e9r\u00e8se \u00e0 L&#039;Arbresle : enseignants maternelle et primaire, direction et intervenants. Pr\u00e9sentation.\" \/>\n<meta property=\"og:url\" content=\"https:\/\/www.groupechampagnat.fr\/ecole-ste-therese\/projet-pedagogique\/lequipe-educative\/\" \/>\n<meta property=\"og:site_name\" content=\"\u00c9cole Ste Th\u00e9r\u00e8se\" \/>\n<meta property=\"article:modified_time\" content=\"2026-01-12T11:25:42+00:00\" \/>\n<meta property=\"og:image\" content=\"https:\/\/www.groupechampagnat.fr\/wp-sites\/uploads\/sites\/3\/2025\/11\/top_SteTherese.webp\" \/>\n\t<meta property=\"og:image:width\" content=\"1200\" \/>\n\t<meta property=\"og:image:height\" content=\"450\" \/>\n\t<meta property=\"og:image:type\" content=\"image\/webp\" \/>\n<meta name=\"twitter:card\" content=\"summary_large_image\" \/>\n<meta name=\"twitter:label1\" content=\"Dur\u00e9e de lecture estim\u00e9e\" \/>\n\t<meta name=\"twitter:data1\" content=\"3 minutes\" \/>\n<script type=\"application\/ld+json\" class=\"yoast-schema-graph\">{\"@context\":\"https:\\\/\\\/schema.org\",\"@graph\":[{\"@type\":\"WebPage\",\"@id\":\"https:\\\/\\\/www.groupechampagnat.fr\\\/ecole-ste-therese\\\/projet-pedagogique\\\/lequipe-educative\\\/\",\"url\":\"https:\\\/\\\/www.groupechampagnat.fr\\\/ecole-ste-therese\\\/projet-pedagogique\\\/lequipe-educative\\\/\",\"name\":\"L\u2019\u00e9quipe \u00e9ducative - \u00c9cole Ste Th\u00e9r\u00e8se\",\"isPartOf\":{\"@id\":\"https:\\\/\\\/www.groupechampagnat.fr\\\/ecole-ste-therese\\\/#website\"},\"primaryImageOfPage\":{\"@id\":\"https:\\\/\\\/www.groupechampagnat.fr\\\/ecole-ste-therese\\\/projet-pedagogique\\\/lequipe-educative\\\/#primaryimage\"},\"image\":{\"@id\":\"https:\\\/\\\/www.groupechampagnat.fr\\\/ecole-ste-therese\\\/projet-pedagogique\\\/lequipe-educative\\\/#primaryimage\"},\"thumbnailUrl\":\"https:\\\/\\\/www.groupechampagnat.fr\\\/wp-sites\\\/uploads\\\/sites\\\/3\\\/2025\\\/11\\\/top_SteTherese.webp\",\"datePublished\":\"2025-11-14T17:04:45+00:00\",\"dateModified\":\"2026-01-12T11:25:42+00:00\",\"description\":\"\u00c9quipe p\u00e9dagogique de l'\u00e9cole Sainte Th\u00e9r\u00e8se \u00e0 L'Arbresle : enseignants maternelle et primaire, direction et intervenants. Pr\u00e9sentation.\",\"breadcrumb\":{\"@id\":\"https:\\\/\\\/www.groupechampagnat.fr\\\/ecole-ste-therese\\\/projet-pedagogique\\\/lequipe-educative\\\/#breadcrumb\"},\"inLanguage\":\"fr-FR\",\"potentialAction\":[{\"@type\":\"ReadAction\",\"target\":[\"https:\\\/\\\/www.groupechampagnat.fr\\\/ecole-ste-therese\\\/projet-pedagogique\\\/lequipe-educative\\\/\"]}]},{\"@type\":\"ImageObject\",\"inLanguage\":\"fr-FR\",\"@id\":\"https:\\\/\\\/www.groupechampagnat.fr\\\/ecole-ste-therese\\\/projet-pedagogique\\\/lequipe-educative\\\/#primaryimage\",\"url\":\"https:\\\/\\\/www.groupechampagnat.fr\\\/wp-sites\\\/uploads\\\/sites\\\/3\\\/2025\\\/11\\\/top_SteTherese.webp\",\"contentUrl\":\"https:\\\/\\\/www.groupechampagnat.fr\\\/wp-sites\\\/uploads\\\/sites\\\/3\\\/2025\\\/11\\\/top_SteTherese.webp\",\"width\":1200,\"height\":450},{\"@type\":\"BreadcrumbList\",\"@id\":\"https:\\\/\\\/www.groupechampagnat.fr\\\/ecole-ste-therese\\\/projet-pedagogique\\\/lequipe-educative\\\/#breadcrumb\",\"itemListElement\":[{\"@type\":\"ListItem\",\"position\":1,\"name\":\"Accueil\",\"item\":\"https:\\\/\\\/www.groupechampagnat.fr\\\/ecole-ste-therese\\\/\"},{\"@type\":\"ListItem\",\"position\":2,\"name\":\"Projet p\u00e9dagogique\",\"item\":\"https:\\\/\\\/www.groupechampagnat.fr\\\/ecole-ste-therese\\\/projet-pedagogique\\\/\"},{\"@type\":\"ListItem\",\"position\":3,\"name\":\"L\u2019\u00e9quipe \u00e9ducative\"}]},{\"@type\":\"WebSite\",\"@id\":\"https:\\\/\\\/www.groupechampagnat.fr\\\/ecole-ste-therese\\\/#website\",\"url\":\"https:\\\/\\\/www.groupechampagnat.fr\\\/ecole-ste-therese\\\/\",\"name\":\"\u00c9cole Ste Th\u00e9r\u00e8se\",\"description\":\"\",\"potentialAction\":[{\"@type\":\"SearchAction\",\"target\":{\"@type\":\"EntryPoint\",\"urlTemplate\":\"https:\\\/\\\/www.groupechampagnat.fr\\\/ecole-ste-therese\\\/?s={search_term_string}\"},\"query-input\":{\"@type\":\"PropertyValueSpecification\",\"valueRequired\":true,\"valueName\":\"search_term_string\"}}],\"inLanguage\":\"fr-FR\"}]}<\/script>\n<!-- \/ Yoast SEO plugin. -->","yoast_head_json":{"title":"L\u2019\u00e9quipe \u00e9ducative - \u00c9cole Ste Th\u00e9r\u00e8se","description":"\u00c9quipe p\u00e9dagogique de l'\u00e9cole Sainte Th\u00e9r\u00e8se \u00e0 L'Arbresle : enseignants maternelle et primaire, direction et intervenants. Pr\u00e9sentation.","robots":{"index":"index","follow":"follow","max-snippet":"max-snippet:-1","max-image-preview":"max-image-preview:large","max-video-preview":"max-video-preview:-1"},"canonical":"https:\/\/www.groupechampagnat.fr\/ecole-ste-therese\/projet-pedagogique\/lequipe-educative\/","og_locale":"fr_FR","og_type":"article","og_title":"L\u2019\u00e9quipe \u00e9ducative - \u00c9cole Ste Th\u00e9r\u00e8se","og_description":"\u00c9quipe p\u00e9dagogique de l'\u00e9cole Sainte Th\u00e9r\u00e8se \u00e0 L'Arbresle : enseignants maternelle et primaire, direction et intervenants. Pr\u00e9sentation.","og_url":"https:\/\/www.groupechampagnat.fr\/ecole-ste-therese\/projet-pedagogique\/lequipe-educative\/","og_site_name":"\u00c9cole Ste Th\u00e9r\u00e8se","article_modified_time":"2026-01-12T11:25:42+00:00","og_image":[{"width":1200,"height":450,"url":"https:\/\/www.groupechampagnat.fr\/wp-sites\/uploads\/sites\/3\/2025\/11\/top_SteTherese.webp","type":"image\/webp"}],"twitter_card":"summary_large_image","twitter_misc":{"Dur\u00e9e de lecture estim\u00e9e":"3 minutes"},"schema":{"@context":"https:\/\/schema.org","@graph":[{"@type":"WebPage","@id":"https:\/\/www.groupechampagnat.fr\/ecole-ste-therese\/projet-pedagogique\/lequipe-educative\/","url":"https:\/\/www.groupechampagnat.fr\/ecole-ste-therese\/projet-pedagogique\/lequipe-educative\/","name":"L\u2019\u00e9quipe \u00e9ducative - \u00c9cole Ste Th\u00e9r\u00e8se","isPartOf":{"@id":"https:\/\/www.groupechampagnat.fr\/ecole-ste-therese\/#website"},"primaryImageOfPage":{"@id":"https:\/\/www.groupechampagnat.fr\/ecole-ste-therese\/projet-pedagogique\/lequipe-educative\/#primaryimage"},"image":{"@id":"https:\/\/www.groupechampagnat.fr\/ecole-ste-therese\/projet-pedagogique\/lequipe-educative\/#primaryimage"},"thumbnailUrl":"https:\/\/www.groupechampagnat.fr\/wp-sites\/uploads\/sites\/3\/2025\/11\/top_SteTherese.webp","datePublished":"2025-11-14T17:04:45+00:00","dateModified":"2026-01-12T11:25:42+00:00","description":"\u00c9quipe p\u00e9dagogique de l'\u00e9cole Sainte Th\u00e9r\u00e8se \u00e0 L'Arbresle : enseignants maternelle et primaire, direction et intervenants. Pr\u00e9sentation.","breadcrumb":{"@id":"https:\/\/www.groupechampagnat.fr\/ecole-ste-therese\/projet-pedagogique\/lequipe-educative\/#breadcrumb"},"inLanguage":"fr-FR","potentialAction":[{"@type":"ReadAction","target":["https:\/\/www.groupechampagnat.fr\/ecole-ste-therese\/projet-pedagogique\/lequipe-educative\/"]}]},{"@type":"ImageObject","inLanguage":"fr-FR","@id":"https:\/\/www.groupechampagnat.fr\/ecole-ste-therese\/projet-pedagogique\/lequipe-educative\/#primaryimage","url":"https:\/\/www.groupechampagnat.fr\/wp-sites\/uploads\/sites\/3\/2025\/11\/top_SteTherese.webp","contentUrl":"https:\/\/www.groupechampagnat.fr\/wp-sites\/uploads\/sites\/3\/2025\/11\/top_SteTherese.webp","width":1200,"height":450},{"@type":"BreadcrumbList","@id":"https:\/\/www.groupechampagnat.fr\/ecole-ste-therese\/projet-pedagogique\/lequipe-educative\/#breadcrumb","itemListElement":[{"@type":"ListItem","position":1,"name":"Accueil","item":"https:\/\/www.groupechampagnat.fr\/ecole-ste-therese\/"},{"@type":"ListItem","position":2,"name":"Projet p\u00e9dagogique","item":"https:\/\/www.groupechampagnat.fr\/ecole-ste-therese\/projet-pedagogique\/"},{"@type":"ListItem","position":3,"name":"L\u2019\u00e9quipe \u00e9ducative"}]},{"@type":"WebSite","@id":"https:\/\/www.groupechampagnat.fr\/ecole-ste-therese\/#website","url":"https:\/\/www.groupechampagnat.fr\/ecole-ste-therese\/","name":"\u00c9cole Ste Th\u00e9r\u00e8se","description":"","potentialAction":[{"@type":"SearchAction","target":{"@type":"EntryPoint","urlTemplate":"https:\/\/www.groupechampagnat.fr\/ecole-ste-therese\/?s={search_term_string}"},"query-input":{"@type":"PropertyValueSpecification","valueRequired":true,"valueName":"search_term_string"}}],"inLanguage":"fr-FR"}]}},"_links":{"self":[{"href":"https:\/\/www.groupechampagnat.fr\/ecole-ste-therese\/wp-json\/wp\/v2\/pages\/68","targetHints":{"allow":["GET"]}}],"collection":[{"href":"https:\/\/www.groupechampagnat.fr\/ecole-ste-therese\/wp-json\/wp\/v2\/pages"}],"about":[{"href":"https:\/\/www.groupechampagnat.fr\/ecole-ste-therese\/wp-json\/wp\/v2\/types\/page"}],"author":[{"embeddable":true,"href":"https:\/\/www.groupechampagnat.fr\/ecole-ste-therese\/wp-json\/wp\/v2\/users\/1"}],"replies":[{"embeddable":true,"href":"https:\/\/www.groupechampagnat.fr\/ecole-ste-therese\/wp-json\/wp\/v2\/comments?post=68"}],"version-history":[{"count":15,"href":"https:\/\/www.groupechampagnat.fr\/ecole-ste-therese\/wp-json\/wp\/v2\/pages\/68\/revisions"}],"predecessor-version":[{"id":223,"href":"https:\/\/www.groupechampagnat.fr\/ecole-ste-therese\/wp-json\/wp\/v2\/pages\/68\/revisions\/223"}],"up":[{"embeddable":true,"href":"https:\/\/www.groupechampagnat.fr\/ecole-ste-therese\/wp-json\/wp\/v2\/pages\/66"}],"wp:featuredmedia":[{"embeddable":true,"href":"https:\/\/www.groupechampagnat.fr\/ecole-ste-therese\/wp-json\/wp\/v2\/media\/159"}],"wp:attachment":[{"href":"https:\/\/www.groupechampagnat.fr\/ecole-ste-therese\/wp-json\/wp\/v2\/media?parent=68"}],"curies":[{"name":"wp","href":"https:\/\/api.w.org\/{rel}","templated":true}]}}