{"id":62,"date":"2025-11-14T18:04:45","date_gmt":"2025-11-14T17:04:45","guid":{"rendered":"https:\/\/test.groupechampagnat.fr\/ecole-ste-therese\/horaires-activites\/"},"modified":"2026-01-12T12:18:19","modified_gmt":"2026-01-12T11:18:19","slug":"horaires-activites","status":"publish","type":"page","link":"https:\/\/www.groupechampagnat.fr\/ecole-ste-therese\/vie-scolaire\/horaires-activites\/","title":{"rendered":"Horaires &#8211; Activit\u00e9s"},"content":{"rendered":"\n<h2 class=\"wp-block-heading\">Rythme<\/h2>\n\n\n\n<div class=\"wp-block-columns is-layout-flex wp-container-core-columns-is-layout-9d6595d7 wp-block-columns-is-layout-flex\">\n<div class=\"wp-block-column is-layout-flow wp-block-column-is-layout-flow\">\n<p>Classe le lundi, mardi, jeudi et vendredi.<\/p>\n\n\n\n<figure class=\"wp-block-table\"><table class=\"has-fixed-layout\"><tbody><tr><td><\/td><td class=\"has-text-align-center\" data-align=\"center\"><strong>MATERNELLE<\/strong><\/td><td class=\"has-text-align-center\" data-align=\"center\"><strong>PRIMAIRE<\/strong><\/td><\/tr><tr><td>MATIN<\/td><td class=\"has-text-align-center\" data-align=\"center\">8h30 &#8211; 11h30<\/td><td class=\"has-text-align-center\" data-align=\"center\">8h20 &#8211; 11h30<\/td><\/tr><tr><td>APRES-MIDI<\/td><td class=\"has-text-align-center\" data-align=\"center\">13h30 -16h30<\/td><td class=\"has-text-align-center\" data-align=\"center\">13h30 &#8211; 16h30<\/td><\/tr><\/tbody><\/table><\/figure>\n<\/div>\n\n\n\n<div class=\"wp-block-column is-layout-flow wp-block-column-is-layout-flow\"><\/div>\n<\/div>\n\n\n\n<h2 class=\"wp-block-heading\">Garderie du matin et du soir<\/h2>\n\n\n\n<p>Le matin d\u00e8s 7h30, les enfants sont accueillis \u00e0 la garderie :<\/p>\n\n\n\n<ul class=\"wp-block-list\">\n<li>En maternelle jusqu\u2019\u00e0 8h15. A partir de 8h20, l\u2019accueil s\u2019effectue dans les classes.<\/li>\n\n\n\n<li>En \u00e9l\u00e9mentaire jusqu\u2019\u00e0 8h00. A partir de 8h00, l\u2019accueil est fait pour tous sur la cour.<\/li>\n<\/ul>\n\n\n\n<p><\/p>\n\n\n\n<p>Le soir, la garderie d\u00e9bute \u00e0 partir de 17h dans des locaux d\u00e9di\u00e9s dans le b\u00e2timent de l\u2019\u00e9cole \u00e9l\u00e9mentaire.<\/p>\n\n\n\n<p>En \u00e9l\u00e9mentaire, les enfants prennent d\u2019abord un temps pour effectuer leur travail du soir avant de pouvoir disposer de jeux de soci\u00e9t\u00e9, de construction, de coloriage\u2026<br>Les parents peuvent r\u00e9cup\u00e9rer leurs enfants \u00e0 tout moment, tant en maternelle qu\u2019en \u00e9l\u00e9mentaire.<br>Seuls les \u00e9l\u00e8ves fr\u00e9quentant l\u2019\u00e9tude dirig\u00e9e sont tenus de rester jusqu\u2019\u00e0 17h30.<\/p>\n\n\n\n<h2 class=\"wp-block-heading\">Restauration scolaire<\/h2>\n\n\n\n<p>Les plats sont pr\u00e9par\u00e9s par la cuisine de l\u2019\u00e9tablissement situ\u00e9e au Coll\u00e8ge St Marcellin Champagnat. Les \u00e9l\u00e8ves prennent leur repas \u00e0 l\u2019\u00e9cole encadr\u00e9s par les<br>ASEM en maternelle ou du personnel \u00e9ducatif en \u00e9l\u00e9mentaire.<\/p>\n\n\n\n<p>A l\u2019issue du temps de repas, les \u00e9l\u00e8ves de maternelle profitent d\u2019un temps de jeux sur la cour avant le temps de repos pour les plus petits ou d\u2019activit\u00e9s.<\/p>\n\n\n\n<p>En \u00e9l\u00e9mentaire, trois services en self sont organis\u00e9s de 11h40 \u00e0 12h40. Les \u00e9l\u00e8ves peuvent s\u2019ils le souhaitent b\u00e9n\u00e9ficier certains jours d\u2019activit\u00e9s sp\u00e9cifiques (th\u00e9\u00e2tre, anglais, hip-hop, \u00e9checs, relaxation\u2026). Des plats de substitution sont pr\u00e9vus pour les \u00e9l\u00e8ves relevant d\u2019une allergie alimentaire m\u00e9dicalement reconnue ou par conviction religieuse sinc\u00e8re.<\/p>\n\n\n\n<h2 class=\"wp-block-heading\">Suivi scolaire<\/h2>\n\n\n\n<p>L\u2019acc\u00e8s au <strong>site ecoledirecte.com<\/strong> : un site d\u00e9di\u00e9 aux enfants et aux parents pour le suivi du travail fait en classe, notes, vie de classe, cahier de texte, r\u00e9unions, messagerie\u2026.<\/p>\n\n\n\n<h2 class=\"wp-block-heading\">Des temps m\u00e9ridiens vivants <\/h2>\n\n\n\n<div class=\"wp-block-group is-layout-grid wp-container-core-group-is-layout-add48beb wp-block-group-is-layout-grid\">\n<p><strong>HIP HOP<\/strong><br>Danseur et enseignant depuis 20ans , ancien membre du groupe les echos-li\u00e9s (vainqueur de la france a un incroyable talent 2009) et membre actuel de la compagnie Airstyle Crew. (Finaliste World of dance 2019)<\/p>\n\n\n\n<p><strong>Biblioth\u00e8que Centre Documentaire<br><\/strong>Une BCD ouverte 3 midis par semaine pour permettre aux enfants de lire tranquillement, de faire quelques bricolages avec Jacqueline, de se reposer au calme.<\/p>\n\n\n\n<p><strong>L\u2019atelier TH\u00c9\u00c2TRE<br><\/strong>Un atelier pendant lequel les enfants s\u2019exerceront dans la bonne humeur sur leur voix, leur articulation, leur concentration , leur gestuelle, leur imagination, leur place dans un groupe, leur esprit d\u2019\u00e9quipe. : jeux et exercices th\u00e9\u00e2traux.<\/p>\n\n\n\n<div class=\"wp-block-group is-layout-constrained wp-block-group-is-layout-constrained\">\n<p><strong>RELAXATION<\/strong><br>Dans une d\u00e9marche de mieux-\u00eatre et de mieux vivre ensemble, je propose une parenth\u00e8se zen dans la journ\u00e9e bien remplie de votre enfant. Cet atelier repose sur des exercices de m\u00e9ditation, de relaxation et d\u2019expression corporelle qui lui apprennent \u00e0 :<\/p>\n\n\n\n<ul class=\"wp-block-list\">\n<li>G\u00e9rer sa respiration pour (re)trouver la s\u00e9r\u00e9nit\u00e9 en soi<\/li>\n\n\n\n<li>Prendre contact avec ses ressentis<\/li>\n\n\n\n<li>Accueillir ses \u00e9motions face \u00e0 une situation.<br>Des outils \u00e0 utiliser en toute circonstance et sans mod\u00e9ration !<\/li>\n<\/ul>\n<\/div>\n\n\n\n<p><strong>\u00c9VEIL AU CHANT<\/strong><br>Je propose aux \u00e9l\u00e8ves des chansons dans le r\u00e9pertoire fran\u00e7ais actuel, anglais \u00e0 l\u2019occasion.<br>La s\u00e9ance commence par un \u00e9chauffement, qui peut varier en exercices de justesse, placement rythme, puis une lecture du texte avec explication, suivi par un placement du chant \u00e0 \u00ab capella \u00bb \u00e0 tour de r\u00f4le et pour finir j\u2019accompagne \u00e0 la guitare les \u00e9l\u00e8ves en solo, par groupe et en ensemble.<\/p>\n<\/div>\n","protected":false},"excerpt":{"rendered":"<p>Rythme Classe le lundi, mardi, jeudi et vendredi. MATERNELLE PRIMAIRE MATIN 8h30 &#8211; 11h30 8h20 &#8211; 11h30 APRES-MIDI 13h30 -16h30 13h30 &#8211; 16h30 Garderie du matin et du soir Le matin d\u00e8s 7h30, les enfants sont accueillis \u00e0 la garderie : Le soir, la garderie d\u00e9bute \u00e0 partir de 17h dans des locaux d\u00e9di\u00e9s dans [&hellip;]<\/p>\n","protected":false},"author":1,"featured_media":13,"parent":56,"menu_order":1,"comment_status":"closed","ping_status":"closed","template":"","meta":{"footnotes":""},"class_list":["post-62","page","type-page","status-publish","has-post-thumbnail","hentry"],"yoast_head":"<!-- This site is optimized with the Yoast SEO plugin v27.4 - https:\/\/yoast.com\/product\/yoast-seo-wordpress\/ -->\n<title>Horaires - Activit\u00e9s - \u00c9cole Ste Th\u00e9r\u00e8se<\/title>\n<meta name=\"description\" content=\"Horaires et services de l&#039;\u00e9cole Sainte Th\u00e9r\u00e8se \u00e0 L&#039;Arbresle : garderie du matin, cantine, activit\u00e9s p\u00e9riscolaires et infos pratiques.\" \/>\n<meta name=\"robots\" content=\"index, follow, max-snippet:-1, max-image-preview:large, max-video-preview:-1\" \/>\n<link rel=\"canonical\" href=\"https:\/\/www.groupechampagnat.fr\/ecole-ste-therese\/vie-scolaire\/horaires-activites\/\" \/>\n<meta property=\"og:locale\" content=\"fr_FR\" \/>\n<meta property=\"og:type\" content=\"article\" \/>\n<meta property=\"og:title\" content=\"Horaires - Activit\u00e9s - \u00c9cole Ste Th\u00e9r\u00e8se\" \/>\n<meta property=\"og:description\" content=\"Horaires et services de l&#039;\u00e9cole Sainte Th\u00e9r\u00e8se \u00e0 L&#039;Arbresle : garderie du matin, cantine, activit\u00e9s p\u00e9riscolaires et infos pratiques.\" \/>\n<meta property=\"og:url\" content=\"https:\/\/www.groupechampagnat.fr\/ecole-ste-therese\/vie-scolaire\/horaires-activites\/\" \/>\n<meta property=\"og:site_name\" content=\"\u00c9cole Ste Th\u00e9r\u00e8se\" \/>\n<meta property=\"article:modified_time\" content=\"2026-01-12T11:18:19+00:00\" \/>\n<meta property=\"og:image\" content=\"https:\/\/www.groupechampagnat.fr\/wp-sites\/uploads\/sites\/3\/2025\/09\/top_stetherese.webp\" \/>\n\t<meta property=\"og:image:width\" content=\"1200\" \/>\n\t<meta property=\"og:image:height\" content=\"450\" \/>\n\t<meta property=\"og:image:type\" content=\"image\/webp\" \/>\n<meta name=\"twitter:card\" content=\"summary_large_image\" \/>\n<meta name=\"twitter:label1\" content=\"Dur\u00e9e de lecture estim\u00e9e\" \/>\n\t<meta name=\"twitter:data1\" content=\"3 minutes\" \/>\n<script type=\"application\/ld+json\" class=\"yoast-schema-graph\">{\"@context\":\"https:\\\/\\\/schema.org\",\"@graph\":[{\"@type\":\"WebPage\",\"@id\":\"https:\\\/\\\/www.groupechampagnat.fr\\\/ecole-ste-therese\\\/vie-scolaire\\\/horaires-activites\\\/\",\"url\":\"https:\\\/\\\/www.groupechampagnat.fr\\\/ecole-ste-therese\\\/vie-scolaire\\\/horaires-activites\\\/\",\"name\":\"Horaires - Activit\u00e9s - \u00c9cole Ste Th\u00e9r\u00e8se\",\"isPartOf\":{\"@id\":\"https:\\\/\\\/www.groupechampagnat.fr\\\/ecole-ste-therese\\\/#website\"},\"primaryImageOfPage\":{\"@id\":\"https:\\\/\\\/www.groupechampagnat.fr\\\/ecole-ste-therese\\\/vie-scolaire\\\/horaires-activites\\\/#primaryimage\"},\"image\":{\"@id\":\"https:\\\/\\\/www.groupechampagnat.fr\\\/ecole-ste-therese\\\/vie-scolaire\\\/horaires-activites\\\/#primaryimage\"},\"thumbnailUrl\":\"https:\\\/\\\/www.groupechampagnat.fr\\\/wp-sites\\\/uploads\\\/sites\\\/3\\\/2025\\\/09\\\/top_stetherese.webp\",\"datePublished\":\"2025-11-14T17:04:45+00:00\",\"dateModified\":\"2026-01-12T11:18:19+00:00\",\"description\":\"Horaires et services de l'\u00e9cole Sainte Th\u00e9r\u00e8se \u00e0 L'Arbresle : garderie du matin, cantine, activit\u00e9s p\u00e9riscolaires et infos pratiques.\",\"breadcrumb\":{\"@id\":\"https:\\\/\\\/www.groupechampagnat.fr\\\/ecole-ste-therese\\\/vie-scolaire\\\/horaires-activites\\\/#breadcrumb\"},\"inLanguage\":\"fr-FR\",\"potentialAction\":[{\"@type\":\"ReadAction\",\"target\":[\"https:\\\/\\\/www.groupechampagnat.fr\\\/ecole-ste-therese\\\/vie-scolaire\\\/horaires-activites\\\/\"]}]},{\"@type\":\"ImageObject\",\"inLanguage\":\"fr-FR\",\"@id\":\"https:\\\/\\\/www.groupechampagnat.fr\\\/ecole-ste-therese\\\/vie-scolaire\\\/horaires-activites\\\/#primaryimage\",\"url\":\"https:\\\/\\\/www.groupechampagnat.fr\\\/wp-sites\\\/uploads\\\/sites\\\/3\\\/2025\\\/09\\\/top_stetherese.webp\",\"contentUrl\":\"https:\\\/\\\/www.groupechampagnat.fr\\\/wp-sites\\\/uploads\\\/sites\\\/3\\\/2025\\\/09\\\/top_stetherese.webp\",\"width\":1200,\"height\":450},{\"@type\":\"BreadcrumbList\",\"@id\":\"https:\\\/\\\/www.groupechampagnat.fr\\\/ecole-ste-therese\\\/vie-scolaire\\\/horaires-activites\\\/#breadcrumb\",\"itemListElement\":[{\"@type\":\"ListItem\",\"position\":1,\"name\":\"Accueil\",\"item\":\"https:\\\/\\\/www.groupechampagnat.fr\\\/ecole-ste-therese\\\/\"},{\"@type\":\"ListItem\",\"position\":2,\"name\":\"Vie scolaire\",\"item\":\"https:\\\/\\\/www.groupechampagnat.fr\\\/ecole-ste-therese\\\/vie-scolaire\\\/\"},{\"@type\":\"ListItem\",\"position\":3,\"name\":\"Horaires &#8211; Activit\u00e9s\"}]},{\"@type\":\"WebSite\",\"@id\":\"https:\\\/\\\/www.groupechampagnat.fr\\\/ecole-ste-therese\\\/#website\",\"url\":\"https:\\\/\\\/www.groupechampagnat.fr\\\/ecole-ste-therese\\\/\",\"name\":\"\u00c9cole Ste Th\u00e9r\u00e8se\",\"description\":\"\",\"potentialAction\":[{\"@type\":\"SearchAction\",\"target\":{\"@type\":\"EntryPoint\",\"urlTemplate\":\"https:\\\/\\\/www.groupechampagnat.fr\\\/ecole-ste-therese\\\/?s={search_term_string}\"},\"query-input\":{\"@type\":\"PropertyValueSpecification\",\"valueRequired\":true,\"valueName\":\"search_term_string\"}}],\"inLanguage\":\"fr-FR\"}]}<\/script>\n<!-- \/ Yoast SEO plugin. -->","yoast_head_json":{"title":"Horaires - Activit\u00e9s - \u00c9cole Ste Th\u00e9r\u00e8se","description":"Horaires et services de l'\u00e9cole Sainte Th\u00e9r\u00e8se \u00e0 L'Arbresle : garderie du matin, cantine, activit\u00e9s p\u00e9riscolaires et infos pratiques.","robots":{"index":"index","follow":"follow","max-snippet":"max-snippet:-1","max-image-preview":"max-image-preview:large","max-video-preview":"max-video-preview:-1"},"canonical":"https:\/\/www.groupechampagnat.fr\/ecole-ste-therese\/vie-scolaire\/horaires-activites\/","og_locale":"fr_FR","og_type":"article","og_title":"Horaires - Activit\u00e9s - \u00c9cole Ste Th\u00e9r\u00e8se","og_description":"Horaires et services de l'\u00e9cole Sainte Th\u00e9r\u00e8se \u00e0 L'Arbresle : garderie du matin, cantine, activit\u00e9s p\u00e9riscolaires et infos pratiques.","og_url":"https:\/\/www.groupechampagnat.fr\/ecole-ste-therese\/vie-scolaire\/horaires-activites\/","og_site_name":"\u00c9cole Ste Th\u00e9r\u00e8se","article_modified_time":"2026-01-12T11:18:19+00:00","og_image":[{"width":1200,"height":450,"url":"https:\/\/www.groupechampagnat.fr\/wp-sites\/uploads\/sites\/3\/2025\/09\/top_stetherese.webp","type":"image\/webp"}],"twitter_card":"summary_large_image","twitter_misc":{"Dur\u00e9e de lecture estim\u00e9e":"3 minutes"},"schema":{"@context":"https:\/\/schema.org","@graph":[{"@type":"WebPage","@id":"https:\/\/www.groupechampagnat.fr\/ecole-ste-therese\/vie-scolaire\/horaires-activites\/","url":"https:\/\/www.groupechampagnat.fr\/ecole-ste-therese\/vie-scolaire\/horaires-activites\/","name":"Horaires - Activit\u00e9s - \u00c9cole Ste Th\u00e9r\u00e8se","isPartOf":{"@id":"https:\/\/www.groupechampagnat.fr\/ecole-ste-therese\/#website"},"primaryImageOfPage":{"@id":"https:\/\/www.groupechampagnat.fr\/ecole-ste-therese\/vie-scolaire\/horaires-activites\/#primaryimage"},"image":{"@id":"https:\/\/www.groupechampagnat.fr\/ecole-ste-therese\/vie-scolaire\/horaires-activites\/#primaryimage"},"thumbnailUrl":"https:\/\/www.groupechampagnat.fr\/wp-sites\/uploads\/sites\/3\/2025\/09\/top_stetherese.webp","datePublished":"2025-11-14T17:04:45+00:00","dateModified":"2026-01-12T11:18:19+00:00","description":"Horaires et services de l'\u00e9cole Sainte Th\u00e9r\u00e8se \u00e0 L'Arbresle : garderie du matin, cantine, activit\u00e9s p\u00e9riscolaires et infos pratiques.","breadcrumb":{"@id":"https:\/\/www.groupechampagnat.fr\/ecole-ste-therese\/vie-scolaire\/horaires-activites\/#breadcrumb"},"inLanguage":"fr-FR","potentialAction":[{"@type":"ReadAction","target":["https:\/\/www.groupechampagnat.fr\/ecole-ste-therese\/vie-scolaire\/horaires-activites\/"]}]},{"@type":"ImageObject","inLanguage":"fr-FR","@id":"https:\/\/www.groupechampagnat.fr\/ecole-ste-therese\/vie-scolaire\/horaires-activites\/#primaryimage","url":"https:\/\/www.groupechampagnat.fr\/wp-sites\/uploads\/sites\/3\/2025\/09\/top_stetherese.webp","contentUrl":"https:\/\/www.groupechampagnat.fr\/wp-sites\/uploads\/sites\/3\/2025\/09\/top_stetherese.webp","width":1200,"height":450},{"@type":"BreadcrumbList","@id":"https:\/\/www.groupechampagnat.fr\/ecole-ste-therese\/vie-scolaire\/horaires-activites\/#breadcrumb","itemListElement":[{"@type":"ListItem","position":1,"name":"Accueil","item":"https:\/\/www.groupechampagnat.fr\/ecole-ste-therese\/"},{"@type":"ListItem","position":2,"name":"Vie scolaire","item":"https:\/\/www.groupechampagnat.fr\/ecole-ste-therese\/vie-scolaire\/"},{"@type":"ListItem","position":3,"name":"Horaires &#8211; Activit\u00e9s"}]},{"@type":"WebSite","@id":"https:\/\/www.groupechampagnat.fr\/ecole-ste-therese\/#website","url":"https:\/\/www.groupechampagnat.fr\/ecole-ste-therese\/","name":"\u00c9cole Ste Th\u00e9r\u00e8se","description":"","potentialAction":[{"@type":"SearchAction","target":{"@type":"EntryPoint","urlTemplate":"https:\/\/www.groupechampagnat.fr\/ecole-ste-therese\/?s={search_term_string}"},"query-input":{"@type":"PropertyValueSpecification","valueRequired":true,"valueName":"search_term_string"}}],"inLanguage":"fr-FR"}]}},"_links":{"self":[{"href":"https:\/\/www.groupechampagnat.fr\/ecole-ste-therese\/wp-json\/wp\/v2\/pages\/62","targetHints":{"allow":["GET"]}}],"collection":[{"href":"https:\/\/www.groupechampagnat.fr\/ecole-ste-therese\/wp-json\/wp\/v2\/pages"}],"about":[{"href":"https:\/\/www.groupechampagnat.fr\/ecole-ste-therese\/wp-json\/wp\/v2\/types\/page"}],"author":[{"embeddable":true,"href":"https:\/\/www.groupechampagnat.fr\/ecole-ste-therese\/wp-json\/wp\/v2\/users\/1"}],"replies":[{"embeddable":true,"href":"https:\/\/www.groupechampagnat.fr\/ecole-ste-therese\/wp-json\/wp\/v2\/comments?post=62"}],"version-history":[{"count":16,"href":"https:\/\/www.groupechampagnat.fr\/ecole-ste-therese\/wp-json\/wp\/v2\/pages\/62\/revisions"}],"predecessor-version":[{"id":235,"href":"https:\/\/www.groupechampagnat.fr\/ecole-ste-therese\/wp-json\/wp\/v2\/pages\/62\/revisions\/235"}],"up":[{"embeddable":true,"href":"https:\/\/www.groupechampagnat.fr\/ecole-ste-therese\/wp-json\/wp\/v2\/pages\/56"}],"wp:featuredmedia":[{"embeddable":true,"href":"https:\/\/www.groupechampagnat.fr\/ecole-ste-therese\/wp-json\/wp\/v2\/media\/13"}],"wp:attachment":[{"href":"https:\/\/www.groupechampagnat.fr\/ecole-ste-therese\/wp-json\/wp\/v2\/media?parent=62"}],"curies":[{"name":"wp","href":"https:\/\/api.w.org\/{rel}","templated":true}]}}