{"id":60,"date":"2025-11-14T18:04:45","date_gmt":"2025-11-14T17:04:45","guid":{"rendered":"https:\/\/test.groupechampagnat.fr\/ecole-ste-therese\/la-scolarisation-a-lecole-primaire\/"},"modified":"2026-01-12T12:27:06","modified_gmt":"2026-01-12T11:27:06","slug":"la-scolarisation-a-lecole-primaire","status":"publish","type":"page","link":"https:\/\/www.groupechampagnat.fr\/ecole-ste-therese\/projet-pedagogique\/la-scolarisation-a-lecole-primaire\/","title":{"rendered":"La scolarisation \u00e0 l\u2019\u00e9cole primaire"},"content":{"rendered":"\n<p>L\u2019\u00e9cole \u00e9l\u00e9mentaire se d\u00e9cline en 2 cycles :<\/p>\n\n\n\n<ul class=\"wp-block-list\">\n<li>2 : du CP au CE2<\/li>\n\n\n\n<li>3 : du CM1 \u00e0 la 6\u00e8me<\/li>\n<\/ul>\n\n\n\n<p><br>Les enseignants travaillent en concertation pour enseigner les programmes promulgu\u00e9s par l\u2019\u00e9ducation nationale.<\/p>\n\n\n\n<p><strong>En cycle 2 : <\/strong><\/p>\n\n\n\n<p>l\u2019acquisition des savoirs fondamentaux (lire, \u00e9crire, compter, respecter autrui) est la priorit\u00e9. Le sens et l\u2019automatisation se construisent simultan\u00e9ment. La langue fran\u00e7aise constitue l\u2019objet de l\u2019apprentissage central. On articule le concret et l\u2019abstrait. Les connaissances intuitives tiennent encore une place centrale. On apprend \u00e0 r\u00e9aliser des activit\u00e9s scolaires fondamentales.<br>On apprend \u00e0 justifier de fa\u00e7on rationnelle.<\/p>\n\n\n\n<p><strong>En cycle 3 : <\/strong><\/p>\n\n\n\n<p>le lien avec le coll\u00e8ge est \u00e9troit. Ce partenariat permet la continuit\u00e9 du CM2 \u00e0 la 6\u00e8me, malgr\u00e9 un changement de site, mais tout en respectant la rupture<br>n\u00e9cessaire de la vie d\u2019\u00e9cole \u00e0 celle d\u2019un coll\u00e9gien.<\/p>\n\n\n\n<p>Les apprentissages sont encadr\u00e9s par des outils comme Pidapi au service de la personnalisation et du progr\u00e8s de tous les \u00e9l\u00e8ves. Il s\u2019agit de parcours individuels des<br>apprentissages en p\u00e9dagogie institutionnelle.<\/p>\n\n\n\n<p>Pour accompagner l\u2019\u00e9quipe, <strong>une enseignante sp\u00e9cialis\u00e9e<\/strong> intervient de la maternelle au CM2 afin de renforcer des comp\u00e9tences de base en fran\u00e7ais et math\u00e9matiques.<\/p>\n\n\n\n<p><strong>L\u2019anglais : <\/strong><\/p>\n\n\n\n<p>initi\u00e9 d\u00e8s la maternelle avec un intervenant. Chaque semaine, les enfants de la MS au CM2 profitent d\u2019un enseignement sp\u00e9cifique en suivant la progression de Cap\u2019english. Au programme : chansons, jeux, coloriages, lecture, \u00e9criture, \u2026<\/p>\n\n\n\n<p><strong>L\u2019allemand :<\/strong><\/p>\n\n\n\n<p>les CM d\u00e9couvrent cette ann\u00e9e scolaire une autre langue europ\u00e9enne \u00e0 raison de 3 s\u00e9ances de 2h. C\u2019est l\u2019occasion de d\u00e9couvrir la langue de nos voisins, de pouvoir pr\u00e9parer une demande de section bilangue au coll\u00e8ge et de futurs \u00e9changes avec le partenaire Ste Ursula \u00e0 Attendorn (46 ans d&rsquo;\u00e9change).<\/p>\n\n\n\n<p>Une initiation \u00e0 d\u2019autres langues sous forme d\u2019atelier est propos\u00e9e d\u00e8s le CM1. Cela permet de d\u00e9couvrir des cultures, des pays, d\u2019autres fa\u00e7ons de s\u2019exprimer.<\/p>\n\n\n\n<p><strong>En sport :<\/strong><\/p>\n\n\n\n<p>Des intervenants sportifs travaillent au c\u00f4t\u00e9 des enseignants pour d\u00e9couvrir des sports comme le badminton, l\u2019endurance, le basket, la piscine\u2026(piscine de la GS au CM2 \u00e0 L\u2019Archipel).<\/p>\n","protected":false},"excerpt":{"rendered":"<p>L\u2019\u00e9cole \u00e9l\u00e9mentaire se d\u00e9cline en 2 cycles : Les enseignants travaillent en concertation pour enseigner les programmes promulgu\u00e9s par l\u2019\u00e9ducation nationale. En cycle 2 : l\u2019acquisition des savoirs fondamentaux (lire, \u00e9crire, compter, respecter autrui) est la priorit\u00e9. Le sens et l\u2019automatisation se construisent simultan\u00e9ment. La langue fran\u00e7aise constitue l\u2019objet de l\u2019apprentissage central. On articule le [&hellip;]<\/p>\n","protected":false},"author":1,"featured_media":13,"parent":66,"menu_order":2,"comment_status":"closed","ping_status":"closed","template":"","meta":{"footnotes":""},"class_list":["post-60","page","type-page","status-publish","has-post-thumbnail","hentry"],"yoast_head":"<!-- This site is optimized with the Yoast SEO plugin v27.4 - https:\/\/yoast.com\/product\/yoast-seo-wordpress\/ -->\n<title>La scolarisation \u00e0 l\u2019\u00e9cole primaire - \u00c9cole Ste Th\u00e9r\u00e8se<\/title>\n<meta name=\"description\" content=\"\u00c9cole primaire Sainte Th\u00e9r\u00e8se \u00e0 L&#039;Arbresle : CP au CM2, anglais d\u00e8s la maternelle, allemand en CM et p\u00e9dagogie personnalis\u00e9e avec Pidapi.\" \/>\n<meta name=\"robots\" content=\"index, follow, max-snippet:-1, max-image-preview:large, max-video-preview:-1\" \/>\n<link rel=\"canonical\" href=\"https:\/\/www.groupechampagnat.fr\/ecole-ste-therese\/projet-pedagogique\/la-scolarisation-a-lecole-primaire\/\" \/>\n<meta property=\"og:locale\" content=\"fr_FR\" \/>\n<meta property=\"og:type\" content=\"article\" \/>\n<meta property=\"og:title\" content=\"La scolarisation \u00e0 l\u2019\u00e9cole primaire - \u00c9cole Ste Th\u00e9r\u00e8se\" \/>\n<meta property=\"og:description\" content=\"\u00c9cole primaire Sainte Th\u00e9r\u00e8se \u00e0 L&#039;Arbresle : CP au CM2, anglais d\u00e8s la maternelle, allemand en CM et p\u00e9dagogie personnalis\u00e9e avec Pidapi.\" \/>\n<meta property=\"og:url\" content=\"https:\/\/www.groupechampagnat.fr\/ecole-ste-therese\/projet-pedagogique\/la-scolarisation-a-lecole-primaire\/\" \/>\n<meta property=\"og:site_name\" content=\"\u00c9cole Ste Th\u00e9r\u00e8se\" \/>\n<meta property=\"article:modified_time\" content=\"2026-01-12T11:27:06+00:00\" \/>\n<meta property=\"og:image\" content=\"https:\/\/www.groupechampagnat.fr\/wp-sites\/uploads\/sites\/3\/2025\/09\/top_stetherese.webp\" \/>\n\t<meta property=\"og:image:width\" content=\"1200\" \/>\n\t<meta property=\"og:image:height\" content=\"450\" \/>\n\t<meta property=\"og:image:type\" content=\"image\/webp\" \/>\n<meta name=\"twitter:card\" content=\"summary_large_image\" \/>\n<meta name=\"twitter:label1\" content=\"Dur\u00e9e de lecture estim\u00e9e\" \/>\n\t<meta name=\"twitter:data1\" content=\"2 minutes\" \/>\n<script type=\"application\/ld+json\" class=\"yoast-schema-graph\">{\"@context\":\"https:\\\/\\\/schema.org\",\"@graph\":[{\"@type\":\"WebPage\",\"@id\":\"https:\\\/\\\/www.groupechampagnat.fr\\\/ecole-ste-therese\\\/projet-pedagogique\\\/la-scolarisation-a-lecole-primaire\\\/\",\"url\":\"https:\\\/\\\/www.groupechampagnat.fr\\\/ecole-ste-therese\\\/projet-pedagogique\\\/la-scolarisation-a-lecole-primaire\\\/\",\"name\":\"La scolarisation \u00e0 l\u2019\u00e9cole primaire - \u00c9cole Ste Th\u00e9r\u00e8se\",\"isPartOf\":{\"@id\":\"https:\\\/\\\/www.groupechampagnat.fr\\\/ecole-ste-therese\\\/#website\"},\"primaryImageOfPage\":{\"@id\":\"https:\\\/\\\/www.groupechampagnat.fr\\\/ecole-ste-therese\\\/projet-pedagogique\\\/la-scolarisation-a-lecole-primaire\\\/#primaryimage\"},\"image\":{\"@id\":\"https:\\\/\\\/www.groupechampagnat.fr\\\/ecole-ste-therese\\\/projet-pedagogique\\\/la-scolarisation-a-lecole-primaire\\\/#primaryimage\"},\"thumbnailUrl\":\"https:\\\/\\\/www.groupechampagnat.fr\\\/wp-sites\\\/uploads\\\/sites\\\/3\\\/2025\\\/09\\\/top_stetherese.webp\",\"datePublished\":\"2025-11-14T17:04:45+00:00\",\"dateModified\":\"2026-01-12T11:27:06+00:00\",\"description\":\"\u00c9cole primaire Sainte Th\u00e9r\u00e8se \u00e0 L'Arbresle : CP au CM2, anglais d\u00e8s la maternelle, allemand en CM et p\u00e9dagogie personnalis\u00e9e avec Pidapi.\",\"breadcrumb\":{\"@id\":\"https:\\\/\\\/www.groupechampagnat.fr\\\/ecole-ste-therese\\\/projet-pedagogique\\\/la-scolarisation-a-lecole-primaire\\\/#breadcrumb\"},\"inLanguage\":\"fr-FR\",\"potentialAction\":[{\"@type\":\"ReadAction\",\"target\":[\"https:\\\/\\\/www.groupechampagnat.fr\\\/ecole-ste-therese\\\/projet-pedagogique\\\/la-scolarisation-a-lecole-primaire\\\/\"]}]},{\"@type\":\"ImageObject\",\"inLanguage\":\"fr-FR\",\"@id\":\"https:\\\/\\\/www.groupechampagnat.fr\\\/ecole-ste-therese\\\/projet-pedagogique\\\/la-scolarisation-a-lecole-primaire\\\/#primaryimage\",\"url\":\"https:\\\/\\\/www.groupechampagnat.fr\\\/wp-sites\\\/uploads\\\/sites\\\/3\\\/2025\\\/09\\\/top_stetherese.webp\",\"contentUrl\":\"https:\\\/\\\/www.groupechampagnat.fr\\\/wp-sites\\\/uploads\\\/sites\\\/3\\\/2025\\\/09\\\/top_stetherese.webp\",\"width\":1200,\"height\":450},{\"@type\":\"BreadcrumbList\",\"@id\":\"https:\\\/\\\/www.groupechampagnat.fr\\\/ecole-ste-therese\\\/projet-pedagogique\\\/la-scolarisation-a-lecole-primaire\\\/#breadcrumb\",\"itemListElement\":[{\"@type\":\"ListItem\",\"position\":1,\"name\":\"Accueil\",\"item\":\"https:\\\/\\\/www.groupechampagnat.fr\\\/ecole-ste-therese\\\/\"},{\"@type\":\"ListItem\",\"position\":2,\"name\":\"Projet p\u00e9dagogique\",\"item\":\"https:\\\/\\\/www.groupechampagnat.fr\\\/ecole-ste-therese\\\/projet-pedagogique\\\/\"},{\"@type\":\"ListItem\",\"position\":3,\"name\":\"La scolarisation \u00e0 l\u2019\u00e9cole primaire\"}]},{\"@type\":\"WebSite\",\"@id\":\"https:\\\/\\\/www.groupechampagnat.fr\\\/ecole-ste-therese\\\/#website\",\"url\":\"https:\\\/\\\/www.groupechampagnat.fr\\\/ecole-ste-therese\\\/\",\"name\":\"\u00c9cole Ste Th\u00e9r\u00e8se\",\"description\":\"\",\"potentialAction\":[{\"@type\":\"SearchAction\",\"target\":{\"@type\":\"EntryPoint\",\"urlTemplate\":\"https:\\\/\\\/www.groupechampagnat.fr\\\/ecole-ste-therese\\\/?s={search_term_string}\"},\"query-input\":{\"@type\":\"PropertyValueSpecification\",\"valueRequired\":true,\"valueName\":\"search_term_string\"}}],\"inLanguage\":\"fr-FR\"}]}<\/script>\n<!-- \/ Yoast SEO plugin. -->","yoast_head_json":{"title":"La scolarisation \u00e0 l\u2019\u00e9cole primaire - \u00c9cole Ste Th\u00e9r\u00e8se","description":"\u00c9cole primaire Sainte Th\u00e9r\u00e8se \u00e0 L'Arbresle : CP au CM2, anglais d\u00e8s la maternelle, allemand en CM et p\u00e9dagogie personnalis\u00e9e avec Pidapi.","robots":{"index":"index","follow":"follow","max-snippet":"max-snippet:-1","max-image-preview":"max-image-preview:large","max-video-preview":"max-video-preview:-1"},"canonical":"https:\/\/www.groupechampagnat.fr\/ecole-ste-therese\/projet-pedagogique\/la-scolarisation-a-lecole-primaire\/","og_locale":"fr_FR","og_type":"article","og_title":"La scolarisation \u00e0 l\u2019\u00e9cole primaire - \u00c9cole Ste Th\u00e9r\u00e8se","og_description":"\u00c9cole primaire Sainte Th\u00e9r\u00e8se \u00e0 L'Arbresle : CP au CM2, anglais d\u00e8s la maternelle, allemand en CM et p\u00e9dagogie personnalis\u00e9e avec Pidapi.","og_url":"https:\/\/www.groupechampagnat.fr\/ecole-ste-therese\/projet-pedagogique\/la-scolarisation-a-lecole-primaire\/","og_site_name":"\u00c9cole Ste Th\u00e9r\u00e8se","article_modified_time":"2026-01-12T11:27:06+00:00","og_image":[{"width":1200,"height":450,"url":"https:\/\/www.groupechampagnat.fr\/wp-sites\/uploads\/sites\/3\/2025\/09\/top_stetherese.webp","type":"image\/webp"}],"twitter_card":"summary_large_image","twitter_misc":{"Dur\u00e9e de lecture estim\u00e9e":"2 minutes"},"schema":{"@context":"https:\/\/schema.org","@graph":[{"@type":"WebPage","@id":"https:\/\/www.groupechampagnat.fr\/ecole-ste-therese\/projet-pedagogique\/la-scolarisation-a-lecole-primaire\/","url":"https:\/\/www.groupechampagnat.fr\/ecole-ste-therese\/projet-pedagogique\/la-scolarisation-a-lecole-primaire\/","name":"La scolarisation \u00e0 l\u2019\u00e9cole primaire - \u00c9cole Ste Th\u00e9r\u00e8se","isPartOf":{"@id":"https:\/\/www.groupechampagnat.fr\/ecole-ste-therese\/#website"},"primaryImageOfPage":{"@id":"https:\/\/www.groupechampagnat.fr\/ecole-ste-therese\/projet-pedagogique\/la-scolarisation-a-lecole-primaire\/#primaryimage"},"image":{"@id":"https:\/\/www.groupechampagnat.fr\/ecole-ste-therese\/projet-pedagogique\/la-scolarisation-a-lecole-primaire\/#primaryimage"},"thumbnailUrl":"https:\/\/www.groupechampagnat.fr\/wp-sites\/uploads\/sites\/3\/2025\/09\/top_stetherese.webp","datePublished":"2025-11-14T17:04:45+00:00","dateModified":"2026-01-12T11:27:06+00:00","description":"\u00c9cole primaire Sainte Th\u00e9r\u00e8se \u00e0 L'Arbresle : CP au CM2, anglais d\u00e8s la maternelle, allemand en CM et p\u00e9dagogie personnalis\u00e9e avec Pidapi.","breadcrumb":{"@id":"https:\/\/www.groupechampagnat.fr\/ecole-ste-therese\/projet-pedagogique\/la-scolarisation-a-lecole-primaire\/#breadcrumb"},"inLanguage":"fr-FR","potentialAction":[{"@type":"ReadAction","target":["https:\/\/www.groupechampagnat.fr\/ecole-ste-therese\/projet-pedagogique\/la-scolarisation-a-lecole-primaire\/"]}]},{"@type":"ImageObject","inLanguage":"fr-FR","@id":"https:\/\/www.groupechampagnat.fr\/ecole-ste-therese\/projet-pedagogique\/la-scolarisation-a-lecole-primaire\/#primaryimage","url":"https:\/\/www.groupechampagnat.fr\/wp-sites\/uploads\/sites\/3\/2025\/09\/top_stetherese.webp","contentUrl":"https:\/\/www.groupechampagnat.fr\/wp-sites\/uploads\/sites\/3\/2025\/09\/top_stetherese.webp","width":1200,"height":450},{"@type":"BreadcrumbList","@id":"https:\/\/www.groupechampagnat.fr\/ecole-ste-therese\/projet-pedagogique\/la-scolarisation-a-lecole-primaire\/#breadcrumb","itemListElement":[{"@type":"ListItem","position":1,"name":"Accueil","item":"https:\/\/www.groupechampagnat.fr\/ecole-ste-therese\/"},{"@type":"ListItem","position":2,"name":"Projet p\u00e9dagogique","item":"https:\/\/www.groupechampagnat.fr\/ecole-ste-therese\/projet-pedagogique\/"},{"@type":"ListItem","position":3,"name":"La scolarisation \u00e0 l\u2019\u00e9cole primaire"}]},{"@type":"WebSite","@id":"https:\/\/www.groupechampagnat.fr\/ecole-ste-therese\/#website","url":"https:\/\/www.groupechampagnat.fr\/ecole-ste-therese\/","name":"\u00c9cole Ste Th\u00e9r\u00e8se","description":"","potentialAction":[{"@type":"SearchAction","target":{"@type":"EntryPoint","urlTemplate":"https:\/\/www.groupechampagnat.fr\/ecole-ste-therese\/?s={search_term_string}"},"query-input":{"@type":"PropertyValueSpecification","valueRequired":true,"valueName":"search_term_string"}}],"inLanguage":"fr-FR"}]}},"_links":{"self":[{"href":"https:\/\/www.groupechampagnat.fr\/ecole-ste-therese\/wp-json\/wp\/v2\/pages\/60","targetHints":{"allow":["GET"]}}],"collection":[{"href":"https:\/\/www.groupechampagnat.fr\/ecole-ste-therese\/wp-json\/wp\/v2\/pages"}],"about":[{"href":"https:\/\/www.groupechampagnat.fr\/ecole-ste-therese\/wp-json\/wp\/v2\/types\/page"}],"author":[{"embeddable":true,"href":"https:\/\/www.groupechampagnat.fr\/ecole-ste-therese\/wp-json\/wp\/v2\/users\/1"}],"replies":[{"embeddable":true,"href":"https:\/\/www.groupechampagnat.fr\/ecole-ste-therese\/wp-json\/wp\/v2\/comments?post=60"}],"version-history":[{"count":3,"href":"https:\/\/www.groupechampagnat.fr\/ecole-ste-therese\/wp-json\/wp\/v2\/pages\/60\/revisions"}],"predecessor-version":[{"id":193,"href":"https:\/\/www.groupechampagnat.fr\/ecole-ste-therese\/wp-json\/wp\/v2\/pages\/60\/revisions\/193"}],"up":[{"embeddable":true,"href":"https:\/\/www.groupechampagnat.fr\/ecole-ste-therese\/wp-json\/wp\/v2\/pages\/66"}],"wp:featuredmedia":[{"embeddable":true,"href":"https:\/\/www.groupechampagnat.fr\/ecole-ste-therese\/wp-json\/wp\/v2\/media\/13"}],"wp:attachment":[{"href":"https:\/\/www.groupechampagnat.fr\/ecole-ste-therese\/wp-json\/wp\/v2\/media?parent=60"}],"curies":[{"name":"wp","href":"https:\/\/api.w.org\/{rel}","templated":true}]}}