{"id":58,"date":"2025-11-14T18:04:45","date_gmt":"2025-11-14T17:04:45","guid":{"rendered":"https:\/\/test.groupechampagnat.fr\/ecole-ste-therese\/la-scolarisation-a-lecole-maternelle\/"},"modified":"2026-01-12T12:26:35","modified_gmt":"2026-01-12T11:26:35","slug":"la-scolarisation-a-lecole-maternelle","status":"publish","type":"page","link":"https:\/\/www.groupechampagnat.fr\/ecole-ste-therese\/projet-pedagogique\/la-scolarisation-a-lecole-maternelle\/","title":{"rendered":"La scolarisation \u00e0 l\u2019\u00e9cole maternelle"},"content":{"rendered":"\n<p>L\u2019\u00e9cole maternelle constitue le cycle 1 de la scolarisation d\u2019un \u00e9l\u00e8ve. Elle est organis\u00e9e en quatre niveaux : toute petite, petite, moyenne et grande<br>section.<\/p>\n\n\n\n<p>A l\u2019\u00e9cole Sainte-Th\u00e9r\u00e8se, dans la limite des places disponibles, les \u00e9l\u00e8ves peuvent \u00e9galement \u00eatre accueillis d\u00e8s deux ans et demi \u00e0 condition qu\u2019ils soient propres. D\u00e8s lors, l\u2019accueil ne se fait en demi-journ\u00e9e qu&rsquo;\u00e0 partir de janvier. Suivant l\u2019\u00e9volution de chaque enfant, en concertation avec les enseignants, le rythme peut \u00e9voluer. Ces enfants peuvent b\u00e9n\u00e9ficier des services de garderie et de cantine.<\/p>\n\n\n\n<p>Chacune des classes de l\u2019\u00e9cole maternelle multi-niveaux est plac\u00e9e sous la responsabilit\u00e9 d\u2019une enseignante aid\u00e9e d\u2019une A.S.E.M. Les A.S.E.M. assurent aussi le service de restauration des enfants, la garderie du matin et du soir. <\/p>\n\n\n\n<p>L\u2019\u00e9cole maternelle a pour finalit\u00e9 d\u2019aider chaque enfant \u00e0 devenir autonome et \u00e0 s\u2019approprier des comp\u00e9tences, selon des d\u00e9marches adapt\u00e9es, afin de pr\u00e9parer son entr\u00e9e au cours pr\u00e9paratoire.<\/p>\n\n\n\n<p>L\u2019objectif essentiel de l\u2019\u00e9cole maternelle est :<\/p>\n\n\n\n<p><strong>L\u2019acquisition d\u2019un langage oral, riche, organis\u00e9 et compr\u00e9hensible de l\u2019autre.<\/strong><\/p>\n\n\n\n<ul class=\"wp-block-list\">\n<li>La connaissance de son corps et de ses \u00e9motions pour mieux se conna\u00eetre et grandir.<\/li>\n\n\n\n<li>Le vivre ensemble : socle de base \u00e0 toute vie en soci\u00e9t\u00e9.<\/li>\n<\/ul>\n\n\n\n<p> <\/p>\n\n\n\n<p><strong>Nos classes en multi-niveaux :<\/strong><\/p>\n\n\n\n<ul class=\"wp-block-list\">\n<li>Les \u00e9l\u00e8ves sont accueillis en classe multi-niveaux, c\u2019est-\u00e0-dire que dans un espace classe, il y a des tout-petits, des petits, des moyens et des grands (de 2 \u00e0 6 ans).<\/li>\n\n\n\n<li> Ainsi, l\u2019entraide et la coop\u00e9ration s\u2019installent rapidement au sein du groupe classe.<\/li>\n<\/ul>\n\n\n\n<p> <\/p>\n\n\n\n<p><strong>Une journ\u00e9e en maternelle :<\/strong><\/p>\n\n\n\n<ul class=\"wp-block-list\">\n<li>Tous les matins, les \u00e9l\u00e8ves travaillent par comp\u00e9tences, autour de projets communs et avancent ainsi \u00e0 leur rythme.<\/li>\n\n\n\n<li>Les apr\u00e8s-midis : En Petite Section ; temps de sieste puis activit\u00e9s \/ En Moyenne Section ; temps de repos puis des activit\u00e9s \/ En Grande Section ; en route vers la lecture, les math\u00e9matiques et le graphisme.<\/li>\n<\/ul>\n\n\n\n<p> <\/p>\n\n\n\n<p>L\u2019\u00e9quipe des enseignantes de maternelle met en \u0153uvre des projets vari\u00e9s : spectacles, sorties, natation en GS. Les \u00e9l\u00e8ves de maternelle sont amen\u00e9s r\u00e9guli\u00e8rement \u00e0 partager des temps forts avec les \u00e9l\u00e8ves de l\u2019\u00e9cole \u00e9l\u00e9mentaire : f\u00eate de la Sainte Th\u00e9r\u00e8se, f\u00eate de l\u2019\u00e9cole, rencontres inter classes, go\u00fbter, spectacles\u2026 <\/p>\n\n\n\n<p>Les enseignantes mettent en place des ateliers dans leur classe afin de d\u00e9velopper l\u2019autonomie, la motricit\u00e9 fine, la coop\u00e9ration et le ressenti des \u00e9l\u00e8ves.<\/p>\n\n\n\n<p><\/p>\n","protected":false},"excerpt":{"rendered":"<p>L\u2019\u00e9cole maternelle constitue le cycle 1 de la scolarisation d\u2019un \u00e9l\u00e8ve. Elle est organis\u00e9e en quatre niveaux : toute petite, petite, moyenne et grandesection. A l\u2019\u00e9cole Sainte-Th\u00e9r\u00e8se, dans la limite des places disponibles, les \u00e9l\u00e8ves peuvent \u00e9galement \u00eatre accueillis d\u00e8s deux ans et demi \u00e0 condition qu\u2019ils soient propres. D\u00e8s lors, l\u2019accueil ne se fait [&hellip;]<\/p>\n","protected":false},"author":1,"featured_media":13,"parent":66,"menu_order":1,"comment_status":"closed","ping_status":"closed","template":"","meta":{"footnotes":""},"class_list":["post-58","page","type-page","status-publish","has-post-thumbnail","hentry"],"yoast_head":"<!-- This site is optimized with the Yoast SEO plugin v27.4 - https:\/\/yoast.com\/product\/yoast-seo-wordpress\/ -->\n<title>La scolarisation \u00e0 l\u2019\u00e9cole maternelle - \u00c9cole Ste Th\u00e9r\u00e8se<\/title>\n<meta name=\"description\" content=\"\u00c9cole maternelle Sainte Th\u00e9r\u00e8se \u00e0 L&#039;Arbresle : accueil d\u00e8s 2 ans et demi, classes multi-niveaux et p\u00e9dagogie bienveillante. TPS \u00e0 GS.\" \/>\n<meta name=\"robots\" content=\"index, follow, max-snippet:-1, max-image-preview:large, max-video-preview:-1\" \/>\n<link rel=\"canonical\" href=\"https:\/\/www.groupechampagnat.fr\/ecole-ste-therese\/projet-pedagogique\/la-scolarisation-a-lecole-maternelle\/\" \/>\n<meta property=\"og:locale\" content=\"fr_FR\" \/>\n<meta property=\"og:type\" content=\"article\" \/>\n<meta property=\"og:title\" content=\"La scolarisation \u00e0 l\u2019\u00e9cole maternelle - \u00c9cole Ste Th\u00e9r\u00e8se\" \/>\n<meta property=\"og:description\" content=\"\u00c9cole maternelle Sainte Th\u00e9r\u00e8se \u00e0 L&#039;Arbresle : accueil d\u00e8s 2 ans et demi, classes multi-niveaux et p\u00e9dagogie bienveillante. TPS \u00e0 GS.\" \/>\n<meta property=\"og:url\" content=\"https:\/\/www.groupechampagnat.fr\/ecole-ste-therese\/projet-pedagogique\/la-scolarisation-a-lecole-maternelle\/\" \/>\n<meta property=\"og:site_name\" content=\"\u00c9cole Ste Th\u00e9r\u00e8se\" \/>\n<meta property=\"article:modified_time\" content=\"2026-01-12T11:26:35+00:00\" \/>\n<meta property=\"og:image\" content=\"https:\/\/www.groupechampagnat.fr\/wp-sites\/uploads\/sites\/3\/2025\/09\/top_stetherese.webp\" \/>\n\t<meta property=\"og:image:width\" content=\"1200\" \/>\n\t<meta property=\"og:image:height\" content=\"450\" \/>\n\t<meta property=\"og:image:type\" content=\"image\/webp\" \/>\n<meta name=\"twitter:card\" content=\"summary_large_image\" \/>\n<meta name=\"twitter:label1\" content=\"Dur\u00e9e de lecture estim\u00e9e\" \/>\n\t<meta name=\"twitter:data1\" content=\"3 minutes\" \/>\n<script type=\"application\/ld+json\" class=\"yoast-schema-graph\">{\"@context\":\"https:\\\/\\\/schema.org\",\"@graph\":[{\"@type\":\"WebPage\",\"@id\":\"https:\\\/\\\/www.groupechampagnat.fr\\\/ecole-ste-therese\\\/projet-pedagogique\\\/la-scolarisation-a-lecole-maternelle\\\/\",\"url\":\"https:\\\/\\\/www.groupechampagnat.fr\\\/ecole-ste-therese\\\/projet-pedagogique\\\/la-scolarisation-a-lecole-maternelle\\\/\",\"name\":\"La scolarisation \u00e0 l\u2019\u00e9cole maternelle - \u00c9cole Ste Th\u00e9r\u00e8se\",\"isPartOf\":{\"@id\":\"https:\\\/\\\/www.groupechampagnat.fr\\\/ecole-ste-therese\\\/#website\"},\"primaryImageOfPage\":{\"@id\":\"https:\\\/\\\/www.groupechampagnat.fr\\\/ecole-ste-therese\\\/projet-pedagogique\\\/la-scolarisation-a-lecole-maternelle\\\/#primaryimage\"},\"image\":{\"@id\":\"https:\\\/\\\/www.groupechampagnat.fr\\\/ecole-ste-therese\\\/projet-pedagogique\\\/la-scolarisation-a-lecole-maternelle\\\/#primaryimage\"},\"thumbnailUrl\":\"https:\\\/\\\/www.groupechampagnat.fr\\\/wp-sites\\\/uploads\\\/sites\\\/3\\\/2025\\\/09\\\/top_stetherese.webp\",\"datePublished\":\"2025-11-14T17:04:45+00:00\",\"dateModified\":\"2026-01-12T11:26:35+00:00\",\"description\":\"\u00c9cole maternelle Sainte Th\u00e9r\u00e8se \u00e0 L'Arbresle : accueil d\u00e8s 2 ans et demi, classes multi-niveaux et p\u00e9dagogie bienveillante. TPS \u00e0 GS.\",\"breadcrumb\":{\"@id\":\"https:\\\/\\\/www.groupechampagnat.fr\\\/ecole-ste-therese\\\/projet-pedagogique\\\/la-scolarisation-a-lecole-maternelle\\\/#breadcrumb\"},\"inLanguage\":\"fr-FR\",\"potentialAction\":[{\"@type\":\"ReadAction\",\"target\":[\"https:\\\/\\\/www.groupechampagnat.fr\\\/ecole-ste-therese\\\/projet-pedagogique\\\/la-scolarisation-a-lecole-maternelle\\\/\"]}]},{\"@type\":\"ImageObject\",\"inLanguage\":\"fr-FR\",\"@id\":\"https:\\\/\\\/www.groupechampagnat.fr\\\/ecole-ste-therese\\\/projet-pedagogique\\\/la-scolarisation-a-lecole-maternelle\\\/#primaryimage\",\"url\":\"https:\\\/\\\/www.groupechampagnat.fr\\\/wp-sites\\\/uploads\\\/sites\\\/3\\\/2025\\\/09\\\/top_stetherese.webp\",\"contentUrl\":\"https:\\\/\\\/www.groupechampagnat.fr\\\/wp-sites\\\/uploads\\\/sites\\\/3\\\/2025\\\/09\\\/top_stetherese.webp\",\"width\":1200,\"height\":450},{\"@type\":\"BreadcrumbList\",\"@id\":\"https:\\\/\\\/www.groupechampagnat.fr\\\/ecole-ste-therese\\\/projet-pedagogique\\\/la-scolarisation-a-lecole-maternelle\\\/#breadcrumb\",\"itemListElement\":[{\"@type\":\"ListItem\",\"position\":1,\"name\":\"Accueil\",\"item\":\"https:\\\/\\\/www.groupechampagnat.fr\\\/ecole-ste-therese\\\/\"},{\"@type\":\"ListItem\",\"position\":2,\"name\":\"Projet p\u00e9dagogique\",\"item\":\"https:\\\/\\\/www.groupechampagnat.fr\\\/ecole-ste-therese\\\/projet-pedagogique\\\/\"},{\"@type\":\"ListItem\",\"position\":3,\"name\":\"La scolarisation \u00e0 l\u2019\u00e9cole maternelle\"}]},{\"@type\":\"WebSite\",\"@id\":\"https:\\\/\\\/www.groupechampagnat.fr\\\/ecole-ste-therese\\\/#website\",\"url\":\"https:\\\/\\\/www.groupechampagnat.fr\\\/ecole-ste-therese\\\/\",\"name\":\"\u00c9cole Ste Th\u00e9r\u00e8se\",\"description\":\"\",\"potentialAction\":[{\"@type\":\"SearchAction\",\"target\":{\"@type\":\"EntryPoint\",\"urlTemplate\":\"https:\\\/\\\/www.groupechampagnat.fr\\\/ecole-ste-therese\\\/?s={search_term_string}\"},\"query-input\":{\"@type\":\"PropertyValueSpecification\",\"valueRequired\":true,\"valueName\":\"search_term_string\"}}],\"inLanguage\":\"fr-FR\"}]}<\/script>\n<!-- \/ Yoast SEO plugin. -->","yoast_head_json":{"title":"La scolarisation \u00e0 l\u2019\u00e9cole maternelle - \u00c9cole Ste Th\u00e9r\u00e8se","description":"\u00c9cole maternelle Sainte Th\u00e9r\u00e8se \u00e0 L'Arbresle : accueil d\u00e8s 2 ans et demi, classes multi-niveaux et p\u00e9dagogie bienveillante. TPS \u00e0 GS.","robots":{"index":"index","follow":"follow","max-snippet":"max-snippet:-1","max-image-preview":"max-image-preview:large","max-video-preview":"max-video-preview:-1"},"canonical":"https:\/\/www.groupechampagnat.fr\/ecole-ste-therese\/projet-pedagogique\/la-scolarisation-a-lecole-maternelle\/","og_locale":"fr_FR","og_type":"article","og_title":"La scolarisation \u00e0 l\u2019\u00e9cole maternelle - \u00c9cole Ste Th\u00e9r\u00e8se","og_description":"\u00c9cole maternelle Sainte Th\u00e9r\u00e8se \u00e0 L'Arbresle : accueil d\u00e8s 2 ans et demi, classes multi-niveaux et p\u00e9dagogie bienveillante. TPS \u00e0 GS.","og_url":"https:\/\/www.groupechampagnat.fr\/ecole-ste-therese\/projet-pedagogique\/la-scolarisation-a-lecole-maternelle\/","og_site_name":"\u00c9cole Ste Th\u00e9r\u00e8se","article_modified_time":"2026-01-12T11:26:35+00:00","og_image":[{"width":1200,"height":450,"url":"https:\/\/www.groupechampagnat.fr\/wp-sites\/uploads\/sites\/3\/2025\/09\/top_stetherese.webp","type":"image\/webp"}],"twitter_card":"summary_large_image","twitter_misc":{"Dur\u00e9e de lecture estim\u00e9e":"3 minutes"},"schema":{"@context":"https:\/\/schema.org","@graph":[{"@type":"WebPage","@id":"https:\/\/www.groupechampagnat.fr\/ecole-ste-therese\/projet-pedagogique\/la-scolarisation-a-lecole-maternelle\/","url":"https:\/\/www.groupechampagnat.fr\/ecole-ste-therese\/projet-pedagogique\/la-scolarisation-a-lecole-maternelle\/","name":"La scolarisation \u00e0 l\u2019\u00e9cole maternelle - \u00c9cole Ste Th\u00e9r\u00e8se","isPartOf":{"@id":"https:\/\/www.groupechampagnat.fr\/ecole-ste-therese\/#website"},"primaryImageOfPage":{"@id":"https:\/\/www.groupechampagnat.fr\/ecole-ste-therese\/projet-pedagogique\/la-scolarisation-a-lecole-maternelle\/#primaryimage"},"image":{"@id":"https:\/\/www.groupechampagnat.fr\/ecole-ste-therese\/projet-pedagogique\/la-scolarisation-a-lecole-maternelle\/#primaryimage"},"thumbnailUrl":"https:\/\/www.groupechampagnat.fr\/wp-sites\/uploads\/sites\/3\/2025\/09\/top_stetherese.webp","datePublished":"2025-11-14T17:04:45+00:00","dateModified":"2026-01-12T11:26:35+00:00","description":"\u00c9cole maternelle Sainte Th\u00e9r\u00e8se \u00e0 L'Arbresle : accueil d\u00e8s 2 ans et demi, classes multi-niveaux et p\u00e9dagogie bienveillante. TPS \u00e0 GS.","breadcrumb":{"@id":"https:\/\/www.groupechampagnat.fr\/ecole-ste-therese\/projet-pedagogique\/la-scolarisation-a-lecole-maternelle\/#breadcrumb"},"inLanguage":"fr-FR","potentialAction":[{"@type":"ReadAction","target":["https:\/\/www.groupechampagnat.fr\/ecole-ste-therese\/projet-pedagogique\/la-scolarisation-a-lecole-maternelle\/"]}]},{"@type":"ImageObject","inLanguage":"fr-FR","@id":"https:\/\/www.groupechampagnat.fr\/ecole-ste-therese\/projet-pedagogique\/la-scolarisation-a-lecole-maternelle\/#primaryimage","url":"https:\/\/www.groupechampagnat.fr\/wp-sites\/uploads\/sites\/3\/2025\/09\/top_stetherese.webp","contentUrl":"https:\/\/www.groupechampagnat.fr\/wp-sites\/uploads\/sites\/3\/2025\/09\/top_stetherese.webp","width":1200,"height":450},{"@type":"BreadcrumbList","@id":"https:\/\/www.groupechampagnat.fr\/ecole-ste-therese\/projet-pedagogique\/la-scolarisation-a-lecole-maternelle\/#breadcrumb","itemListElement":[{"@type":"ListItem","position":1,"name":"Accueil","item":"https:\/\/www.groupechampagnat.fr\/ecole-ste-therese\/"},{"@type":"ListItem","position":2,"name":"Projet p\u00e9dagogique","item":"https:\/\/www.groupechampagnat.fr\/ecole-ste-therese\/projet-pedagogique\/"},{"@type":"ListItem","position":3,"name":"La scolarisation \u00e0 l\u2019\u00e9cole maternelle"}]},{"@type":"WebSite","@id":"https:\/\/www.groupechampagnat.fr\/ecole-ste-therese\/#website","url":"https:\/\/www.groupechampagnat.fr\/ecole-ste-therese\/","name":"\u00c9cole Ste Th\u00e9r\u00e8se","description":"","potentialAction":[{"@type":"SearchAction","target":{"@type":"EntryPoint","urlTemplate":"https:\/\/www.groupechampagnat.fr\/ecole-ste-therese\/?s={search_term_string}"},"query-input":{"@type":"PropertyValueSpecification","valueRequired":true,"valueName":"search_term_string"}}],"inLanguage":"fr-FR"}]}},"_links":{"self":[{"href":"https:\/\/www.groupechampagnat.fr\/ecole-ste-therese\/wp-json\/wp\/v2\/pages\/58","targetHints":{"allow":["GET"]}}],"collection":[{"href":"https:\/\/www.groupechampagnat.fr\/ecole-ste-therese\/wp-json\/wp\/v2\/pages"}],"about":[{"href":"https:\/\/www.groupechampagnat.fr\/ecole-ste-therese\/wp-json\/wp\/v2\/types\/page"}],"author":[{"embeddable":true,"href":"https:\/\/www.groupechampagnat.fr\/ecole-ste-therese\/wp-json\/wp\/v2\/users\/1"}],"replies":[{"embeddable":true,"href":"https:\/\/www.groupechampagnat.fr\/ecole-ste-therese\/wp-json\/wp\/v2\/comments?post=58"}],"version-history":[{"count":5,"href":"https:\/\/www.groupechampagnat.fr\/ecole-ste-therese\/wp-json\/wp\/v2\/pages\/58\/revisions"}],"predecessor-version":[{"id":190,"href":"https:\/\/www.groupechampagnat.fr\/ecole-ste-therese\/wp-json\/wp\/v2\/pages\/58\/revisions\/190"}],"up":[{"embeddable":true,"href":"https:\/\/www.groupechampagnat.fr\/ecole-ste-therese\/wp-json\/wp\/v2\/pages\/66"}],"wp:featuredmedia":[{"embeddable":true,"href":"https:\/\/www.groupechampagnat.fr\/ecole-ste-therese\/wp-json\/wp\/v2\/media\/13"}],"wp:attachment":[{"href":"https:\/\/www.groupechampagnat.fr\/ecole-ste-therese\/wp-json\/wp\/v2\/media?parent=58"}],"curies":[{"name":"wp","href":"https:\/\/api.w.org\/{rel}","templated":true}]}}