{"id":54,"date":"2025-11-14T18:04:45","date_gmt":"2025-11-14T17:04:45","guid":{"rendered":"https:\/\/test.groupechampagnat.fr\/ecole-ste-therese\/projet-pastoral-de-lecole\/"},"modified":"2026-01-12T12:20:51","modified_gmt":"2026-01-12T11:20:51","slug":"projet-pastoral-de-lecole","status":"publish","type":"page","link":"https:\/\/www.groupechampagnat.fr\/ecole-ste-therese\/etablissement\/projet-pastoral-de-lecole\/","title":{"rendered":"Projet pastoral de l\u2019\u00e9cole"},"content":{"rendered":"\n<div class=\"wp-block-columns is-layout-flex wp-container-core-columns-is-layout-9d6595d7 wp-block-columns-is-layout-flex\">\n<div class=\"wp-block-column bloc is-layout-flow wp-block-column-is-layout-flow\">\n<blockquote class=\"wp-block-quote is-layout-flow wp-block-quote-is-layout-flow\">\n<p>\u00ab Pour bien aimer les enfants, il faut les aimer, et les aimer tous \u00e9galement \u00bb<\/p>\n<\/blockquote>\n\n\n\n<p class=\"has-text-align-right\"><em>Marcellin Champagnat<\/em><\/p>\n<\/div>\n\n\n\n<div class=\"wp-block-column bloc is-layout-flow wp-block-column-is-layout-flow\">\n<blockquote class=\"wp-block-quote is-layout-flow wp-block-quote-is-layout-flow\">\n<p>\u00ab Aimer, c\u2019est tout donner et se donner soi-m\u00eame \u00bb<\/p>\n<\/blockquote>\n\n\n\n<p class=\"has-text-align-right\"><em>Ste Th\u00e9r\u00e8se<\/em><\/p>\n<\/div>\n<\/div>\n\n\n\n<p>L\u2019enseignement catholique participe au service public d\u2019\u00e9ducation en apportant sa contribution originale. En effet, ouvert \u00e0 tous, il n\u2019est pas catholique par son recrutement mais par son projet.<\/p>\n\n\n\n<p>Il se fonde sur une conception chr\u00e9tienne de la personne dont l\u2019Evangile de J\u00e9sus-Christ est la r\u00e9f\u00e9rence constante : la personne est unique, elle se construit en relation, elle comporte une dimension aussi bien corporelle, intellectuelle, morale, affective que spirituelle, elle est vuln\u00e9rable, elle est libre et responsable.<br>Une telle conception de la personne humaine oriente le projet d\u2019\u00e9ducation de l\u2019enseignement catholique qui ne s\u00e9pare pas enseignement et \u00e9ducation, transmission des savoirs et \u00e9ducation \u00e0 la relation. En son sein, chaque membre de la communaut\u00e9 \u00e9ducative \u2013 \u00e9l\u00e8ve, parent, enseignant, b\u00e9n\u00e9vole, personnel \u2013 est appel\u00e9 \u00e0 contribuer \u00e0 ce projet partag\u00e9.<\/p>\n\n\n\n<p>C\u2019est ainsi qu\u2019au sein de l\u2019\u00e9cole Ste Th\u00e9r\u00e8se, le projet pastoral se vit au quotidien dans les classes ou dans les temps p\u00e9riscolaires. Un regard attentif et bienveillant des adultes qui accompagnent les enfants est port\u00e9 \u00e0 chacun. La relation \u00e0 l\u2019autre est au c\u0153ur des pr\u00e9occupations de chaque jour.<\/p>\n\n\n\n<p>Pour renforcer cette communaut\u00e9 que repr\u00e9sente l\u2019\u00e9cole des temps forts ponctuent l\u2019ann\u00e9e pour nous permettre de vivre autrement l\u2019\u00e9cole. Chaque cycle suit aussi des temps de culture chr\u00e9tienne permettant de d\u00e9couvrir une vie spirituelle \u00e0 travers le regard des religions et plus particuli\u00e8rement la religion chr\u00e9tienne.<\/p>\n\n\n\n<p>Au sein de l\u2019\u00e9cole Ste Th\u00e9r\u00e8se, le projet pastoral se vit au quotidien dans les classes ou dans les temps p\u00e9riscolaires. Un regard attentif et bienveillant des adultes qui accompagnent les enfants est port\u00e9 \u00e0 chacun, dans le respect des convictions de tous. La relation \u00e0 l\u2019autre est au c\u0153ur des pr\u00e9occupations de chaque jour.<\/p>\n\n\n\n<p>Pour renforcer cette communaut\u00e9 que repr\u00e9sente l\u2019\u00e9cole, des temps forts ponctuent l\u2019ann\u00e9e pour nous permettre de vivre autrement l\u2019\u00e9cole. <strong>D\u00e8s le CP, les enfants peuvent d\u00e9couvrir la cat\u00e9ch\u00e8se, tandis que les autres cycles suivent des temps de culture chr\u00e9tienne, pour s\u2019ouvrir \u00e0 la dimension spirituelle et au patrimoine religieux<\/strong>.<\/p>\n\n\n\n<p><\/p>\n","protected":false},"excerpt":{"rendered":"<p>\u00ab Pour bien aimer les enfants, il faut les aimer, et les aimer tous \u00e9galement \u00bb Marcellin Champagnat \u00ab Aimer, c\u2019est tout donner et se donner soi-m\u00eame \u00bb Ste Th\u00e9r\u00e8se L\u2019enseignement catholique participe au service public d\u2019\u00e9ducation en apportant sa contribution originale. En effet, ouvert \u00e0 tous, il n\u2019est pas catholique par son recrutement mais [&hellip;]<\/p>\n","protected":false},"author":1,"featured_media":13,"parent":50,"menu_order":3,"comment_status":"closed","ping_status":"closed","template":"","meta":{"footnotes":""},"class_list":["post-54","page","type-page","status-publish","has-post-thumbnail","hentry"],"yoast_head":"<!-- This site is optimized with the Yoast SEO plugin v27.4 - https:\/\/yoast.com\/product\/yoast-seo-wordpress\/ -->\n<title>Projet pastoral de l\u2019\u00e9cole - \u00c9cole Ste Th\u00e9r\u00e8se<\/title>\n<meta name=\"description\" content=\"Projet pastoral de l&#039;\u00e9cole Sainte Th\u00e9r\u00e8se \u00e0 L&#039;Arbresle : \u00e9ducation chr\u00e9tienne, culture religieuse et cat\u00e9ch\u00e8se dans le respect de tous.\" \/>\n<meta name=\"robots\" content=\"index, follow, max-snippet:-1, max-image-preview:large, max-video-preview:-1\" \/>\n<link rel=\"canonical\" href=\"https:\/\/www.groupechampagnat.fr\/ecole-ste-therese\/etablissement\/projet-pastoral-de-lecole\/\" \/>\n<meta property=\"og:locale\" content=\"fr_FR\" \/>\n<meta property=\"og:type\" content=\"article\" \/>\n<meta property=\"og:title\" content=\"Projet pastoral de l\u2019\u00e9cole - \u00c9cole Ste Th\u00e9r\u00e8se\" \/>\n<meta property=\"og:description\" content=\"Projet pastoral de l&#039;\u00e9cole Sainte Th\u00e9r\u00e8se \u00e0 L&#039;Arbresle : \u00e9ducation chr\u00e9tienne, culture religieuse et cat\u00e9ch\u00e8se dans le respect de tous.\" \/>\n<meta property=\"og:url\" content=\"https:\/\/www.groupechampagnat.fr\/ecole-ste-therese\/etablissement\/projet-pastoral-de-lecole\/\" \/>\n<meta property=\"og:site_name\" content=\"\u00c9cole Ste Th\u00e9r\u00e8se\" \/>\n<meta property=\"article:modified_time\" content=\"2026-01-12T11:20:51+00:00\" \/>\n<meta property=\"og:image\" content=\"https:\/\/www.groupechampagnat.fr\/wp-sites\/uploads\/sites\/3\/2025\/09\/top_stetherese.webp\" \/>\n\t<meta property=\"og:image:width\" content=\"1200\" \/>\n\t<meta property=\"og:image:height\" content=\"450\" \/>\n\t<meta property=\"og:image:type\" content=\"image\/webp\" \/>\n<meta name=\"twitter:card\" content=\"summary_large_image\" \/>\n<meta name=\"twitter:label1\" content=\"Dur\u00e9e de lecture estim\u00e9e\" \/>\n\t<meta name=\"twitter:data1\" content=\"2 minutes\" \/>\n<script type=\"application\/ld+json\" class=\"yoast-schema-graph\">{\"@context\":\"https:\\\/\\\/schema.org\",\"@graph\":[{\"@type\":\"WebPage\",\"@id\":\"https:\\\/\\\/www.groupechampagnat.fr\\\/ecole-ste-therese\\\/etablissement\\\/projet-pastoral-de-lecole\\\/\",\"url\":\"https:\\\/\\\/www.groupechampagnat.fr\\\/ecole-ste-therese\\\/etablissement\\\/projet-pastoral-de-lecole\\\/\",\"name\":\"Projet pastoral de l\u2019\u00e9cole - \u00c9cole Ste Th\u00e9r\u00e8se\",\"isPartOf\":{\"@id\":\"https:\\\/\\\/www.groupechampagnat.fr\\\/ecole-ste-therese\\\/#website\"},\"primaryImageOfPage\":{\"@id\":\"https:\\\/\\\/www.groupechampagnat.fr\\\/ecole-ste-therese\\\/etablissement\\\/projet-pastoral-de-lecole\\\/#primaryimage\"},\"image\":{\"@id\":\"https:\\\/\\\/www.groupechampagnat.fr\\\/ecole-ste-therese\\\/etablissement\\\/projet-pastoral-de-lecole\\\/#primaryimage\"},\"thumbnailUrl\":\"https:\\\/\\\/www.groupechampagnat.fr\\\/wp-sites\\\/uploads\\\/sites\\\/3\\\/2025\\\/09\\\/top_stetherese.webp\",\"datePublished\":\"2025-11-14T17:04:45+00:00\",\"dateModified\":\"2026-01-12T11:20:51+00:00\",\"description\":\"Projet pastoral de l'\u00e9cole Sainte Th\u00e9r\u00e8se \u00e0 L'Arbresle : \u00e9ducation chr\u00e9tienne, culture religieuse et cat\u00e9ch\u00e8se dans le respect de tous.\",\"breadcrumb\":{\"@id\":\"https:\\\/\\\/www.groupechampagnat.fr\\\/ecole-ste-therese\\\/etablissement\\\/projet-pastoral-de-lecole\\\/#breadcrumb\"},\"inLanguage\":\"fr-FR\",\"potentialAction\":[{\"@type\":\"ReadAction\",\"target\":[\"https:\\\/\\\/www.groupechampagnat.fr\\\/ecole-ste-therese\\\/etablissement\\\/projet-pastoral-de-lecole\\\/\"]}]},{\"@type\":\"ImageObject\",\"inLanguage\":\"fr-FR\",\"@id\":\"https:\\\/\\\/www.groupechampagnat.fr\\\/ecole-ste-therese\\\/etablissement\\\/projet-pastoral-de-lecole\\\/#primaryimage\",\"url\":\"https:\\\/\\\/www.groupechampagnat.fr\\\/wp-sites\\\/uploads\\\/sites\\\/3\\\/2025\\\/09\\\/top_stetherese.webp\",\"contentUrl\":\"https:\\\/\\\/www.groupechampagnat.fr\\\/wp-sites\\\/uploads\\\/sites\\\/3\\\/2025\\\/09\\\/top_stetherese.webp\",\"width\":1200,\"height\":450},{\"@type\":\"BreadcrumbList\",\"@id\":\"https:\\\/\\\/www.groupechampagnat.fr\\\/ecole-ste-therese\\\/etablissement\\\/projet-pastoral-de-lecole\\\/#breadcrumb\",\"itemListElement\":[{\"@type\":\"ListItem\",\"position\":1,\"name\":\"Accueil\",\"item\":\"https:\\\/\\\/www.groupechampagnat.fr\\\/ecole-ste-therese\\\/\"},{\"@type\":\"ListItem\",\"position\":2,\"name\":\"\u00c9tablissement\",\"item\":\"https:\\\/\\\/www.groupechampagnat.fr\\\/ecole-ste-therese\\\/etablissement\\\/\"},{\"@type\":\"ListItem\",\"position\":3,\"name\":\"Projet pastoral de l\u2019\u00e9cole\"}]},{\"@type\":\"WebSite\",\"@id\":\"https:\\\/\\\/www.groupechampagnat.fr\\\/ecole-ste-therese\\\/#website\",\"url\":\"https:\\\/\\\/www.groupechampagnat.fr\\\/ecole-ste-therese\\\/\",\"name\":\"\u00c9cole Ste Th\u00e9r\u00e8se\",\"description\":\"\",\"potentialAction\":[{\"@type\":\"SearchAction\",\"target\":{\"@type\":\"EntryPoint\",\"urlTemplate\":\"https:\\\/\\\/www.groupechampagnat.fr\\\/ecole-ste-therese\\\/?s={search_term_string}\"},\"query-input\":{\"@type\":\"PropertyValueSpecification\",\"valueRequired\":true,\"valueName\":\"search_term_string\"}}],\"inLanguage\":\"fr-FR\"}]}<\/script>\n<!-- \/ Yoast SEO plugin. -->","yoast_head_json":{"title":"Projet pastoral de l\u2019\u00e9cole - \u00c9cole Ste Th\u00e9r\u00e8se","description":"Projet pastoral de l'\u00e9cole Sainte Th\u00e9r\u00e8se \u00e0 L'Arbresle : \u00e9ducation chr\u00e9tienne, culture religieuse et cat\u00e9ch\u00e8se dans le respect de tous.","robots":{"index":"index","follow":"follow","max-snippet":"max-snippet:-1","max-image-preview":"max-image-preview:large","max-video-preview":"max-video-preview:-1"},"canonical":"https:\/\/www.groupechampagnat.fr\/ecole-ste-therese\/etablissement\/projet-pastoral-de-lecole\/","og_locale":"fr_FR","og_type":"article","og_title":"Projet pastoral de l\u2019\u00e9cole - \u00c9cole Ste Th\u00e9r\u00e8se","og_description":"Projet pastoral de l'\u00e9cole Sainte Th\u00e9r\u00e8se \u00e0 L'Arbresle : \u00e9ducation chr\u00e9tienne, culture religieuse et cat\u00e9ch\u00e8se dans le respect de tous.","og_url":"https:\/\/www.groupechampagnat.fr\/ecole-ste-therese\/etablissement\/projet-pastoral-de-lecole\/","og_site_name":"\u00c9cole Ste Th\u00e9r\u00e8se","article_modified_time":"2026-01-12T11:20:51+00:00","og_image":[{"width":1200,"height":450,"url":"https:\/\/www.groupechampagnat.fr\/wp-sites\/uploads\/sites\/3\/2025\/09\/top_stetherese.webp","type":"image\/webp"}],"twitter_card":"summary_large_image","twitter_misc":{"Dur\u00e9e de lecture estim\u00e9e":"2 minutes"},"schema":{"@context":"https:\/\/schema.org","@graph":[{"@type":"WebPage","@id":"https:\/\/www.groupechampagnat.fr\/ecole-ste-therese\/etablissement\/projet-pastoral-de-lecole\/","url":"https:\/\/www.groupechampagnat.fr\/ecole-ste-therese\/etablissement\/projet-pastoral-de-lecole\/","name":"Projet pastoral de l\u2019\u00e9cole - \u00c9cole Ste Th\u00e9r\u00e8se","isPartOf":{"@id":"https:\/\/www.groupechampagnat.fr\/ecole-ste-therese\/#website"},"primaryImageOfPage":{"@id":"https:\/\/www.groupechampagnat.fr\/ecole-ste-therese\/etablissement\/projet-pastoral-de-lecole\/#primaryimage"},"image":{"@id":"https:\/\/www.groupechampagnat.fr\/ecole-ste-therese\/etablissement\/projet-pastoral-de-lecole\/#primaryimage"},"thumbnailUrl":"https:\/\/www.groupechampagnat.fr\/wp-sites\/uploads\/sites\/3\/2025\/09\/top_stetherese.webp","datePublished":"2025-11-14T17:04:45+00:00","dateModified":"2026-01-12T11:20:51+00:00","description":"Projet pastoral de l'\u00e9cole Sainte Th\u00e9r\u00e8se \u00e0 L'Arbresle : \u00e9ducation chr\u00e9tienne, culture religieuse et cat\u00e9ch\u00e8se dans le respect de tous.","breadcrumb":{"@id":"https:\/\/www.groupechampagnat.fr\/ecole-ste-therese\/etablissement\/projet-pastoral-de-lecole\/#breadcrumb"},"inLanguage":"fr-FR","potentialAction":[{"@type":"ReadAction","target":["https:\/\/www.groupechampagnat.fr\/ecole-ste-therese\/etablissement\/projet-pastoral-de-lecole\/"]}]},{"@type":"ImageObject","inLanguage":"fr-FR","@id":"https:\/\/www.groupechampagnat.fr\/ecole-ste-therese\/etablissement\/projet-pastoral-de-lecole\/#primaryimage","url":"https:\/\/www.groupechampagnat.fr\/wp-sites\/uploads\/sites\/3\/2025\/09\/top_stetherese.webp","contentUrl":"https:\/\/www.groupechampagnat.fr\/wp-sites\/uploads\/sites\/3\/2025\/09\/top_stetherese.webp","width":1200,"height":450},{"@type":"BreadcrumbList","@id":"https:\/\/www.groupechampagnat.fr\/ecole-ste-therese\/etablissement\/projet-pastoral-de-lecole\/#breadcrumb","itemListElement":[{"@type":"ListItem","position":1,"name":"Accueil","item":"https:\/\/www.groupechampagnat.fr\/ecole-ste-therese\/"},{"@type":"ListItem","position":2,"name":"\u00c9tablissement","item":"https:\/\/www.groupechampagnat.fr\/ecole-ste-therese\/etablissement\/"},{"@type":"ListItem","position":3,"name":"Projet pastoral de l\u2019\u00e9cole"}]},{"@type":"WebSite","@id":"https:\/\/www.groupechampagnat.fr\/ecole-ste-therese\/#website","url":"https:\/\/www.groupechampagnat.fr\/ecole-ste-therese\/","name":"\u00c9cole Ste Th\u00e9r\u00e8se","description":"","potentialAction":[{"@type":"SearchAction","target":{"@type":"EntryPoint","urlTemplate":"https:\/\/www.groupechampagnat.fr\/ecole-ste-therese\/?s={search_term_string}"},"query-input":{"@type":"PropertyValueSpecification","valueRequired":true,"valueName":"search_term_string"}}],"inLanguage":"fr-FR"}]}},"_links":{"self":[{"href":"https:\/\/www.groupechampagnat.fr\/ecole-ste-therese\/wp-json\/wp\/v2\/pages\/54","targetHints":{"allow":["GET"]}}],"collection":[{"href":"https:\/\/www.groupechampagnat.fr\/ecole-ste-therese\/wp-json\/wp\/v2\/pages"}],"about":[{"href":"https:\/\/www.groupechampagnat.fr\/ecole-ste-therese\/wp-json\/wp\/v2\/types\/page"}],"author":[{"embeddable":true,"href":"https:\/\/www.groupechampagnat.fr\/ecole-ste-therese\/wp-json\/wp\/v2\/users\/1"}],"replies":[{"embeddable":true,"href":"https:\/\/www.groupechampagnat.fr\/ecole-ste-therese\/wp-json\/wp\/v2\/comments?post=54"}],"version-history":[{"count":7,"href":"https:\/\/www.groupechampagnat.fr\/ecole-ste-therese\/wp-json\/wp\/v2\/pages\/54\/revisions"}],"predecessor-version":[{"id":203,"href":"https:\/\/www.groupechampagnat.fr\/ecole-ste-therese\/wp-json\/wp\/v2\/pages\/54\/revisions\/203"}],"up":[{"embeddable":true,"href":"https:\/\/www.groupechampagnat.fr\/ecole-ste-therese\/wp-json\/wp\/v2\/pages\/50"}],"wp:featuredmedia":[{"embeddable":true,"href":"https:\/\/www.groupechampagnat.fr\/ecole-ste-therese\/wp-json\/wp\/v2\/media\/13"}],"wp:attachment":[{"href":"https:\/\/www.groupechampagnat.fr\/ecole-ste-therese\/wp-json\/wp\/v2\/media?parent=54"}],"curies":[{"name":"wp","href":"https:\/\/api.w.org\/{rel}","templated":true}]}}