{"id":49,"date":"2025-09-05T11:04:15","date_gmt":"2025-09-05T09:04:15","guid":{"rendered":"https:\/\/test.groupechampagnat.fr\/ecole-st-martin\/projet-predagogique\/parcours-options\/"},"modified":"2026-01-12T11:46:41","modified_gmt":"2026-01-12T10:46:41","slug":"la-scolarisation-a-lecole-maternelle","status":"publish","type":"page","link":"https:\/\/www.groupechampagnat.fr\/ecole-st-martin\/projet-pedagogique\/la-scolarisation-a-lecole-maternelle\/","title":{"rendered":"La Scolarisation \u00e0 l\u2019\u00c9cole Maternelle"},"content":{"rendered":"\n<h3 class=\"wp-block-heading\"><strong>Qu\u2019est-ce qu\u2019une \u00e9cole maternelle ?<\/strong><\/h3>\n\n\n\n<p>L\u2019\u00e9cole maternelle constitue le cycle 1 de la scolarisation d\u2019un \u00e9l\u00e8ve. Elle est organis\u00e9e en trois niveaux : petite, moyenne et grande section.<br>A l\u2019\u00e9cole Saint Martin, dans la limite des places disponibles, les \u00e9l\u00e8ves peuvent \u00e9galement \u00eatre accueillis d\u00e8s deux ans \u00e0 condition qu\u2019ils soient propres. D\u00e8s lors, l\u2019accueil ne se fait qu\u2019en matin\u00e9e uniquement. Ces enfants ne peuvent pr\u00e9tendre b\u00e9n\u00e9ficier des services de garderie et de cantine.<\/p>\n\n\n\n<p>A l\u2019\u00e9cole Saint Martin, la directrice est une enseignante de l\u2019\u00e9cole qui a \u00e9galement la charge du travail administratif. Les enseignantes nomm\u00e9es dans l\u2019\u00e9cole ont re\u00e7u la formation qui permet d\u2019enseigner dans toutes les classes de l\u2019\u00e9cole maternelle au CM2. Les aide-maternelles (ASEM) sont des personnels de l\u2019OGEC (Organisme de Gestion de l\u2019Ecole Catholique) qui assistent les enseignantes. D\u2019autres personnes peuvent intervenir aupr\u00e8s de votre enfant (intervenant musique, danse, intervenant CCPA \u2026)<\/p>\n\n\n\n<p>Les programmes officiels font de la maternelle une v\u00e9ritable \u00e9cole. Chaque enseignant construit pour sa classe un emploi du temps avec les six domaines obligatoires :<\/p>\n\n\n\n<ul class=\"wp-block-list\">\n<li>S\u2019approprier le langage : apprendre \u00e0 s\u2019exprimer, \u00e0 \u00e9couter, \u00e0 dire des po\u00e9sies, comprendre des histoires, des consignes simples, des explications, acqu\u00e9rir du vocabulaire.<\/li>\n\n\n\n<li>D\u00e9couvrir l\u2019\u00e9crit : \u00e9couter des textes lus sur diff\u00e9rents supports, reconna\u00eetre son pr\u00e9nom.<\/li>\n\n\n\n<li>Devenir \u00e9l\u00e8ve : vivre ensemble, apprendre \u00e0 respecter les autres, le mat\u00e9riel, les r\u00e8gles de politesse, accepter les r\u00e8gles de vie donn\u00e9es par l\u2019adulte et comprendre ce qu\u2019est l\u2019\u00e9cole.<\/li>\n\n\n\n<li>D\u00e9couvrir le monde : approcher les nombres, conna\u00eetre des formes, des couleurs, r\u00e9aliser des constructions, d\u00e9couvrir des mati\u00e8res, des objets, le monde du vivant, commencer \u00e0 se rep\u00e9rer dans le temps et l\u2019espace.<\/li>\n\n\n\n<li>Agir et s\u2019exprimer avec son corps : apprendre \u00e0 courir, sauter, lancer, faire des rondes,<br>danser, jouer avec des ballons, des cerceaux\u2026<\/li>\n\n\n\n<li>Percevoir, sentir, imaginer, cr\u00e9er : dessiner, peindre, cr\u00e9er des objets, observer des images, chanter, \u00e9couter et s\u2019exprimer sur des musiques.<\/li>\n<\/ul>\n\n\n\n<p>Les enseignantes form\u00e9es \u00e0 quelques outils \u00abMontessori\u00bb mettent en place ces ateliers dans leur classe afin de d\u00e9velopper l\u2019autonomie, la motricit\u00e9 fine, la coop\u00e9ration et le ressenti des \u00e9l\u00e8ves.<\/p>\n\n\n\n<p>Les \u00e9l\u00e8ves de maternelle sont amen\u00e9s r\u00e9guli\u00e8rement \u00e0 partager des temps forts avec les \u00e9l\u00e8ves de l\u2019\u00e9cole \u00e9l\u00e9mentaire : C\u00e9l\u00e9brations, f\u00eate de l\u2019\u00e9cole, rencontres inter classes, go\u00fbter, spectacles, ateliers\u2026<\/p>\n","protected":false},"excerpt":{"rendered":"<p>Qu\u2019est-ce qu\u2019une \u00e9cole maternelle ? L\u2019\u00e9cole maternelle constitue le cycle 1 de la scolarisation d\u2019un \u00e9l\u00e8ve. Elle est organis\u00e9e en trois niveaux : petite, moyenne et grande section.A l\u2019\u00e9cole Saint Martin, dans la limite des places disponibles, les \u00e9l\u00e8ves peuvent \u00e9galement \u00eatre accueillis d\u00e8s deux ans \u00e0 condition qu\u2019ils soient propres. D\u00e8s lors, l\u2019accueil ne [&hellip;]<\/p>\n","protected":false},"author":1,"featured_media":209,"parent":23,"menu_order":1,"comment_status":"closed","ping_status":"closed","template":"","meta":{"footnotes":""},"class_list":["post-49","page","type-page","status-publish","has-post-thumbnail","hentry"],"yoast_head":"<!-- This site is optimized with the Yoast SEO plugin v27.4 - https:\/\/yoast.com\/product\/yoast-seo-wordpress\/ -->\n<title>La Scolarisation \u00e0 l\u2019\u00c9cole Maternelle - \u00c9cole St Martin<\/title>\n<meta name=\"description\" content=\"\u00c9cole maternelle Saint Martin \u00e0 Savigny : accueil d\u00e8s 2 ans, petite \u00e0 grande section. P\u00e9dagogie bienveillante et ateliers Montessori.\" \/>\n<meta name=\"robots\" content=\"index, follow, max-snippet:-1, max-image-preview:large, max-video-preview:-1\" \/>\n<link rel=\"canonical\" href=\"https:\/\/www.groupechampagnat.fr\/ecole-st-martin\/projet-pedagogique\/la-scolarisation-a-lecole-maternelle\/\" \/>\n<meta property=\"og:locale\" content=\"fr_FR\" \/>\n<meta property=\"og:type\" content=\"article\" \/>\n<meta property=\"og:title\" content=\"La Scolarisation \u00e0 l\u2019\u00c9cole Maternelle - \u00c9cole St Martin\" \/>\n<meta property=\"og:description\" content=\"\u00c9cole maternelle Saint Martin \u00e0 Savigny : accueil d\u00e8s 2 ans, petite \u00e0 grande section. P\u00e9dagogie bienveillante et ateliers Montessori.\" \/>\n<meta property=\"og:url\" content=\"https:\/\/www.groupechampagnat.fr\/ecole-st-martin\/projet-pedagogique\/la-scolarisation-a-lecole-maternelle\/\" \/>\n<meta property=\"og:site_name\" content=\"\u00c9cole St Martin\" \/>\n<meta property=\"article:modified_time\" content=\"2026-01-12T10:46:41+00:00\" \/>\n<meta property=\"og:image\" content=\"https:\/\/www.groupechampagnat.fr\/wp-sites\/uploads\/sites\/4\/2025\/11\/StMartin.jpg\" \/>\n\t<meta property=\"og:image:width\" content=\"600\" \/>\n\t<meta property=\"og:image:height\" content=\"528\" \/>\n\t<meta property=\"og:image:type\" content=\"image\/jpeg\" \/>\n<meta name=\"twitter:card\" content=\"summary_large_image\" \/>\n<meta name=\"twitter:label1\" content=\"Dur\u00e9e de lecture estim\u00e9e\" \/>\n\t<meta name=\"twitter:data1\" content=\"3 minutes\" \/>\n<script type=\"application\/ld+json\" class=\"yoast-schema-graph\">{\"@context\":\"https:\\\/\\\/schema.org\",\"@graph\":[{\"@type\":\"WebPage\",\"@id\":\"https:\\\/\\\/www.groupechampagnat.fr\\\/ecole-st-martin\\\/projet-pedagogique\\\/la-scolarisation-a-lecole-maternelle\\\/\",\"url\":\"https:\\\/\\\/www.groupechampagnat.fr\\\/ecole-st-martin\\\/projet-pedagogique\\\/la-scolarisation-a-lecole-maternelle\\\/\",\"name\":\"La Scolarisation \u00e0 l\u2019\u00c9cole Maternelle - \u00c9cole St Martin\",\"isPartOf\":{\"@id\":\"https:\\\/\\\/www.groupechampagnat.fr\\\/ecole-st-martin\\\/#website\"},\"primaryImageOfPage\":{\"@id\":\"https:\\\/\\\/www.groupechampagnat.fr\\\/ecole-st-martin\\\/projet-pedagogique\\\/la-scolarisation-a-lecole-maternelle\\\/#primaryimage\"},\"image\":{\"@id\":\"https:\\\/\\\/www.groupechampagnat.fr\\\/ecole-st-martin\\\/projet-pedagogique\\\/la-scolarisation-a-lecole-maternelle\\\/#primaryimage\"},\"thumbnailUrl\":\"https:\\\/\\\/www.groupechampagnat.fr\\\/wp-sites\\\/uploads\\\/sites\\\/4\\\/2025\\\/11\\\/StMartin.jpg\",\"datePublished\":\"2025-09-05T09:04:15+00:00\",\"dateModified\":\"2026-01-12T10:46:41+00:00\",\"description\":\"\u00c9cole maternelle Saint Martin \u00e0 Savigny : accueil d\u00e8s 2 ans, petite \u00e0 grande section. P\u00e9dagogie bienveillante et ateliers Montessori.\",\"breadcrumb\":{\"@id\":\"https:\\\/\\\/www.groupechampagnat.fr\\\/ecole-st-martin\\\/projet-pedagogique\\\/la-scolarisation-a-lecole-maternelle\\\/#breadcrumb\"},\"inLanguage\":\"fr-FR\",\"potentialAction\":[{\"@type\":\"ReadAction\",\"target\":[\"https:\\\/\\\/www.groupechampagnat.fr\\\/ecole-st-martin\\\/projet-pedagogique\\\/la-scolarisation-a-lecole-maternelle\\\/\"]}]},{\"@type\":\"ImageObject\",\"inLanguage\":\"fr-FR\",\"@id\":\"https:\\\/\\\/www.groupechampagnat.fr\\\/ecole-st-martin\\\/projet-pedagogique\\\/la-scolarisation-a-lecole-maternelle\\\/#primaryimage\",\"url\":\"https:\\\/\\\/www.groupechampagnat.fr\\\/wp-sites\\\/uploads\\\/sites\\\/4\\\/2025\\\/11\\\/StMartin.jpg\",\"contentUrl\":\"https:\\\/\\\/www.groupechampagnat.fr\\\/wp-sites\\\/uploads\\\/sites\\\/4\\\/2025\\\/11\\\/StMartin.jpg\",\"width\":600,\"height\":528},{\"@type\":\"BreadcrumbList\",\"@id\":\"https:\\\/\\\/www.groupechampagnat.fr\\\/ecole-st-martin\\\/projet-pedagogique\\\/la-scolarisation-a-lecole-maternelle\\\/#breadcrumb\",\"itemListElement\":[{\"@type\":\"ListItem\",\"position\":1,\"name\":\"Accueil\",\"item\":\"https:\\\/\\\/www.groupechampagnat.fr\\\/ecole-st-martin\\\/\"},{\"@type\":\"ListItem\",\"position\":2,\"name\":\"Projet p\u00e9dagogique\",\"item\":\"https:\\\/\\\/www.groupechampagnat.fr\\\/ecole-st-martin\\\/projet-pedagogique\\\/\"},{\"@type\":\"ListItem\",\"position\":3,\"name\":\"La Scolarisation \u00e0 l\u2019\u00c9cole Maternelle\"}]},{\"@type\":\"WebSite\",\"@id\":\"https:\\\/\\\/www.groupechampagnat.fr\\\/ecole-st-martin\\\/#website\",\"url\":\"https:\\\/\\\/www.groupechampagnat.fr\\\/ecole-st-martin\\\/\",\"name\":\"\u00c9cole St Martin\",\"description\":\"\u00c9cole primaire du groupe Champagnat\",\"potentialAction\":[{\"@type\":\"SearchAction\",\"target\":{\"@type\":\"EntryPoint\",\"urlTemplate\":\"https:\\\/\\\/www.groupechampagnat.fr\\\/ecole-st-martin\\\/?s={search_term_string}\"},\"query-input\":{\"@type\":\"PropertyValueSpecification\",\"valueRequired\":true,\"valueName\":\"search_term_string\"}}],\"inLanguage\":\"fr-FR\"}]}<\/script>\n<!-- \/ Yoast SEO plugin. -->","yoast_head_json":{"title":"La Scolarisation \u00e0 l\u2019\u00c9cole Maternelle - \u00c9cole St Martin","description":"\u00c9cole maternelle Saint Martin \u00e0 Savigny : accueil d\u00e8s 2 ans, petite \u00e0 grande section. P\u00e9dagogie bienveillante et ateliers Montessori.","robots":{"index":"index","follow":"follow","max-snippet":"max-snippet:-1","max-image-preview":"max-image-preview:large","max-video-preview":"max-video-preview:-1"},"canonical":"https:\/\/www.groupechampagnat.fr\/ecole-st-martin\/projet-pedagogique\/la-scolarisation-a-lecole-maternelle\/","og_locale":"fr_FR","og_type":"article","og_title":"La Scolarisation \u00e0 l\u2019\u00c9cole Maternelle - \u00c9cole St Martin","og_description":"\u00c9cole maternelle Saint Martin \u00e0 Savigny : accueil d\u00e8s 2 ans, petite \u00e0 grande section. P\u00e9dagogie bienveillante et ateliers Montessori.","og_url":"https:\/\/www.groupechampagnat.fr\/ecole-st-martin\/projet-pedagogique\/la-scolarisation-a-lecole-maternelle\/","og_site_name":"\u00c9cole St Martin","article_modified_time":"2026-01-12T10:46:41+00:00","og_image":[{"width":600,"height":528,"url":"https:\/\/www.groupechampagnat.fr\/wp-sites\/uploads\/sites\/4\/2025\/11\/StMartin.jpg","type":"image\/jpeg"}],"twitter_card":"summary_large_image","twitter_misc":{"Dur\u00e9e de lecture estim\u00e9e":"3 minutes"},"schema":{"@context":"https:\/\/schema.org","@graph":[{"@type":"WebPage","@id":"https:\/\/www.groupechampagnat.fr\/ecole-st-martin\/projet-pedagogique\/la-scolarisation-a-lecole-maternelle\/","url":"https:\/\/www.groupechampagnat.fr\/ecole-st-martin\/projet-pedagogique\/la-scolarisation-a-lecole-maternelle\/","name":"La Scolarisation \u00e0 l\u2019\u00c9cole Maternelle - \u00c9cole St Martin","isPartOf":{"@id":"https:\/\/www.groupechampagnat.fr\/ecole-st-martin\/#website"},"primaryImageOfPage":{"@id":"https:\/\/www.groupechampagnat.fr\/ecole-st-martin\/projet-pedagogique\/la-scolarisation-a-lecole-maternelle\/#primaryimage"},"image":{"@id":"https:\/\/www.groupechampagnat.fr\/ecole-st-martin\/projet-pedagogique\/la-scolarisation-a-lecole-maternelle\/#primaryimage"},"thumbnailUrl":"https:\/\/www.groupechampagnat.fr\/wp-sites\/uploads\/sites\/4\/2025\/11\/StMartin.jpg","datePublished":"2025-09-05T09:04:15+00:00","dateModified":"2026-01-12T10:46:41+00:00","description":"\u00c9cole maternelle Saint Martin \u00e0 Savigny : accueil d\u00e8s 2 ans, petite \u00e0 grande section. P\u00e9dagogie bienveillante et ateliers Montessori.","breadcrumb":{"@id":"https:\/\/www.groupechampagnat.fr\/ecole-st-martin\/projet-pedagogique\/la-scolarisation-a-lecole-maternelle\/#breadcrumb"},"inLanguage":"fr-FR","potentialAction":[{"@type":"ReadAction","target":["https:\/\/www.groupechampagnat.fr\/ecole-st-martin\/projet-pedagogique\/la-scolarisation-a-lecole-maternelle\/"]}]},{"@type":"ImageObject","inLanguage":"fr-FR","@id":"https:\/\/www.groupechampagnat.fr\/ecole-st-martin\/projet-pedagogique\/la-scolarisation-a-lecole-maternelle\/#primaryimage","url":"https:\/\/www.groupechampagnat.fr\/wp-sites\/uploads\/sites\/4\/2025\/11\/StMartin.jpg","contentUrl":"https:\/\/www.groupechampagnat.fr\/wp-sites\/uploads\/sites\/4\/2025\/11\/StMartin.jpg","width":600,"height":528},{"@type":"BreadcrumbList","@id":"https:\/\/www.groupechampagnat.fr\/ecole-st-martin\/projet-pedagogique\/la-scolarisation-a-lecole-maternelle\/#breadcrumb","itemListElement":[{"@type":"ListItem","position":1,"name":"Accueil","item":"https:\/\/www.groupechampagnat.fr\/ecole-st-martin\/"},{"@type":"ListItem","position":2,"name":"Projet p\u00e9dagogique","item":"https:\/\/www.groupechampagnat.fr\/ecole-st-martin\/projet-pedagogique\/"},{"@type":"ListItem","position":3,"name":"La Scolarisation \u00e0 l\u2019\u00c9cole Maternelle"}]},{"@type":"WebSite","@id":"https:\/\/www.groupechampagnat.fr\/ecole-st-martin\/#website","url":"https:\/\/www.groupechampagnat.fr\/ecole-st-martin\/","name":"\u00c9cole St Martin","description":"\u00c9cole primaire du groupe Champagnat","potentialAction":[{"@type":"SearchAction","target":{"@type":"EntryPoint","urlTemplate":"https:\/\/www.groupechampagnat.fr\/ecole-st-martin\/?s={search_term_string}"},"query-input":{"@type":"PropertyValueSpecification","valueRequired":true,"valueName":"search_term_string"}}],"inLanguage":"fr-FR"}]}},"_links":{"self":[{"href":"https:\/\/www.groupechampagnat.fr\/ecole-st-martin\/wp-json\/wp\/v2\/pages\/49","targetHints":{"allow":["GET"]}}],"collection":[{"href":"https:\/\/www.groupechampagnat.fr\/ecole-st-martin\/wp-json\/wp\/v2\/pages"}],"about":[{"href":"https:\/\/www.groupechampagnat.fr\/ecole-st-martin\/wp-json\/wp\/v2\/types\/page"}],"author":[{"embeddable":true,"href":"https:\/\/www.groupechampagnat.fr\/ecole-st-martin\/wp-json\/wp\/v2\/users\/1"}],"replies":[{"embeddable":true,"href":"https:\/\/www.groupechampagnat.fr\/ecole-st-martin\/wp-json\/wp\/v2\/comments?post=49"}],"version-history":[{"count":3,"href":"https:\/\/www.groupechampagnat.fr\/ecole-st-martin\/wp-json\/wp\/v2\/pages\/49\/revisions"}],"predecessor-version":[{"id":200,"href":"https:\/\/www.groupechampagnat.fr\/ecole-st-martin\/wp-json\/wp\/v2\/pages\/49\/revisions\/200"}],"up":[{"embeddable":true,"href":"https:\/\/www.groupechampagnat.fr\/ecole-st-martin\/wp-json\/wp\/v2\/pages\/23"}],"wp:featuredmedia":[{"embeddable":true,"href":"https:\/\/www.groupechampagnat.fr\/ecole-st-martin\/wp-json\/wp\/v2\/media\/209"}],"wp:attachment":[{"href":"https:\/\/www.groupechampagnat.fr\/ecole-st-martin\/wp-json\/wp\/v2\/media?parent=49"}],"curies":[{"name":"wp","href":"https:\/\/api.w.org\/{rel}","templated":true}]}}