{"id":41,"date":"2025-09-05T11:03:15","date_gmt":"2025-09-05T09:03:47","guid":{"rendered":"https:\/\/test.groupechampagnat.fr\/ecole-st-martin\/vie-scolaire\/restauration\/"},"modified":"2026-01-12T11:38:11","modified_gmt":"2026-01-12T10:38:11","slug":"restaurant-scolaire","status":"publish","type":"page","link":"https:\/\/www.groupechampagnat.fr\/ecole-st-martin\/vie-scolaire\/restaurant-scolaire\/","title":{"rendered":"Restaurant scolaire"},"content":{"rendered":"\n<div class=\"wp-block-group is-content-justification-left is-nowrap is-layout-flex wp-container-core-group-is-layout-ca3d3a12 wp-block-group-is-layout-flex\">\n<p>Ce service est propos\u00e9 par \u00abL\u2019Association du Restaurant Scolaire de Savigny\u00bb, en lien avec la commune, les lundi, mardi, jeudi et vendredi. <br><br>Les enfants d\u00e9jeunent de 12h30 \u00e0 13h15. Les trajets entre l\u2019\u00e9cole et la cantine sont assur\u00e9s par les enseignantes et les Asem ainsi que le personnel municipal.<\/p>\n\n\n\n<p class=\"has-text-align-center bloc has-jaune-color has-text-color has-link-color wp-elements-40a22fb6daaab9e77655a40903b7d1a8\"><strong>Contact et inscription \u00e0 : <a href=\"mailto:contact@cantinesavigny69.fr\">contact@cantinesavigny69.fr<\/a><br><a href=\"http:\/\/www.cantinesavigny69.fr\">http:\/\/www.cantinesavigny69.fr<\/a><\/strong><\/p>\n<\/div>\n\n\n\n<p><\/p>\n","protected":false},"excerpt":{"rendered":"<p>Ce service est propos\u00e9 par \u00abL\u2019Association du Restaurant Scolaire de Savigny\u00bb, en lien avec la commune, les lundi, mardi, jeudi et vendredi. Les enfants d\u00e9jeunent de 12h30 \u00e0 13h15. Les trajets entre l\u2019\u00e9cole et la cantine sont assur\u00e9s par les enseignantes et les Asem ainsi que le personnel municipal. Contact et inscription \u00e0 : contact@cantinesavigny69.frhttp:\/\/www.cantinesavigny69.fr<\/p>\n","protected":false},"author":1,"featured_media":209,"parent":21,"menu_order":2,"comment_status":"closed","ping_status":"closed","template":"","meta":{"footnotes":""},"class_list":["post-41","page","type-page","status-publish","has-post-thumbnail","hentry"],"yoast_head":"<!-- This site is optimized with the Yoast SEO plugin v27.4 - https:\/\/yoast.com\/product\/yoast-seo-wordpress\/ -->\n<title>Restaurant scolaire - \u00c9cole St Martin<\/title>\n<meta name=\"description\" content=\"Cantine de l&#039;\u00e9cole Saint Martin \u00e0 Savigny : service de restauration scolaire. Informations pratiques et inscriptions pour les familles.\" \/>\n<meta name=\"robots\" content=\"index, follow, max-snippet:-1, max-image-preview:large, max-video-preview:-1\" \/>\n<link rel=\"canonical\" href=\"https:\/\/www.groupechampagnat.fr\/ecole-st-martin\/vie-scolaire\/restaurant-scolaire\/\" \/>\n<meta property=\"og:locale\" content=\"fr_FR\" \/>\n<meta property=\"og:type\" content=\"article\" \/>\n<meta property=\"og:title\" content=\"Restaurant scolaire - \u00c9cole St Martin\" \/>\n<meta property=\"og:description\" content=\"Cantine de l&#039;\u00e9cole Saint Martin \u00e0 Savigny : service de restauration scolaire. Informations pratiques et inscriptions pour les familles.\" \/>\n<meta property=\"og:url\" content=\"https:\/\/www.groupechampagnat.fr\/ecole-st-martin\/vie-scolaire\/restaurant-scolaire\/\" \/>\n<meta property=\"og:site_name\" content=\"\u00c9cole St Martin\" \/>\n<meta property=\"article:modified_time\" content=\"2026-01-12T10:38:11+00:00\" \/>\n<meta property=\"og:image\" content=\"https:\/\/www.groupechampagnat.fr\/wp-sites\/uploads\/sites\/4\/2025\/11\/StMartin.jpg\" \/>\n\t<meta property=\"og:image:width\" content=\"600\" \/>\n\t<meta property=\"og:image:height\" content=\"528\" \/>\n\t<meta property=\"og:image:type\" content=\"image\/jpeg\" \/>\n<meta name=\"twitter:card\" content=\"summary_large_image\" \/>\n<meta name=\"twitter:label1\" content=\"Dur\u00e9e de lecture estim\u00e9e\" \/>\n\t<meta name=\"twitter:data1\" content=\"1 minute\" \/>\n<script type=\"application\/ld+json\" class=\"yoast-schema-graph\">{\"@context\":\"https:\\\/\\\/schema.org\",\"@graph\":[{\"@type\":\"WebPage\",\"@id\":\"https:\\\/\\\/www.groupechampagnat.fr\\\/ecole-st-martin\\\/vie-scolaire\\\/restaurant-scolaire\\\/\",\"url\":\"https:\\\/\\\/www.groupechampagnat.fr\\\/ecole-st-martin\\\/vie-scolaire\\\/restaurant-scolaire\\\/\",\"name\":\"Restaurant scolaire - \u00c9cole St Martin\",\"isPartOf\":{\"@id\":\"https:\\\/\\\/www.groupechampagnat.fr\\\/ecole-st-martin\\\/#website\"},\"primaryImageOfPage\":{\"@id\":\"https:\\\/\\\/www.groupechampagnat.fr\\\/ecole-st-martin\\\/vie-scolaire\\\/restaurant-scolaire\\\/#primaryimage\"},\"image\":{\"@id\":\"https:\\\/\\\/www.groupechampagnat.fr\\\/ecole-st-martin\\\/vie-scolaire\\\/restaurant-scolaire\\\/#primaryimage\"},\"thumbnailUrl\":\"https:\\\/\\\/www.groupechampagnat.fr\\\/wp-sites\\\/uploads\\\/sites\\\/4\\\/2025\\\/11\\\/StMartin.jpg\",\"datePublished\":\"2025-09-05T09:03:47+00:00\",\"dateModified\":\"2026-01-12T10:38:11+00:00\",\"description\":\"Cantine de l'\u00e9cole Saint Martin \u00e0 Savigny : service de restauration scolaire. Informations pratiques et inscriptions pour les familles.\",\"breadcrumb\":{\"@id\":\"https:\\\/\\\/www.groupechampagnat.fr\\\/ecole-st-martin\\\/vie-scolaire\\\/restaurant-scolaire\\\/#breadcrumb\"},\"inLanguage\":\"fr-FR\",\"potentialAction\":[{\"@type\":\"ReadAction\",\"target\":[\"https:\\\/\\\/www.groupechampagnat.fr\\\/ecole-st-martin\\\/vie-scolaire\\\/restaurant-scolaire\\\/\"]}]},{\"@type\":\"ImageObject\",\"inLanguage\":\"fr-FR\",\"@id\":\"https:\\\/\\\/www.groupechampagnat.fr\\\/ecole-st-martin\\\/vie-scolaire\\\/restaurant-scolaire\\\/#primaryimage\",\"url\":\"https:\\\/\\\/www.groupechampagnat.fr\\\/wp-sites\\\/uploads\\\/sites\\\/4\\\/2025\\\/11\\\/StMartin.jpg\",\"contentUrl\":\"https:\\\/\\\/www.groupechampagnat.fr\\\/wp-sites\\\/uploads\\\/sites\\\/4\\\/2025\\\/11\\\/StMartin.jpg\",\"width\":600,\"height\":528},{\"@type\":\"BreadcrumbList\",\"@id\":\"https:\\\/\\\/www.groupechampagnat.fr\\\/ecole-st-martin\\\/vie-scolaire\\\/restaurant-scolaire\\\/#breadcrumb\",\"itemListElement\":[{\"@type\":\"ListItem\",\"position\":1,\"name\":\"Accueil\",\"item\":\"https:\\\/\\\/www.groupechampagnat.fr\\\/ecole-st-martin\\\/\"},{\"@type\":\"ListItem\",\"position\":2,\"name\":\"Vie scolaire\",\"item\":\"https:\\\/\\\/www.groupechampagnat.fr\\\/ecole-st-martin\\\/vie-scolaire\\\/\"},{\"@type\":\"ListItem\",\"position\":3,\"name\":\"Restaurant scolaire\"}]},{\"@type\":\"WebSite\",\"@id\":\"https:\\\/\\\/www.groupechampagnat.fr\\\/ecole-st-martin\\\/#website\",\"url\":\"https:\\\/\\\/www.groupechampagnat.fr\\\/ecole-st-martin\\\/\",\"name\":\"\u00c9cole St Martin\",\"description\":\"\u00c9cole primaire du groupe Champagnat\",\"potentialAction\":[{\"@type\":\"SearchAction\",\"target\":{\"@type\":\"EntryPoint\",\"urlTemplate\":\"https:\\\/\\\/www.groupechampagnat.fr\\\/ecole-st-martin\\\/?s={search_term_string}\"},\"query-input\":{\"@type\":\"PropertyValueSpecification\",\"valueRequired\":true,\"valueName\":\"search_term_string\"}}],\"inLanguage\":\"fr-FR\"}]}<\/script>\n<!-- \/ Yoast SEO plugin. -->","yoast_head_json":{"title":"Restaurant scolaire - \u00c9cole St Martin","description":"Cantine de l'\u00e9cole Saint Martin \u00e0 Savigny : service de restauration scolaire. Informations pratiques et inscriptions pour les familles.","robots":{"index":"index","follow":"follow","max-snippet":"max-snippet:-1","max-image-preview":"max-image-preview:large","max-video-preview":"max-video-preview:-1"},"canonical":"https:\/\/www.groupechampagnat.fr\/ecole-st-martin\/vie-scolaire\/restaurant-scolaire\/","og_locale":"fr_FR","og_type":"article","og_title":"Restaurant scolaire - \u00c9cole St Martin","og_description":"Cantine de l'\u00e9cole Saint Martin \u00e0 Savigny : service de restauration scolaire. Informations pratiques et inscriptions pour les familles.","og_url":"https:\/\/www.groupechampagnat.fr\/ecole-st-martin\/vie-scolaire\/restaurant-scolaire\/","og_site_name":"\u00c9cole St Martin","article_modified_time":"2026-01-12T10:38:11+00:00","og_image":[{"width":600,"height":528,"url":"https:\/\/www.groupechampagnat.fr\/wp-sites\/uploads\/sites\/4\/2025\/11\/StMartin.jpg","type":"image\/jpeg"}],"twitter_card":"summary_large_image","twitter_misc":{"Dur\u00e9e de lecture estim\u00e9e":"1 minute"},"schema":{"@context":"https:\/\/schema.org","@graph":[{"@type":"WebPage","@id":"https:\/\/www.groupechampagnat.fr\/ecole-st-martin\/vie-scolaire\/restaurant-scolaire\/","url":"https:\/\/www.groupechampagnat.fr\/ecole-st-martin\/vie-scolaire\/restaurant-scolaire\/","name":"Restaurant scolaire - \u00c9cole St Martin","isPartOf":{"@id":"https:\/\/www.groupechampagnat.fr\/ecole-st-martin\/#website"},"primaryImageOfPage":{"@id":"https:\/\/www.groupechampagnat.fr\/ecole-st-martin\/vie-scolaire\/restaurant-scolaire\/#primaryimage"},"image":{"@id":"https:\/\/www.groupechampagnat.fr\/ecole-st-martin\/vie-scolaire\/restaurant-scolaire\/#primaryimage"},"thumbnailUrl":"https:\/\/www.groupechampagnat.fr\/wp-sites\/uploads\/sites\/4\/2025\/11\/StMartin.jpg","datePublished":"2025-09-05T09:03:47+00:00","dateModified":"2026-01-12T10:38:11+00:00","description":"Cantine de l'\u00e9cole Saint Martin \u00e0 Savigny : service de restauration scolaire. Informations pratiques et inscriptions pour les familles.","breadcrumb":{"@id":"https:\/\/www.groupechampagnat.fr\/ecole-st-martin\/vie-scolaire\/restaurant-scolaire\/#breadcrumb"},"inLanguage":"fr-FR","potentialAction":[{"@type":"ReadAction","target":["https:\/\/www.groupechampagnat.fr\/ecole-st-martin\/vie-scolaire\/restaurant-scolaire\/"]}]},{"@type":"ImageObject","inLanguage":"fr-FR","@id":"https:\/\/www.groupechampagnat.fr\/ecole-st-martin\/vie-scolaire\/restaurant-scolaire\/#primaryimage","url":"https:\/\/www.groupechampagnat.fr\/wp-sites\/uploads\/sites\/4\/2025\/11\/StMartin.jpg","contentUrl":"https:\/\/www.groupechampagnat.fr\/wp-sites\/uploads\/sites\/4\/2025\/11\/StMartin.jpg","width":600,"height":528},{"@type":"BreadcrumbList","@id":"https:\/\/www.groupechampagnat.fr\/ecole-st-martin\/vie-scolaire\/restaurant-scolaire\/#breadcrumb","itemListElement":[{"@type":"ListItem","position":1,"name":"Accueil","item":"https:\/\/www.groupechampagnat.fr\/ecole-st-martin\/"},{"@type":"ListItem","position":2,"name":"Vie scolaire","item":"https:\/\/www.groupechampagnat.fr\/ecole-st-martin\/vie-scolaire\/"},{"@type":"ListItem","position":3,"name":"Restaurant scolaire"}]},{"@type":"WebSite","@id":"https:\/\/www.groupechampagnat.fr\/ecole-st-martin\/#website","url":"https:\/\/www.groupechampagnat.fr\/ecole-st-martin\/","name":"\u00c9cole St Martin","description":"\u00c9cole primaire du groupe Champagnat","potentialAction":[{"@type":"SearchAction","target":{"@type":"EntryPoint","urlTemplate":"https:\/\/www.groupechampagnat.fr\/ecole-st-martin\/?s={search_term_string}"},"query-input":{"@type":"PropertyValueSpecification","valueRequired":true,"valueName":"search_term_string"}}],"inLanguage":"fr-FR"}]}},"_links":{"self":[{"href":"https:\/\/www.groupechampagnat.fr\/ecole-st-martin\/wp-json\/wp\/v2\/pages\/41","targetHints":{"allow":["GET"]}}],"collection":[{"href":"https:\/\/www.groupechampagnat.fr\/ecole-st-martin\/wp-json\/wp\/v2\/pages"}],"about":[{"href":"https:\/\/www.groupechampagnat.fr\/ecole-st-martin\/wp-json\/wp\/v2\/types\/page"}],"author":[{"embeddable":true,"href":"https:\/\/www.groupechampagnat.fr\/ecole-st-martin\/wp-json\/wp\/v2\/users\/1"}],"replies":[{"embeddable":true,"href":"https:\/\/www.groupechampagnat.fr\/ecole-st-martin\/wp-json\/wp\/v2\/comments?post=41"}],"version-history":[{"count":7,"href":"https:\/\/www.groupechampagnat.fr\/ecole-st-martin\/wp-json\/wp\/v2\/pages\/41\/revisions"}],"predecessor-version":[{"id":290,"href":"https:\/\/www.groupechampagnat.fr\/ecole-st-martin\/wp-json\/wp\/v2\/pages\/41\/revisions\/290"}],"up":[{"embeddable":true,"href":"https:\/\/www.groupechampagnat.fr\/ecole-st-martin\/wp-json\/wp\/v2\/pages\/21"}],"wp:featuredmedia":[{"embeddable":true,"href":"https:\/\/www.groupechampagnat.fr\/ecole-st-martin\/wp-json\/wp\/v2\/media\/209"}],"wp:attachment":[{"href":"https:\/\/www.groupechampagnat.fr\/ecole-st-martin\/wp-json\/wp\/v2\/media?parent=41"}],"curies":[{"name":"wp","href":"https:\/\/api.w.org\/{rel}","templated":true}]}}