{"id":35,"date":"2025-09-05T11:03:47","date_gmt":"2025-09-05T09:03:47","guid":{"rendered":"https:\/\/test.groupechampagnat.fr\/ecole-st-martin\/vie-scolaire\/rythmes-scolaires\/"},"modified":"2026-01-12T11:30:31","modified_gmt":"2026-01-12T10:30:31","slug":"rythmes-scolaires","status":"publish","type":"page","link":"https:\/\/www.groupechampagnat.fr\/ecole-st-martin\/vie-scolaire\/rythmes-scolaires\/","title":{"rendered":"Rythmes, activit\u00e9s et sp\u00e9cificit\u00e9s"},"content":{"rendered":"\n<figure class=\"wp-block-table\"><table class=\"has-fixed-layout\"><thead><tr><th class=\"has-text-align-left\" data-align=\"left\">Classe le lundi, mardi, jeudi et vendredi.<\/th><th class=\"has-text-align-center\" data-align=\"center\">MATERNELLE PRIMAIRE<\/th><th class=\"has-text-align-center\" data-align=\"center\">MATIN<\/th><\/tr><\/thead><tbody><tr><td class=\"has-text-align-left\" data-align=\"left\">MATIN<\/td><td class=\"has-text-align-center\" data-align=\"center\">8h30 &#8211; 11h45<br><em>Accueil d\u00e8s 8h15<\/em><\/td><td class=\"has-text-align-center\" data-align=\"center\">8h30 &#8211; 11h45 <br><em>Accueil d\u00e8s 8h15<\/em><\/td><\/tr><tr><td class=\"has-text-align-left\" data-align=\"left\">APRES-MIDI<\/td><td class=\"has-text-align-center\" data-align=\"center\">13h30 &#8211; 16h30<br><em>Accueil d\u00e8s 13h15<\/em><\/td><td class=\"has-text-align-center\" data-align=\"center\">13h30 &#8211; 16h30 <br><em>Accueil d\u00e8s 13h15<\/em><\/td><\/tr><\/tbody><\/table><\/figure>\n\n\n\n<h2 class=\"wp-block-heading\">Garderie du matin et du soir<\/h2>\n\n\n\n<div class=\"wp-block-group is-content-justification-left is-nowrap is-layout-flex wp-container-core-group-is-layout-299bcbcc wp-block-group-is-layout-flex\">\n<p>Service propos\u00e9 uniquement par la commune les lundi, mardi, jeudi et vendredi :<br>Garderie du matin de 7h30 \u00e0 8h20 et du soir de 17h \u00e0 18h30 sauf vendredi 18h<br>Etude surveill\u00e9e du CE1 au CM2 de 17h \u00e0 18h30 sauf vendredi 18h.<\/p>\n\n\n\n<p class=\"has-text-align-center bloc has-jaune-color has-text-color has-link-color wp-elements-166da3d09d131165807daf1fe02734cc wp-container-content-9cfa9a5a\"><strong>Contact &amp; inscription : 04.74.72.09.09 <\/strong><br><strong><a href=\"mailto:savigny69-mairie@orange.fr\"> savigny69-mairie@orange.fr<\/a><\/strong><\/p>\n<\/div>\n\n\n\n<h2 class=\"wp-block-heading\">Suivi scolaire<\/h2>\n\n\n\n<p>L\u2019acc\u00e8s au site ecoledirecte.com : un site d\u00e9di\u00e9 aux enfants et aux parents pour le suivi<br>du travail fait en classe, notes, vie de classe, cahier de texte, r\u00e9unions, messagerie\u2026.<\/p>\n\n\n\n<h2 class=\"wp-block-heading\">Projet pastoral \u00e0 l\u2019\u00e9cole<\/h2>\n\n\n\n<p>Au sein de l\u2019\u00e9cole St Martin, le projet pastoral se vit au quotidien dans les classes ou dans les temps p\u00e9riscolaires. Un regard attentif et bienveillant des adultes qui accompagnent les enfants est port\u00e9 \u00e0 chacun. La relation \u00e0 l\u2019autre est au c\u0153ur des pr\u00e9occupations de chaque jour.<br>Pour renforcer cette communaut\u00e9 que repr\u00e9sente l\u2019\u00e9cole, des temps forts ponctuent l\u2019ann\u00e9e pour nous permettre de vivre autrement l\u2019\u00e9cole. Chaque cycle suit aussi des temps de culture chr\u00e9tienne permettant de d\u00e9couvrir une vie spirituelle \u00e0 travers le regard des religions et plus particuli\u00e8rement la religion chr\u00e9tienne.<\/p>\n","protected":false},"excerpt":{"rendered":"<p>Classe le lundi, mardi, jeudi et vendredi. MATERNELLE PRIMAIRE MATIN MATIN 8h30 &#8211; 11h45Accueil d\u00e8s 8h15 8h30 &#8211; 11h45 Accueil d\u00e8s 8h15 APRES-MIDI 13h30 &#8211; 16h30Accueil d\u00e8s 13h15 13h30 &#8211; 16h30 Accueil d\u00e8s 13h15 Garderie du matin et du soir Service propos\u00e9 uniquement par la commune les lundi, mardi, jeudi et vendredi :Garderie du matin [&hellip;]<\/p>\n","protected":false},"author":1,"featured_media":209,"parent":21,"menu_order":1,"comment_status":"closed","ping_status":"closed","template":"","meta":{"footnotes":""},"class_list":["post-35","page","type-page","status-publish","has-post-thumbnail","hentry"],"yoast_head":"<!-- This site is optimized with the Yoast SEO plugin v27.4 - https:\/\/yoast.com\/product\/yoast-seo-wordpress\/ -->\n<title>Rythmes, activit\u00e9s et sp\u00e9cificit\u00e9s - \u00c9cole St Martin<\/title>\n<meta name=\"description\" content=\"\u00c9cole Saint Martin Savigny : horaires, garderie, \u00e9tude surveill\u00e9e et projet pastoral. Toutes les infos pratiques pour les familles.\" \/>\n<meta name=\"robots\" content=\"index, follow, max-snippet:-1, max-image-preview:large, max-video-preview:-1\" \/>\n<link rel=\"canonical\" href=\"https:\/\/www.groupechampagnat.fr\/ecole-st-martin\/vie-scolaire\/rythmes-scolaires\/\" \/>\n<meta property=\"og:locale\" content=\"fr_FR\" \/>\n<meta property=\"og:type\" content=\"article\" \/>\n<meta property=\"og:title\" content=\"Rythmes, activit\u00e9s et sp\u00e9cificit\u00e9s - \u00c9cole St Martin\" \/>\n<meta property=\"og:description\" content=\"\u00c9cole Saint Martin Savigny : horaires, garderie, \u00e9tude surveill\u00e9e et projet pastoral. Toutes les infos pratiques pour les familles.\" \/>\n<meta property=\"og:url\" content=\"https:\/\/www.groupechampagnat.fr\/ecole-st-martin\/vie-scolaire\/rythmes-scolaires\/\" \/>\n<meta property=\"og:site_name\" content=\"\u00c9cole St Martin\" \/>\n<meta property=\"article:modified_time\" content=\"2026-01-12T10:30:31+00:00\" \/>\n<meta property=\"og:image\" content=\"https:\/\/www.groupechampagnat.fr\/wp-sites\/uploads\/sites\/4\/2025\/11\/StMartin.jpg\" \/>\n\t<meta property=\"og:image:width\" content=\"600\" \/>\n\t<meta property=\"og:image:height\" content=\"528\" \/>\n\t<meta property=\"og:image:type\" content=\"image\/jpeg\" \/>\n<meta name=\"twitter:card\" content=\"summary_large_image\" \/>\n<meta name=\"twitter:label1\" content=\"Dur\u00e9e de lecture estim\u00e9e\" \/>\n\t<meta name=\"twitter:data1\" content=\"2 minutes\" \/>\n<script type=\"application\/ld+json\" class=\"yoast-schema-graph\">{\"@context\":\"https:\\\/\\\/schema.org\",\"@graph\":[{\"@type\":\"WebPage\",\"@id\":\"https:\\\/\\\/www.groupechampagnat.fr\\\/ecole-st-martin\\\/vie-scolaire\\\/rythmes-scolaires\\\/\",\"url\":\"https:\\\/\\\/www.groupechampagnat.fr\\\/ecole-st-martin\\\/vie-scolaire\\\/rythmes-scolaires\\\/\",\"name\":\"Rythmes, activit\u00e9s et sp\u00e9cificit\u00e9s - \u00c9cole St Martin\",\"isPartOf\":{\"@id\":\"https:\\\/\\\/www.groupechampagnat.fr\\\/ecole-st-martin\\\/#website\"},\"primaryImageOfPage\":{\"@id\":\"https:\\\/\\\/www.groupechampagnat.fr\\\/ecole-st-martin\\\/vie-scolaire\\\/rythmes-scolaires\\\/#primaryimage\"},\"image\":{\"@id\":\"https:\\\/\\\/www.groupechampagnat.fr\\\/ecole-st-martin\\\/vie-scolaire\\\/rythmes-scolaires\\\/#primaryimage\"},\"thumbnailUrl\":\"https:\\\/\\\/www.groupechampagnat.fr\\\/wp-sites\\\/uploads\\\/sites\\\/4\\\/2025\\\/11\\\/StMartin.jpg\",\"datePublished\":\"2025-09-05T09:03:47+00:00\",\"dateModified\":\"2026-01-12T10:30:31+00:00\",\"description\":\"\u00c9cole Saint Martin Savigny : horaires, garderie, \u00e9tude surveill\u00e9e et projet pastoral. Toutes les infos pratiques pour les familles.\",\"breadcrumb\":{\"@id\":\"https:\\\/\\\/www.groupechampagnat.fr\\\/ecole-st-martin\\\/vie-scolaire\\\/rythmes-scolaires\\\/#breadcrumb\"},\"inLanguage\":\"fr-FR\",\"potentialAction\":[{\"@type\":\"ReadAction\",\"target\":[\"https:\\\/\\\/www.groupechampagnat.fr\\\/ecole-st-martin\\\/vie-scolaire\\\/rythmes-scolaires\\\/\"]}]},{\"@type\":\"ImageObject\",\"inLanguage\":\"fr-FR\",\"@id\":\"https:\\\/\\\/www.groupechampagnat.fr\\\/ecole-st-martin\\\/vie-scolaire\\\/rythmes-scolaires\\\/#primaryimage\",\"url\":\"https:\\\/\\\/www.groupechampagnat.fr\\\/wp-sites\\\/uploads\\\/sites\\\/4\\\/2025\\\/11\\\/StMartin.jpg\",\"contentUrl\":\"https:\\\/\\\/www.groupechampagnat.fr\\\/wp-sites\\\/uploads\\\/sites\\\/4\\\/2025\\\/11\\\/StMartin.jpg\",\"width\":600,\"height\":528},{\"@type\":\"BreadcrumbList\",\"@id\":\"https:\\\/\\\/www.groupechampagnat.fr\\\/ecole-st-martin\\\/vie-scolaire\\\/rythmes-scolaires\\\/#breadcrumb\",\"itemListElement\":[{\"@type\":\"ListItem\",\"position\":1,\"name\":\"Accueil\",\"item\":\"https:\\\/\\\/www.groupechampagnat.fr\\\/ecole-st-martin\\\/\"},{\"@type\":\"ListItem\",\"position\":2,\"name\":\"Vie scolaire\",\"item\":\"https:\\\/\\\/www.groupechampagnat.fr\\\/ecole-st-martin\\\/vie-scolaire\\\/\"},{\"@type\":\"ListItem\",\"position\":3,\"name\":\"Rythmes, activit\u00e9s et sp\u00e9cificit\u00e9s\"}]},{\"@type\":\"WebSite\",\"@id\":\"https:\\\/\\\/www.groupechampagnat.fr\\\/ecole-st-martin\\\/#website\",\"url\":\"https:\\\/\\\/www.groupechampagnat.fr\\\/ecole-st-martin\\\/\",\"name\":\"\u00c9cole St Martin\",\"description\":\"\u00c9cole primaire du groupe Champagnat\",\"potentialAction\":[{\"@type\":\"SearchAction\",\"target\":{\"@type\":\"EntryPoint\",\"urlTemplate\":\"https:\\\/\\\/www.groupechampagnat.fr\\\/ecole-st-martin\\\/?s={search_term_string}\"},\"query-input\":{\"@type\":\"PropertyValueSpecification\",\"valueRequired\":true,\"valueName\":\"search_term_string\"}}],\"inLanguage\":\"fr-FR\"}]}<\/script>\n<!-- \/ Yoast SEO plugin. -->","yoast_head_json":{"title":"Rythmes, activit\u00e9s et sp\u00e9cificit\u00e9s - \u00c9cole St Martin","description":"\u00c9cole Saint Martin Savigny : horaires, garderie, \u00e9tude surveill\u00e9e et projet pastoral. Toutes les infos pratiques pour les familles.","robots":{"index":"index","follow":"follow","max-snippet":"max-snippet:-1","max-image-preview":"max-image-preview:large","max-video-preview":"max-video-preview:-1"},"canonical":"https:\/\/www.groupechampagnat.fr\/ecole-st-martin\/vie-scolaire\/rythmes-scolaires\/","og_locale":"fr_FR","og_type":"article","og_title":"Rythmes, activit\u00e9s et sp\u00e9cificit\u00e9s - \u00c9cole St Martin","og_description":"\u00c9cole Saint Martin Savigny : horaires, garderie, \u00e9tude surveill\u00e9e et projet pastoral. Toutes les infos pratiques pour les familles.","og_url":"https:\/\/www.groupechampagnat.fr\/ecole-st-martin\/vie-scolaire\/rythmes-scolaires\/","og_site_name":"\u00c9cole St Martin","article_modified_time":"2026-01-12T10:30:31+00:00","og_image":[{"width":600,"height":528,"url":"https:\/\/www.groupechampagnat.fr\/wp-sites\/uploads\/sites\/4\/2025\/11\/StMartin.jpg","type":"image\/jpeg"}],"twitter_card":"summary_large_image","twitter_misc":{"Dur\u00e9e de lecture estim\u00e9e":"2 minutes"},"schema":{"@context":"https:\/\/schema.org","@graph":[{"@type":"WebPage","@id":"https:\/\/www.groupechampagnat.fr\/ecole-st-martin\/vie-scolaire\/rythmes-scolaires\/","url":"https:\/\/www.groupechampagnat.fr\/ecole-st-martin\/vie-scolaire\/rythmes-scolaires\/","name":"Rythmes, activit\u00e9s et sp\u00e9cificit\u00e9s - \u00c9cole St Martin","isPartOf":{"@id":"https:\/\/www.groupechampagnat.fr\/ecole-st-martin\/#website"},"primaryImageOfPage":{"@id":"https:\/\/www.groupechampagnat.fr\/ecole-st-martin\/vie-scolaire\/rythmes-scolaires\/#primaryimage"},"image":{"@id":"https:\/\/www.groupechampagnat.fr\/ecole-st-martin\/vie-scolaire\/rythmes-scolaires\/#primaryimage"},"thumbnailUrl":"https:\/\/www.groupechampagnat.fr\/wp-sites\/uploads\/sites\/4\/2025\/11\/StMartin.jpg","datePublished":"2025-09-05T09:03:47+00:00","dateModified":"2026-01-12T10:30:31+00:00","description":"\u00c9cole Saint Martin Savigny : horaires, garderie, \u00e9tude surveill\u00e9e et projet pastoral. Toutes les infos pratiques pour les familles.","breadcrumb":{"@id":"https:\/\/www.groupechampagnat.fr\/ecole-st-martin\/vie-scolaire\/rythmes-scolaires\/#breadcrumb"},"inLanguage":"fr-FR","potentialAction":[{"@type":"ReadAction","target":["https:\/\/www.groupechampagnat.fr\/ecole-st-martin\/vie-scolaire\/rythmes-scolaires\/"]}]},{"@type":"ImageObject","inLanguage":"fr-FR","@id":"https:\/\/www.groupechampagnat.fr\/ecole-st-martin\/vie-scolaire\/rythmes-scolaires\/#primaryimage","url":"https:\/\/www.groupechampagnat.fr\/wp-sites\/uploads\/sites\/4\/2025\/11\/StMartin.jpg","contentUrl":"https:\/\/www.groupechampagnat.fr\/wp-sites\/uploads\/sites\/4\/2025\/11\/StMartin.jpg","width":600,"height":528},{"@type":"BreadcrumbList","@id":"https:\/\/www.groupechampagnat.fr\/ecole-st-martin\/vie-scolaire\/rythmes-scolaires\/#breadcrumb","itemListElement":[{"@type":"ListItem","position":1,"name":"Accueil","item":"https:\/\/www.groupechampagnat.fr\/ecole-st-martin\/"},{"@type":"ListItem","position":2,"name":"Vie scolaire","item":"https:\/\/www.groupechampagnat.fr\/ecole-st-martin\/vie-scolaire\/"},{"@type":"ListItem","position":3,"name":"Rythmes, activit\u00e9s et sp\u00e9cificit\u00e9s"}]},{"@type":"WebSite","@id":"https:\/\/www.groupechampagnat.fr\/ecole-st-martin\/#website","url":"https:\/\/www.groupechampagnat.fr\/ecole-st-martin\/","name":"\u00c9cole St Martin","description":"\u00c9cole primaire du groupe Champagnat","potentialAction":[{"@type":"SearchAction","target":{"@type":"EntryPoint","urlTemplate":"https:\/\/www.groupechampagnat.fr\/ecole-st-martin\/?s={search_term_string}"},"query-input":{"@type":"PropertyValueSpecification","valueRequired":true,"valueName":"search_term_string"}}],"inLanguage":"fr-FR"}]}},"_links":{"self":[{"href":"https:\/\/www.groupechampagnat.fr\/ecole-st-martin\/wp-json\/wp\/v2\/pages\/35","targetHints":{"allow":["GET"]}}],"collection":[{"href":"https:\/\/www.groupechampagnat.fr\/ecole-st-martin\/wp-json\/wp\/v2\/pages"}],"about":[{"href":"https:\/\/www.groupechampagnat.fr\/ecole-st-martin\/wp-json\/wp\/v2\/types\/page"}],"author":[{"embeddable":true,"href":"https:\/\/www.groupechampagnat.fr\/ecole-st-martin\/wp-json\/wp\/v2\/users\/1"}],"replies":[{"embeddable":true,"href":"https:\/\/www.groupechampagnat.fr\/ecole-st-martin\/wp-json\/wp\/v2\/comments?post=35"}],"version-history":[{"count":15,"href":"https:\/\/www.groupechampagnat.fr\/ecole-st-martin\/wp-json\/wp\/v2\/pages\/35\/revisions"}],"predecessor-version":[{"id":243,"href":"https:\/\/www.groupechampagnat.fr\/ecole-st-martin\/wp-json\/wp\/v2\/pages\/35\/revisions\/243"}],"up":[{"embeddable":true,"href":"https:\/\/www.groupechampagnat.fr\/ecole-st-martin\/wp-json\/wp\/v2\/pages\/21"}],"wp:featuredmedia":[{"embeddable":true,"href":"https:\/\/www.groupechampagnat.fr\/ecole-st-martin\/wp-json\/wp\/v2\/media\/209"}],"wp:attachment":[{"href":"https:\/\/www.groupechampagnat.fr\/ecole-st-martin\/wp-json\/wp\/v2\/media?parent=35"}],"curies":[{"name":"wp","href":"https:\/\/api.w.org\/{rel}","templated":true}]}}