{"id":33,"date":"2025-09-05T11:03:47","date_gmt":"2025-09-05T09:03:47","guid":{"rendered":"https:\/\/test.groupechampagnat.fr\/ecole-st-martin\/vie-scolaire\/reglement-interieur\/"},"modified":"2026-01-12T11:28:29","modified_gmt":"2026-01-12T10:28:29","slug":"reglement-interieur","status":"publish","type":"page","link":"https:\/\/www.groupechampagnat.fr\/ecole-st-martin\/vie-scolaire\/reglement-interieur\/","title":{"rendered":"R\u00e8glement int\u00e9rieur"},"content":{"rendered":"\n<div class=\"wp-block-columns is-layout-flex wp-container-core-columns-is-layout-9d6595d7 wp-block-columns-is-layout-flex\">\n<div class=\"wp-block-column is-vertically-aligned-center is-layout-flow wp-block-column-is-layout-flow\" style=\"flex-basis:66.66%\">\n<p>Le pr\u00e9sent r\u00e8glement est \u00e9tabli afin de pouvoir travailler ensemble dans de bonnes conditions et de permettre \u00e0 l\u2019\u00e9quipe \u00e9ducative de mener \u00e0 bien sa mission, dans le respect des textes r\u00e9gissant les \u00e9tablissements scolaires sous contrat avec l\u2019Etat, en tenant compte du caract\u00e8re propre de l\u2019\u00e9tablissement et de son projet \u00e9ducatif.<\/p>\n\n\n\n<p>Il est port\u00e9 \u00e0 la connaissance des parents et des membres de la communaut\u00e9 scolaire auxquels il s\u2019impose et qui doivent l\u2019appliquer en toutes circonstances.<\/p>\n<\/div>\n\n\n\n<div class=\"wp-block-column is-vertically-aligned-top is-layout-flow wp-block-column-is-layout-flow\" style=\"flex-basis:33.33%\">\n<figure class=\"wp-block-image size-full\"><img decoding=\"async\" src=\"https:\/\/www.groupechampagnat.fr\/wp-sites\/uploads\/sites\/2\/2026\/01\/reglement.png\" alt=\"\" class=\"wp-image-792\"\/><\/figure>\n\n\n\n<div class=\"wp-block-buttons is-content-justification-center is-layout-flex wp-container-core-buttons-is-layout-16018d1d wp-block-buttons-is-layout-flex\">\n<div class=\"wp-block-button\"><a class=\"wp-block-button__link has-jaune-background-color has-background wp-element-button\" href=\"https:\/\/www.groupechampagnat.fr\/wp-sites\/uploads\/sites\/4\/2026\/01\/Reglement_St_Martin.pdf\" target=\"_blank\" rel=\"noreferrer noopener\">T\u00e9l\u00e9charger le r\u00e8glement<\/a><\/div>\n<\/div>\n<\/div>\n<\/div>\n","protected":false},"excerpt":{"rendered":"<p>Le pr\u00e9sent r\u00e8glement est \u00e9tabli afin de pouvoir travailler ensemble dans de bonnes conditions et de permettre \u00e0 l\u2019\u00e9quipe \u00e9ducative de mener \u00e0 bien sa mission, dans le respect des textes r\u00e9gissant les \u00e9tablissements scolaires sous contrat avec l\u2019Etat, en tenant compte du caract\u00e8re propre de l\u2019\u00e9tablissement et de son projet \u00e9ducatif. Il est port\u00e9 [&hellip;]<\/p>\n","protected":false},"author":1,"featured_media":166,"parent":21,"menu_order":0,"comment_status":"closed","ping_status":"closed","template":"","meta":{"footnotes":""},"class_list":["post-33","page","type-page","status-publish","has-post-thumbnail","hentry"],"yoast_head":"<!-- This site is optimized with the Yoast SEO plugin v27.4 - https:\/\/yoast.com\/product\/yoast-seo-wordpress\/ -->\n<title>R\u00e8glement int\u00e9rieur - \u00c9cole St Martin<\/title>\n<meta name=\"description\" content=\"R\u00e8glement de l&#039;\u00e9cole Saint Martin : vivre ensemble dans le respect du projet \u00e9ducatif. Informations pour les familles.\" \/>\n<meta name=\"robots\" content=\"index, follow, max-snippet:-1, max-image-preview:large, max-video-preview:-1\" \/>\n<link rel=\"canonical\" href=\"https:\/\/www.groupechampagnat.fr\/ecole-st-martin\/vie-scolaire\/reglement-interieur\/\" \/>\n<meta property=\"og:locale\" content=\"fr_FR\" \/>\n<meta property=\"og:type\" content=\"article\" \/>\n<meta property=\"og:title\" content=\"R\u00e8glement int\u00e9rieur - \u00c9cole St Martin\" \/>\n<meta property=\"og:description\" content=\"R\u00e8glement de l&#039;\u00e9cole Saint Martin : vivre ensemble dans le respect du projet \u00e9ducatif. Informations pour les familles.\" \/>\n<meta property=\"og:url\" content=\"https:\/\/www.groupechampagnat.fr\/ecole-st-martin\/vie-scolaire\/reglement-interieur\/\" \/>\n<meta property=\"og:site_name\" content=\"\u00c9cole St Martin\" \/>\n<meta property=\"article:modified_time\" content=\"2026-01-12T10:28:29+00:00\" \/>\n<meta property=\"og:image\" content=\"https:\/\/www.groupechampagnat.fr\/wp-sites\/uploads\/sites\/4\/2025\/11\/top_reglement.webp\" \/>\n\t<meta property=\"og:image:width\" content=\"1200\" \/>\n\t<meta property=\"og:image:height\" content=\"450\" \/>\n\t<meta property=\"og:image:type\" content=\"image\/webp\" \/>\n<meta name=\"twitter:card\" content=\"summary_large_image\" \/>\n<meta name=\"twitter:label1\" content=\"Dur\u00e9e de lecture estim\u00e9e\" \/>\n\t<meta name=\"twitter:data1\" content=\"1 minute\" \/>\n<script type=\"application\/ld+json\" class=\"yoast-schema-graph\">{\"@context\":\"https:\\\/\\\/schema.org\",\"@graph\":[{\"@type\":\"WebPage\",\"@id\":\"https:\\\/\\\/www.groupechampagnat.fr\\\/ecole-st-martin\\\/vie-scolaire\\\/reglement-interieur\\\/\",\"url\":\"https:\\\/\\\/www.groupechampagnat.fr\\\/ecole-st-martin\\\/vie-scolaire\\\/reglement-interieur\\\/\",\"name\":\"R\u00e8glement int\u00e9rieur - \u00c9cole St Martin\",\"isPartOf\":{\"@id\":\"https:\\\/\\\/www.groupechampagnat.fr\\\/ecole-st-martin\\\/#website\"},\"primaryImageOfPage\":{\"@id\":\"https:\\\/\\\/www.groupechampagnat.fr\\\/ecole-st-martin\\\/vie-scolaire\\\/reglement-interieur\\\/#primaryimage\"},\"image\":{\"@id\":\"https:\\\/\\\/www.groupechampagnat.fr\\\/ecole-st-martin\\\/vie-scolaire\\\/reglement-interieur\\\/#primaryimage\"},\"thumbnailUrl\":\"https:\\\/\\\/www.groupechampagnat.fr\\\/wp-sites\\\/uploads\\\/sites\\\/4\\\/2025\\\/11\\\/top_reglement.webp\",\"datePublished\":\"2025-09-05T09:03:47+00:00\",\"dateModified\":\"2026-01-12T10:28:29+00:00\",\"description\":\"R\u00e8glement de l'\u00e9cole Saint Martin : vivre ensemble dans le respect du projet \u00e9ducatif. Informations pour les familles.\",\"breadcrumb\":{\"@id\":\"https:\\\/\\\/www.groupechampagnat.fr\\\/ecole-st-martin\\\/vie-scolaire\\\/reglement-interieur\\\/#breadcrumb\"},\"inLanguage\":\"fr-FR\",\"potentialAction\":[{\"@type\":\"ReadAction\",\"target\":[\"https:\\\/\\\/www.groupechampagnat.fr\\\/ecole-st-martin\\\/vie-scolaire\\\/reglement-interieur\\\/\"]}]},{\"@type\":\"ImageObject\",\"inLanguage\":\"fr-FR\",\"@id\":\"https:\\\/\\\/www.groupechampagnat.fr\\\/ecole-st-martin\\\/vie-scolaire\\\/reglement-interieur\\\/#primaryimage\",\"url\":\"https:\\\/\\\/www.groupechampagnat.fr\\\/wp-sites\\\/uploads\\\/sites\\\/4\\\/2025\\\/11\\\/top_reglement.webp\",\"contentUrl\":\"https:\\\/\\\/www.groupechampagnat.fr\\\/wp-sites\\\/uploads\\\/sites\\\/4\\\/2025\\\/11\\\/top_reglement.webp\",\"width\":1200,\"height\":450},{\"@type\":\"BreadcrumbList\",\"@id\":\"https:\\\/\\\/www.groupechampagnat.fr\\\/ecole-st-martin\\\/vie-scolaire\\\/reglement-interieur\\\/#breadcrumb\",\"itemListElement\":[{\"@type\":\"ListItem\",\"position\":1,\"name\":\"Accueil\",\"item\":\"https:\\\/\\\/www.groupechampagnat.fr\\\/ecole-st-martin\\\/\"},{\"@type\":\"ListItem\",\"position\":2,\"name\":\"Vie scolaire\",\"item\":\"https:\\\/\\\/www.groupechampagnat.fr\\\/ecole-st-martin\\\/vie-scolaire\\\/\"},{\"@type\":\"ListItem\",\"position\":3,\"name\":\"R\u00e8glement int\u00e9rieur\"}]},{\"@type\":\"WebSite\",\"@id\":\"https:\\\/\\\/www.groupechampagnat.fr\\\/ecole-st-martin\\\/#website\",\"url\":\"https:\\\/\\\/www.groupechampagnat.fr\\\/ecole-st-martin\\\/\",\"name\":\"\u00c9cole St Martin\",\"description\":\"\u00c9cole primaire du groupe Champagnat\",\"potentialAction\":[{\"@type\":\"SearchAction\",\"target\":{\"@type\":\"EntryPoint\",\"urlTemplate\":\"https:\\\/\\\/www.groupechampagnat.fr\\\/ecole-st-martin\\\/?s={search_term_string}\"},\"query-input\":{\"@type\":\"PropertyValueSpecification\",\"valueRequired\":true,\"valueName\":\"search_term_string\"}}],\"inLanguage\":\"fr-FR\"}]}<\/script>\n<!-- \/ Yoast SEO plugin. -->","yoast_head_json":{"title":"R\u00e8glement int\u00e9rieur - \u00c9cole St Martin","description":"R\u00e8glement de l'\u00e9cole Saint Martin : vivre ensemble dans le respect du projet \u00e9ducatif. Informations pour les familles.","robots":{"index":"index","follow":"follow","max-snippet":"max-snippet:-1","max-image-preview":"max-image-preview:large","max-video-preview":"max-video-preview:-1"},"canonical":"https:\/\/www.groupechampagnat.fr\/ecole-st-martin\/vie-scolaire\/reglement-interieur\/","og_locale":"fr_FR","og_type":"article","og_title":"R\u00e8glement int\u00e9rieur - \u00c9cole St Martin","og_description":"R\u00e8glement de l'\u00e9cole Saint Martin : vivre ensemble dans le respect du projet \u00e9ducatif. Informations pour les familles.","og_url":"https:\/\/www.groupechampagnat.fr\/ecole-st-martin\/vie-scolaire\/reglement-interieur\/","og_site_name":"\u00c9cole St Martin","article_modified_time":"2026-01-12T10:28:29+00:00","og_image":[{"width":1200,"height":450,"url":"https:\/\/www.groupechampagnat.fr\/wp-sites\/uploads\/sites\/4\/2025\/11\/top_reglement.webp","type":"image\/webp"}],"twitter_card":"summary_large_image","twitter_misc":{"Dur\u00e9e de lecture estim\u00e9e":"1 minute"},"schema":{"@context":"https:\/\/schema.org","@graph":[{"@type":"WebPage","@id":"https:\/\/www.groupechampagnat.fr\/ecole-st-martin\/vie-scolaire\/reglement-interieur\/","url":"https:\/\/www.groupechampagnat.fr\/ecole-st-martin\/vie-scolaire\/reglement-interieur\/","name":"R\u00e8glement int\u00e9rieur - \u00c9cole St Martin","isPartOf":{"@id":"https:\/\/www.groupechampagnat.fr\/ecole-st-martin\/#website"},"primaryImageOfPage":{"@id":"https:\/\/www.groupechampagnat.fr\/ecole-st-martin\/vie-scolaire\/reglement-interieur\/#primaryimage"},"image":{"@id":"https:\/\/www.groupechampagnat.fr\/ecole-st-martin\/vie-scolaire\/reglement-interieur\/#primaryimage"},"thumbnailUrl":"https:\/\/www.groupechampagnat.fr\/wp-sites\/uploads\/sites\/4\/2025\/11\/top_reglement.webp","datePublished":"2025-09-05T09:03:47+00:00","dateModified":"2026-01-12T10:28:29+00:00","description":"R\u00e8glement de l'\u00e9cole Saint Martin : vivre ensemble dans le respect du projet \u00e9ducatif. Informations pour les familles.","breadcrumb":{"@id":"https:\/\/www.groupechampagnat.fr\/ecole-st-martin\/vie-scolaire\/reglement-interieur\/#breadcrumb"},"inLanguage":"fr-FR","potentialAction":[{"@type":"ReadAction","target":["https:\/\/www.groupechampagnat.fr\/ecole-st-martin\/vie-scolaire\/reglement-interieur\/"]}]},{"@type":"ImageObject","inLanguage":"fr-FR","@id":"https:\/\/www.groupechampagnat.fr\/ecole-st-martin\/vie-scolaire\/reglement-interieur\/#primaryimage","url":"https:\/\/www.groupechampagnat.fr\/wp-sites\/uploads\/sites\/4\/2025\/11\/top_reglement.webp","contentUrl":"https:\/\/www.groupechampagnat.fr\/wp-sites\/uploads\/sites\/4\/2025\/11\/top_reglement.webp","width":1200,"height":450},{"@type":"BreadcrumbList","@id":"https:\/\/www.groupechampagnat.fr\/ecole-st-martin\/vie-scolaire\/reglement-interieur\/#breadcrumb","itemListElement":[{"@type":"ListItem","position":1,"name":"Accueil","item":"https:\/\/www.groupechampagnat.fr\/ecole-st-martin\/"},{"@type":"ListItem","position":2,"name":"Vie scolaire","item":"https:\/\/www.groupechampagnat.fr\/ecole-st-martin\/vie-scolaire\/"},{"@type":"ListItem","position":3,"name":"R\u00e8glement int\u00e9rieur"}]},{"@type":"WebSite","@id":"https:\/\/www.groupechampagnat.fr\/ecole-st-martin\/#website","url":"https:\/\/www.groupechampagnat.fr\/ecole-st-martin\/","name":"\u00c9cole St Martin","description":"\u00c9cole primaire du groupe Champagnat","potentialAction":[{"@type":"SearchAction","target":{"@type":"EntryPoint","urlTemplate":"https:\/\/www.groupechampagnat.fr\/ecole-st-martin\/?s={search_term_string}"},"query-input":{"@type":"PropertyValueSpecification","valueRequired":true,"valueName":"search_term_string"}}],"inLanguage":"fr-FR"}]}},"_links":{"self":[{"href":"https:\/\/www.groupechampagnat.fr\/ecole-st-martin\/wp-json\/wp\/v2\/pages\/33","targetHints":{"allow":["GET"]}}],"collection":[{"href":"https:\/\/www.groupechampagnat.fr\/ecole-st-martin\/wp-json\/wp\/v2\/pages"}],"about":[{"href":"https:\/\/www.groupechampagnat.fr\/ecole-st-martin\/wp-json\/wp\/v2\/types\/page"}],"author":[{"embeddable":true,"href":"https:\/\/www.groupechampagnat.fr\/ecole-st-martin\/wp-json\/wp\/v2\/users\/1"}],"replies":[{"embeddable":true,"href":"https:\/\/www.groupechampagnat.fr\/ecole-st-martin\/wp-json\/wp\/v2\/comments?post=33"}],"version-history":[{"count":5,"href":"https:\/\/www.groupechampagnat.fr\/ecole-st-martin\/wp-json\/wp\/v2\/pages\/33\/revisions"}],"predecessor-version":[{"id":276,"href":"https:\/\/www.groupechampagnat.fr\/ecole-st-martin\/wp-json\/wp\/v2\/pages\/33\/revisions\/276"}],"up":[{"embeddable":true,"href":"https:\/\/www.groupechampagnat.fr\/ecole-st-martin\/wp-json\/wp\/v2\/pages\/21"}],"wp:featuredmedia":[{"embeddable":true,"href":"https:\/\/www.groupechampagnat.fr\/ecole-st-martin\/wp-json\/wp\/v2\/media\/166"}],"wp:attachment":[{"href":"https:\/\/www.groupechampagnat.fr\/ecole-st-martin\/wp-json\/wp\/v2\/media?parent=33"}],"curies":[{"name":"wp","href":"https:\/\/api.w.org\/{rel}","templated":true}]}}