{"id":27,"date":"2025-09-05T11:02:42","date_gmt":"2025-09-05T09:02:42","guid":{"rendered":"https:\/\/test.groupechampagnat.fr\/ecole-st-martin\/etablissement\/projet-detablissement\/"},"modified":"2026-01-12T11:25:07","modified_gmt":"2026-01-12T10:25:07","slug":"projet-detablissement","status":"publish","type":"page","link":"https:\/\/www.groupechampagnat.fr\/ecole-st-martin\/etablissement\/projet-detablissement\/","title":{"rendered":"Projet d&#039;\u00e9tablissement"},"content":{"rendered":"\n<p>Les trois valeurs du projet \u00e9ducatif du groupe scolaire (Travail, Bienveillance et Solidarit\u00e9) sont d\u00e9clin\u00e9es dans le projet d\u2019\u00e9tablissement de l\u2019Ecole Saint-Martin.<br>Ce projet est ax\u00e9 sur 7 objectifs aupr\u00e8s des enfants et de l\u2019\u00e9quipe d\u2019adultes.<\/p>\n\n\n\n<div class=\"wp-block-columns is-layout-flex wp-container-core-columns-is-layout-9d6595d7 wp-block-columns-is-layout-flex\">\n<div class=\"wp-block-column is-layout-flow wp-block-column-is-layout-flow\">\n<div class=\"wp-block-group bloc is-layout-constrained wp-block-group-is-layout-constrained\">\n<h2 class=\"wp-block-heading\">S\u2019\u00e9couter<\/h2>\n\n\n\n<ul class=\"wp-block-list\">\n<li>Personnaliser le travail<\/li>\n\n\n\n<li>Accepter les autres comme ils sont<\/li>\n\n\n\n<li>Pardonner<\/li>\n\n\n\n<li>Savoir s\u2019\u00e9couter, ne pas se moquer<\/li>\n<\/ul>\n<\/div>\n\n\n\n<div class=\"wp-block-group bloc is-layout-constrained wp-block-group-is-layout-constrained\">\n<h2 class=\"wp-block-heading\">Partager<\/h2>\n\n\n\n<ul class=\"wp-block-list\">\n<li>Savoir donner des gestes d\u2019amiti\u00e9<\/li>\n\n\n\n<li>Partager les joies, les peines<\/li>\n\n\n\n<li>S\u2019entourer d\u2019une \u00e9quipe<\/li>\n\n\n\n<li>S\u2019entraider, vivre ensemble<\/li>\n\n\n\n<li>Avoir de bonnes relations<\/li>\n\n\n\n<li>S\u2019ouvrir sur le monde<\/li>\n<\/ul>\n<\/div>\n\n\n\n<div class=\"wp-block-group bloc is-layout-constrained wp-block-group-is-layout-constrained\">\n<h2 class=\"wp-block-heading\">Parler<\/h2>\n\n\n\n<ul class=\"wp-block-list\">\n<li>Importance de la parole<\/li>\n\n\n\n<li>Besoin de la parole<\/li>\n\n\n\n<li>Un mot pour chacun<\/li>\n\n\n\n<li>Une parole source d\u2019apprentissage<\/li>\n\n\n\n<li>Mettre des mots sur nos \u00e9motions<\/li>\n\n\n\n<li>Se parler calmement<\/li>\n<\/ul>\n<\/div>\n\n\n\n<div class=\"wp-block-group bloc is-layout-constrained wp-block-group-is-layout-constrained\">\n<h2 class=\"wp-block-heading\">Aimer<\/h2>\n\n\n\n<ul class=\"wp-block-list\">\n<li>Se sentir aim\u00e9<\/li>\n\n\n\n<li>Aimez-vous les uns les autres comme je vous ai aim\u00e9s<\/li>\n\n\n\n<li>Etre reconnu, consid\u00e9r\u00e9 et encourag\u00e9<\/li>\n\n\n\n<li>Etre en confiance<\/li>\n\n\n\n<li>Confiance en soi, en l\u2019autre<br>(Parents\/enfants\/enseignants)<\/li>\n<\/ul>\n<\/div>\n<\/div>\n\n\n\n<div class=\"wp-block-column is-layout-flow wp-block-column-is-layout-flow\">\n<div class=\"wp-block-group bloc is-layout-constrained wp-block-group-is-layout-constrained\">\n<h2 class=\"wp-block-heading\">S\u2019\u00e9merveiller<\/h2>\n\n\n\n<ul class=\"wp-block-list\">\n<li>Accueil de tous<\/li>\n\n\n\n<li>Savoir appr\u00e9cier les moments que l\u2019on vit<\/li>\n\n\n\n<li>Savoir reconna\u00eetre la chance que l\u2019on a<\/li>\n\n\n\n<li>Avoir le souci de garder une belle \u00e9cole<\/li>\n\n\n\n<li>Faire des d\u00e9couvertes<\/li>\n\n\n\n<li>Toute personne est unique et pr\u00e9cieuse<\/li>\n<\/ul>\n<\/div>\n\n\n\n<div class=\"wp-block-group bloc is-layout-constrained wp-block-group-is-layout-constrained\">\n<h2 class=\"wp-block-heading\">Prendre le temps<\/h2>\n\n\n\n<ul class=\"wp-block-list\">\n<li>Dire la v\u00e9rit\u00e9<\/li>\n\n\n\n<li>Dire et agir en respectant la parole de l\u2019autre<\/li>\n\n\n\n<li>Faire des pauses avec nous-m\u00eames<\/li>\n\n\n\n<li>Faire des pauses avec Dieu<\/li>\n\n\n\n<li>Faire des pauses avec les autres<\/li>\n\n\n\n<li>Indulgence avec soi-m\u00eame<\/li>\n\n\n\n<li>Consid\u00e9rer l\u2019enfant dans sa globalit\u00e9<\/li>\n<\/ul>\n<\/div>\n\n\n\n<div class=\"wp-block-group bloc is-layout-constrained wp-block-group-is-layout-constrained\">\n<h2 class=\"wp-block-heading\">Respecter<\/h2>\n\n\n\n<ul class=\"wp-block-list\">\n<li>Importances des apprentissages et des r\u00e8gles communes pour apprendre, \u00eatre consid\u00e9r\u00e9<\/li>\n\n\n\n<li>Se mettre \u00e0 la place des autres<\/li>\n\n\n\n<li>Respecter son corps<\/li>\n\n\n\n<li>Respecter le corps des autres<\/li>\n\n\n\n<li>Harmonie, corps et esprit<\/li>\n\n\n\n<li>Se conna\u00eetre<\/li>\n\n\n\n<li>Respecter les r\u00e8gles de l\u2019\u00e9cole<\/li>\n\n\n\n<li>Respecter mon travail, celui des autres<\/li>\n\n\n\n<li>Etre poli<\/li>\n\n\n\n<li>Pr\u00e9server notre environnement<\/li>\n<\/ul>\n<\/div>\n<\/div>\n<\/div>\n","protected":false},"excerpt":{"rendered":"<p>Les trois valeurs du projet \u00e9ducatif du groupe scolaire (Travail, Bienveillance et Solidarit\u00e9) sont d\u00e9clin\u00e9es dans le projet d\u2019\u00e9tablissement de l\u2019Ecole Saint-Martin.Ce projet est ax\u00e9 sur 7 objectifs aupr\u00e8s des enfants et de l\u2019\u00e9quipe d\u2019adultes. S\u2019\u00e9couter Partager Parler Aimer S\u2019\u00e9merveiller Prendre le temps Respecter<\/p>\n","protected":false},"author":1,"featured_media":125,"parent":19,"menu_order":0,"comment_status":"closed","ping_status":"closed","template":"","meta":{"footnotes":""},"class_list":["post-27","page","type-page","status-publish","has-post-thumbnail","hentry"],"yoast_head":"<!-- This site is optimized with the Yoast SEO plugin v27.4 - https:\/\/yoast.com\/product\/yoast-seo-wordpress\/ -->\n<title>Projet d&#039;\u00e9tablissement - \u00c9cole St Martin<\/title>\n<meta name=\"description\" content=\"Les trois valeurs du projet \u00e9ducatif du groupe scolaire sont d\u00e9clin\u00e9es dans le projet d\u2019\u00e9tablissement de l\u2019\u00c9cole Saint-Martin.\" \/>\n<meta name=\"robots\" content=\"index, follow, max-snippet:-1, max-image-preview:large, max-video-preview:-1\" \/>\n<link rel=\"canonical\" href=\"https:\/\/www.groupechampagnat.fr\/ecole-st-martin\/etablissement\/projet-detablissement\/\" \/>\n<meta property=\"og:locale\" content=\"fr_FR\" \/>\n<meta property=\"og:type\" content=\"article\" \/>\n<meta property=\"og:title\" content=\"Projet d&#039;\u00e9tablissement - \u00c9cole St Martin\" \/>\n<meta property=\"og:description\" content=\"Les trois valeurs du projet \u00e9ducatif du groupe scolaire sont d\u00e9clin\u00e9es dans le projet d\u2019\u00e9tablissement de l\u2019\u00c9cole Saint-Martin.\" \/>\n<meta property=\"og:url\" content=\"https:\/\/www.groupechampagnat.fr\/ecole-st-martin\/etablissement\/projet-detablissement\/\" \/>\n<meta property=\"og:site_name\" content=\"\u00c9cole St Martin\" \/>\n<meta property=\"article:modified_time\" content=\"2026-01-12T10:25:07+00:00\" \/>\n<meta property=\"og:image\" content=\"https:\/\/www.groupechampagnat.fr\/wp-sites\/uploads\/sites\/4\/2025\/09\/Ecole-St-Martin-1024x312.png\" \/>\n\t<meta property=\"og:image:width\" content=\"1024\" \/>\n\t<meta property=\"og:image:height\" content=\"312\" \/>\n\t<meta property=\"og:image:type\" content=\"image\/png\" \/>\n<meta name=\"twitter:card\" content=\"summary_large_image\" \/>\n<meta name=\"twitter:label1\" content=\"Dur\u00e9e de lecture estim\u00e9e\" \/>\n\t<meta name=\"twitter:data1\" content=\"2 minutes\" \/>\n<script type=\"application\/ld+json\" class=\"yoast-schema-graph\">{\"@context\":\"https:\\\/\\\/schema.org\",\"@graph\":[{\"@type\":\"WebPage\",\"@id\":\"https:\\\/\\\/www.groupechampagnat.fr\\\/ecole-st-martin\\\/etablissement\\\/projet-detablissement\\\/\",\"url\":\"https:\\\/\\\/www.groupechampagnat.fr\\\/ecole-st-martin\\\/etablissement\\\/projet-detablissement\\\/\",\"name\":\"Projet d&#039;\u00e9tablissement - \u00c9cole St Martin\",\"isPartOf\":{\"@id\":\"https:\\\/\\\/www.groupechampagnat.fr\\\/ecole-st-martin\\\/#website\"},\"primaryImageOfPage\":{\"@id\":\"https:\\\/\\\/www.groupechampagnat.fr\\\/ecole-st-martin\\\/etablissement\\\/projet-detablissement\\\/#primaryimage\"},\"image\":{\"@id\":\"https:\\\/\\\/www.groupechampagnat.fr\\\/ecole-st-martin\\\/etablissement\\\/projet-detablissement\\\/#primaryimage\"},\"thumbnailUrl\":\"https:\\\/\\\/www.groupechampagnat.fr\\\/wp-sites\\\/uploads\\\/sites\\\/4\\\/2025\\\/09\\\/Ecole-St-Martin.png\",\"datePublished\":\"2025-09-05T09:02:42+00:00\",\"dateModified\":\"2026-01-12T10:25:07+00:00\",\"description\":\"Les trois valeurs du projet \u00e9ducatif du groupe scolaire sont d\u00e9clin\u00e9es dans le projet d\u2019\u00e9tablissement de l\u2019\u00c9cole Saint-Martin.\",\"breadcrumb\":{\"@id\":\"https:\\\/\\\/www.groupechampagnat.fr\\\/ecole-st-martin\\\/etablissement\\\/projet-detablissement\\\/#breadcrumb\"},\"inLanguage\":\"fr-FR\",\"potentialAction\":[{\"@type\":\"ReadAction\",\"target\":[\"https:\\\/\\\/www.groupechampagnat.fr\\\/ecole-st-martin\\\/etablissement\\\/projet-detablissement\\\/\"]}]},{\"@type\":\"ImageObject\",\"inLanguage\":\"fr-FR\",\"@id\":\"https:\\\/\\\/www.groupechampagnat.fr\\\/ecole-st-martin\\\/etablissement\\\/projet-detablissement\\\/#primaryimage\",\"url\":\"https:\\\/\\\/www.groupechampagnat.fr\\\/wp-sites\\\/uploads\\\/sites\\\/4\\\/2025\\\/09\\\/Ecole-St-Martin.png\",\"contentUrl\":\"https:\\\/\\\/www.groupechampagnat.fr\\\/wp-sites\\\/uploads\\\/sites\\\/4\\\/2025\\\/09\\\/Ecole-St-Martin.png\",\"width\":2484,\"height\":758},{\"@type\":\"BreadcrumbList\",\"@id\":\"https:\\\/\\\/www.groupechampagnat.fr\\\/ecole-st-martin\\\/etablissement\\\/projet-detablissement\\\/#breadcrumb\",\"itemListElement\":[{\"@type\":\"ListItem\",\"position\":1,\"name\":\"Accueil\",\"item\":\"https:\\\/\\\/www.groupechampagnat.fr\\\/ecole-st-martin\\\/\"},{\"@type\":\"ListItem\",\"position\":2,\"name\":\"\u00c9tablissement\",\"item\":\"https:\\\/\\\/www.groupechampagnat.fr\\\/ecole-st-martin\\\/etablissement\\\/\"},{\"@type\":\"ListItem\",\"position\":3,\"name\":\"Projet d&#039;\u00e9tablissement\"}]},{\"@type\":\"WebSite\",\"@id\":\"https:\\\/\\\/www.groupechampagnat.fr\\\/ecole-st-martin\\\/#website\",\"url\":\"https:\\\/\\\/www.groupechampagnat.fr\\\/ecole-st-martin\\\/\",\"name\":\"\u00c9cole St Martin\",\"description\":\"\u00c9cole primaire du groupe Champagnat\",\"potentialAction\":[{\"@type\":\"SearchAction\",\"target\":{\"@type\":\"EntryPoint\",\"urlTemplate\":\"https:\\\/\\\/www.groupechampagnat.fr\\\/ecole-st-martin\\\/?s={search_term_string}\"},\"query-input\":{\"@type\":\"PropertyValueSpecification\",\"valueRequired\":true,\"valueName\":\"search_term_string\"}}],\"inLanguage\":\"fr-FR\"}]}<\/script>\n<!-- \/ Yoast SEO plugin. -->","yoast_head_json":{"title":"Projet d&#039;\u00e9tablissement - \u00c9cole St Martin","description":"Les trois valeurs du projet \u00e9ducatif du groupe scolaire sont d\u00e9clin\u00e9es dans le projet d\u2019\u00e9tablissement de l\u2019\u00c9cole Saint-Martin.","robots":{"index":"index","follow":"follow","max-snippet":"max-snippet:-1","max-image-preview":"max-image-preview:large","max-video-preview":"max-video-preview:-1"},"canonical":"https:\/\/www.groupechampagnat.fr\/ecole-st-martin\/etablissement\/projet-detablissement\/","og_locale":"fr_FR","og_type":"article","og_title":"Projet d&#039;\u00e9tablissement - \u00c9cole St Martin","og_description":"Les trois valeurs du projet \u00e9ducatif du groupe scolaire sont d\u00e9clin\u00e9es dans le projet d\u2019\u00e9tablissement de l\u2019\u00c9cole Saint-Martin.","og_url":"https:\/\/www.groupechampagnat.fr\/ecole-st-martin\/etablissement\/projet-detablissement\/","og_site_name":"\u00c9cole St Martin","article_modified_time":"2026-01-12T10:25:07+00:00","og_image":[{"width":1024,"height":312,"url":"https:\/\/www.groupechampagnat.fr\/wp-sites\/uploads\/sites\/4\/2025\/09\/Ecole-St-Martin-1024x312.png","type":"image\/png"}],"twitter_card":"summary_large_image","twitter_misc":{"Dur\u00e9e de lecture estim\u00e9e":"2 minutes"},"schema":{"@context":"https:\/\/schema.org","@graph":[{"@type":"WebPage","@id":"https:\/\/www.groupechampagnat.fr\/ecole-st-martin\/etablissement\/projet-detablissement\/","url":"https:\/\/www.groupechampagnat.fr\/ecole-st-martin\/etablissement\/projet-detablissement\/","name":"Projet d&#039;\u00e9tablissement - \u00c9cole St Martin","isPartOf":{"@id":"https:\/\/www.groupechampagnat.fr\/ecole-st-martin\/#website"},"primaryImageOfPage":{"@id":"https:\/\/www.groupechampagnat.fr\/ecole-st-martin\/etablissement\/projet-detablissement\/#primaryimage"},"image":{"@id":"https:\/\/www.groupechampagnat.fr\/ecole-st-martin\/etablissement\/projet-detablissement\/#primaryimage"},"thumbnailUrl":"https:\/\/www.groupechampagnat.fr\/wp-sites\/uploads\/sites\/4\/2025\/09\/Ecole-St-Martin.png","datePublished":"2025-09-05T09:02:42+00:00","dateModified":"2026-01-12T10:25:07+00:00","description":"Les trois valeurs du projet \u00e9ducatif du groupe scolaire sont d\u00e9clin\u00e9es dans le projet d\u2019\u00e9tablissement de l\u2019\u00c9cole Saint-Martin.","breadcrumb":{"@id":"https:\/\/www.groupechampagnat.fr\/ecole-st-martin\/etablissement\/projet-detablissement\/#breadcrumb"},"inLanguage":"fr-FR","potentialAction":[{"@type":"ReadAction","target":["https:\/\/www.groupechampagnat.fr\/ecole-st-martin\/etablissement\/projet-detablissement\/"]}]},{"@type":"ImageObject","inLanguage":"fr-FR","@id":"https:\/\/www.groupechampagnat.fr\/ecole-st-martin\/etablissement\/projet-detablissement\/#primaryimage","url":"https:\/\/www.groupechampagnat.fr\/wp-sites\/uploads\/sites\/4\/2025\/09\/Ecole-St-Martin.png","contentUrl":"https:\/\/www.groupechampagnat.fr\/wp-sites\/uploads\/sites\/4\/2025\/09\/Ecole-St-Martin.png","width":2484,"height":758},{"@type":"BreadcrumbList","@id":"https:\/\/www.groupechampagnat.fr\/ecole-st-martin\/etablissement\/projet-detablissement\/#breadcrumb","itemListElement":[{"@type":"ListItem","position":1,"name":"Accueil","item":"https:\/\/www.groupechampagnat.fr\/ecole-st-martin\/"},{"@type":"ListItem","position":2,"name":"\u00c9tablissement","item":"https:\/\/www.groupechampagnat.fr\/ecole-st-martin\/etablissement\/"},{"@type":"ListItem","position":3,"name":"Projet d&#039;\u00e9tablissement"}]},{"@type":"WebSite","@id":"https:\/\/www.groupechampagnat.fr\/ecole-st-martin\/#website","url":"https:\/\/www.groupechampagnat.fr\/ecole-st-martin\/","name":"\u00c9cole St Martin","description":"\u00c9cole primaire du groupe Champagnat","potentialAction":[{"@type":"SearchAction","target":{"@type":"EntryPoint","urlTemplate":"https:\/\/www.groupechampagnat.fr\/ecole-st-martin\/?s={search_term_string}"},"query-input":{"@type":"PropertyValueSpecification","valueRequired":true,"valueName":"search_term_string"}}],"inLanguage":"fr-FR"}]}},"_links":{"self":[{"href":"https:\/\/www.groupechampagnat.fr\/ecole-st-martin\/wp-json\/wp\/v2\/pages\/27","targetHints":{"allow":["GET"]}}],"collection":[{"href":"https:\/\/www.groupechampagnat.fr\/ecole-st-martin\/wp-json\/wp\/v2\/pages"}],"about":[{"href":"https:\/\/www.groupechampagnat.fr\/ecole-st-martin\/wp-json\/wp\/v2\/types\/page"}],"author":[{"embeddable":true,"href":"https:\/\/www.groupechampagnat.fr\/ecole-st-martin\/wp-json\/wp\/v2\/users\/1"}],"replies":[{"embeddable":true,"href":"https:\/\/www.groupechampagnat.fr\/ecole-st-martin\/wp-json\/wp\/v2\/comments?post=27"}],"version-history":[{"count":5,"href":"https:\/\/www.groupechampagnat.fr\/ecole-st-martin\/wp-json\/wp\/v2\/pages\/27\/revisions"}],"predecessor-version":[{"id":239,"href":"https:\/\/www.groupechampagnat.fr\/ecole-st-martin\/wp-json\/wp\/v2\/pages\/27\/revisions\/239"}],"up":[{"embeddable":true,"href":"https:\/\/www.groupechampagnat.fr\/ecole-st-martin\/wp-json\/wp\/v2\/pages\/19"}],"wp:featuredmedia":[{"embeddable":true,"href":"https:\/\/www.groupechampagnat.fr\/ecole-st-martin\/wp-json\/wp\/v2\/media\/125"}],"wp:attachment":[{"href":"https:\/\/www.groupechampagnat.fr\/ecole-st-martin\/wp-json\/wp\/v2\/media?parent=27"}],"curies":[{"name":"wp","href":"https:\/\/api.w.org\/{rel}","templated":true}]}}