{"id":253,"date":"2025-12-31T12:53:47","date_gmt":"2025-12-31T11:53:47","guid":{"rendered":"https:\/\/test.groupechampagnat.fr\/ecole-st-martin\/vie-scolaire\/association-des-parents-deleves\/"},"modified":"2026-01-12T11:41:46","modified_gmt":"2026-01-12T10:41:46","slug":"association-des-parents-deleves","status":"publish","type":"page","link":"https:\/\/www.groupechampagnat.fr\/ecole-st-martin\/vie-scolaire\/association-des-parents-deleves\/","title":{"rendered":"Association des parents d&#039;\u00e9l\u00e8ves"},"content":{"rendered":"\n<h3 class=\"wp-block-heading\">L\u2019Association des Parents de l\u2019Enseignement Libre APEL existe sur tous nos \u00e9tablissements.<\/h3>\n\n\n\n<p><br>Nous avons 2 APEL : <br>l\u2019APEL St Martin pour l\u2019\u00e9cole St Martin \u00e0 Savigny<br>l\u2019APEL Champagnat\/Ste Th\u00e9r\u00e8se pour le coll\u00e8ge Champagnat et l&rsquo;\u00e9cole Ste Th\u00e9r\u00e8se \u00e0 L&rsquo;Arbresle.<\/p>\n\n\n\n<p>Les APEL :<\/p>\n\n\n\n<ul class=\"wp-block-list\">\n<li>sont pr\u00e9sents au conseil d\u2019administration de l&rsquo;OGEC AEP Champagnat, au conseil d&rsquo;\u00e9tablissement, au conseil de discipline, au conseil d\u2019orientation.<\/li>\n\n\n\n<li>coordonnent les parents-correspondants des classes,<\/li>\n\n\n\n<li>aident \u00e0 l\u2019animation de la Pastorale,<\/li>\n\n\n\n<li>participent aux manifestations : Les Portes Ouvertes, Le concert de l\u2019Association Musicale, le Loto, les kermesses et toutes manifestations organis\u00e9es par elles.<\/li>\n\n\n\n<li>organisent des ventes : sapins, fleurs et plants, chocolats\u2026.<\/li>\n\n\n\n<li>organisent des activit\u00e9s : randonn\u00e9es, coinche, loto, course de caisses \u00e0 savon\u2026<\/li>\n\n\n\n<li>g\u00e8rent l\u2019op\u00e9ration Pack Scolaire.<\/li>\n\n\n\n<li>Aident au financement des sorties\/voyages scolaires\/intervenants scolaires, aux achats de mat\u00e9riels p\u00e9dagogiques, aide financi\u00e8rement des familles pour des voyage\/sorties<\/li>\n<\/ul>\n\n\n\n<div class=\"wp-block-group chapitre_b is-layout-constrained wp-block-group-is-layout-constrained\">\n<div class=\"wp-block-columns is-layout-flex wp-container-core-columns-is-layout-9d6595d7 wp-block-columns-is-layout-flex\">\n<div class=\"wp-block-column is-layout-flow wp-block-column-is-layout-flow\" style=\"flex-basis:33.33%\">\n<figure class=\"wp-block-image size-full is-resized\"><img loading=\"lazy\" decoding=\"async\" width=\"200\" height=\"200\" src=\"https:\/\/www.groupechampagnat.fr\/wp-sites\/uploads\/sites\/4\/2025\/12\/APEL_StMartin.png\" alt=\"\" class=\"wp-image-266\" style=\"width:235px;height:auto\" srcset=\"https:\/\/www.groupechampagnat.fr\/wp-sites\/uploads\/sites\/4\/2025\/12\/APEL_StMartin.png 200w, https:\/\/www.groupechampagnat.fr\/wp-sites\/uploads\/sites\/4\/2025\/12\/APEL_StMartin-150x150.png 150w\" sizes=\"auto, (max-width: 200px) 100vw, 200px\" \/><\/figure>\n<\/div>\n\n\n\n<div class=\"wp-block-column is-layout-flow wp-block-column-is-layout-flow\">\n<div style=\"height:20px\" aria-hidden=\"true\" class=\"wp-block-spacer\"><\/div>\n\n\n\n<p>Chaque association APPEL est repr\u00e9sent\u00e9e par un Pr\u00e9sident(e). <br>Pour l&rsquo;ann\u00e9e 2025-2026 :<\/p>\n\n\n\n<figure class=\"wp-block-table\"><table class=\"has-fixed-layout\"><tbody><tr><td><strong>Champagnat Ste Th\u00e9r\u00e8se<\/strong><\/td><td><strong>St Martin<\/strong><\/td><\/tr><tr><td>Pr\u00e9sidente : Mme Emilie LAURY-MUNOZ<\/td><td>Pr\u00e9sidente : Mme Julie MARTINOT<\/td><\/tr><tr><td><a href=\"mailto:apel.cst@groupechampagnat.fr\"><u>apel.cst@groupechampagnat.fr<\/u><\/a><\/td><td><a href=\"mailto:apel.stmartin@groupechampagnat.fr\"><u>apel.stmartin@groupechampagnat.fr<\/u><\/a><\/td><\/tr><\/tbody><\/table><\/figure>\n\n\n\n<div class=\"wp-block-buttons is-content-justification-center is-layout-flex wp-container-core-buttons-is-layout-16018d1d wp-block-buttons-is-layout-flex\">\n<div class=\"wp-block-button\"><a class=\"wp-block-button__link has-jaune-background-color has-background has-small-font-size has-custom-font-size wp-element-button\" href=\"https:\/\/www.facebook.com\/apelsaintmartinsavigny\/\" target=\"_blank\" rel=\"noreferrer noopener\">APEL Saint-Martin Savigny<\/a><\/div>\n<\/div>\n\n\n\n<div style=\"height:25px\" aria-hidden=\"true\" class=\"wp-block-spacer\"><\/div>\n<\/div>\n<\/div>\n<\/div>\n\n\n\n<div style=\"height:25px\" aria-hidden=\"true\" class=\"wp-block-spacer\"><\/div>\n\n\n\n<p>Les membres du bureau et les membres actifs du CA de chaque APEL repr\u00e9sentent toutes les familles des \u00e9coles et du coll\u00e8ge aupr\u00e8s de la Direction de l\u2019\u00e9tablissement, de la Direction de l\u2019Enseignement Catholique, des APEL d\u00e9partementales, acad\u00e9miques et nationale.<\/p>\n\n\n\n<p>Quelques liens utiles :<\/p>\n\n\n\n<p>&nbsp; &nbsp;\u2013&nbsp;<a href=\"https:\/\/www.apel.fr\/\" target=\"_blank\" rel=\"noreferrer noopener\">APEL NATIONAL<\/a><br>&nbsp; &nbsp;\u2013 <a href=\"https:\/\/www.apeldurhone.fr\/\" target=\"_blank\" rel=\"noreferrer noopener\">APEL du Rh\u00f4ne<\/a><\/p>\n\n\n\n<p class=\"has-text-align-center local_text has-medium-font-size\"><strong>N\u2019h\u00e9sitez pas \u00e0 nous rejoindre ! <\/strong><br><strong>L\u2019association de parents d\u2019\u00e9l\u00e8ves, c\u2019est l\u2019affaire de tous, et toutes les id\u00e9es sont bienvenues !<\/strong><\/p>\n","protected":false},"excerpt":{"rendered":"<p>L\u2019Association des Parents de l\u2019Enseignement Libre APEL existe sur tous nos \u00e9tablissements. Nous avons 2 APEL : l\u2019APEL St Martin pour l\u2019\u00e9cole St Martin \u00e0 Savignyl\u2019APEL Champagnat\/Ste Th\u00e9r\u00e8se pour le coll\u00e8ge Champagnat et l&rsquo;\u00e9cole Ste Th\u00e9r\u00e8se \u00e0 L&rsquo;Arbresle. Les APEL : Chaque association APPEL est repr\u00e9sent\u00e9e par un Pr\u00e9sident(e). Pour l&rsquo;ann\u00e9e 2025-2026 : Champagnat Ste [&hellip;]<\/p>\n","protected":false},"author":1,"featured_media":268,"parent":21,"menu_order":4,"comment_status":"closed","ping_status":"closed","template":"","meta":{"footnotes":""},"class_list":["post-253","page","type-page","status-publish","has-post-thumbnail","hentry"],"yoast_head":"<!-- This site is optimized with the Yoast SEO plugin v27.4 - https:\/\/yoast.com\/product\/yoast-seo-wordpress\/ -->\n<title>Association des parents d&#039;\u00e9l\u00e8ves - \u00c9cole St Martin<\/title>\n<meta name=\"description\" content=\"APEL de l&#039;\u00e9cole Saint Martin \u00e0 Savigny : association des parents d&#039;\u00e9l\u00e8ves. Activit\u00e9s, actions et informations pour rejoindre l&#039;APEL.\" \/>\n<meta name=\"robots\" content=\"index, follow, max-snippet:-1, max-image-preview:large, max-video-preview:-1\" \/>\n<link rel=\"canonical\" href=\"https:\/\/www.groupechampagnat.fr\/ecole-st-martin\/vie-scolaire\/association-des-parents-deleves\/\" \/>\n<meta property=\"og:locale\" content=\"fr_FR\" \/>\n<meta property=\"og:type\" content=\"article\" \/>\n<meta property=\"og:title\" content=\"Association des parents d&#039;\u00e9l\u00e8ves - \u00c9cole St Martin\" \/>\n<meta property=\"og:description\" content=\"APEL de l&#039;\u00e9cole Saint Martin \u00e0 Savigny : association des parents d&#039;\u00e9l\u00e8ves. Activit\u00e9s, actions et informations pour rejoindre l&#039;APEL.\" \/>\n<meta property=\"og:url\" content=\"https:\/\/www.groupechampagnat.fr\/ecole-st-martin\/vie-scolaire\/association-des-parents-deleves\/\" \/>\n<meta property=\"og:site_name\" content=\"\u00c9cole St Martin\" \/>\n<meta property=\"article:modified_time\" content=\"2026-01-12T10:41:46+00:00\" \/>\n<meta property=\"og:image\" content=\"https:\/\/www.groupechampagnat.fr\/wp-sites\/uploads\/sites\/4\/2025\/12\/apel_stmartin.jpg\" \/>\n\t<meta property=\"og:image:width\" content=\"960\" \/>\n\t<meta property=\"og:image:height\" content=\"283\" \/>\n\t<meta property=\"og:image:type\" content=\"image\/jpeg\" \/>\n<meta name=\"twitter:card\" content=\"summary_large_image\" \/>\n<meta name=\"twitter:label1\" content=\"Dur\u00e9e de lecture estim\u00e9e\" \/>\n\t<meta name=\"twitter:data1\" content=\"2 minutes\" \/>\n<script type=\"application\/ld+json\" class=\"yoast-schema-graph\">{\"@context\":\"https:\\\/\\\/schema.org\",\"@graph\":[{\"@type\":\"WebPage\",\"@id\":\"https:\\\/\\\/www.groupechampagnat.fr\\\/ecole-st-martin\\\/vie-scolaire\\\/association-des-parents-deleves\\\/\",\"url\":\"https:\\\/\\\/www.groupechampagnat.fr\\\/ecole-st-martin\\\/vie-scolaire\\\/association-des-parents-deleves\\\/\",\"name\":\"Association des parents d&#039;\u00e9l\u00e8ves - \u00c9cole St Martin\",\"isPartOf\":{\"@id\":\"https:\\\/\\\/www.groupechampagnat.fr\\\/ecole-st-martin\\\/#website\"},\"primaryImageOfPage\":{\"@id\":\"https:\\\/\\\/www.groupechampagnat.fr\\\/ecole-st-martin\\\/vie-scolaire\\\/association-des-parents-deleves\\\/#primaryimage\"},\"image\":{\"@id\":\"https:\\\/\\\/www.groupechampagnat.fr\\\/ecole-st-martin\\\/vie-scolaire\\\/association-des-parents-deleves\\\/#primaryimage\"},\"thumbnailUrl\":\"https:\\\/\\\/www.groupechampagnat.fr\\\/wp-sites\\\/uploads\\\/sites\\\/4\\\/2025\\\/12\\\/apel_stmartin.jpg\",\"datePublished\":\"2025-12-31T11:53:47+00:00\",\"dateModified\":\"2026-01-12T10:41:46+00:00\",\"description\":\"APEL de l'\u00e9cole Saint Martin \u00e0 Savigny : association des parents d'\u00e9l\u00e8ves. Activit\u00e9s, actions et informations pour rejoindre l'APEL.\",\"breadcrumb\":{\"@id\":\"https:\\\/\\\/www.groupechampagnat.fr\\\/ecole-st-martin\\\/vie-scolaire\\\/association-des-parents-deleves\\\/#breadcrumb\"},\"inLanguage\":\"fr-FR\",\"potentialAction\":[{\"@type\":\"ReadAction\",\"target\":[\"https:\\\/\\\/www.groupechampagnat.fr\\\/ecole-st-martin\\\/vie-scolaire\\\/association-des-parents-deleves\\\/\"]}]},{\"@type\":\"ImageObject\",\"inLanguage\":\"fr-FR\",\"@id\":\"https:\\\/\\\/www.groupechampagnat.fr\\\/ecole-st-martin\\\/vie-scolaire\\\/association-des-parents-deleves\\\/#primaryimage\",\"url\":\"https:\\\/\\\/www.groupechampagnat.fr\\\/wp-sites\\\/uploads\\\/sites\\\/4\\\/2025\\\/12\\\/apel_stmartin.jpg\",\"contentUrl\":\"https:\\\/\\\/www.groupechampagnat.fr\\\/wp-sites\\\/uploads\\\/sites\\\/4\\\/2025\\\/12\\\/apel_stmartin.jpg\",\"width\":960,\"height\":283},{\"@type\":\"BreadcrumbList\",\"@id\":\"https:\\\/\\\/www.groupechampagnat.fr\\\/ecole-st-martin\\\/vie-scolaire\\\/association-des-parents-deleves\\\/#breadcrumb\",\"itemListElement\":[{\"@type\":\"ListItem\",\"position\":1,\"name\":\"Accueil\",\"item\":\"https:\\\/\\\/www.groupechampagnat.fr\\\/ecole-st-martin\\\/\"},{\"@type\":\"ListItem\",\"position\":2,\"name\":\"Vie scolaire\",\"item\":\"https:\\\/\\\/www.groupechampagnat.fr\\\/ecole-st-martin\\\/vie-scolaire\\\/\"},{\"@type\":\"ListItem\",\"position\":3,\"name\":\"Association des parents d&#039;\u00e9l\u00e8ves\"}]},{\"@type\":\"WebSite\",\"@id\":\"https:\\\/\\\/www.groupechampagnat.fr\\\/ecole-st-martin\\\/#website\",\"url\":\"https:\\\/\\\/www.groupechampagnat.fr\\\/ecole-st-martin\\\/\",\"name\":\"\u00c9cole St Martin\",\"description\":\"\u00c9cole primaire du groupe Champagnat\",\"potentialAction\":[{\"@type\":\"SearchAction\",\"target\":{\"@type\":\"EntryPoint\",\"urlTemplate\":\"https:\\\/\\\/www.groupechampagnat.fr\\\/ecole-st-martin\\\/?s={search_term_string}\"},\"query-input\":{\"@type\":\"PropertyValueSpecification\",\"valueRequired\":true,\"valueName\":\"search_term_string\"}}],\"inLanguage\":\"fr-FR\"}]}<\/script>\n<!-- \/ Yoast SEO plugin. -->","yoast_head_json":{"title":"Association des parents d&#039;\u00e9l\u00e8ves - \u00c9cole St Martin","description":"APEL de l'\u00e9cole Saint Martin \u00e0 Savigny : association des parents d'\u00e9l\u00e8ves. Activit\u00e9s, actions et informations pour rejoindre l'APEL.","robots":{"index":"index","follow":"follow","max-snippet":"max-snippet:-1","max-image-preview":"max-image-preview:large","max-video-preview":"max-video-preview:-1"},"canonical":"https:\/\/www.groupechampagnat.fr\/ecole-st-martin\/vie-scolaire\/association-des-parents-deleves\/","og_locale":"fr_FR","og_type":"article","og_title":"Association des parents d&#039;\u00e9l\u00e8ves - \u00c9cole St Martin","og_description":"APEL de l'\u00e9cole Saint Martin \u00e0 Savigny : association des parents d'\u00e9l\u00e8ves. Activit\u00e9s, actions et informations pour rejoindre l'APEL.","og_url":"https:\/\/www.groupechampagnat.fr\/ecole-st-martin\/vie-scolaire\/association-des-parents-deleves\/","og_site_name":"\u00c9cole St Martin","article_modified_time":"2026-01-12T10:41:46+00:00","og_image":[{"width":960,"height":283,"url":"https:\/\/www.groupechampagnat.fr\/wp-sites\/uploads\/sites\/4\/2025\/12\/apel_stmartin.jpg","type":"image\/jpeg"}],"twitter_card":"summary_large_image","twitter_misc":{"Dur\u00e9e de lecture estim\u00e9e":"2 minutes"},"schema":{"@context":"https:\/\/schema.org","@graph":[{"@type":"WebPage","@id":"https:\/\/www.groupechampagnat.fr\/ecole-st-martin\/vie-scolaire\/association-des-parents-deleves\/","url":"https:\/\/www.groupechampagnat.fr\/ecole-st-martin\/vie-scolaire\/association-des-parents-deleves\/","name":"Association des parents d&#039;\u00e9l\u00e8ves - \u00c9cole St Martin","isPartOf":{"@id":"https:\/\/www.groupechampagnat.fr\/ecole-st-martin\/#website"},"primaryImageOfPage":{"@id":"https:\/\/www.groupechampagnat.fr\/ecole-st-martin\/vie-scolaire\/association-des-parents-deleves\/#primaryimage"},"image":{"@id":"https:\/\/www.groupechampagnat.fr\/ecole-st-martin\/vie-scolaire\/association-des-parents-deleves\/#primaryimage"},"thumbnailUrl":"https:\/\/www.groupechampagnat.fr\/wp-sites\/uploads\/sites\/4\/2025\/12\/apel_stmartin.jpg","datePublished":"2025-12-31T11:53:47+00:00","dateModified":"2026-01-12T10:41:46+00:00","description":"APEL de l'\u00e9cole Saint Martin \u00e0 Savigny : association des parents d'\u00e9l\u00e8ves. Activit\u00e9s, actions et informations pour rejoindre l'APEL.","breadcrumb":{"@id":"https:\/\/www.groupechampagnat.fr\/ecole-st-martin\/vie-scolaire\/association-des-parents-deleves\/#breadcrumb"},"inLanguage":"fr-FR","potentialAction":[{"@type":"ReadAction","target":["https:\/\/www.groupechampagnat.fr\/ecole-st-martin\/vie-scolaire\/association-des-parents-deleves\/"]}]},{"@type":"ImageObject","inLanguage":"fr-FR","@id":"https:\/\/www.groupechampagnat.fr\/ecole-st-martin\/vie-scolaire\/association-des-parents-deleves\/#primaryimage","url":"https:\/\/www.groupechampagnat.fr\/wp-sites\/uploads\/sites\/4\/2025\/12\/apel_stmartin.jpg","contentUrl":"https:\/\/www.groupechampagnat.fr\/wp-sites\/uploads\/sites\/4\/2025\/12\/apel_stmartin.jpg","width":960,"height":283},{"@type":"BreadcrumbList","@id":"https:\/\/www.groupechampagnat.fr\/ecole-st-martin\/vie-scolaire\/association-des-parents-deleves\/#breadcrumb","itemListElement":[{"@type":"ListItem","position":1,"name":"Accueil","item":"https:\/\/www.groupechampagnat.fr\/ecole-st-martin\/"},{"@type":"ListItem","position":2,"name":"Vie scolaire","item":"https:\/\/www.groupechampagnat.fr\/ecole-st-martin\/vie-scolaire\/"},{"@type":"ListItem","position":3,"name":"Association des parents d&#039;\u00e9l\u00e8ves"}]},{"@type":"WebSite","@id":"https:\/\/www.groupechampagnat.fr\/ecole-st-martin\/#website","url":"https:\/\/www.groupechampagnat.fr\/ecole-st-martin\/","name":"\u00c9cole St Martin","description":"\u00c9cole primaire du groupe Champagnat","potentialAction":[{"@type":"SearchAction","target":{"@type":"EntryPoint","urlTemplate":"https:\/\/www.groupechampagnat.fr\/ecole-st-martin\/?s={search_term_string}"},"query-input":{"@type":"PropertyValueSpecification","valueRequired":true,"valueName":"search_term_string"}}],"inLanguage":"fr-FR"}]}},"_links":{"self":[{"href":"https:\/\/www.groupechampagnat.fr\/ecole-st-martin\/wp-json\/wp\/v2\/pages\/253","targetHints":{"allow":["GET"]}}],"collection":[{"href":"https:\/\/www.groupechampagnat.fr\/ecole-st-martin\/wp-json\/wp\/v2\/pages"}],"about":[{"href":"https:\/\/www.groupechampagnat.fr\/ecole-st-martin\/wp-json\/wp\/v2\/types\/page"}],"author":[{"embeddable":true,"href":"https:\/\/www.groupechampagnat.fr\/ecole-st-martin\/wp-json\/wp\/v2\/users\/1"}],"replies":[{"embeddable":true,"href":"https:\/\/www.groupechampagnat.fr\/ecole-st-martin\/wp-json\/wp\/v2\/comments?post=253"}],"version-history":[{"count":6,"href":"https:\/\/www.groupechampagnat.fr\/ecole-st-martin\/wp-json\/wp\/v2\/pages\/253\/revisions"}],"predecessor-version":[{"id":270,"href":"https:\/\/www.groupechampagnat.fr\/ecole-st-martin\/wp-json\/wp\/v2\/pages\/253\/revisions\/270"}],"up":[{"embeddable":true,"href":"https:\/\/www.groupechampagnat.fr\/ecole-st-martin\/wp-json\/wp\/v2\/pages\/21"}],"wp:featuredmedia":[{"embeddable":true,"href":"https:\/\/www.groupechampagnat.fr\/ecole-st-martin\/wp-json\/wp\/v2\/media\/268"}],"wp:attachment":[{"href":"https:\/\/www.groupechampagnat.fr\/ecole-st-martin\/wp-json\/wp\/v2\/media?parent=253"}],"curies":[{"name":"wp","href":"https:\/\/api.w.org\/{rel}","templated":true}]}}