{"id":25,"date":"2025-09-05T11:02:42","date_gmt":"2025-09-05T09:02:42","guid":{"rendered":"https:\/\/test.groupechampagnat.fr\/ecole-st-martin\/etablissement\/presentation\/"},"modified":"2026-01-12T11:26:27","modified_gmt":"2026-01-12T10:26:27","slug":"projet-educatif-et-pastoral","status":"publish","type":"page","link":"https:\/\/www.groupechampagnat.fr\/ecole-st-martin\/etablissement\/projet-educatif-et-pastoral\/","title":{"rendered":"Projet \u00e9ducatif et pastoral"},"content":{"rendered":"\n<h2 class=\"wp-block-heading\"><strong>Le projet \u00e9ducatif de l\u2019\u00e9cole St Martin<\/strong><\/h2>\n\n\n\n<p>Le groupe scolaire est constitu\u00e9 du coll\u00e8ge Champagnat \u00e0 L\u2019Arbresle, de l\u2019\u00e9cole maternelle et primaire Sainte-Th\u00e9r\u00e8se \u00e0 L\u2019Arbresle et depuis le 1er septembre 2021 de l\u2019\u00e9cole maternelle et primaire Saint-Martin \u00e0 Savigny.<\/p>\n\n\n\n<p>Le groupe scolaire est un \u00e9tablissement priv\u00e9 de l\u2019enseignement catholique, sous contrat d\u2019association avec l\u2019\u00e9tat et sous tutelle dioc\u00e9saine.<\/p>\n\n\n\n<p>Ouvert \u00e0 tous, l\u2019\u00e9tablissement a le souci d\u2019accueillir chacun dans le respect des diff\u00e9rences.<\/p>\n\n\n\n<ul class=\"wp-block-list\">\n<li>Favoriser l\u2019\u00e9change<\/li>\n\n\n\n<li>Privil\u00e9gier l\u2019\u00e9coute<\/li>\n\n\n\n<li>Savoir se rendre disponible<\/li>\n<\/ul>\n\n\n\n<p>Le groupe scolaire entend participer avec les familles \u00e0 l\u2019\u00e9ducation des jeunes qui lui sont confi\u00e9s.<\/p>\n\n\n\n<ul class=\"wp-block-list\">\n<li>Travailler ensemble dans un esprit de confiance<\/li>\n\n\n\n<li>Croire en l\u2019\u00e9ducabilit\u00e9 de l\u2019enfant<\/li>\n\n\n\n<li>Se construire avec l\u2019autre<\/li>\n<\/ul>\n\n\n\n<p>Dans le cadre des apprentissages scolaires, l\u2019\u00e9tablissement prend en compte chaque \u00e9l\u00e8ve en adaptant le dispositif \u00e0 ses besoins.<\/p>\n\n\n\n<ul class=\"wp-block-list\">\n<li>Respecter le rythme d\u2019apprentissage et l\u2019\u00e9volution de chacun<\/li>\n\n\n\n<li>Encourager l\u2019expression des \u00e9l\u00e8ves et leur cr\u00e9ativit\u00e9<\/li>\n\n\n\n<li>D\u00e9velopper les capacit\u00e9s de l\u2019\u00e9l\u00e8ve \u00e0 agir avec discernement<\/li>\n<\/ul>\n\n\n\n<p>L\u2019\u00e9tablissement vise l\u2019autonomie de ces jeunes, futurs citoyens, afin qu\u2019ils se pr\u00e9parent au monde de demain dans la solidarit\u00e9, le dialogue et le respect de soi et de l\u2019autre.<\/p>\n\n\n\n<ul class=\"wp-block-list\">\n<li>Accompagner le jeune dans l\u2019\u00e9bauche de ses choix de vie<\/li>\n\n\n\n<li>Offrir des opportunit\u00e9s permettant de vivre ses engagements<\/li>\n\n\n\n<li>Proposer un cheminement d\u2019Homme \u00e9clair\u00e9 par l\u2019\u00c9vangile<\/li>\n<\/ul>\n\n\n\n<h2 class=\"wp-block-heading\">Le projet pastoral de l\u2019\u00e9cole St Martin<\/h2>\n\n\n\n<p>Les chefs d\u2019\u00e9tablissements de l\u2019\u00c9cole Sainte-Th\u00e9r\u00e8se, l\u2019\u00c9cole Saint-Martin et du Coll\u00e8ge Champagnat re\u00e7oivent par leurs lettres de mission, la responsabilit\u00e9 de la vie pastorale. Le conseil de direction impulse une pastorale d\u2019\u00e9tablissement et confie, par d\u00e9l\u00e9gation, \u00e0 une animatrice en pastorale sa mise en \u0153uvre.<\/p>\n\n\n\n<p><strong>Pourquoi un projet pastoral ?<\/strong><\/p>\n\n\n\n<p>Le groupe scolaire se veut ouvert \u00e0 tous ceux qui acceptent son projet \u00e9ducatif. On respectera donc la libert\u00e9 religieuse et la conscience des \u00e9l\u00e8ves et des familles. La libert\u00e9 est fermement d\u00e9fendue par l\u2019\u00c9glise. Refusant tout endoctrinement, nos \u00e9tablissements savent bien que leur mission consiste \u00e0 servir l\u2019Homme. Proposant aux jeunes qu\u2019ils accueillent, chr\u00e9tiens ou non chr\u00e9tiens, les moyens de grandir dans la foi, ils veulent ouvrir \u00e0 tous les \u00e9l\u00e8ves un chemin de croissance en humanit\u00e9, dans une inlassable recherche de v\u00e9rit\u00e9 et d\u2019amour.<\/p>\n\n\n\n<p>Il est souhaitable que l\u2019\u00c9vangile irrigue l\u2019ensemble de la vie de nos \u00e9tablissements : activit\u00e9s p\u00e9dagogiques, \u00e9ducatives, administratives, de service et de gestion.<\/p>\n\n\n\n<p>Les objectifs du projet pastoral<\/p>\n\n\n\n<ul class=\"wp-block-list\">\n<li>Faire de l\u2019\u00e9cole un lieu d\u2019\u00e9ducation anim\u00e9 par l\u2019esprit \u00e9vang\u00e9lique.<\/li>\n\n\n\n<li>Offrir \u00e0 tous et \u00e0 chacun la possibilit\u00e9 de d\u00e9couvrir le Christ.<\/li>\n\n\n\n<li>Mettre \u00e0 la disposition de tous ceux qui le d\u00e9sirent les moyens adapt\u00e9s pour agir et grandir dans la foi.<\/li>\n\n\n\n<li>Ins\u00e9rer l\u2019\u00e9tablissement catholique et ses activit\u00e9s dans la vie de l\u2019\u00c9glise locale et de son dioc\u00e8se.<\/li>\n<\/ul>\n\n\n\n<p>Pour prendre en compte cette ouverture \u00e0 tous, nous vivons un projet d\u2019animation pastorale.<\/p>\n\n\n\n<p>Le projet d\u2019animation pastorale rejoint toutes les dimensions de l\u2019\u00e9tablissement dans sa t\u00e2che \u00e9ducative, dans son travail d\u2019enseignement et dans la proposition de la foi. Il articule aussi des activit\u00e9s s\u2019adressant \u00e0 tous et des activit\u00e9s facultatives. Nous voyons dans l\u2019\u00c9vangile des moments diff\u00e9rents o\u00f9 le Christ s\u2019adresse \u00e0 des foules dont les attentes sont n\u00e9cessairement multiples, voire confuses, et des moments o\u00f9 il s\u2019adresse aux disciples qu\u2019il a choisis pour faire route avec lui.<\/p>\n\n\n\n<p>Enfin, ce m\u00eame Projet d\u2019animation pastorale permet au groupe scolaire \u00ab Champagnat \u2013 Sainte-Th\u00e9r\u00e8se \u00bb de travailler dans le cadre de l\u2019\u00c9glise locale et de participer aux initiatives paroissiales et dioc\u00e9saines.<\/p>\n\n\n\n<p>Les composantes du projet d\u2019animation pastorale<\/p>\n\n\n\n<ul class=\"wp-block-list\">\n<li>Vivre la bonne nouvelle : servir<\/li>\n\n\n\n<li>Annoncer la bonne nouvelle : t\u00e9moigner<\/li>\n\n\n\n<li>C\u00e9l\u00e9brer la bonne nouvelle : prier<\/li>\n<\/ul>\n","protected":false},"excerpt":{"rendered":"<p>Le projet \u00e9ducatif de l\u2019\u00e9cole St Martin Le groupe scolaire est constitu\u00e9 du coll\u00e8ge Champagnat \u00e0 L\u2019Arbresle, de l\u2019\u00e9cole maternelle et primaire Sainte-Th\u00e9r\u00e8se \u00e0 L\u2019Arbresle et depuis le 1er septembre 2021 de l\u2019\u00e9cole maternelle et primaire Saint-Martin \u00e0 Savigny. Le groupe scolaire est un \u00e9tablissement priv\u00e9 de l\u2019enseignement catholique, sous contrat d\u2019association avec l\u2019\u00e9tat et [&hellip;]<\/p>\n","protected":false},"author":1,"featured_media":125,"parent":19,"menu_order":1,"comment_status":"closed","ping_status":"closed","template":"","meta":{"footnotes":""},"class_list":["post-25","page","type-page","status-publish","has-post-thumbnail","hentry"],"yoast_head":"<!-- This site is optimized with the Yoast SEO plugin v27.4 - https:\/\/yoast.com\/product\/yoast-seo-wordpress\/ -->\n<title>Projet \u00e9ducatif et pastoral - \u00c9cole St Martin<\/title>\n<meta name=\"description\" content=\"Projet \u00e9ducatif de l&#039;\u00e9cole Saint Martin : \u00e9coute, respect et \u00e9panouissement de chaque \u00e9l\u00e8ve dans un esprit \u00e9vang\u00e9lique d&#039;ouverture \u00e0 tous.\" \/>\n<meta name=\"robots\" content=\"index, follow, max-snippet:-1, max-image-preview:large, max-video-preview:-1\" \/>\n<link rel=\"canonical\" href=\"https:\/\/www.groupechampagnat.fr\/ecole-st-martin\/etablissement\/projet-educatif-et-pastoral\/\" \/>\n<meta property=\"og:locale\" content=\"fr_FR\" \/>\n<meta property=\"og:type\" content=\"article\" \/>\n<meta property=\"og:title\" content=\"Projet \u00e9ducatif et pastoral - \u00c9cole St Martin\" \/>\n<meta property=\"og:description\" content=\"Projet \u00e9ducatif de l&#039;\u00e9cole Saint Martin : \u00e9coute, respect et \u00e9panouissement de chaque \u00e9l\u00e8ve dans un esprit \u00e9vang\u00e9lique d&#039;ouverture \u00e0 tous.\" \/>\n<meta property=\"og:url\" content=\"https:\/\/www.groupechampagnat.fr\/ecole-st-martin\/etablissement\/projet-educatif-et-pastoral\/\" \/>\n<meta property=\"og:site_name\" content=\"\u00c9cole St Martin\" \/>\n<meta property=\"article:modified_time\" content=\"2026-01-12T10:26:27+00:00\" \/>\n<meta property=\"og:image\" content=\"https:\/\/www.groupechampagnat.fr\/wp-sites\/uploads\/sites\/4\/2025\/09\/Ecole-St-Martin-1024x312.png\" \/>\n\t<meta property=\"og:image:width\" content=\"1024\" \/>\n\t<meta property=\"og:image:height\" content=\"312\" \/>\n\t<meta property=\"og:image:type\" content=\"image\/png\" \/>\n<meta name=\"twitter:card\" content=\"summary_large_image\" \/>\n<meta name=\"twitter:label1\" content=\"Dur\u00e9e de lecture estim\u00e9e\" \/>\n\t<meta name=\"twitter:data1\" content=\"4 minutes\" \/>\n<script type=\"application\/ld+json\" class=\"yoast-schema-graph\">{\"@context\":\"https:\\\/\\\/schema.org\",\"@graph\":[{\"@type\":\"WebPage\",\"@id\":\"https:\\\/\\\/www.groupechampagnat.fr\\\/ecole-st-martin\\\/etablissement\\\/projet-educatif-et-pastoral\\\/\",\"url\":\"https:\\\/\\\/www.groupechampagnat.fr\\\/ecole-st-martin\\\/etablissement\\\/projet-educatif-et-pastoral\\\/\",\"name\":\"Projet \u00e9ducatif et pastoral - \u00c9cole St Martin\",\"isPartOf\":{\"@id\":\"https:\\\/\\\/www.groupechampagnat.fr\\\/ecole-st-martin\\\/#website\"},\"primaryImageOfPage\":{\"@id\":\"https:\\\/\\\/www.groupechampagnat.fr\\\/ecole-st-martin\\\/etablissement\\\/projet-educatif-et-pastoral\\\/#primaryimage\"},\"image\":{\"@id\":\"https:\\\/\\\/www.groupechampagnat.fr\\\/ecole-st-martin\\\/etablissement\\\/projet-educatif-et-pastoral\\\/#primaryimage\"},\"thumbnailUrl\":\"https:\\\/\\\/www.groupechampagnat.fr\\\/wp-sites\\\/uploads\\\/sites\\\/4\\\/2025\\\/09\\\/Ecole-St-Martin.png\",\"datePublished\":\"2025-09-05T09:02:42+00:00\",\"dateModified\":\"2026-01-12T10:26:27+00:00\",\"description\":\"Projet \u00e9ducatif de l'\u00e9cole Saint Martin : \u00e9coute, respect et \u00e9panouissement de chaque \u00e9l\u00e8ve dans un esprit \u00e9vang\u00e9lique d'ouverture \u00e0 tous.\",\"breadcrumb\":{\"@id\":\"https:\\\/\\\/www.groupechampagnat.fr\\\/ecole-st-martin\\\/etablissement\\\/projet-educatif-et-pastoral\\\/#breadcrumb\"},\"inLanguage\":\"fr-FR\",\"potentialAction\":[{\"@type\":\"ReadAction\",\"target\":[\"https:\\\/\\\/www.groupechampagnat.fr\\\/ecole-st-martin\\\/etablissement\\\/projet-educatif-et-pastoral\\\/\"]}]},{\"@type\":\"ImageObject\",\"inLanguage\":\"fr-FR\",\"@id\":\"https:\\\/\\\/www.groupechampagnat.fr\\\/ecole-st-martin\\\/etablissement\\\/projet-educatif-et-pastoral\\\/#primaryimage\",\"url\":\"https:\\\/\\\/www.groupechampagnat.fr\\\/wp-sites\\\/uploads\\\/sites\\\/4\\\/2025\\\/09\\\/Ecole-St-Martin.png\",\"contentUrl\":\"https:\\\/\\\/www.groupechampagnat.fr\\\/wp-sites\\\/uploads\\\/sites\\\/4\\\/2025\\\/09\\\/Ecole-St-Martin.png\",\"width\":2484,\"height\":758},{\"@type\":\"BreadcrumbList\",\"@id\":\"https:\\\/\\\/www.groupechampagnat.fr\\\/ecole-st-martin\\\/etablissement\\\/projet-educatif-et-pastoral\\\/#breadcrumb\",\"itemListElement\":[{\"@type\":\"ListItem\",\"position\":1,\"name\":\"Accueil\",\"item\":\"https:\\\/\\\/www.groupechampagnat.fr\\\/ecole-st-martin\\\/\"},{\"@type\":\"ListItem\",\"position\":2,\"name\":\"\u00c9tablissement\",\"item\":\"https:\\\/\\\/www.groupechampagnat.fr\\\/ecole-st-martin\\\/etablissement\\\/\"},{\"@type\":\"ListItem\",\"position\":3,\"name\":\"Projet \u00e9ducatif et pastoral\"}]},{\"@type\":\"WebSite\",\"@id\":\"https:\\\/\\\/www.groupechampagnat.fr\\\/ecole-st-martin\\\/#website\",\"url\":\"https:\\\/\\\/www.groupechampagnat.fr\\\/ecole-st-martin\\\/\",\"name\":\"\u00c9cole St Martin\",\"description\":\"\u00c9cole primaire du groupe Champagnat\",\"potentialAction\":[{\"@type\":\"SearchAction\",\"target\":{\"@type\":\"EntryPoint\",\"urlTemplate\":\"https:\\\/\\\/www.groupechampagnat.fr\\\/ecole-st-martin\\\/?s={search_term_string}\"},\"query-input\":{\"@type\":\"PropertyValueSpecification\",\"valueRequired\":true,\"valueName\":\"search_term_string\"}}],\"inLanguage\":\"fr-FR\"}]}<\/script>\n<!-- \/ Yoast SEO plugin. -->","yoast_head_json":{"title":"Projet \u00e9ducatif et pastoral - \u00c9cole St Martin","description":"Projet \u00e9ducatif de l'\u00e9cole Saint Martin : \u00e9coute, respect et \u00e9panouissement de chaque \u00e9l\u00e8ve dans un esprit \u00e9vang\u00e9lique d'ouverture \u00e0 tous.","robots":{"index":"index","follow":"follow","max-snippet":"max-snippet:-1","max-image-preview":"max-image-preview:large","max-video-preview":"max-video-preview:-1"},"canonical":"https:\/\/www.groupechampagnat.fr\/ecole-st-martin\/etablissement\/projet-educatif-et-pastoral\/","og_locale":"fr_FR","og_type":"article","og_title":"Projet \u00e9ducatif et pastoral - \u00c9cole St Martin","og_description":"Projet \u00e9ducatif de l'\u00e9cole Saint Martin : \u00e9coute, respect et \u00e9panouissement de chaque \u00e9l\u00e8ve dans un esprit \u00e9vang\u00e9lique d'ouverture \u00e0 tous.","og_url":"https:\/\/www.groupechampagnat.fr\/ecole-st-martin\/etablissement\/projet-educatif-et-pastoral\/","og_site_name":"\u00c9cole St Martin","article_modified_time":"2026-01-12T10:26:27+00:00","og_image":[{"width":1024,"height":312,"url":"https:\/\/www.groupechampagnat.fr\/wp-sites\/uploads\/sites\/4\/2025\/09\/Ecole-St-Martin-1024x312.png","type":"image\/png"}],"twitter_card":"summary_large_image","twitter_misc":{"Dur\u00e9e de lecture estim\u00e9e":"4 minutes"},"schema":{"@context":"https:\/\/schema.org","@graph":[{"@type":"WebPage","@id":"https:\/\/www.groupechampagnat.fr\/ecole-st-martin\/etablissement\/projet-educatif-et-pastoral\/","url":"https:\/\/www.groupechampagnat.fr\/ecole-st-martin\/etablissement\/projet-educatif-et-pastoral\/","name":"Projet \u00e9ducatif et pastoral - \u00c9cole St Martin","isPartOf":{"@id":"https:\/\/www.groupechampagnat.fr\/ecole-st-martin\/#website"},"primaryImageOfPage":{"@id":"https:\/\/www.groupechampagnat.fr\/ecole-st-martin\/etablissement\/projet-educatif-et-pastoral\/#primaryimage"},"image":{"@id":"https:\/\/www.groupechampagnat.fr\/ecole-st-martin\/etablissement\/projet-educatif-et-pastoral\/#primaryimage"},"thumbnailUrl":"https:\/\/www.groupechampagnat.fr\/wp-sites\/uploads\/sites\/4\/2025\/09\/Ecole-St-Martin.png","datePublished":"2025-09-05T09:02:42+00:00","dateModified":"2026-01-12T10:26:27+00:00","description":"Projet \u00e9ducatif de l'\u00e9cole Saint Martin : \u00e9coute, respect et \u00e9panouissement de chaque \u00e9l\u00e8ve dans un esprit \u00e9vang\u00e9lique d'ouverture \u00e0 tous.","breadcrumb":{"@id":"https:\/\/www.groupechampagnat.fr\/ecole-st-martin\/etablissement\/projet-educatif-et-pastoral\/#breadcrumb"},"inLanguage":"fr-FR","potentialAction":[{"@type":"ReadAction","target":["https:\/\/www.groupechampagnat.fr\/ecole-st-martin\/etablissement\/projet-educatif-et-pastoral\/"]}]},{"@type":"ImageObject","inLanguage":"fr-FR","@id":"https:\/\/www.groupechampagnat.fr\/ecole-st-martin\/etablissement\/projet-educatif-et-pastoral\/#primaryimage","url":"https:\/\/www.groupechampagnat.fr\/wp-sites\/uploads\/sites\/4\/2025\/09\/Ecole-St-Martin.png","contentUrl":"https:\/\/www.groupechampagnat.fr\/wp-sites\/uploads\/sites\/4\/2025\/09\/Ecole-St-Martin.png","width":2484,"height":758},{"@type":"BreadcrumbList","@id":"https:\/\/www.groupechampagnat.fr\/ecole-st-martin\/etablissement\/projet-educatif-et-pastoral\/#breadcrumb","itemListElement":[{"@type":"ListItem","position":1,"name":"Accueil","item":"https:\/\/www.groupechampagnat.fr\/ecole-st-martin\/"},{"@type":"ListItem","position":2,"name":"\u00c9tablissement","item":"https:\/\/www.groupechampagnat.fr\/ecole-st-martin\/etablissement\/"},{"@type":"ListItem","position":3,"name":"Projet \u00e9ducatif et pastoral"}]},{"@type":"WebSite","@id":"https:\/\/www.groupechampagnat.fr\/ecole-st-martin\/#website","url":"https:\/\/www.groupechampagnat.fr\/ecole-st-martin\/","name":"\u00c9cole St Martin","description":"\u00c9cole primaire du groupe Champagnat","potentialAction":[{"@type":"SearchAction","target":{"@type":"EntryPoint","urlTemplate":"https:\/\/www.groupechampagnat.fr\/ecole-st-martin\/?s={search_term_string}"},"query-input":{"@type":"PropertyValueSpecification","valueRequired":true,"valueName":"search_term_string"}}],"inLanguage":"fr-FR"}]}},"_links":{"self":[{"href":"https:\/\/www.groupechampagnat.fr\/ecole-st-martin\/wp-json\/wp\/v2\/pages\/25","targetHints":{"allow":["GET"]}}],"collection":[{"href":"https:\/\/www.groupechampagnat.fr\/ecole-st-martin\/wp-json\/wp\/v2\/pages"}],"about":[{"href":"https:\/\/www.groupechampagnat.fr\/ecole-st-martin\/wp-json\/wp\/v2\/types\/page"}],"author":[{"embeddable":true,"href":"https:\/\/www.groupechampagnat.fr\/ecole-st-martin\/wp-json\/wp\/v2\/users\/1"}],"replies":[{"embeddable":true,"href":"https:\/\/www.groupechampagnat.fr\/ecole-st-martin\/wp-json\/wp\/v2\/comments?post=25"}],"version-history":[{"count":4,"href":"https:\/\/www.groupechampagnat.fr\/ecole-st-martin\/wp-json\/wp\/v2\/pages\/25\/revisions"}],"predecessor-version":[{"id":180,"href":"https:\/\/www.groupechampagnat.fr\/ecole-st-martin\/wp-json\/wp\/v2\/pages\/25\/revisions\/180"}],"up":[{"embeddable":true,"href":"https:\/\/www.groupechampagnat.fr\/ecole-st-martin\/wp-json\/wp\/v2\/pages\/19"}],"wp:featuredmedia":[{"embeddable":true,"href":"https:\/\/www.groupechampagnat.fr\/ecole-st-martin\/wp-json\/wp\/v2\/media\/125"}],"wp:attachment":[{"href":"https:\/\/www.groupechampagnat.fr\/ecole-st-martin\/wp-json\/wp\/v2\/media?parent=25"}],"curies":[{"name":"wp","href":"https:\/\/api.w.org\/{rel}","templated":true}]}}