{"id":249,"date":"2025-12-31T12:53:19","date_gmt":"2025-12-31T11:53:19","guid":{"rendered":"https:\/\/test.groupechampagnat.fr\/ecole-st-martin\/etablissement\/reglement-financier\/"},"modified":"2026-01-12T11:27:34","modified_gmt":"2026-01-12T10:27:34","slug":"reglement-financier","status":"publish","type":"page","link":"https:\/\/www.groupechampagnat.fr\/ecole-st-martin\/etablissement\/reglement-financier\/","title":{"rendered":"R\u00e8glement financier"},"content":{"rendered":"\n<div class=\"wp-block-columns are-vertically-aligned-center is-layout-flex wp-container-core-columns-is-layout-9d6595d7 wp-block-columns-is-layout-flex\">\n<div class=\"wp-block-column is-vertically-aligned-center is-layout-flow wp-block-column-is-layout-flow\" style=\"flex-basis:66.66%\">\n<p>L&rsquo;inscription d&rsquo;un enfant dans le groupe scolaire CHAMPAGNAT (Ecole Ste Th\u00e9r\u00e8se \u2013 Ecole St Martin \u2013 Coll\u00e8ge St Marcellin Champagnat) implique pour les familles des cons\u00e9quences financi\u00e8res. Le fonctionnement de l&rsquo;\u00e9tablissement scolaire est aliment\u00e9 par le forfait de l&rsquo;\u00e9tat ou des collectivit\u00e9s locales en ce qui concerne les d\u00e9penses de personnel et mat\u00e9riel. Une contribution est demand\u00e9e aux familles pour les activit\u00e9s \u00e0 caract\u00e8re propre, les d\u00e9penses de fonctionnement non assur\u00e9es enti\u00e8rement par les collectivit\u00e9s publiques ainsi que pour les d\u00e9penses li\u00e9es \u00e0 l&rsquo;immobilier.<\/p>\n\n\n\n<p>Le pr\u00e9sent r\u00e8glement r\u00e8gle les rapports dans le domaine financier entre les \u00e9tablissements du Groupe scolaire et la famille.<\/p>\n<\/div>\n\n\n\n<div class=\"wp-block-column is-vertically-aligned-center is-layout-flow wp-block-column-is-layout-flow\" style=\"flex-basis:33.33%\">\n<div class=\"wp-block-buttons is-content-justification-center is-layout-flex wp-container-core-buttons-is-layout-16018d1d wp-block-buttons-is-layout-flex\">\n<div class=\"wp-block-button\"><a class=\"wp-block-button__link has-jaune-background-color has-background wp-element-button\" href=\"https:\/\/www.groupechampagnat.fr\/wp-sites\/uploads\/sites\/4\/2026\/01\/Reglement_Financier_StMartin.pdf\" target=\"_blank\" rel=\"noreferrer noopener\">T\u00e9l\u00e9charger<\/a><\/div>\n<\/div>\n<\/div>\n<\/div>\n","protected":false},"excerpt":{"rendered":"<p>L&rsquo;inscription d&rsquo;un enfant dans le groupe scolaire CHAMPAGNAT (Ecole Ste Th\u00e9r\u00e8se \u2013 Ecole St Martin \u2013 Coll\u00e8ge St Marcellin Champagnat) implique pour les familles des cons\u00e9quences financi\u00e8res. Le fonctionnement de l&rsquo;\u00e9tablissement scolaire est aliment\u00e9 par le forfait de l&rsquo;\u00e9tat ou des collectivit\u00e9s locales en ce qui concerne les d\u00e9penses de personnel et mat\u00e9riel. Une contribution [&hellip;]<\/p>\n","protected":false},"author":1,"featured_media":125,"parent":19,"menu_order":2,"comment_status":"closed","ping_status":"closed","template":"","meta":{"footnotes":""},"class_list":["post-249","page","type-page","status-publish","has-post-thumbnail","hentry"],"yoast_head":"<!-- This site is optimized with the Yoast SEO plugin v27.4 - https:\/\/yoast.com\/product\/yoast-seo-wordpress\/ -->\n<title>R\u00e8glement financier - \u00c9cole St Martin<\/title>\n<meta name=\"description\" content=\"Frais de scolarit\u00e9 \u00e9cole Saint Martin : contribution des familles pour les activit\u00e9s et le fonctionnement. Informations et tarifs.\" \/>\n<meta name=\"robots\" content=\"index, follow, max-snippet:-1, max-image-preview:large, max-video-preview:-1\" \/>\n<link rel=\"canonical\" href=\"https:\/\/www.groupechampagnat.fr\/ecole-st-martin\/etablissement\/reglement-financier\/\" \/>\n<meta property=\"og:locale\" content=\"fr_FR\" \/>\n<meta property=\"og:type\" content=\"article\" \/>\n<meta property=\"og:title\" content=\"R\u00e8glement financier - \u00c9cole St Martin\" \/>\n<meta property=\"og:description\" content=\"Frais de scolarit\u00e9 \u00e9cole Saint Martin : contribution des familles pour les activit\u00e9s et le fonctionnement. Informations et tarifs.\" \/>\n<meta property=\"og:url\" content=\"https:\/\/www.groupechampagnat.fr\/ecole-st-martin\/etablissement\/reglement-financier\/\" \/>\n<meta property=\"og:site_name\" content=\"\u00c9cole St Martin\" \/>\n<meta property=\"article:modified_time\" content=\"2026-01-12T10:27:34+00:00\" \/>\n<meta property=\"og:image\" content=\"https:\/\/www.groupechampagnat.fr\/wp-sites\/uploads\/sites\/4\/2025\/09\/Ecole-St-Martin-1024x312.png\" \/>\n\t<meta property=\"og:image:width\" content=\"1024\" \/>\n\t<meta property=\"og:image:height\" content=\"312\" \/>\n\t<meta property=\"og:image:type\" content=\"image\/png\" \/>\n<meta name=\"twitter:card\" content=\"summary_large_image\" \/>\n<meta name=\"twitter:label1\" content=\"Dur\u00e9e de lecture estim\u00e9e\" \/>\n\t<meta name=\"twitter:data1\" content=\"1 minute\" \/>\n<script type=\"application\/ld+json\" class=\"yoast-schema-graph\">{\"@context\":\"https:\\\/\\\/schema.org\",\"@graph\":[{\"@type\":\"WebPage\",\"@id\":\"https:\\\/\\\/www.groupechampagnat.fr\\\/ecole-st-martin\\\/etablissement\\\/reglement-financier\\\/\",\"url\":\"https:\\\/\\\/www.groupechampagnat.fr\\\/ecole-st-martin\\\/etablissement\\\/reglement-financier\\\/\",\"name\":\"R\u00e8glement financier - \u00c9cole St Martin\",\"isPartOf\":{\"@id\":\"https:\\\/\\\/www.groupechampagnat.fr\\\/ecole-st-martin\\\/#website\"},\"primaryImageOfPage\":{\"@id\":\"https:\\\/\\\/www.groupechampagnat.fr\\\/ecole-st-martin\\\/etablissement\\\/reglement-financier\\\/#primaryimage\"},\"image\":{\"@id\":\"https:\\\/\\\/www.groupechampagnat.fr\\\/ecole-st-martin\\\/etablissement\\\/reglement-financier\\\/#primaryimage\"},\"thumbnailUrl\":\"https:\\\/\\\/www.groupechampagnat.fr\\\/wp-sites\\\/uploads\\\/sites\\\/4\\\/2025\\\/09\\\/Ecole-St-Martin.png\",\"datePublished\":\"2025-12-31T11:53:19+00:00\",\"dateModified\":\"2026-01-12T10:27:34+00:00\",\"description\":\"Frais de scolarit\u00e9 \u00e9cole Saint Martin : contribution des familles pour les activit\u00e9s et le fonctionnement. Informations et tarifs.\",\"breadcrumb\":{\"@id\":\"https:\\\/\\\/www.groupechampagnat.fr\\\/ecole-st-martin\\\/etablissement\\\/reglement-financier\\\/#breadcrumb\"},\"inLanguage\":\"fr-FR\",\"potentialAction\":[{\"@type\":\"ReadAction\",\"target\":[\"https:\\\/\\\/www.groupechampagnat.fr\\\/ecole-st-martin\\\/etablissement\\\/reglement-financier\\\/\"]}]},{\"@type\":\"ImageObject\",\"inLanguage\":\"fr-FR\",\"@id\":\"https:\\\/\\\/www.groupechampagnat.fr\\\/ecole-st-martin\\\/etablissement\\\/reglement-financier\\\/#primaryimage\",\"url\":\"https:\\\/\\\/www.groupechampagnat.fr\\\/wp-sites\\\/uploads\\\/sites\\\/4\\\/2025\\\/09\\\/Ecole-St-Martin.png\",\"contentUrl\":\"https:\\\/\\\/www.groupechampagnat.fr\\\/wp-sites\\\/uploads\\\/sites\\\/4\\\/2025\\\/09\\\/Ecole-St-Martin.png\",\"width\":2484,\"height\":758},{\"@type\":\"BreadcrumbList\",\"@id\":\"https:\\\/\\\/www.groupechampagnat.fr\\\/ecole-st-martin\\\/etablissement\\\/reglement-financier\\\/#breadcrumb\",\"itemListElement\":[{\"@type\":\"ListItem\",\"position\":1,\"name\":\"Accueil\",\"item\":\"https:\\\/\\\/www.groupechampagnat.fr\\\/ecole-st-martin\\\/\"},{\"@type\":\"ListItem\",\"position\":2,\"name\":\"\u00c9tablissement\",\"item\":\"https:\\\/\\\/www.groupechampagnat.fr\\\/ecole-st-martin\\\/etablissement\\\/\"},{\"@type\":\"ListItem\",\"position\":3,\"name\":\"R\u00e8glement financier\"}]},{\"@type\":\"WebSite\",\"@id\":\"https:\\\/\\\/www.groupechampagnat.fr\\\/ecole-st-martin\\\/#website\",\"url\":\"https:\\\/\\\/www.groupechampagnat.fr\\\/ecole-st-martin\\\/\",\"name\":\"\u00c9cole St Martin\",\"description\":\"\u00c9cole primaire du groupe Champagnat\",\"potentialAction\":[{\"@type\":\"SearchAction\",\"target\":{\"@type\":\"EntryPoint\",\"urlTemplate\":\"https:\\\/\\\/www.groupechampagnat.fr\\\/ecole-st-martin\\\/?s={search_term_string}\"},\"query-input\":{\"@type\":\"PropertyValueSpecification\",\"valueRequired\":true,\"valueName\":\"search_term_string\"}}],\"inLanguage\":\"fr-FR\"}]}<\/script>\n<!-- \/ Yoast SEO plugin. -->","yoast_head_json":{"title":"R\u00e8glement financier - \u00c9cole St Martin","description":"Frais de scolarit\u00e9 \u00e9cole Saint Martin : contribution des familles pour les activit\u00e9s et le fonctionnement. Informations et tarifs.","robots":{"index":"index","follow":"follow","max-snippet":"max-snippet:-1","max-image-preview":"max-image-preview:large","max-video-preview":"max-video-preview:-1"},"canonical":"https:\/\/www.groupechampagnat.fr\/ecole-st-martin\/etablissement\/reglement-financier\/","og_locale":"fr_FR","og_type":"article","og_title":"R\u00e8glement financier - \u00c9cole St Martin","og_description":"Frais de scolarit\u00e9 \u00e9cole Saint Martin : contribution des familles pour les activit\u00e9s et le fonctionnement. Informations et tarifs.","og_url":"https:\/\/www.groupechampagnat.fr\/ecole-st-martin\/etablissement\/reglement-financier\/","og_site_name":"\u00c9cole St Martin","article_modified_time":"2026-01-12T10:27:34+00:00","og_image":[{"width":1024,"height":312,"url":"https:\/\/www.groupechampagnat.fr\/wp-sites\/uploads\/sites\/4\/2025\/09\/Ecole-St-Martin-1024x312.png","type":"image\/png"}],"twitter_card":"summary_large_image","twitter_misc":{"Dur\u00e9e de lecture estim\u00e9e":"1 minute"},"schema":{"@context":"https:\/\/schema.org","@graph":[{"@type":"WebPage","@id":"https:\/\/www.groupechampagnat.fr\/ecole-st-martin\/etablissement\/reglement-financier\/","url":"https:\/\/www.groupechampagnat.fr\/ecole-st-martin\/etablissement\/reglement-financier\/","name":"R\u00e8glement financier - \u00c9cole St Martin","isPartOf":{"@id":"https:\/\/www.groupechampagnat.fr\/ecole-st-martin\/#website"},"primaryImageOfPage":{"@id":"https:\/\/www.groupechampagnat.fr\/ecole-st-martin\/etablissement\/reglement-financier\/#primaryimage"},"image":{"@id":"https:\/\/www.groupechampagnat.fr\/ecole-st-martin\/etablissement\/reglement-financier\/#primaryimage"},"thumbnailUrl":"https:\/\/www.groupechampagnat.fr\/wp-sites\/uploads\/sites\/4\/2025\/09\/Ecole-St-Martin.png","datePublished":"2025-12-31T11:53:19+00:00","dateModified":"2026-01-12T10:27:34+00:00","description":"Frais de scolarit\u00e9 \u00e9cole Saint Martin : contribution des familles pour les activit\u00e9s et le fonctionnement. Informations et tarifs.","breadcrumb":{"@id":"https:\/\/www.groupechampagnat.fr\/ecole-st-martin\/etablissement\/reglement-financier\/#breadcrumb"},"inLanguage":"fr-FR","potentialAction":[{"@type":"ReadAction","target":["https:\/\/www.groupechampagnat.fr\/ecole-st-martin\/etablissement\/reglement-financier\/"]}]},{"@type":"ImageObject","inLanguage":"fr-FR","@id":"https:\/\/www.groupechampagnat.fr\/ecole-st-martin\/etablissement\/reglement-financier\/#primaryimage","url":"https:\/\/www.groupechampagnat.fr\/wp-sites\/uploads\/sites\/4\/2025\/09\/Ecole-St-Martin.png","contentUrl":"https:\/\/www.groupechampagnat.fr\/wp-sites\/uploads\/sites\/4\/2025\/09\/Ecole-St-Martin.png","width":2484,"height":758},{"@type":"BreadcrumbList","@id":"https:\/\/www.groupechampagnat.fr\/ecole-st-martin\/etablissement\/reglement-financier\/#breadcrumb","itemListElement":[{"@type":"ListItem","position":1,"name":"Accueil","item":"https:\/\/www.groupechampagnat.fr\/ecole-st-martin\/"},{"@type":"ListItem","position":2,"name":"\u00c9tablissement","item":"https:\/\/www.groupechampagnat.fr\/ecole-st-martin\/etablissement\/"},{"@type":"ListItem","position":3,"name":"R\u00e8glement financier"}]},{"@type":"WebSite","@id":"https:\/\/www.groupechampagnat.fr\/ecole-st-martin\/#website","url":"https:\/\/www.groupechampagnat.fr\/ecole-st-martin\/","name":"\u00c9cole St Martin","description":"\u00c9cole primaire du groupe Champagnat","potentialAction":[{"@type":"SearchAction","target":{"@type":"EntryPoint","urlTemplate":"https:\/\/www.groupechampagnat.fr\/ecole-st-martin\/?s={search_term_string}"},"query-input":{"@type":"PropertyValueSpecification","valueRequired":true,"valueName":"search_term_string"}}],"inLanguage":"fr-FR"}]}},"_links":{"self":[{"href":"https:\/\/www.groupechampagnat.fr\/ecole-st-martin\/wp-json\/wp\/v2\/pages\/249","targetHints":{"allow":["GET"]}}],"collection":[{"href":"https:\/\/www.groupechampagnat.fr\/ecole-st-martin\/wp-json\/wp\/v2\/pages"}],"about":[{"href":"https:\/\/www.groupechampagnat.fr\/ecole-st-martin\/wp-json\/wp\/v2\/types\/page"}],"author":[{"embeddable":true,"href":"https:\/\/www.groupechampagnat.fr\/ecole-st-martin\/wp-json\/wp\/v2\/users\/1"}],"replies":[{"embeddable":true,"href":"https:\/\/www.groupechampagnat.fr\/ecole-st-martin\/wp-json\/wp\/v2\/comments?post=249"}],"version-history":[{"count":4,"href":"https:\/\/www.groupechampagnat.fr\/ecole-st-martin\/wp-json\/wp\/v2\/pages\/249\/revisions"}],"predecessor-version":[{"id":287,"href":"https:\/\/www.groupechampagnat.fr\/ecole-st-martin\/wp-json\/wp\/v2\/pages\/249\/revisions\/287"}],"up":[{"embeddable":true,"href":"https:\/\/www.groupechampagnat.fr\/ecole-st-martin\/wp-json\/wp\/v2\/pages\/19"}],"wp:featuredmedia":[{"embeddable":true,"href":"https:\/\/www.groupechampagnat.fr\/ecole-st-martin\/wp-json\/wp\/v2\/media\/125"}],"wp:attachment":[{"href":"https:\/\/www.groupechampagnat.fr\/ecole-st-martin\/wp-json\/wp\/v2\/media?parent=249"}],"curies":[{"name":"wp","href":"https:\/\/api.w.org\/{rel}","templated":true}]}}