{"id":17,"date":"2025-09-05T11:01:41","date_gmt":"2025-09-05T09:01:41","guid":{"rendered":"https:\/\/test.groupechampagnat.fr\/ecole-st-martin\/nous-contacter\/"},"modified":"2026-01-12T12:14:49","modified_gmt":"2026-01-12T11:14:49","slug":"nous-contacter","status":"publish","type":"page","link":"https:\/\/www.groupechampagnat.fr\/ecole-st-martin\/nous-contacter\/","title":{"rendered":"Nous contacter"},"content":{"rendered":"\n<div class=\"wp-block-group bloc is-layout-constrained wp-block-group-is-layout-constrained\">\n<div class=\"wp-block-contact-form-7-contact-form-selector\">\n<div class=\"wpcf7 no-js\" id=\"wpcf7-f157-o1\" lang=\"fr-FR\" dir=\"ltr\" data-wpcf7-id=\"157\">\n<div class=\"screen-reader-response\"><p role=\"status\" aria-live=\"polite\" aria-atomic=\"true\"><\/p> <ul><\/ul><\/div>\n<form action=\"\/ecole-st-martin\/wp-json\/wp\/v2\/pages\/17#wpcf7-f157-o1\" method=\"post\" class=\"wpcf7-form init\" aria-label=\"Formulaire de contact\" novalidate=\"novalidate\" data-status=\"init\">\n<fieldset class=\"hidden-fields-container\"><input type=\"hidden\" name=\"_wpcf7\" value=\"157\" \/><input type=\"hidden\" name=\"_wpcf7_version\" value=\"6.1.5\" \/><input type=\"hidden\" name=\"_wpcf7_locale\" value=\"fr_FR\" \/><input type=\"hidden\" name=\"_wpcf7_unit_tag\" value=\"wpcf7-f157-o1\" \/><input type=\"hidden\" name=\"_wpcf7_container_post\" value=\"0\" \/><input type=\"hidden\" name=\"_wpcf7_posted_data_hash\" value=\"\" \/>\n<\/fieldset>\n<div class=\"content-column\">\n\t<div>\n\t\t<p><label> Nom de famille*<br \/>\n<span class=\"wpcf7-form-control-wrap\" data-name=\"nom\"><input size=\"40\" maxlength=\"400\" class=\"wpcf7-form-control wpcf7-text wpcf7-validates-as-required\" autocomplete=\"name\" aria-required=\"true\" aria-invalid=\"false\" value=\"\" type=\"text\" name=\"nom\" \/><\/span> <\/label>\n\t\t<\/p>\n\t\t<p><label> Pr\u00e9nom*<br \/>\n<span class=\"wpcf7-form-control-wrap\" data-name=\"prenom\"><input size=\"40\" maxlength=\"400\" class=\"wpcf7-form-control wpcf7-text wpcf7-validates-as-required\" autocomplete=\"name\" aria-required=\"true\" aria-invalid=\"false\" value=\"\" type=\"text\" name=\"prenom\" \/><\/span> <\/label>\n\t\t<\/p>\n\t<\/div>\n\t<div>\n\t\t<p><label> Sujet*<br \/>\n<span class=\"wpcf7-form-control-wrap\" data-name=\"your-subject\"><input size=\"40\" maxlength=\"400\" class=\"wpcf7-form-control wpcf7-text wpcf7-validates-as-required\" aria-required=\"true\" aria-invalid=\"false\" value=\"\" type=\"text\" name=\"your-subject\" \/><\/span> <\/label>\n\t\t<\/p>\n\t\t<p><label> Adresse de messagerie*<br \/>\n<span class=\"wpcf7-form-control-wrap\" data-name=\"your-email\"><input size=\"40\" maxlength=\"400\" class=\"wpcf7-form-control wpcf7-email wpcf7-validates-as-required wpcf7-text wpcf7-validates-as-email\" autocomplete=\"email\" aria-required=\"true\" aria-invalid=\"false\" value=\"\" type=\"email\" name=\"your-email\" \/><\/span> <\/label>\n\t\t<\/p>\n\t<\/div>\n\t<div>\n\t\t<p><label> Commentaires\/questions<br \/>\n<span class=\"wpcf7-form-control-wrap\" data-name=\"your-message\"><textarea cols=\"40\" rows=\"10\" maxlength=\"2000\" class=\"wpcf7-form-control wpcf7-textarea\" aria-invalid=\"false\" name=\"your-message\"><\/textarea><\/span> <\/label>\n\t\t<\/p>\n\t\t<p><span class=\"wpcf7-form-control-wrap kc_captcha\" data-name=\"kc_captcha\"><span class=\"wpcf7-form-control wpcf7-radio\"><span class=\"captcha-image\" ><span class=\"cf7ic_instructions\">Veuillez prouver que vous \u00eates humain en s\u00e9lectionnant<span> l\u2019arbre<\/span>.<\/span><label><input aria-label=\"1\" type=\"radio\" name=\"kc_captcha\" value=\"bot\" \/><svg aria-hidden=\"true\" role=\"img\" xmlns=\"http:\/\/www.w3.org\/2000\/svg\" viewBox=\"0 0 576 512\"><path fill=\"currentColor\" d=\"M415 24c-53 0-103 42-127 65-24-23-74-65-127-65C70 24 16 77 16 166c0 72 67 133 69 135l187 181c9 8 23 8 32 0l187-180c2-3 69-64 69-136 0-89-54-142-145-142z\"\/><\/svg><\/label><label><input aria-label=\"2\" type=\"radio\" name=\"kc_captcha\" value=\"bot\" \/><svg aria-hidden=\"true\" role=\"img\" xmlns=\"http:\/\/www.w3.org\/2000\/svg\" viewBox=\"0 0 576 512\"><path fill=\"currentColor\" d=\"M488 313v143c0 13-11 24-24 24H348c-7 0-12-5-12-12V356c0-7-5-12-12-12h-72c-7 0-12 5-12 12v112c0 7-5 12-12 12H112c-13 0-24-11-24-24V313c0-4 2-7 4-10l188-154c5-4 11-4 16 0l188 154c2 3 4 6 4 10zm84-61l-84-69V44c0-6-5-12-12-12h-56c-7 0-12 6-12 12v73l-89-74a48 48 0 00-61 0L4 252c-5 4-5 12-1 17l25 31c5 5 12 5 17 1l235-193c5-4 11-4 16 0l235 193c5 5 13 4 17-1l25-31c4-6 4-13-1-17z\"\/><\/svg><\/label><label><input aria-label=\"3\" type=\"radio\" name=\"kc_captcha\" value=\"kc_human\" \/><svg aria-hidden=\"true\" role=\"img\" xmlns=\"http:\/\/www.w3.org\/2000\/svg\" viewBox=\"0 0 384 512\"><path fill=\"currentColor\" d=\"M377 375l-83-87h34c21 0 32-25 17-40l-82-88h33c21 0 32-25 18-40L210 8c-10-11-26-11-36 0L70 120c-14 15-3 40 18 40h33l-82 88c-15 15-4 40 17 40h34L7 375c-15 16-4 41 17 41h120c0 33-11 49-34 68-12 9-5 28 10 28h144c15 0 22-19 10-28-20-16-34-32-34-68h120c21 0 32-25 17-41z\"\/><\/svg><\/label>\r\n    <\/span>\r\n    <span style=\"display:none\">\r\n        <input type=\"text\" name=\"kc_honeypot\">\r\n    <\/span><\/span><\/span>\n\t\t<\/p>\n\t<\/div>\n\t<div>\n\t\t<p><input class=\"wpcf7-form-control wpcf7-submit has-spinner\" type=\"submit\" value=\"Envoyer\" \/>\n\t\t<\/p>\n\t<\/div>\n<\/div><div class=\"wpcf7-response-output\" aria-hidden=\"true\"><\/div>\n<\/form>\n<\/div>\n<\/div>\n<\/div>\n\n\n\n<div style=\"height:30px\" aria-hidden=\"true\" class=\"wp-block-spacer\"><\/div>\n\n\n\n<div class=\"wp-block-group chapitre_b is-layout-constrained wp-block-group-is-layout-constrained\">\n<div class=\"wp-block-columns is-layout-flex wp-container-core-columns-is-layout-9d6595d7 wp-block-columns-is-layout-flex\">\n<div class=\"wp-block-column is-layout-flow wp-block-column-is-layout-flow\" style=\"flex-basis:33.33%\">\n<figure class=\"wp-block-image size-full\"><img loading=\"lazy\" decoding=\"async\" width=\"600\" height=\"528\" src=\"https:\/\/www.groupechampagnat.fr\/wp-sites\/uploads\/sites\/4\/2025\/11\/StMartin.jpg\" alt=\"\" class=\"wp-image-209\" srcset=\"https:\/\/www.groupechampagnat.fr\/wp-sites\/uploads\/sites\/4\/2025\/11\/StMartin.jpg 600w, https:\/\/www.groupechampagnat.fr\/wp-sites\/uploads\/sites\/4\/2025\/11\/StMartin-300x264.jpg 300w\" sizes=\"auto, (max-width: 600px) 100vw, 600px\" \/><\/figure>\n<\/div>\n\n\n\n<div class=\"wp-block-column is-layout-flow wp-block-column-is-layout-flow\" style=\"flex-basis:66.66%\">\n<h3 class=\"wp-block-heading\">\u00c9cole Saint Martin<br><\/h3>\n\n\n\n<div class=\"wp-block-columns is-layout-flex wp-container-core-columns-is-layout-9d6595d7 wp-block-columns-is-layout-flex\">\n<div class=\"wp-block-column is-layout-flow wp-block-column-is-layout-flow\">\n<h4 class=\"wp-block-heading\">1 rue du Gappas<br>69210 SAVIGNY<\/h4>\n<\/div>\n\n\n\n<div class=\"wp-block-column is-layout-flow wp-block-column-is-layout-flow\">\n<h4 class=\"wp-block-heading\">T\u00e9l. : 04 74 01 30 51<br><\/h4>\n<\/div>\n<\/div>\n\n\n\n<h4 class=\"wp-block-heading\"><br>Mail : <a href=\"mailto:contact@groupechampagnat.fr\">contact@groupechampagnat.fr<\/a><br><br><br><\/h4>\n<\/div>\n<\/div>\n<\/div>\n\n\n\t\t<div\n            id=\"wpmapblock_ab68429a\"\n            data-settings='{&quot;map_marker&quot;:[{&quot;id&quot;:&quot;0&quot;,&quot;lat&quot;:&quot;45.815068062756275&quot;,&quot;lng&quot;:&quot;4.5739173889160165&quot;,&quot;title&quot;:&quot;\\u00c9cole Saint Martin&quot;,&quot;content&quot;:&quot;1 rue du Gappas \\u2022 69210 SAVIGNY&quot;,&quot;iconType&quot;:&quot;custom&quot;,&quot;customIconUrl&quot;:&quot;https:\\\/\\\/www.groupechampagnat.fr\\\/wp-sites\\\/uploads\\\/sites\\\/4\\\/2025\\\/11\\\/makr_jaune.png&quot;,&quot;customIconWidth&quot;:&quot;25&quot;,&quot;customIconHeight&quot;:&quot;40&quot;}],&quot;map_zoom&quot;:&quot;14&quot;,&quot;scroll_wheel_zoom&quot;:&quot;1&quot;,&quot;map_type&quot;:&quot;OSM&quot;,&quot;center_index&quot;:0}'\n            class=\"wpmapblockrender\"\n            style=\"\n\t\t\twidth: 100%;\n\t\t\theight: 500px;\n\t\t\"\n            >\n        <\/div>\n        ","protected":false},"excerpt":{"rendered":"<p>\u00c9cole Saint Martin 1 rue du Gappas69210 SAVIGNY T\u00e9l. : 04 74 01 30 51 Mail : contact@groupechampagnat.fr<\/p>\n","protected":false},"author":1,"featured_media":144,"parent":0,"menu_order":2,"comment_status":"closed","ping_status":"closed","template":"","meta":{"footnotes":""},"class_list":["post-17","page","type-page","status-publish","has-post-thumbnail","hentry"],"yoast_head":"<!-- This site is optimized with the Yoast SEO plugin v27.4 - https:\/\/yoast.com\/product\/yoast-seo-wordpress\/ -->\n<title>Nous contacter - \u00c9cole St Martin<\/title>\n<meta name=\"description\" content=\"Retrouvez ici toutes les informations n\u00e9cessaires pour nous contacter et nous rencontrer au sein de nos \u00e9tablissements du groupe scolaire.\" \/>\n<meta name=\"robots\" content=\"index, follow, max-snippet:-1, max-image-preview:large, max-video-preview:-1\" \/>\n<link rel=\"canonical\" href=\"https:\/\/www.groupechampagnat.fr\/ecole-st-martin\/nous-contacter\/\" \/>\n<meta property=\"og:locale\" content=\"fr_FR\" \/>\n<meta property=\"og:type\" content=\"article\" \/>\n<meta property=\"og:title\" content=\"Nous contacter - \u00c9cole St Martin\" \/>\n<meta property=\"og:description\" content=\"Retrouvez ici toutes les informations n\u00e9cessaires pour nous contacter et nous rencontrer au sein de nos \u00e9tablissements du groupe scolaire.\" \/>\n<meta property=\"og:url\" content=\"https:\/\/www.groupechampagnat.fr\/ecole-st-martin\/nous-contacter\/\" \/>\n<meta property=\"og:site_name\" content=\"\u00c9cole St Martin\" \/>\n<meta property=\"article:modified_time\" content=\"2026-01-12T11:14:49+00:00\" \/>\n<meta property=\"og:image\" content=\"https:\/\/www.groupechampagnat.fr\/wp-sites\/uploads\/sites\/4\/2025\/11\/top_stmartin.webp\" \/>\n\t<meta property=\"og:image:width\" content=\"1200\" \/>\n\t<meta property=\"og:image:height\" content=\"450\" \/>\n\t<meta property=\"og:image:type\" content=\"image\/webp\" \/>\n<meta name=\"twitter:card\" content=\"summary_large_image\" \/>\n<meta name=\"twitter:label1\" content=\"Dur\u00e9e de lecture estim\u00e9e\" \/>\n\t<meta name=\"twitter:data1\" content=\"1 minute\" \/>\n<script type=\"application\/ld+json\" class=\"yoast-schema-graph\">{\"@context\":\"https:\\\/\\\/schema.org\",\"@graph\":[{\"@type\":[\"WebPage\",\"ContactPage\"],\"@id\":\"https:\\\/\\\/www.groupechampagnat.fr\\\/ecole-st-martin\\\/nous-contacter\\\/\",\"url\":\"https:\\\/\\\/www.groupechampagnat.fr\\\/ecole-st-martin\\\/nous-contacter\\\/\",\"name\":\"Nous contacter - \u00c9cole St Martin\",\"isPartOf\":{\"@id\":\"https:\\\/\\\/www.groupechampagnat.fr\\\/ecole-st-martin\\\/#website\"},\"primaryImageOfPage\":{\"@id\":\"https:\\\/\\\/www.groupechampagnat.fr\\\/ecole-st-martin\\\/nous-contacter\\\/#primaryimage\"},\"image\":{\"@id\":\"https:\\\/\\\/www.groupechampagnat.fr\\\/ecole-st-martin\\\/nous-contacter\\\/#primaryimage\"},\"thumbnailUrl\":\"https:\\\/\\\/www.groupechampagnat.fr\\\/wp-sites\\\/uploads\\\/sites\\\/4\\\/2025\\\/11\\\/top_stmartin.webp\",\"datePublished\":\"2025-09-05T09:01:41+00:00\",\"dateModified\":\"2026-01-12T11:14:49+00:00\",\"description\":\"Retrouvez ici toutes les informations n\u00e9cessaires pour nous contacter et nous rencontrer au sein de nos \u00e9tablissements du groupe scolaire.\",\"breadcrumb\":{\"@id\":\"https:\\\/\\\/www.groupechampagnat.fr\\\/ecole-st-martin\\\/nous-contacter\\\/#breadcrumb\"},\"inLanguage\":\"fr-FR\",\"potentialAction\":[{\"@type\":\"ReadAction\",\"target\":[\"https:\\\/\\\/www.groupechampagnat.fr\\\/ecole-st-martin\\\/nous-contacter\\\/\"]}]},{\"@type\":\"ImageObject\",\"inLanguage\":\"fr-FR\",\"@id\":\"https:\\\/\\\/www.groupechampagnat.fr\\\/ecole-st-martin\\\/nous-contacter\\\/#primaryimage\",\"url\":\"https:\\\/\\\/www.groupechampagnat.fr\\\/wp-sites\\\/uploads\\\/sites\\\/4\\\/2025\\\/11\\\/top_stmartin.webp\",\"contentUrl\":\"https:\\\/\\\/www.groupechampagnat.fr\\\/wp-sites\\\/uploads\\\/sites\\\/4\\\/2025\\\/11\\\/top_stmartin.webp\",\"width\":1200,\"height\":450},{\"@type\":\"BreadcrumbList\",\"@id\":\"https:\\\/\\\/www.groupechampagnat.fr\\\/ecole-st-martin\\\/nous-contacter\\\/#breadcrumb\",\"itemListElement\":[{\"@type\":\"ListItem\",\"position\":1,\"name\":\"Accueil\",\"item\":\"https:\\\/\\\/www.groupechampagnat.fr\\\/ecole-st-martin\\\/\"},{\"@type\":\"ListItem\",\"position\":2,\"name\":\"Nous contacter\"}]},{\"@type\":\"WebSite\",\"@id\":\"https:\\\/\\\/www.groupechampagnat.fr\\\/ecole-st-martin\\\/#website\",\"url\":\"https:\\\/\\\/www.groupechampagnat.fr\\\/ecole-st-martin\\\/\",\"name\":\"\u00c9cole St Martin\",\"description\":\"\u00c9cole primaire du groupe Champagnat\",\"potentialAction\":[{\"@type\":\"SearchAction\",\"target\":{\"@type\":\"EntryPoint\",\"urlTemplate\":\"https:\\\/\\\/www.groupechampagnat.fr\\\/ecole-st-martin\\\/?s={search_term_string}\"},\"query-input\":{\"@type\":\"PropertyValueSpecification\",\"valueRequired\":true,\"valueName\":\"search_term_string\"}}],\"inLanguage\":\"fr-FR\"}]}<\/script>\n<!-- \/ Yoast SEO plugin. -->","yoast_head_json":{"title":"Nous contacter - \u00c9cole St Martin","description":"Retrouvez ici toutes les informations n\u00e9cessaires pour nous contacter et nous rencontrer au sein de nos \u00e9tablissements du groupe scolaire.","robots":{"index":"index","follow":"follow","max-snippet":"max-snippet:-1","max-image-preview":"max-image-preview:large","max-video-preview":"max-video-preview:-1"},"canonical":"https:\/\/www.groupechampagnat.fr\/ecole-st-martin\/nous-contacter\/","og_locale":"fr_FR","og_type":"article","og_title":"Nous contacter - \u00c9cole St Martin","og_description":"Retrouvez ici toutes les informations n\u00e9cessaires pour nous contacter et nous rencontrer au sein de nos \u00e9tablissements du groupe scolaire.","og_url":"https:\/\/www.groupechampagnat.fr\/ecole-st-martin\/nous-contacter\/","og_site_name":"\u00c9cole St Martin","article_modified_time":"2026-01-12T11:14:49+00:00","og_image":[{"width":1200,"height":450,"url":"https:\/\/www.groupechampagnat.fr\/wp-sites\/uploads\/sites\/4\/2025\/11\/top_stmartin.webp","type":"image\/webp"}],"twitter_card":"summary_large_image","twitter_misc":{"Dur\u00e9e de lecture estim\u00e9e":"1 minute"},"schema":{"@context":"https:\/\/schema.org","@graph":[{"@type":["WebPage","ContactPage"],"@id":"https:\/\/www.groupechampagnat.fr\/ecole-st-martin\/nous-contacter\/","url":"https:\/\/www.groupechampagnat.fr\/ecole-st-martin\/nous-contacter\/","name":"Nous contacter - \u00c9cole St Martin","isPartOf":{"@id":"https:\/\/www.groupechampagnat.fr\/ecole-st-martin\/#website"},"primaryImageOfPage":{"@id":"https:\/\/www.groupechampagnat.fr\/ecole-st-martin\/nous-contacter\/#primaryimage"},"image":{"@id":"https:\/\/www.groupechampagnat.fr\/ecole-st-martin\/nous-contacter\/#primaryimage"},"thumbnailUrl":"https:\/\/www.groupechampagnat.fr\/wp-sites\/uploads\/sites\/4\/2025\/11\/top_stmartin.webp","datePublished":"2025-09-05T09:01:41+00:00","dateModified":"2026-01-12T11:14:49+00:00","description":"Retrouvez ici toutes les informations n\u00e9cessaires pour nous contacter et nous rencontrer au sein de nos \u00e9tablissements du groupe scolaire.","breadcrumb":{"@id":"https:\/\/www.groupechampagnat.fr\/ecole-st-martin\/nous-contacter\/#breadcrumb"},"inLanguage":"fr-FR","potentialAction":[{"@type":"ReadAction","target":["https:\/\/www.groupechampagnat.fr\/ecole-st-martin\/nous-contacter\/"]}]},{"@type":"ImageObject","inLanguage":"fr-FR","@id":"https:\/\/www.groupechampagnat.fr\/ecole-st-martin\/nous-contacter\/#primaryimage","url":"https:\/\/www.groupechampagnat.fr\/wp-sites\/uploads\/sites\/4\/2025\/11\/top_stmartin.webp","contentUrl":"https:\/\/www.groupechampagnat.fr\/wp-sites\/uploads\/sites\/4\/2025\/11\/top_stmartin.webp","width":1200,"height":450},{"@type":"BreadcrumbList","@id":"https:\/\/www.groupechampagnat.fr\/ecole-st-martin\/nous-contacter\/#breadcrumb","itemListElement":[{"@type":"ListItem","position":1,"name":"Accueil","item":"https:\/\/www.groupechampagnat.fr\/ecole-st-martin\/"},{"@type":"ListItem","position":2,"name":"Nous contacter"}]},{"@type":"WebSite","@id":"https:\/\/www.groupechampagnat.fr\/ecole-st-martin\/#website","url":"https:\/\/www.groupechampagnat.fr\/ecole-st-martin\/","name":"\u00c9cole St Martin","description":"\u00c9cole primaire du groupe Champagnat","potentialAction":[{"@type":"SearchAction","target":{"@type":"EntryPoint","urlTemplate":"https:\/\/www.groupechampagnat.fr\/ecole-st-martin\/?s={search_term_string}"},"query-input":{"@type":"PropertyValueSpecification","valueRequired":true,"valueName":"search_term_string"}}],"inLanguage":"fr-FR"}]}},"_links":{"self":[{"href":"https:\/\/www.groupechampagnat.fr\/ecole-st-martin\/wp-json\/wp\/v2\/pages\/17","targetHints":{"allow":["GET"]}}],"collection":[{"href":"https:\/\/www.groupechampagnat.fr\/ecole-st-martin\/wp-json\/wp\/v2\/pages"}],"about":[{"href":"https:\/\/www.groupechampagnat.fr\/ecole-st-martin\/wp-json\/wp\/v2\/types\/page"}],"author":[{"embeddable":true,"href":"https:\/\/www.groupechampagnat.fr\/ecole-st-martin\/wp-json\/wp\/v2\/users\/1"}],"replies":[{"embeddable":true,"href":"https:\/\/www.groupechampagnat.fr\/ecole-st-martin\/wp-json\/wp\/v2\/comments?post=17"}],"version-history":[{"count":12,"href":"https:\/\/www.groupechampagnat.fr\/ecole-st-martin\/wp-json\/wp\/v2\/pages\/17\/revisions"}],"predecessor-version":[{"id":297,"href":"https:\/\/www.groupechampagnat.fr\/ecole-st-martin\/wp-json\/wp\/v2\/pages\/17\/revisions\/297"}],"wp:featuredmedia":[{"embeddable":true,"href":"https:\/\/www.groupechampagnat.fr\/ecole-st-martin\/wp-json\/wp\/v2\/media\/144"}],"wp:attachment":[{"href":"https:\/\/www.groupechampagnat.fr\/ecole-st-martin\/wp-json\/wp\/v2\/media?parent=17"}],"curies":[{"name":"wp","href":"https:\/\/api.w.org\/{rel}","templated":true}]}}