{"id":15,"date":"2025-09-05T11:01:15","date_gmt":"2025-09-05T09:01:41","guid":{"rendered":"https:\/\/test.groupechampagnat.fr\/ecole-st-martin\/inscriptions\/"},"modified":"2026-01-12T11:23:46","modified_gmt":"2026-01-12T10:23:46","slug":"inscription","status":"publish","type":"page","link":"https:\/\/www.groupechampagnat.fr\/ecole-st-martin\/inscription\/","title":{"rendered":"Pour vous inscrire"},"content":{"rendered":"\n<div class=\"wp-block-group chapitre_b is-layout-constrained wp-block-group-is-layout-constrained\">\n<div class=\"wp-block-columns is-layout-flex wp-container-core-columns-is-layout-9d6595d7 wp-block-columns-is-layout-flex\">\n<div class=\"wp-block-column is-layout-flow wp-block-column-is-layout-flow\" style=\"flex-basis:33.33%\">\n<figure class=\"wp-block-image size-full\"><img loading=\"lazy\" decoding=\"async\" width=\"600\" height=\"528\" src=\"https:\/\/www.groupechampagnat.fr\/wp-sites\/uploads\/sites\/4\/2025\/11\/StMartin.jpg\" alt=\"\" class=\"wp-image-209\" srcset=\"https:\/\/www.groupechampagnat.fr\/wp-sites\/uploads\/sites\/4\/2025\/11\/StMartin.jpg 600w, https:\/\/www.groupechampagnat.fr\/wp-sites\/uploads\/sites\/4\/2025\/11\/StMartin-300x264.jpg 300w\" sizes=\"auto, (max-width: 600px) 100vw, 600px\" \/><\/figure>\n<\/div>\n\n\n\n<div class=\"wp-block-column is-layout-flow wp-block-column-is-layout-flow\">\n<p>Vous souhaitez effectuer l\u2019inscription de votre enfant dans notre groupe scolaire et nous vous remercions. <\/p>\n\n\n\n<p>Vous pouvez faire votre demande en ligne via le lien suivant pour l\u2019\u00e9cole St Martin :<\/p>\n\n\n\n<div class=\"wp-block-buttons is-content-justification-center is-layout-flex wp-container-core-buttons-is-layout-16018d1d wp-block-buttons-is-layout-flex\">\n<div class=\"wp-block-button\"><a class=\"wp-block-button__link has-jaune-background-color has-background wp-element-button\" href=\"https:\/\/preinscriptions.ecoledirecte.com\/?RNE=0690578D&amp;ETAB=ECOLE2\" target=\"_blank\" rel=\"noreferrer noopener\">Pr\u00e9 inscription<\/a><\/div>\n<\/div>\n\n\n\n<div style=\"height:57px\" aria-hidden=\"true\" class=\"wp-block-spacer\"><\/div>\n\n\n\n<p><em>Apr\u00e8s r\u00e9ception et contr\u00f4le de votre pr\u00e9-inscription, l\u2019\u00e9tablissement vous contactera pour convenir d\u2019un rendez-vous.<\/em><\/p>\n<\/div>\n<\/div>\n<\/div>\n","protected":false},"excerpt":{"rendered":"<p>Vous souhaitez effectuer l\u2019inscription de votre enfant dans notre groupe scolaire et nous vous remercions. Vous pouvez faire votre demande en ligne via le lien suivant pour l\u2019\u00e9cole St Martin : Apr\u00e8s r\u00e9ception et contr\u00f4le de votre pr\u00e9-inscription, l\u2019\u00e9tablissement vous contactera pour convenir d\u2019un rendez-vous.<\/p>\n","protected":false},"author":1,"featured_media":144,"parent":0,"menu_order":3,"comment_status":"closed","ping_status":"closed","template":"","meta":{"footnotes":""},"class_list":["post-15","page","type-page","status-publish","has-post-thumbnail","hentry"],"yoast_head":"<!-- This site is optimized with the Yoast SEO plugin v27.4 - https:\/\/yoast.com\/product\/yoast-seo-wordpress\/ -->\n<title>Pour vous inscrire - \u00c9cole St Martin<\/title>\n<meta name=\"description\" content=\"Vous trouverez ici toutes les instructions n\u00e9cessaires pour faire votre demande en ligne pour l\u2019\u00e9cole St Martin.\" \/>\n<meta name=\"robots\" content=\"index, follow, max-snippet:-1, max-image-preview:large, max-video-preview:-1\" \/>\n<link rel=\"canonical\" href=\"https:\/\/www.groupechampagnat.fr\/ecole-st-martin\/inscription\/\" \/>\n<meta property=\"og:locale\" content=\"fr_FR\" \/>\n<meta property=\"og:type\" content=\"article\" \/>\n<meta property=\"og:title\" content=\"Pour vous inscrire - \u00c9cole St Martin\" \/>\n<meta property=\"og:description\" content=\"Vous trouverez ici toutes les instructions n\u00e9cessaires pour faire votre demande en ligne pour l\u2019\u00e9cole St Martin.\" \/>\n<meta property=\"og:url\" content=\"https:\/\/www.groupechampagnat.fr\/ecole-st-martin\/inscription\/\" \/>\n<meta property=\"og:site_name\" content=\"\u00c9cole St Martin\" \/>\n<meta property=\"article:modified_time\" content=\"2026-01-12T10:23:46+00:00\" \/>\n<meta property=\"og:image\" content=\"https:\/\/www.groupechampagnat.fr\/wp-sites\/uploads\/sites\/4\/2025\/11\/top_stmartin.webp\" \/>\n\t<meta property=\"og:image:width\" content=\"1200\" \/>\n\t<meta property=\"og:image:height\" content=\"450\" \/>\n\t<meta property=\"og:image:type\" content=\"image\/webp\" \/>\n<meta name=\"twitter:card\" content=\"summary_large_image\" \/>\n<meta name=\"twitter:label1\" content=\"Dur\u00e9e de lecture estim\u00e9e\" \/>\n\t<meta name=\"twitter:data1\" content=\"1 minute\" \/>\n<script type=\"application\/ld+json\" class=\"yoast-schema-graph\">{\"@context\":\"https:\\\/\\\/schema.org\",\"@graph\":[{\"@type\":\"WebPage\",\"@id\":\"https:\\\/\\\/www.groupechampagnat.fr\\\/ecole-st-martin\\\/inscription\\\/\",\"url\":\"https:\\\/\\\/www.groupechampagnat.fr\\\/ecole-st-martin\\\/inscription\\\/\",\"name\":\"Pour vous inscrire - \u00c9cole St Martin\",\"isPartOf\":{\"@id\":\"https:\\\/\\\/www.groupechampagnat.fr\\\/ecole-st-martin\\\/#website\"},\"primaryImageOfPage\":{\"@id\":\"https:\\\/\\\/www.groupechampagnat.fr\\\/ecole-st-martin\\\/inscription\\\/#primaryimage\"},\"image\":{\"@id\":\"https:\\\/\\\/www.groupechampagnat.fr\\\/ecole-st-martin\\\/inscription\\\/#primaryimage\"},\"thumbnailUrl\":\"https:\\\/\\\/www.groupechampagnat.fr\\\/wp-sites\\\/uploads\\\/sites\\\/4\\\/2025\\\/11\\\/top_stmartin.webp\",\"datePublished\":\"2025-09-05T09:01:41+00:00\",\"dateModified\":\"2026-01-12T10:23:46+00:00\",\"description\":\"Vous trouverez ici toutes les instructions n\u00e9cessaires pour faire votre demande en ligne pour l\u2019\u00e9cole St Martin.\",\"breadcrumb\":{\"@id\":\"https:\\\/\\\/www.groupechampagnat.fr\\\/ecole-st-martin\\\/inscription\\\/#breadcrumb\"},\"inLanguage\":\"fr-FR\",\"potentialAction\":[{\"@type\":\"ReadAction\",\"target\":[\"https:\\\/\\\/www.groupechampagnat.fr\\\/ecole-st-martin\\\/inscription\\\/\"]}]},{\"@type\":\"ImageObject\",\"inLanguage\":\"fr-FR\",\"@id\":\"https:\\\/\\\/www.groupechampagnat.fr\\\/ecole-st-martin\\\/inscription\\\/#primaryimage\",\"url\":\"https:\\\/\\\/www.groupechampagnat.fr\\\/wp-sites\\\/uploads\\\/sites\\\/4\\\/2025\\\/11\\\/top_stmartin.webp\",\"contentUrl\":\"https:\\\/\\\/www.groupechampagnat.fr\\\/wp-sites\\\/uploads\\\/sites\\\/4\\\/2025\\\/11\\\/top_stmartin.webp\",\"width\":1200,\"height\":450},{\"@type\":\"BreadcrumbList\",\"@id\":\"https:\\\/\\\/www.groupechampagnat.fr\\\/ecole-st-martin\\\/inscription\\\/#breadcrumb\",\"itemListElement\":[{\"@type\":\"ListItem\",\"position\":1,\"name\":\"Accueil\",\"item\":\"https:\\\/\\\/www.groupechampagnat.fr\\\/ecole-st-martin\\\/\"},{\"@type\":\"ListItem\",\"position\":2,\"name\":\"Pour vous inscrire\"}]},{\"@type\":\"WebSite\",\"@id\":\"https:\\\/\\\/www.groupechampagnat.fr\\\/ecole-st-martin\\\/#website\",\"url\":\"https:\\\/\\\/www.groupechampagnat.fr\\\/ecole-st-martin\\\/\",\"name\":\"\u00c9cole St Martin\",\"description\":\"\u00c9cole primaire du groupe Champagnat\",\"potentialAction\":[{\"@type\":\"SearchAction\",\"target\":{\"@type\":\"EntryPoint\",\"urlTemplate\":\"https:\\\/\\\/www.groupechampagnat.fr\\\/ecole-st-martin\\\/?s={search_term_string}\"},\"query-input\":{\"@type\":\"PropertyValueSpecification\",\"valueRequired\":true,\"valueName\":\"search_term_string\"}}],\"inLanguage\":\"fr-FR\"}]}<\/script>\n<!-- \/ Yoast SEO plugin. -->","yoast_head_json":{"title":"Pour vous inscrire - \u00c9cole St Martin","description":"Vous trouverez ici toutes les instructions n\u00e9cessaires pour faire votre demande en ligne pour l\u2019\u00e9cole St Martin.","robots":{"index":"index","follow":"follow","max-snippet":"max-snippet:-1","max-image-preview":"max-image-preview:large","max-video-preview":"max-video-preview:-1"},"canonical":"https:\/\/www.groupechampagnat.fr\/ecole-st-martin\/inscription\/","og_locale":"fr_FR","og_type":"article","og_title":"Pour vous inscrire - \u00c9cole St Martin","og_description":"Vous trouverez ici toutes les instructions n\u00e9cessaires pour faire votre demande en ligne pour l\u2019\u00e9cole St Martin.","og_url":"https:\/\/www.groupechampagnat.fr\/ecole-st-martin\/inscription\/","og_site_name":"\u00c9cole St Martin","article_modified_time":"2026-01-12T10:23:46+00:00","og_image":[{"width":1200,"height":450,"url":"https:\/\/www.groupechampagnat.fr\/wp-sites\/uploads\/sites\/4\/2025\/11\/top_stmartin.webp","type":"image\/webp"}],"twitter_card":"summary_large_image","twitter_misc":{"Dur\u00e9e de lecture estim\u00e9e":"1 minute"},"schema":{"@context":"https:\/\/schema.org","@graph":[{"@type":"WebPage","@id":"https:\/\/www.groupechampagnat.fr\/ecole-st-martin\/inscription\/","url":"https:\/\/www.groupechampagnat.fr\/ecole-st-martin\/inscription\/","name":"Pour vous inscrire - \u00c9cole St Martin","isPartOf":{"@id":"https:\/\/www.groupechampagnat.fr\/ecole-st-martin\/#website"},"primaryImageOfPage":{"@id":"https:\/\/www.groupechampagnat.fr\/ecole-st-martin\/inscription\/#primaryimage"},"image":{"@id":"https:\/\/www.groupechampagnat.fr\/ecole-st-martin\/inscription\/#primaryimage"},"thumbnailUrl":"https:\/\/www.groupechampagnat.fr\/wp-sites\/uploads\/sites\/4\/2025\/11\/top_stmartin.webp","datePublished":"2025-09-05T09:01:41+00:00","dateModified":"2026-01-12T10:23:46+00:00","description":"Vous trouverez ici toutes les instructions n\u00e9cessaires pour faire votre demande en ligne pour l\u2019\u00e9cole St Martin.","breadcrumb":{"@id":"https:\/\/www.groupechampagnat.fr\/ecole-st-martin\/inscription\/#breadcrumb"},"inLanguage":"fr-FR","potentialAction":[{"@type":"ReadAction","target":["https:\/\/www.groupechampagnat.fr\/ecole-st-martin\/inscription\/"]}]},{"@type":"ImageObject","inLanguage":"fr-FR","@id":"https:\/\/www.groupechampagnat.fr\/ecole-st-martin\/inscription\/#primaryimage","url":"https:\/\/www.groupechampagnat.fr\/wp-sites\/uploads\/sites\/4\/2025\/11\/top_stmartin.webp","contentUrl":"https:\/\/www.groupechampagnat.fr\/wp-sites\/uploads\/sites\/4\/2025\/11\/top_stmartin.webp","width":1200,"height":450},{"@type":"BreadcrumbList","@id":"https:\/\/www.groupechampagnat.fr\/ecole-st-martin\/inscription\/#breadcrumb","itemListElement":[{"@type":"ListItem","position":1,"name":"Accueil","item":"https:\/\/www.groupechampagnat.fr\/ecole-st-martin\/"},{"@type":"ListItem","position":2,"name":"Pour vous inscrire"}]},{"@type":"WebSite","@id":"https:\/\/www.groupechampagnat.fr\/ecole-st-martin\/#website","url":"https:\/\/www.groupechampagnat.fr\/ecole-st-martin\/","name":"\u00c9cole St Martin","description":"\u00c9cole primaire du groupe Champagnat","potentialAction":[{"@type":"SearchAction","target":{"@type":"EntryPoint","urlTemplate":"https:\/\/www.groupechampagnat.fr\/ecole-st-martin\/?s={search_term_string}"},"query-input":{"@type":"PropertyValueSpecification","valueRequired":true,"valueName":"search_term_string"}}],"inLanguage":"fr-FR"}]}},"_links":{"self":[{"href":"https:\/\/www.groupechampagnat.fr\/ecole-st-martin\/wp-json\/wp\/v2\/pages\/15","targetHints":{"allow":["GET"]}}],"collection":[{"href":"https:\/\/www.groupechampagnat.fr\/ecole-st-martin\/wp-json\/wp\/v2\/pages"}],"about":[{"href":"https:\/\/www.groupechampagnat.fr\/ecole-st-martin\/wp-json\/wp\/v2\/types\/page"}],"author":[{"embeddable":true,"href":"https:\/\/www.groupechampagnat.fr\/ecole-st-martin\/wp-json\/wp\/v2\/users\/1"}],"replies":[{"embeddable":true,"href":"https:\/\/www.groupechampagnat.fr\/ecole-st-martin\/wp-json\/wp\/v2\/comments?post=15"}],"version-history":[{"count":7,"href":"https:\/\/www.groupechampagnat.fr\/ecole-st-martin\/wp-json\/wp\/v2\/pages\/15\/revisions"}],"predecessor-version":[{"id":211,"href":"https:\/\/www.groupechampagnat.fr\/ecole-st-martin\/wp-json\/wp\/v2\/pages\/15\/revisions\/211"}],"wp:featuredmedia":[{"embeddable":true,"href":"https:\/\/www.groupechampagnat.fr\/ecole-st-martin\/wp-json\/wp\/v2\/media\/144"}],"wp:attachment":[{"href":"https:\/\/www.groupechampagnat.fr\/ecole-st-martin\/wp-json\/wp\/v2\/media?parent=15"}],"curies":[{"name":"wp","href":"https:\/\/api.w.org\/{rel}","templated":true}]}}