{"id":728,"date":"2025-12-31T12:41:52","date_gmt":"2025-12-31T11:41:52","guid":{"rendered":"https:\/\/test.groupechampagnat.fr\/college-st-marcelin-champagnat\/vie-scolaire\/transports\/"},"modified":"2026-01-12T15:06:18","modified_gmt":"2026-01-12T14:06:18","slug":"transports","status":"publish","type":"page","link":"https:\/\/www.groupechampagnat.fr\/college-st-marcelin-champagnat\/vie-scolaire\/transports\/","title":{"rendered":"Transports"},"content":{"rendered":"\n<div class=\"wp-block-columns is-layout-flex wp-container-core-columns-is-layout-9d6595d7 wp-block-columns-is-layout-flex\">\n<div class=\"wp-block-column is-layout-flow wp-block-column-is-layout-flow\">\n<div class=\"wp-block-group is-vertical is-content-justification-left is-nowrap is-layout-flex wp-container-core-group-is-layout-cfee1719 wp-block-group-is-layout-flex\">\n<figure class=\"wp-block-image size-full\"><img loading=\"lazy\" decoding=\"async\" width=\"85\" height=\"70\" src=\"https:\/\/www.groupechampagnat.fr\/wp-sites\/uploads\/sites\/2\/2025\/12\/tcl.png\" alt=\"\" class=\"wp-image-751\"\/><\/figure>\n\n\n\n<h2 class=\"wp-block-heading\">Les transports Cars du Rh\u00f4ne deviennent le R\u00e9seau TCL<\/h2>\n<\/div>\n\n\n\n<p><strong>A compter du 1er septembre 2025, les 3 r\u00e9seaux Cars du Rh\u00f4ne, TCL et Libellule ne feront plus qu\u2019un : le r\u00e9seau TCL.&nbsp;<\/strong><\/p>\n\n\n\n<p>Pour en savoir plus, consultez la page&nbsp;<a href=\"https:\/\/www.tcl.fr\/nouveau-reseau-unifie-tcl\" target=\"_blank\" rel=\"noreferrer noopener\">R\u00e9seau unifi\u00e9 TCL<\/a>.<\/p>\n\n\n\n<p><strong>Pour tout savoir sur la rentr\u00e9e scolaire et souscrire un abonnement jeune TCL pour l\u2019ann\u00e9e scolaire 2025-2026, voir&nbsp;<\/strong><a href=\"https:\/\/www.tcl.fr\/rentree_2025\" target=\"_blank\" rel=\"noreferrer noopener\"><strong>Rentr\u00e9e TCL 2025<\/strong><\/a><strong>.<\/strong><\/p>\n<\/div>\n\n\n\n<div class=\"wp-block-column is-layout-flow wp-block-column-is-layout-flow\">\n<div class=\"wp-block-group is-vertical is-layout-flex wp-container-core-group-is-layout-8cf370e7 wp-block-group-is-layout-flex\">\n<figure class=\"wp-block-image size-full\"><img loading=\"lazy\" decoding=\"async\" width=\"85\" height=\"70\" src=\"https:\/\/www.groupechampagnat.fr\/wp-sites\/uploads\/sites\/2\/2025\/12\/bus.png\" alt=\"\" class=\"wp-image-750\"\/><\/figure>\n\n\n\n<h2 class=\"wp-block-heading\">Acc\u00e8s s\u00e9curis\u00e9 \u2013 D\u00e9pose bus \u2013 Coll\u00e8ge<\/h2>\n<\/div>\n\n\n\n<p>Les \u00e9l\u00e8ves prenant les transports scolaires (bus) peuvent se rendre au coll\u00e8ge en toute s\u00e9curit\u00e9.<br>Pour les arr\u00eats de bus dont le terminus est au coll\u00e8ge des 4 Vents, des navettes prennent en charge les coll\u00e9giens pour les transporter \u00e0 l\u2019arr\u00eat RN7, un acc\u00e8s pi\u00e9ton situ\u00e9 sous la route RN7 leur est d\u00e9di\u00e9.<\/p>\n<\/div>\n\n\n\n<div class=\"wp-block-column is-layout-flow wp-block-column-is-layout-flow\">\n<div class=\"wp-block-group is-vertical is-layout-flex wp-container-core-group-is-layout-8cf370e7 wp-block-group-is-layout-flex\">\n<figure class=\"wp-block-image size-full\"><img loading=\"lazy\" decoding=\"async\" width=\"85\" height=\"70\" src=\"https:\/\/www.groupechampagnat.fr\/wp-sites\/uploads\/sites\/2\/2025\/12\/train.png\" alt=\"\" class=\"wp-image-749\"\/><\/figure>\n\n\n\n<h2 class=\"wp-block-heading\">Les transports en train<\/h2>\n<\/div>\n\n\n\n<p>Les imprim\u00e9s SNCF pour les abonnements scolaires sont \u00e0 retirer au guichet SNCF de votre r\u00e9sidence.<br>Il faut ensuite venir faire tamponner l\u2019imprim\u00e9 aupr\u00e8s de l\u2019\u00e9tablissement scolaire.<\/p>\n<\/div>\n<\/div>\n","protected":false},"excerpt":{"rendered":"<p>Les transports Cars du Rh\u00f4ne deviennent le R\u00e9seau TCL A compter du 1er septembre 2025, les 3 r\u00e9seaux Cars du Rh\u00f4ne, TCL et Libellule ne feront plus qu\u2019un : le r\u00e9seau TCL.&nbsp; Pour en savoir plus, consultez la page&nbsp;R\u00e9seau unifi\u00e9 TCL. Pour tout savoir sur la rentr\u00e9e scolaire et souscrire un abonnement jeune TCL pour [&hellip;]<\/p>\n","protected":false},"author":1,"featured_media":142,"parent":155,"menu_order":3,"comment_status":"closed","ping_status":"closed","template":"","meta":{"footnotes":""},"class_list":["post-728","page","type-page","status-publish","has-post-thumbnail","hentry"],"yoast_head":"<!-- This site is optimized with the Yoast SEO plugin v27.4 - https:\/\/yoast.com\/product\/yoast-seo-wordpress\/ -->\n<title>Transports - Coll\u00e8ge St Marcellin Champagnat<\/title>\n<meta name=\"description\" content=\"Transport scolaire pour le coll\u00e8ge Champagnat \u00e0 L&#039;Arbresle : r\u00e9seau TCL, lignes de bus, abonnements jeunes et acc\u00e8s s\u00e9curis\u00e9 \u00e0 l&#039;\u00e9cole.\" \/>\n<meta name=\"robots\" content=\"index, follow, max-snippet:-1, max-image-preview:large, max-video-preview:-1\" \/>\n<link rel=\"canonical\" href=\"https:\/\/www.groupechampagnat.fr\/college-st-marcelin-champagnat\/vie-scolaire\/transports\/\" \/>\n<meta property=\"og:locale\" content=\"fr_FR\" \/>\n<meta property=\"og:type\" content=\"article\" \/>\n<meta property=\"og:title\" content=\"Transports - Coll\u00e8ge St Marcellin Champagnat\" \/>\n<meta property=\"og:description\" content=\"Transport scolaire pour le coll\u00e8ge Champagnat \u00e0 L&#039;Arbresle : r\u00e9seau TCL, lignes de bus, abonnements jeunes et acc\u00e8s s\u00e9curis\u00e9 \u00e0 l&#039;\u00e9cole.\" \/>\n<meta property=\"og:url\" content=\"https:\/\/www.groupechampagnat.fr\/college-st-marcelin-champagnat\/vie-scolaire\/transports\/\" \/>\n<meta property=\"og:site_name\" content=\"Coll\u00e8ge St Marcellin Champagnat\" \/>\n<meta property=\"article:modified_time\" content=\"2026-01-12T14:06:18+00:00\" \/>\n<meta property=\"og:image\" content=\"https:\/\/www.groupechampagnat.fr\/wp-sites\/uploads\/sites\/2\/2025\/09\/top_champagnat.webp\" \/>\n\t<meta property=\"og:image:width\" content=\"1200\" \/>\n\t<meta property=\"og:image:height\" content=\"450\" \/>\n\t<meta property=\"og:image:type\" content=\"image\/webp\" \/>\n<meta name=\"twitter:card\" content=\"summary_large_image\" \/>\n<meta name=\"twitter:label1\" content=\"Dur\u00e9e de lecture estim\u00e9e\" \/>\n\t<meta name=\"twitter:data1\" content=\"2 minutes\" \/>\n<script type=\"application\/ld+json\" class=\"yoast-schema-graph\">{\"@context\":\"https:\\\/\\\/schema.org\",\"@graph\":[{\"@type\":\"WebPage\",\"@id\":\"https:\\\/\\\/www.groupechampagnat.fr\\\/college-st-marcelin-champagnat\\\/vie-scolaire\\\/transports\\\/\",\"url\":\"https:\\\/\\\/www.groupechampagnat.fr\\\/college-st-marcelin-champagnat\\\/vie-scolaire\\\/transports\\\/\",\"name\":\"Transports - Coll\u00e8ge St Marcellin Champagnat\",\"isPartOf\":{\"@id\":\"https:\\\/\\\/www.groupechampagnat.fr\\\/college-st-marcelin-champagnat\\\/#website\"},\"primaryImageOfPage\":{\"@id\":\"https:\\\/\\\/www.groupechampagnat.fr\\\/college-st-marcelin-champagnat\\\/vie-scolaire\\\/transports\\\/#primaryimage\"},\"image\":{\"@id\":\"https:\\\/\\\/www.groupechampagnat.fr\\\/college-st-marcelin-champagnat\\\/vie-scolaire\\\/transports\\\/#primaryimage\"},\"thumbnailUrl\":\"https:\\\/\\\/www.groupechampagnat.fr\\\/wp-sites\\\/uploads\\\/sites\\\/2\\\/2025\\\/09\\\/top_champagnat.webp\",\"datePublished\":\"2025-12-31T11:41:52+00:00\",\"dateModified\":\"2026-01-12T14:06:18+00:00\",\"description\":\"Transport scolaire pour le coll\u00e8ge Champagnat \u00e0 L'Arbresle : r\u00e9seau TCL, lignes de bus, abonnements jeunes et acc\u00e8s s\u00e9curis\u00e9 \u00e0 l'\u00e9cole.\",\"breadcrumb\":{\"@id\":\"https:\\\/\\\/www.groupechampagnat.fr\\\/college-st-marcelin-champagnat\\\/vie-scolaire\\\/transports\\\/#breadcrumb\"},\"inLanguage\":\"fr-FR\",\"potentialAction\":[{\"@type\":\"ReadAction\",\"target\":[\"https:\\\/\\\/www.groupechampagnat.fr\\\/college-st-marcelin-champagnat\\\/vie-scolaire\\\/transports\\\/\"]}]},{\"@type\":\"ImageObject\",\"inLanguage\":\"fr-FR\",\"@id\":\"https:\\\/\\\/www.groupechampagnat.fr\\\/college-st-marcelin-champagnat\\\/vie-scolaire\\\/transports\\\/#primaryimage\",\"url\":\"https:\\\/\\\/www.groupechampagnat.fr\\\/wp-sites\\\/uploads\\\/sites\\\/2\\\/2025\\\/09\\\/top_champagnat.webp\",\"contentUrl\":\"https:\\\/\\\/www.groupechampagnat.fr\\\/wp-sites\\\/uploads\\\/sites\\\/2\\\/2025\\\/09\\\/top_champagnat.webp\",\"width\":1200,\"height\":450},{\"@type\":\"BreadcrumbList\",\"@id\":\"https:\\\/\\\/www.groupechampagnat.fr\\\/college-st-marcelin-champagnat\\\/vie-scolaire\\\/transports\\\/#breadcrumb\",\"itemListElement\":[{\"@type\":\"ListItem\",\"position\":1,\"name\":\"Accueil\",\"item\":\"https:\\\/\\\/www.groupechampagnat.fr\\\/college-st-marcelin-champagnat\\\/\"},{\"@type\":\"ListItem\",\"position\":2,\"name\":\"Vie scolaire\",\"item\":\"https:\\\/\\\/www.groupechampagnat.fr\\\/college-st-marcelin-champagnat\\\/vie-scolaire\\\/\"},{\"@type\":\"ListItem\",\"position\":3,\"name\":\"Transports\"}]},{\"@type\":\"WebSite\",\"@id\":\"https:\\\/\\\/www.groupechampagnat.fr\\\/college-st-marcelin-champagnat\\\/#website\",\"url\":\"https:\\\/\\\/www.groupechampagnat.fr\\\/college-st-marcelin-champagnat\\\/\",\"name\":\"Coll\u00e8ge St Marcellin Champagnat\",\"description\":\"\",\"potentialAction\":[{\"@type\":\"SearchAction\",\"target\":{\"@type\":\"EntryPoint\",\"urlTemplate\":\"https:\\\/\\\/www.groupechampagnat.fr\\\/college-st-marcelin-champagnat\\\/?s={search_term_string}\"},\"query-input\":{\"@type\":\"PropertyValueSpecification\",\"valueRequired\":true,\"valueName\":\"search_term_string\"}}],\"inLanguage\":\"fr-FR\"}]}<\/script>\n<!-- \/ Yoast SEO plugin. -->","yoast_head_json":{"title":"Transports - Coll\u00e8ge St Marcellin Champagnat","description":"Transport scolaire pour le coll\u00e8ge Champagnat \u00e0 L'Arbresle : r\u00e9seau TCL, lignes de bus, abonnements jeunes et acc\u00e8s s\u00e9curis\u00e9 \u00e0 l'\u00e9cole.","robots":{"index":"index","follow":"follow","max-snippet":"max-snippet:-1","max-image-preview":"max-image-preview:large","max-video-preview":"max-video-preview:-1"},"canonical":"https:\/\/www.groupechampagnat.fr\/college-st-marcelin-champagnat\/vie-scolaire\/transports\/","og_locale":"fr_FR","og_type":"article","og_title":"Transports - Coll\u00e8ge St Marcellin Champagnat","og_description":"Transport scolaire pour le coll\u00e8ge Champagnat \u00e0 L'Arbresle : r\u00e9seau TCL, lignes de bus, abonnements jeunes et acc\u00e8s s\u00e9curis\u00e9 \u00e0 l'\u00e9cole.","og_url":"https:\/\/www.groupechampagnat.fr\/college-st-marcelin-champagnat\/vie-scolaire\/transports\/","og_site_name":"Coll\u00e8ge St Marcellin Champagnat","article_modified_time":"2026-01-12T14:06:18+00:00","og_image":[{"width":1200,"height":450,"url":"https:\/\/www.groupechampagnat.fr\/wp-sites\/uploads\/sites\/2\/2025\/09\/top_champagnat.webp","type":"image\/webp"}],"twitter_card":"summary_large_image","twitter_misc":{"Dur\u00e9e de lecture estim\u00e9e":"2 minutes"},"schema":{"@context":"https:\/\/schema.org","@graph":[{"@type":"WebPage","@id":"https:\/\/www.groupechampagnat.fr\/college-st-marcelin-champagnat\/vie-scolaire\/transports\/","url":"https:\/\/www.groupechampagnat.fr\/college-st-marcelin-champagnat\/vie-scolaire\/transports\/","name":"Transports - Coll\u00e8ge St Marcellin Champagnat","isPartOf":{"@id":"https:\/\/www.groupechampagnat.fr\/college-st-marcelin-champagnat\/#website"},"primaryImageOfPage":{"@id":"https:\/\/www.groupechampagnat.fr\/college-st-marcelin-champagnat\/vie-scolaire\/transports\/#primaryimage"},"image":{"@id":"https:\/\/www.groupechampagnat.fr\/college-st-marcelin-champagnat\/vie-scolaire\/transports\/#primaryimage"},"thumbnailUrl":"https:\/\/www.groupechampagnat.fr\/wp-sites\/uploads\/sites\/2\/2025\/09\/top_champagnat.webp","datePublished":"2025-12-31T11:41:52+00:00","dateModified":"2026-01-12T14:06:18+00:00","description":"Transport scolaire pour le coll\u00e8ge Champagnat \u00e0 L'Arbresle : r\u00e9seau TCL, lignes de bus, abonnements jeunes et acc\u00e8s s\u00e9curis\u00e9 \u00e0 l'\u00e9cole.","breadcrumb":{"@id":"https:\/\/www.groupechampagnat.fr\/college-st-marcelin-champagnat\/vie-scolaire\/transports\/#breadcrumb"},"inLanguage":"fr-FR","potentialAction":[{"@type":"ReadAction","target":["https:\/\/www.groupechampagnat.fr\/college-st-marcelin-champagnat\/vie-scolaire\/transports\/"]}]},{"@type":"ImageObject","inLanguage":"fr-FR","@id":"https:\/\/www.groupechampagnat.fr\/college-st-marcelin-champagnat\/vie-scolaire\/transports\/#primaryimage","url":"https:\/\/www.groupechampagnat.fr\/wp-sites\/uploads\/sites\/2\/2025\/09\/top_champagnat.webp","contentUrl":"https:\/\/www.groupechampagnat.fr\/wp-sites\/uploads\/sites\/2\/2025\/09\/top_champagnat.webp","width":1200,"height":450},{"@type":"BreadcrumbList","@id":"https:\/\/www.groupechampagnat.fr\/college-st-marcelin-champagnat\/vie-scolaire\/transports\/#breadcrumb","itemListElement":[{"@type":"ListItem","position":1,"name":"Accueil","item":"https:\/\/www.groupechampagnat.fr\/college-st-marcelin-champagnat\/"},{"@type":"ListItem","position":2,"name":"Vie scolaire","item":"https:\/\/www.groupechampagnat.fr\/college-st-marcelin-champagnat\/vie-scolaire\/"},{"@type":"ListItem","position":3,"name":"Transports"}]},{"@type":"WebSite","@id":"https:\/\/www.groupechampagnat.fr\/college-st-marcelin-champagnat\/#website","url":"https:\/\/www.groupechampagnat.fr\/college-st-marcelin-champagnat\/","name":"Coll\u00e8ge St Marcellin Champagnat","description":"","potentialAction":[{"@type":"SearchAction","target":{"@type":"EntryPoint","urlTemplate":"https:\/\/www.groupechampagnat.fr\/college-st-marcelin-champagnat\/?s={search_term_string}"},"query-input":{"@type":"PropertyValueSpecification","valueRequired":true,"valueName":"search_term_string"}}],"inLanguage":"fr-FR"}]}},"_links":{"self":[{"href":"https:\/\/www.groupechampagnat.fr\/college-st-marcelin-champagnat\/wp-json\/wp\/v2\/pages\/728","targetHints":{"allow":["GET"]}}],"collection":[{"href":"https:\/\/www.groupechampagnat.fr\/college-st-marcelin-champagnat\/wp-json\/wp\/v2\/pages"}],"about":[{"href":"https:\/\/www.groupechampagnat.fr\/college-st-marcelin-champagnat\/wp-json\/wp\/v2\/types\/page"}],"author":[{"embeddable":true,"href":"https:\/\/www.groupechampagnat.fr\/college-st-marcelin-champagnat\/wp-json\/wp\/v2\/users\/1"}],"replies":[{"embeddable":true,"href":"https:\/\/www.groupechampagnat.fr\/college-st-marcelin-champagnat\/wp-json\/wp\/v2\/comments?post=728"}],"version-history":[{"count":4,"href":"https:\/\/www.groupechampagnat.fr\/college-st-marcelin-champagnat\/wp-json\/wp\/v2\/pages\/728\/revisions"}],"predecessor-version":[{"id":753,"href":"https:\/\/www.groupechampagnat.fr\/college-st-marcelin-champagnat\/wp-json\/wp\/v2\/pages\/728\/revisions\/753"}],"up":[{"embeddable":true,"href":"https:\/\/www.groupechampagnat.fr\/college-st-marcelin-champagnat\/wp-json\/wp\/v2\/pages\/155"}],"wp:featuredmedia":[{"embeddable":true,"href":"https:\/\/www.groupechampagnat.fr\/college-st-marcelin-champagnat\/wp-json\/wp\/v2\/media\/142"}],"wp:attachment":[{"href":"https:\/\/www.groupechampagnat.fr\/college-st-marcelin-champagnat\/wp-json\/wp\/v2\/media?parent=728"}],"curies":[{"name":"wp","href":"https:\/\/api.w.org\/{rel}","templated":true}]}}