{"id":55,"date":"2023-08-23T17:59:10","date_gmt":"2023-08-23T15:59:10","guid":{"rendered":"https:\/\/test.groupechampagnat.fr\/college-st-marcelin-champagnat\/visite-des-locaux\/"},"modified":"2026-01-12T15:04:10","modified_gmt":"2026-01-12T14:04:10","slug":"visite","status":"publish","type":"page","link":"https:\/\/www.groupechampagnat.fr\/college-st-marcelin-champagnat\/etablissement\/visite\/","title":{"rendered":"Visite des locaux"},"content":{"rendered":"\n<div class=\"wp-block-group bloc is-layout-constrained wp-block-group-is-layout-constrained\">\n<h3 class=\"wp-block-heading\">Venez d\u00e9couvrir le coll\u00e8ge\u2026 Bonne visite !<\/h3>\n\n\n\n<iframe loading=\"lazy\" src=\"https:\/\/www.google.com\/maps\/embed?pb=!4v1610028268367!6m8!1m7!1sU0GGI_oyLLo2-xmu9-KSew!2m2!1d45.83598122510053!2d4.618349703048938!3f79.75511773558657!4f5.767315060484663!5f0.7820865974627469\" style=\"border:0;\" allowfullscreen=\"\" aria-hidden=\"false\" tabindex=\"0\" width=\"100%\" height=\"450\" frameborder=\"0\"><\/iframe>\n<\/div>\n\n\n\n<div style=\"height:20px\" aria-hidden=\"true\" class=\"wp-block-spacer\"><\/div>\n\n\n\n<div class=\"wp-block-columns is-layout-flex wp-container-core-columns-is-layout-9d6595d7 wp-block-columns-is-layout-flex\">\n<div class=\"wp-block-column bloc is-layout-flow wp-block-column-is-layout-flow\">\n<h3 class=\"wp-block-heading\"><strong>La cour du coll\u00e8ge<\/strong><\/h3>\n\n\n\n<iframe loading=\"lazy\" src=\"https:\/\/www.google.com\/maps\/embed?pb=!4v1609756696466!6m8!1m7!1sCAoSLEFGMVFpcE5TYmx3ZnRqRUd0TVh5eWZ0dl9MV21xOUdCZDBUX2Z3MmlveHFq!2m2!1d45.836375984293!2d4.6191829572445!3f287.37695599936126!4f-0.697870636163131!5f0.7820865974627469\" style=\"border:0;\" allowfullscreen=\"\" aria-hidden=\"false\" tabindex=\"0\" width=\"100%\" height=\"450\" frameborder=\"0\"><\/iframe>\n<\/div>\n\n\n\n<div class=\"wp-block-column bloc is-layout-flow wp-block-column-is-layout-flow\">\n<h3 class=\"wp-block-heading\"><strong>La salle d\u2019arts plastiques<\/strong><\/h3>\n\n\n\n<iframe loading=\"lazy\" src=\"https:\/\/www.google.com\/maps\/embed?pb=!4v1610025755903!6m8!1m7!1sCAoSLEFGMVFpcE9CU3h2R2tQRER0UFUxakQ2Uk5wSHRWaUo5WV9zZGcxdG5Pemxm!2m2!1d45.836564441533!2d4.6191487319813!3f302.82465214897604!4f-16.2753690087239!5f0.4000000000000002\" style=\"border:0;\" allowfullscreen=\"\" aria-hidden=\"false\" tabindex=\"0\" width=\"100%\" height=\"450\" frameborder=\"0\"><\/iframe>\n<\/div>\n<\/div>\n\n\n\n<div class=\"wp-block-columns is-layout-flex wp-container-core-columns-is-layout-9d6595d7 wp-block-columns-is-layout-flex\">\n<div class=\"wp-block-column bloc is-layout-flow wp-block-column-is-layout-flow\">\n<h3 class=\"wp-block-heading\"><strong>La salle de technologie<\/strong><\/h3>\n\n\n\n<iframe loading=\"lazy\" src=\"https:\/\/www.google.com\/maps\/embed?pb=!4v1610028126528!6m8!1m7!1sCAoSLEFGMVFpcE1tMEtnenBMV2Vld21oeVc5SUVxdUl3YU5URkFLS1dsMndkS2py!2m2!1d45.836441156396!2d4.618708354002!3f26.723224760562942!4f-8.32588836938234!5f0.7820865974627469\" style=\"border:0;\" allowfullscreen=\"\" aria-hidden=\"false\" tabindex=\"0\" width=\"100%\" height=\"450\" frameborder=\"0\"><\/iframe>\n<\/div>\n\n\n\n<div class=\"wp-block-column bloc is-layout-flow wp-block-column-is-layout-flow\">\n<h3 class=\"wp-block-heading\"><strong>La salle de SVT<\/strong><\/h3>\n\n\n\n<iframe loading=\"lazy\" src=\"https:\/\/www.google.com\/maps\/embed?pb=!4v1610031659480!6m8!1m7!1sCAoSLEFGMVFpcE5yZTJEb0UzU1BPV1pVQ0tYbFpuWE9QSEY5MFJXVVVNNWZRaWhL!2m2!1d45.836518102012!2d4.6189074497376!3f223.2935241654395!4f-9.850945576688432!5f0.7820865974627469\" style=\"border:0;\" allowfullscreen=\"\" aria-hidden=\"false\" tabindex=\"0\" width=\"100%\" height=\"450\" frameborder=\"0\"><\/iframe>\n<\/div>\n<\/div>\n\n\n\n<div class=\"wp-block-columns is-layout-flex wp-container-core-columns-is-layout-9d6595d7 wp-block-columns-is-layout-flex\">\n<div class=\"wp-block-column bloc is-layout-flow wp-block-column-is-layout-flow\">\n<h3 class=\"wp-block-heading\"><strong>La salle informatique<\/strong><\/h3>\n\n\n\n<iframe loading=\"lazy\" src=\"https:\/\/www.google.com\/maps\/embed?pb=!4v1610026103577!6m8!1m7!1sCAoSLEFGMVFpcE40SEhkM0o1QlRjTDBNSFoxd2daN2JZdWdDcFNjT3hLVzVBRmNj!2m2!1d45.836485021089!2d4.6192599270878!3f302.9609240065456!4f-4.445748193368161!5f0.7820865974627469\" style=\"border:0;\" allowfullscreen=\"\" aria-hidden=\"false\" tabindex=\"0\" width=\"100%\" height=\"450\" frameborder=\"0\"><\/iframe>\n<\/div>\n\n\n\n<div class=\"wp-block-column bloc is-layout-flow wp-block-column-is-layout-flow\">\n<h3 class=\"wp-block-heading\"><strong>Le CDI<\/strong><\/h3>\n\n\n\n<iframe loading=\"lazy\" src=\"https:\/\/www.google.com\/maps\/embed?pb=!4v1610026181321!6m8!1m7!1sCAoSLEFGMVFpcE0xZUxlaFRlRW9pdFp2NmNncHFZV2ozMVpTcTZQYWI2TjFWUG15!2m2!1d45.836192844002!2d4.6185836312828!3f30.72903458773724!4f-1.3626022836665754!5f0.7820865974627469\" style=\"border:0;\" allowfullscreen=\"\" aria-hidden=\"false\" tabindex=\"0\" width=\"100%\" height=\"450\" frameborder=\"0\"><\/iframe>\n<\/div>\n<\/div>\n\n\n\n<div class=\"wp-block-columns is-layout-flex wp-container-core-columns-is-layout-9d6595d7 wp-block-columns-is-layout-flex\">\n<div class=\"wp-block-column bloc is-layout-flow wp-block-column-is-layout-flow\">\n<h3 class=\"wp-block-heading\"><strong>La salle de cin\u00e9m<\/strong>a<\/h3>\n\n\n\n<iframe loading=\"lazy\" src=\"https:\/\/www.google.com\/maps\/embed?pb=!4v1610028187832!6m8!1m7!1sCAoSLEFGMVFpcE5pbVFQN195d1lPejFzN0xQWXBvOU1naTJUYWNGVUg3SDFCc3Qw!2m2!1d45.836299511941!2d4.6185093748341!3f223.32645240883673!4f-8.17186018039456!5f0.7820865974627469\" style=\"border:0;\" allowfullscreen=\"\" aria-hidden=\"false\" tabindex=\"0\" width=\"100%\" height=\"450\" frameborder=\"0\"><\/iframe>\n<\/div>\n\n\n\n<div class=\"wp-block-column bloc is-layout-flow wp-block-column-is-layout-flow\">\n<h3 class=\"wp-block-heading\"><strong>La salle d\u2019\u00e9tude 70<\/strong><\/h3>\n\n\n\n<iframe loading=\"lazy\" src=\"https:\/\/www.google.com\/maps\/embed?pb=!4v1610026274005!6m8!1m7!1sCAoSLEFGMVFpcFBtUWFfaGFjMUUxT2FRQ3FQMDBaTERKV0phUUsxT3IzdVk0VW5Q!2m2!1d45.836156125807!2d4.6183698999653!3f40!4f0!5f0.7820865974627469\" style=\"border:0;\" allowfullscreen=\"\" aria-hidden=\"false\" tabindex=\"0\" width=\"100%\" height=\"450\" frameborder=\"0\"><\/iframe>\n<\/div>\n<\/div>\n","protected":false},"excerpt":{"rendered":"<p>Venez d\u00e9couvrir le coll\u00e8ge\u2026 Bonne visite ! La cour du coll\u00e8ge La salle d\u2019arts plastiques La salle de technologie La salle de SVT La salle informatique Le CDI La salle de cin\u00e9ma La salle d\u2019\u00e9tude 70<\/p>\n","protected":false},"author":1,"featured_media":142,"parent":153,"menu_order":3,"comment_status":"closed","ping_status":"closed","template":"","meta":{"footnotes":""},"class_list":["post-55","page","type-page","status-publish","has-post-thumbnail","hentry"],"yoast_head":"<!-- This site is optimized with the Yoast SEO plugin v27.4 - https:\/\/yoast.com\/product\/yoast-seo-wordpress\/ -->\n<title>Visite des locaux - Coll\u00e8ge St Marcellin Champagnat<\/title>\n<meta name=\"description\" content=\"Visitez le coll\u00e8ge en r\u00e9alit\u00e9 virtuelle, les salles de classe, laboratoires, CDI, cin\u00e9mas et tous les \u00e9quipements,\" \/>\n<meta name=\"robots\" content=\"index, follow, max-snippet:-1, max-image-preview:large, max-video-preview:-1\" \/>\n<link rel=\"canonical\" href=\"https:\/\/www.groupechampagnat.fr\/college-st-marcelin-champagnat\/etablissement\/visite\/\" \/>\n<meta property=\"og:locale\" content=\"fr_FR\" \/>\n<meta property=\"og:type\" content=\"article\" \/>\n<meta property=\"og:title\" content=\"Visite des locaux - Coll\u00e8ge St Marcellin Champagnat\" \/>\n<meta property=\"og:description\" content=\"Visitez le coll\u00e8ge en r\u00e9alit\u00e9 virtuelle, les salles de classe, laboratoires, CDI, cin\u00e9mas et tous les \u00e9quipements,\" \/>\n<meta property=\"og:url\" content=\"https:\/\/www.groupechampagnat.fr\/college-st-marcelin-champagnat\/etablissement\/visite\/\" \/>\n<meta property=\"og:site_name\" content=\"Coll\u00e8ge St Marcellin Champagnat\" \/>\n<meta property=\"article:modified_time\" content=\"2026-01-12T14:04:10+00:00\" \/>\n<meta property=\"og:image\" content=\"https:\/\/www.groupechampagnat.fr\/wp-sites\/uploads\/sites\/2\/2025\/09\/top_champagnat.webp\" \/>\n\t<meta property=\"og:image:width\" content=\"1200\" \/>\n\t<meta property=\"og:image:height\" content=\"450\" \/>\n\t<meta property=\"og:image:type\" content=\"image\/webp\" \/>\n<meta name=\"twitter:card\" content=\"summary_large_image\" \/>\n<meta name=\"twitter:label1\" content=\"Dur\u00e9e de lecture estim\u00e9e\" \/>\n\t<meta name=\"twitter:data1\" content=\"1 minute\" \/>\n<script type=\"application\/ld+json\" class=\"yoast-schema-graph\">{\"@context\":\"https:\\\/\\\/schema.org\",\"@graph\":[{\"@type\":\"WebPage\",\"@id\":\"https:\\\/\\\/www.groupechampagnat.fr\\\/college-st-marcelin-champagnat\\\/etablissement\\\/visite\\\/\",\"url\":\"https:\\\/\\\/www.groupechampagnat.fr\\\/college-st-marcelin-champagnat\\\/etablissement\\\/visite\\\/\",\"name\":\"Visite des locaux - Coll\u00e8ge St Marcellin Champagnat\",\"isPartOf\":{\"@id\":\"https:\\\/\\\/www.groupechampagnat.fr\\\/college-st-marcelin-champagnat\\\/#website\"},\"primaryImageOfPage\":{\"@id\":\"https:\\\/\\\/www.groupechampagnat.fr\\\/college-st-marcelin-champagnat\\\/etablissement\\\/visite\\\/#primaryimage\"},\"image\":{\"@id\":\"https:\\\/\\\/www.groupechampagnat.fr\\\/college-st-marcelin-champagnat\\\/etablissement\\\/visite\\\/#primaryimage\"},\"thumbnailUrl\":\"https:\\\/\\\/www.groupechampagnat.fr\\\/wp-sites\\\/uploads\\\/sites\\\/2\\\/2025\\\/09\\\/top_champagnat.webp\",\"datePublished\":\"2023-08-23T15:59:10+00:00\",\"dateModified\":\"2026-01-12T14:04:10+00:00\",\"description\":\"Visitez le coll\u00e8ge en r\u00e9alit\u00e9 virtuelle, les salles de classe, laboratoires, CDI, cin\u00e9mas et tous les \u00e9quipements,\",\"breadcrumb\":{\"@id\":\"https:\\\/\\\/www.groupechampagnat.fr\\\/college-st-marcelin-champagnat\\\/etablissement\\\/visite\\\/#breadcrumb\"},\"inLanguage\":\"fr-FR\",\"potentialAction\":[{\"@type\":\"ReadAction\",\"target\":[\"https:\\\/\\\/www.groupechampagnat.fr\\\/college-st-marcelin-champagnat\\\/etablissement\\\/visite\\\/\"]}]},{\"@type\":\"ImageObject\",\"inLanguage\":\"fr-FR\",\"@id\":\"https:\\\/\\\/www.groupechampagnat.fr\\\/college-st-marcelin-champagnat\\\/etablissement\\\/visite\\\/#primaryimage\",\"url\":\"https:\\\/\\\/www.groupechampagnat.fr\\\/wp-sites\\\/uploads\\\/sites\\\/2\\\/2025\\\/09\\\/top_champagnat.webp\",\"contentUrl\":\"https:\\\/\\\/www.groupechampagnat.fr\\\/wp-sites\\\/uploads\\\/sites\\\/2\\\/2025\\\/09\\\/top_champagnat.webp\",\"width\":1200,\"height\":450},{\"@type\":\"BreadcrumbList\",\"@id\":\"https:\\\/\\\/www.groupechampagnat.fr\\\/college-st-marcelin-champagnat\\\/etablissement\\\/visite\\\/#breadcrumb\",\"itemListElement\":[{\"@type\":\"ListItem\",\"position\":1,\"name\":\"Accueil\",\"item\":\"https:\\\/\\\/www.groupechampagnat.fr\\\/college-st-marcelin-champagnat\\\/\"},{\"@type\":\"ListItem\",\"position\":2,\"name\":\"\u00c9tablissement\",\"item\":\"https:\\\/\\\/www.groupechampagnat.fr\\\/college-st-marcelin-champagnat\\\/etablissement\\\/\"},{\"@type\":\"ListItem\",\"position\":3,\"name\":\"Visite des locaux\"}]},{\"@type\":\"WebSite\",\"@id\":\"https:\\\/\\\/www.groupechampagnat.fr\\\/college-st-marcelin-champagnat\\\/#website\",\"url\":\"https:\\\/\\\/www.groupechampagnat.fr\\\/college-st-marcelin-champagnat\\\/\",\"name\":\"Coll\u00e8ge St Marcellin Champagnat\",\"description\":\"\",\"potentialAction\":[{\"@type\":\"SearchAction\",\"target\":{\"@type\":\"EntryPoint\",\"urlTemplate\":\"https:\\\/\\\/www.groupechampagnat.fr\\\/college-st-marcelin-champagnat\\\/?s={search_term_string}\"},\"query-input\":{\"@type\":\"PropertyValueSpecification\",\"valueRequired\":true,\"valueName\":\"search_term_string\"}}],\"inLanguage\":\"fr-FR\"}]}<\/script>\n<!-- \/ Yoast SEO plugin. -->","yoast_head_json":{"title":"Visite des locaux - Coll\u00e8ge St Marcellin Champagnat","description":"Visitez le coll\u00e8ge en r\u00e9alit\u00e9 virtuelle, les salles de classe, laboratoires, CDI, cin\u00e9mas et tous les \u00e9quipements,","robots":{"index":"index","follow":"follow","max-snippet":"max-snippet:-1","max-image-preview":"max-image-preview:large","max-video-preview":"max-video-preview:-1"},"canonical":"https:\/\/www.groupechampagnat.fr\/college-st-marcelin-champagnat\/etablissement\/visite\/","og_locale":"fr_FR","og_type":"article","og_title":"Visite des locaux - Coll\u00e8ge St Marcellin Champagnat","og_description":"Visitez le coll\u00e8ge en r\u00e9alit\u00e9 virtuelle, les salles de classe, laboratoires, CDI, cin\u00e9mas et tous les \u00e9quipements,","og_url":"https:\/\/www.groupechampagnat.fr\/college-st-marcelin-champagnat\/etablissement\/visite\/","og_site_name":"Coll\u00e8ge St Marcellin Champagnat","article_modified_time":"2026-01-12T14:04:10+00:00","og_image":[{"width":1200,"height":450,"url":"https:\/\/www.groupechampagnat.fr\/wp-sites\/uploads\/sites\/2\/2025\/09\/top_champagnat.webp","type":"image\/webp"}],"twitter_card":"summary_large_image","twitter_misc":{"Dur\u00e9e de lecture estim\u00e9e":"1 minute"},"schema":{"@context":"https:\/\/schema.org","@graph":[{"@type":"WebPage","@id":"https:\/\/www.groupechampagnat.fr\/college-st-marcelin-champagnat\/etablissement\/visite\/","url":"https:\/\/www.groupechampagnat.fr\/college-st-marcelin-champagnat\/etablissement\/visite\/","name":"Visite des locaux - Coll\u00e8ge St Marcellin Champagnat","isPartOf":{"@id":"https:\/\/www.groupechampagnat.fr\/college-st-marcelin-champagnat\/#website"},"primaryImageOfPage":{"@id":"https:\/\/www.groupechampagnat.fr\/college-st-marcelin-champagnat\/etablissement\/visite\/#primaryimage"},"image":{"@id":"https:\/\/www.groupechampagnat.fr\/college-st-marcelin-champagnat\/etablissement\/visite\/#primaryimage"},"thumbnailUrl":"https:\/\/www.groupechampagnat.fr\/wp-sites\/uploads\/sites\/2\/2025\/09\/top_champagnat.webp","datePublished":"2023-08-23T15:59:10+00:00","dateModified":"2026-01-12T14:04:10+00:00","description":"Visitez le coll\u00e8ge en r\u00e9alit\u00e9 virtuelle, les salles de classe, laboratoires, CDI, cin\u00e9mas et tous les \u00e9quipements,","breadcrumb":{"@id":"https:\/\/www.groupechampagnat.fr\/college-st-marcelin-champagnat\/etablissement\/visite\/#breadcrumb"},"inLanguage":"fr-FR","potentialAction":[{"@type":"ReadAction","target":["https:\/\/www.groupechampagnat.fr\/college-st-marcelin-champagnat\/etablissement\/visite\/"]}]},{"@type":"ImageObject","inLanguage":"fr-FR","@id":"https:\/\/www.groupechampagnat.fr\/college-st-marcelin-champagnat\/etablissement\/visite\/#primaryimage","url":"https:\/\/www.groupechampagnat.fr\/wp-sites\/uploads\/sites\/2\/2025\/09\/top_champagnat.webp","contentUrl":"https:\/\/www.groupechampagnat.fr\/wp-sites\/uploads\/sites\/2\/2025\/09\/top_champagnat.webp","width":1200,"height":450},{"@type":"BreadcrumbList","@id":"https:\/\/www.groupechampagnat.fr\/college-st-marcelin-champagnat\/etablissement\/visite\/#breadcrumb","itemListElement":[{"@type":"ListItem","position":1,"name":"Accueil","item":"https:\/\/www.groupechampagnat.fr\/college-st-marcelin-champagnat\/"},{"@type":"ListItem","position":2,"name":"\u00c9tablissement","item":"https:\/\/www.groupechampagnat.fr\/college-st-marcelin-champagnat\/etablissement\/"},{"@type":"ListItem","position":3,"name":"Visite des locaux"}]},{"@type":"WebSite","@id":"https:\/\/www.groupechampagnat.fr\/college-st-marcelin-champagnat\/#website","url":"https:\/\/www.groupechampagnat.fr\/college-st-marcelin-champagnat\/","name":"Coll\u00e8ge St Marcellin Champagnat","description":"","potentialAction":[{"@type":"SearchAction","target":{"@type":"EntryPoint","urlTemplate":"https:\/\/www.groupechampagnat.fr\/college-st-marcelin-champagnat\/?s={search_term_string}"},"query-input":{"@type":"PropertyValueSpecification","valueRequired":true,"valueName":"search_term_string"}}],"inLanguage":"fr-FR"}]}},"_links":{"self":[{"href":"https:\/\/www.groupechampagnat.fr\/college-st-marcelin-champagnat\/wp-json\/wp\/v2\/pages\/55","targetHints":{"allow":["GET"]}}],"collection":[{"href":"https:\/\/www.groupechampagnat.fr\/college-st-marcelin-champagnat\/wp-json\/wp\/v2\/pages"}],"about":[{"href":"https:\/\/www.groupechampagnat.fr\/college-st-marcelin-champagnat\/wp-json\/wp\/v2\/types\/page"}],"author":[{"embeddable":true,"href":"https:\/\/www.groupechampagnat.fr\/college-st-marcelin-champagnat\/wp-json\/wp\/v2\/users\/1"}],"replies":[{"embeddable":true,"href":"https:\/\/www.groupechampagnat.fr\/college-st-marcelin-champagnat\/wp-json\/wp\/v2\/comments?post=55"}],"version-history":[{"count":14,"href":"https:\/\/www.groupechampagnat.fr\/college-st-marcelin-champagnat\/wp-json\/wp\/v2\/pages\/55\/revisions"}],"predecessor-version":[{"id":474,"href":"https:\/\/www.groupechampagnat.fr\/college-st-marcelin-champagnat\/wp-json\/wp\/v2\/pages\/55\/revisions\/474"}],"up":[{"embeddable":true,"href":"https:\/\/www.groupechampagnat.fr\/college-st-marcelin-champagnat\/wp-json\/wp\/v2\/pages\/153"}],"wp:featuredmedia":[{"embeddable":true,"href":"https:\/\/www.groupechampagnat.fr\/college-st-marcelin-champagnat\/wp-json\/wp\/v2\/media\/142"}],"wp:attachment":[{"href":"https:\/\/www.groupechampagnat.fr\/college-st-marcelin-champagnat\/wp-json\/wp\/v2\/media?parent=55"}],"curies":[{"name":"wp","href":"https:\/\/api.w.org\/{rel}","templated":true}]}}