{"id":53,"date":"2023-08-23T17:59:10","date_gmt":"2023-08-23T15:59:10","guid":{"rendered":"https:\/\/test.groupechampagnat.fr\/college-st-marcelin-champagnat\/lequipe-educative\/"},"modified":"2026-03-03T09:50:58","modified_gmt":"2026-03-03T08:50:58","slug":"equipe","status":"publish","type":"page","link":"https:\/\/www.groupechampagnat.fr\/college-st-marcelin-champagnat\/projet-pedagogique\/equipe\/","title":{"rendered":"L\u2019\u00e9quipe \u00e9ducative"},"content":{"rendered":"\n<figure class=\"wp-block-image aligncenter size-full\"><img loading=\"lazy\" decoding=\"async\" width=\"1024\" height=\"480\" src=\"https:\/\/www.groupechampagnat.fr\/wp-sites\/uploads\/sites\/2\/2025\/11\/equipe_champagnat.webp\" alt=\"\" class=\"wp-image-694\" srcset=\"https:\/\/www.groupechampagnat.fr\/wp-sites\/uploads\/sites\/2\/2025\/11\/equipe_champagnat.webp 1024w, https:\/\/www.groupechampagnat.fr\/wp-sites\/uploads\/sites\/2\/2025\/11\/equipe_champagnat-300x141.webp 300w, https:\/\/www.groupechampagnat.fr\/wp-sites\/uploads\/sites\/2\/2025\/11\/equipe_champagnat-768x360.webp 768w\" sizes=\"auto, (max-width: 1024px) 100vw, 1024px\" \/><\/figure>\n\n\n\n<div class=\"wp-block-columns is-layout-flex wp-container-core-columns-is-layout-9d6595d7 wp-block-columns-is-layout-flex\">\n<div class=\"wp-block-column bloc is-layout-flow wp-block-column-is-layout-flow\">\n<figure class=\"wp-block-image alignleft size-full is-resized\"><img loading=\"lazy\" decoding=\"async\" width=\"300\" height=\"300\" src=\"https:\/\/www.groupechampagnat.fr\/wp-sites\/uploads\/sites\/2\/2025\/11\/Pierre-Laurent_Combarette.webp\" alt=\"\" class=\"wp-image-696\" style=\"width:100px;height:auto\" srcset=\"https:\/\/www.groupechampagnat.fr\/wp-sites\/uploads\/sites\/2\/2025\/11\/Pierre-Laurent_Combarette.webp 300w, https:\/\/www.groupechampagnat.fr\/wp-sites\/uploads\/sites\/2\/2025\/11\/Pierre-Laurent_Combarette-150x150.webp 150w\" sizes=\"auto, (max-width: 300px) 100vw, 300px\" \/><\/figure>\n\n\n\n<h3 class=\"wp-block-heading\"><strong>CHEF D\u2019\u00c9TABLISSEMENT<\/strong><\/h3>\n\n\n\n<p><br>M. Pierre Laurent COMBARETTE<\/p>\n<\/div>\n\n\n\n<div class=\"wp-block-column bloc is-layout-flow wp-block-column-is-layout-flow\">\n<figure class=\"wp-block-image alignright size-full is-resized\"><img loading=\"lazy\" decoding=\"async\" width=\"300\" height=\"300\" src=\"https:\/\/www.groupechampagnat.fr\/wp-sites\/uploads\/sites\/2\/2025\/11\/Florian_Guerra.webp\" alt=\"\" class=\"wp-image-697\" style=\"width:100px;height:auto\" srcset=\"https:\/\/www.groupechampagnat.fr\/wp-sites\/uploads\/sites\/2\/2025\/11\/Florian_Guerra.webp 300w, https:\/\/www.groupechampagnat.fr\/wp-sites\/uploads\/sites\/2\/2025\/11\/Florian_Guerra-150x150.webp 150w\" sizes=\"auto, (max-width: 300px) 100vw, 300px\" \/><\/figure>\n\n\n\n<h3 class=\"wp-block-heading\"><strong><strong>RESPONSABLE VIE SCOLAIRE<\/strong><\/strong><\/h3>\n\n\n\n<p><br>M. Florian GUERRA<\/p>\n<\/div>\n<\/div>\n\n\n\n<div class=\"wp-block-columns is-layout-flex wp-container-core-columns-is-layout-9d6595d7 wp-block-columns-is-layout-flex\">\n<div class=\"wp-block-column bloc is-layout-flow wp-block-column-is-layout-flow\">\n<h3 class=\"wp-block-heading\"><strong><strong><strong>RESPONSABLES DE NIVEAU (2025-2026)<\/strong><\/strong><\/strong><\/h3>\n\n\n\n<ul class=\"wp-block-list\">\n<li>6\u00e8me : Mme M\u00e9lissa DUARTE<\/li>\n\n\n\n<li>5\u00e8me : Mme Anne CHAVANT<\/li>\n\n\n\n<li>4\u00e8me : M. Yannick MAUDRY<\/li>\n\n\n\n<li>3\u00e8me : Mme Chryst\u00e8le CHAIX<\/li>\n<\/ul>\n\n\n\n<h3 class=\"wp-block-heading\"><br><strong><strong><strong><strong>RESPONSABLE EN CULTURE RELIGIEUSE et PASTORALE<\/strong><\/strong><\/strong><\/strong><\/h3>\n\n\n\n<p>Mme Sylvie GONIN<\/p>\n<\/div>\n\n\n\n<div class=\"wp-block-column bloc is-layout-flow wp-block-column-is-layout-flow\">\n<h3 class=\"wp-block-heading\"><strong>PROFESSEURS (2025\/2026)<\/strong><\/h3>\n\n\n\n<ul class=\"wp-block-list\">\n<li><strong>Allemand <\/strong>: Mme G\u00dcNSCHE<\/li>\n\n\n\n<li><strong>Anglais <\/strong>: Mmes CURTET, ALBACETE et RICHARD,<\/li>\n\n\n\n<li><strong>Arts Plastiques<\/strong> : Mme BIANCO<\/li>\n\n\n\n<li><strong>Education musicale <\/strong>: M. MAUDRY,<\/li>\n\n\n\n<li><strong>Espagnol <\/strong>: Mmes CHAVANT et FLOQUET<\/li>\n\n\n\n<li><strong>E.P.S.<\/strong> : Mmes DUCARRE, VERNOUX et M. STEM<\/li>\n\n\n\n<li><strong>Fran\u00e7ais <\/strong>: Mmes ANSELME, CORTHIER, MATHIEU, LEBEAU et VERNE<\/li>\n\n\n\n<li><strong>Latin <\/strong>: Mme MATHIEU,<\/li>\n\n\n\n<li><strong>Histoire-g\u00e9ographie<\/strong> : Mmes CHAIX, H\u00c9TIER et M. BESSET<\/li>\n\n\n\n<li><strong>Math\u00e9matiques <\/strong>: Mmes BONNABAUD, LHOTTE, BOUCHER et VERMEULEN<\/li>\n\n\n\n<li><strong>Sciences et Vie de la Terre<\/strong> : M. DUBI\u00c9 et Mme DUARTE<\/li>\n\n\n\n<li><strong>Sciences physiques<\/strong> : Mmes PERREYON et LAURENT<\/li>\n\n\n\n<li><strong>Technologie <\/strong>: MM. MARTIN et VERRIERE<\/li>\n\n\n\n<li><strong>Documentaliste <\/strong>: Mme BUISSON<\/li>\n\n\n\n<li><strong>Pastorale <\/strong>: Mmes GONIN et SIGAL<\/li>\n<\/ul>\n<\/div>\n<\/div>\n\n\n\n<p><\/p>\n","protected":false},"excerpt":{"rendered":"<p>CHEF D\u2019\u00c9TABLISSEMENT M. Pierre Laurent COMBARETTE RESPONSABLE VIE SCOLAIRE M. Florian GUERRA RESPONSABLES DE NIVEAU (2025-2026) RESPONSABLE EN CULTURE RELIGIEUSE et PASTORALE Mme Sylvie GONIN PROFESSEURS (2025\/2026)<\/p>\n","protected":false},"author":1,"featured_media":142,"parent":157,"menu_order":0,"comment_status":"closed","ping_status":"closed","template":"","meta":{"footnotes":""},"class_list":["post-53","page","type-page","status-publish","has-post-thumbnail","hentry"],"yoast_head":"<!-- This site is optimized with the Yoast SEO plugin v27.4 - https:\/\/yoast.com\/product\/yoast-seo-wordpress\/ -->\n<title>L\u2019\u00e9quipe \u00e9ducative - Coll\u00e8ge St Marcellin Champagnat<\/title>\n<meta name=\"description\" content=\"Rencontrez l\u2019\u00e9quipe du Coll\u00e8ge St Marcellin Champagnat : direction, vie scolaire, \u00e9quipe pastorale et professeurs par mati\u00e8re \u00e0 L&#039;Arbresle.\" \/>\n<meta name=\"robots\" content=\"index, follow, max-snippet:-1, max-image-preview:large, max-video-preview:-1\" \/>\n<link rel=\"canonical\" href=\"https:\/\/www.groupechampagnat.fr\/college-st-marcelin-champagnat\/projet-pedagogique\/equipe\/\" \/>\n<meta property=\"og:locale\" content=\"fr_FR\" \/>\n<meta property=\"og:type\" content=\"article\" \/>\n<meta property=\"og:title\" content=\"L\u2019\u00e9quipe \u00e9ducative - Coll\u00e8ge St Marcellin Champagnat\" \/>\n<meta property=\"og:description\" content=\"Rencontrez l\u2019\u00e9quipe du Coll\u00e8ge St Marcellin Champagnat : direction, vie scolaire, \u00e9quipe pastorale et professeurs par mati\u00e8re \u00e0 L&#039;Arbresle.\" \/>\n<meta property=\"og:url\" content=\"https:\/\/www.groupechampagnat.fr\/college-st-marcelin-champagnat\/projet-pedagogique\/equipe\/\" \/>\n<meta property=\"og:site_name\" content=\"Coll\u00e8ge St Marcellin Champagnat\" \/>\n<meta property=\"article:modified_time\" content=\"2026-03-03T08:50:58+00:00\" \/>\n<meta property=\"og:image\" content=\"https:\/\/www.groupechampagnat.fr\/wp-sites\/uploads\/sites\/2\/2025\/09\/top_champagnat.webp\" \/>\n\t<meta property=\"og:image:width\" content=\"1200\" \/>\n\t<meta property=\"og:image:height\" content=\"450\" \/>\n\t<meta property=\"og:image:type\" content=\"image\/webp\" \/>\n<meta name=\"twitter:card\" content=\"summary_large_image\" \/>\n<meta name=\"twitter:label1\" content=\"Dur\u00e9e de lecture estim\u00e9e\" \/>\n\t<meta name=\"twitter:data1\" content=\"2 minutes\" \/>\n<script type=\"application\/ld+json\" class=\"yoast-schema-graph\">{\"@context\":\"https:\\\/\\\/schema.org\",\"@graph\":[{\"@type\":\"WebPage\",\"@id\":\"https:\\\/\\\/www.groupechampagnat.fr\\\/college-st-marcelin-champagnat\\\/projet-pedagogique\\\/equipe\\\/\",\"url\":\"https:\\\/\\\/www.groupechampagnat.fr\\\/college-st-marcelin-champagnat\\\/projet-pedagogique\\\/equipe\\\/\",\"name\":\"L\u2019\u00e9quipe \u00e9ducative - Coll\u00e8ge St Marcellin Champagnat\",\"isPartOf\":{\"@id\":\"https:\\\/\\\/www.groupechampagnat.fr\\\/college-st-marcelin-champagnat\\\/#website\"},\"primaryImageOfPage\":{\"@id\":\"https:\\\/\\\/www.groupechampagnat.fr\\\/college-st-marcelin-champagnat\\\/projet-pedagogique\\\/equipe\\\/#primaryimage\"},\"image\":{\"@id\":\"https:\\\/\\\/www.groupechampagnat.fr\\\/college-st-marcelin-champagnat\\\/projet-pedagogique\\\/equipe\\\/#primaryimage\"},\"thumbnailUrl\":\"https:\\\/\\\/www.groupechampagnat.fr\\\/wp-sites\\\/uploads\\\/sites\\\/2\\\/2025\\\/09\\\/top_champagnat.webp\",\"datePublished\":\"2023-08-23T15:59:10+00:00\",\"dateModified\":\"2026-03-03T08:50:58+00:00\",\"description\":\"Rencontrez l\u2019\u00e9quipe du Coll\u00e8ge St Marcellin Champagnat : direction, vie scolaire, \u00e9quipe pastorale et professeurs par mati\u00e8re \u00e0 L'Arbresle.\",\"breadcrumb\":{\"@id\":\"https:\\\/\\\/www.groupechampagnat.fr\\\/college-st-marcelin-champagnat\\\/projet-pedagogique\\\/equipe\\\/#breadcrumb\"},\"inLanguage\":\"fr-FR\",\"potentialAction\":[{\"@type\":\"ReadAction\",\"target\":[\"https:\\\/\\\/www.groupechampagnat.fr\\\/college-st-marcelin-champagnat\\\/projet-pedagogique\\\/equipe\\\/\"]}]},{\"@type\":\"ImageObject\",\"inLanguage\":\"fr-FR\",\"@id\":\"https:\\\/\\\/www.groupechampagnat.fr\\\/college-st-marcelin-champagnat\\\/projet-pedagogique\\\/equipe\\\/#primaryimage\",\"url\":\"https:\\\/\\\/www.groupechampagnat.fr\\\/wp-sites\\\/uploads\\\/sites\\\/2\\\/2025\\\/09\\\/top_champagnat.webp\",\"contentUrl\":\"https:\\\/\\\/www.groupechampagnat.fr\\\/wp-sites\\\/uploads\\\/sites\\\/2\\\/2025\\\/09\\\/top_champagnat.webp\",\"width\":1200,\"height\":450},{\"@type\":\"BreadcrumbList\",\"@id\":\"https:\\\/\\\/www.groupechampagnat.fr\\\/college-st-marcelin-champagnat\\\/projet-pedagogique\\\/equipe\\\/#breadcrumb\",\"itemListElement\":[{\"@type\":\"ListItem\",\"position\":1,\"name\":\"Accueil\",\"item\":\"https:\\\/\\\/www.groupechampagnat.fr\\\/college-st-marcelin-champagnat\\\/\"},{\"@type\":\"ListItem\",\"position\":2,\"name\":\"\u00a0Projet p\u00e9dagogique\",\"item\":\"https:\\\/\\\/www.groupechampagnat.fr\\\/college-st-marcelin-champagnat\\\/projet-pedagogique\\\/\"},{\"@type\":\"ListItem\",\"position\":3,\"name\":\"L\u2019\u00e9quipe \u00e9ducative\"}]},{\"@type\":\"WebSite\",\"@id\":\"https:\\\/\\\/www.groupechampagnat.fr\\\/college-st-marcelin-champagnat\\\/#website\",\"url\":\"https:\\\/\\\/www.groupechampagnat.fr\\\/college-st-marcelin-champagnat\\\/\",\"name\":\"Coll\u00e8ge St Marcellin Champagnat\",\"description\":\"\",\"potentialAction\":[{\"@type\":\"SearchAction\",\"target\":{\"@type\":\"EntryPoint\",\"urlTemplate\":\"https:\\\/\\\/www.groupechampagnat.fr\\\/college-st-marcelin-champagnat\\\/?s={search_term_string}\"},\"query-input\":{\"@type\":\"PropertyValueSpecification\",\"valueRequired\":true,\"valueName\":\"search_term_string\"}}],\"inLanguage\":\"fr-FR\"}]}<\/script>\n<!-- \/ Yoast SEO plugin. -->","yoast_head_json":{"title":"L\u2019\u00e9quipe \u00e9ducative - Coll\u00e8ge St Marcellin Champagnat","description":"Rencontrez l\u2019\u00e9quipe du Coll\u00e8ge St Marcellin Champagnat : direction, vie scolaire, \u00e9quipe pastorale et professeurs par mati\u00e8re \u00e0 L'Arbresle.","robots":{"index":"index","follow":"follow","max-snippet":"max-snippet:-1","max-image-preview":"max-image-preview:large","max-video-preview":"max-video-preview:-1"},"canonical":"https:\/\/www.groupechampagnat.fr\/college-st-marcelin-champagnat\/projet-pedagogique\/equipe\/","og_locale":"fr_FR","og_type":"article","og_title":"L\u2019\u00e9quipe \u00e9ducative - Coll\u00e8ge St Marcellin Champagnat","og_description":"Rencontrez l\u2019\u00e9quipe du Coll\u00e8ge St Marcellin Champagnat : direction, vie scolaire, \u00e9quipe pastorale et professeurs par mati\u00e8re \u00e0 L'Arbresle.","og_url":"https:\/\/www.groupechampagnat.fr\/college-st-marcelin-champagnat\/projet-pedagogique\/equipe\/","og_site_name":"Coll\u00e8ge St Marcellin Champagnat","article_modified_time":"2026-03-03T08:50:58+00:00","og_image":[{"width":1200,"height":450,"url":"https:\/\/www.groupechampagnat.fr\/wp-sites\/uploads\/sites\/2\/2025\/09\/top_champagnat.webp","type":"image\/webp"}],"twitter_card":"summary_large_image","twitter_misc":{"Dur\u00e9e de lecture estim\u00e9e":"2 minutes"},"schema":{"@context":"https:\/\/schema.org","@graph":[{"@type":"WebPage","@id":"https:\/\/www.groupechampagnat.fr\/college-st-marcelin-champagnat\/projet-pedagogique\/equipe\/","url":"https:\/\/www.groupechampagnat.fr\/college-st-marcelin-champagnat\/projet-pedagogique\/equipe\/","name":"L\u2019\u00e9quipe \u00e9ducative - Coll\u00e8ge St Marcellin Champagnat","isPartOf":{"@id":"https:\/\/www.groupechampagnat.fr\/college-st-marcelin-champagnat\/#website"},"primaryImageOfPage":{"@id":"https:\/\/www.groupechampagnat.fr\/college-st-marcelin-champagnat\/projet-pedagogique\/equipe\/#primaryimage"},"image":{"@id":"https:\/\/www.groupechampagnat.fr\/college-st-marcelin-champagnat\/projet-pedagogique\/equipe\/#primaryimage"},"thumbnailUrl":"https:\/\/www.groupechampagnat.fr\/wp-sites\/uploads\/sites\/2\/2025\/09\/top_champagnat.webp","datePublished":"2023-08-23T15:59:10+00:00","dateModified":"2026-03-03T08:50:58+00:00","description":"Rencontrez l\u2019\u00e9quipe du Coll\u00e8ge St Marcellin Champagnat : direction, vie scolaire, \u00e9quipe pastorale et professeurs par mati\u00e8re \u00e0 L'Arbresle.","breadcrumb":{"@id":"https:\/\/www.groupechampagnat.fr\/college-st-marcelin-champagnat\/projet-pedagogique\/equipe\/#breadcrumb"},"inLanguage":"fr-FR","potentialAction":[{"@type":"ReadAction","target":["https:\/\/www.groupechampagnat.fr\/college-st-marcelin-champagnat\/projet-pedagogique\/equipe\/"]}]},{"@type":"ImageObject","inLanguage":"fr-FR","@id":"https:\/\/www.groupechampagnat.fr\/college-st-marcelin-champagnat\/projet-pedagogique\/equipe\/#primaryimage","url":"https:\/\/www.groupechampagnat.fr\/wp-sites\/uploads\/sites\/2\/2025\/09\/top_champagnat.webp","contentUrl":"https:\/\/www.groupechampagnat.fr\/wp-sites\/uploads\/sites\/2\/2025\/09\/top_champagnat.webp","width":1200,"height":450},{"@type":"BreadcrumbList","@id":"https:\/\/www.groupechampagnat.fr\/college-st-marcelin-champagnat\/projet-pedagogique\/equipe\/#breadcrumb","itemListElement":[{"@type":"ListItem","position":1,"name":"Accueil","item":"https:\/\/www.groupechampagnat.fr\/college-st-marcelin-champagnat\/"},{"@type":"ListItem","position":2,"name":"\u00a0Projet p\u00e9dagogique","item":"https:\/\/www.groupechampagnat.fr\/college-st-marcelin-champagnat\/projet-pedagogique\/"},{"@type":"ListItem","position":3,"name":"L\u2019\u00e9quipe \u00e9ducative"}]},{"@type":"WebSite","@id":"https:\/\/www.groupechampagnat.fr\/college-st-marcelin-champagnat\/#website","url":"https:\/\/www.groupechampagnat.fr\/college-st-marcelin-champagnat\/","name":"Coll\u00e8ge St Marcellin Champagnat","description":"","potentialAction":[{"@type":"SearchAction","target":{"@type":"EntryPoint","urlTemplate":"https:\/\/www.groupechampagnat.fr\/college-st-marcelin-champagnat\/?s={search_term_string}"},"query-input":{"@type":"PropertyValueSpecification","valueRequired":true,"valueName":"search_term_string"}}],"inLanguage":"fr-FR"}]}},"_links":{"self":[{"href":"https:\/\/www.groupechampagnat.fr\/college-st-marcelin-champagnat\/wp-json\/wp\/v2\/pages\/53","targetHints":{"allow":["GET"]}}],"collection":[{"href":"https:\/\/www.groupechampagnat.fr\/college-st-marcelin-champagnat\/wp-json\/wp\/v2\/pages"}],"about":[{"href":"https:\/\/www.groupechampagnat.fr\/college-st-marcelin-champagnat\/wp-json\/wp\/v2\/types\/page"}],"author":[{"embeddable":true,"href":"https:\/\/www.groupechampagnat.fr\/college-st-marcelin-champagnat\/wp-json\/wp\/v2\/users\/1"}],"replies":[{"embeddable":true,"href":"https:\/\/www.groupechampagnat.fr\/college-st-marcelin-champagnat\/wp-json\/wp\/v2\/comments?post=53"}],"version-history":[{"count":22,"href":"https:\/\/www.groupechampagnat.fr\/college-st-marcelin-champagnat\/wp-json\/wp\/v2\/pages\/53\/revisions"}],"predecessor-version":[{"id":846,"href":"https:\/\/www.groupechampagnat.fr\/college-st-marcelin-champagnat\/wp-json\/wp\/v2\/pages\/53\/revisions\/846"}],"up":[{"embeddable":true,"href":"https:\/\/www.groupechampagnat.fr\/college-st-marcelin-champagnat\/wp-json\/wp\/v2\/pages\/157"}],"wp:featuredmedia":[{"embeddable":true,"href":"https:\/\/www.groupechampagnat.fr\/college-st-marcelin-champagnat\/wp-json\/wp\/v2\/media\/142"}],"wp:attachment":[{"href":"https:\/\/www.groupechampagnat.fr\/college-st-marcelin-champagnat\/wp-json\/wp\/v2\/media?parent=53"}],"curies":[{"name":"wp","href":"https:\/\/api.w.org\/{rel}","templated":true}]}}