{"id":51,"date":"2023-08-23T17:59:10","date_gmt":"2023-08-23T15:59:10","guid":{"rendered":"https:\/\/test.groupechampagnat.fr\/college-st-marcelin-champagnat\/pastorale-aumonerie\/"},"modified":"2026-03-03T12:22:36","modified_gmt":"2026-03-03T11:22:36","slug":"pastorale-aumonerie","status":"publish","type":"page","link":"https:\/\/www.groupechampagnat.fr\/college-st-marcelin-champagnat\/projet-pedagogique\/pastorale-aumonerie\/","title":{"rendered":"Culture religieuse \u2013 Pastorale\/Aum\u00f4nerie"},"content":{"rendered":"\n<p>Saint Marcellin Champagnat est un coll\u00e8ge de l\u2019Enseignement Catholique sous tutelle dioc\u00e9saine. Nous avons donc la mission de vous proposer d\u2019\u00e9duquer votre enfant \u00e0 la lumi\u00e8re de l\u2019Evangile.<br>Comme nous, vous \u00eates attentifs \u00e0 sa r\u00e9ussite scolaire, mais aussi \u00e0 sa r\u00e9ussite personnelle, humaine, spirituelle. Pour l\u2019aider au mieux sur ce chemin parfois difficile, nous lui proposons de :<\/p>\n\n\n\n<div class=\"wp-block-columns is-layout-flex wp-container-core-columns-is-layout-9d6595d7 wp-block-columns-is-layout-flex\">\n<div class=\"wp-block-column is-layout-flow wp-block-column-is-layout-flow\">\n<div class=\"wp-block-group bloc is-layout-constrained wp-block-group-is-layout-constrained\">\n<h3 class=\"wp-block-heading\">D\u00c9COUVRIR<\/h3>\n\n\n\n<ul class=\"wp-block-list\">\n<li>Les grands rep\u00e8res de la foi chr\u00e9tienne qui ont fa\u00e7onn\u00e9 notre soci\u00e9t\u00e9.<\/li>\n\n\n\n<li>J\u00e9sus-Christ<\/li>\n\n\n\n<li>Des grands t\u00e9moins (Marcellin Champagnat\u2026)<\/li>\n<\/ul>\n<\/div>\n\n\n\n<div class=\"wp-block-group bloc is-layout-constrained wp-block-group-is-layout-constrained\">\n<h3 class=\"wp-block-heading\">R\u00c9FL\u00c9CHIR<\/h3>\n\n\n\n<ul class=\"wp-block-list\">\n<li>\u00c9largir son regard<\/li>\n\n\n\n<li>S\u2019ouvrir aux autres<\/li>\n\n\n\n<li>Se questionner sur sa vie et le sens qu\u2019il veut lui donner<\/li>\n<\/ul>\n<\/div>\n<\/div>\n\n\n\n<div class=\"wp-block-column is-layout-flow wp-block-column-is-layout-flow\">\n<div class=\"wp-block-group bloc is-layout-constrained wp-block-group-is-layout-constrained\">\n<h3 class=\"wp-block-heading\">AGIR<\/h3>\n\n\n\n<ul class=\"wp-block-list\">\n<li>Apprendre \u00e0 \u00eatre fraternel, \u00e0 respecter l\u2019autre dans ses diff\u00e9rences<\/li>\n\n\n\n<li>Partager<\/li>\n\n\n\n<li>\u00catre solidaire de personnes en d\u00e9tresse<\/li>\n<\/ul>\n<\/div>\n\n\n\n<div class=\"wp-block-group bloc is-layout-constrained wp-block-group-is-layout-constrained\">\n<h3 class=\"wp-block-heading\">GRANDIR DANS LA FOI<\/h3>\n\n\n\n<ul class=\"wp-block-list\">\n<li>Vivre la confiance en soi, en l\u2019autre, en l\u2019Homme, en Dieu<\/li>\n\n\n\n<li>Prier et c\u00e9l\u00e9brer<\/li>\n\n\n\n<li>Aimer<\/li>\n<\/ul>\n<\/div>\n<\/div>\n<\/div>\n\n\n\n<p class=\"has-text-align-center\"><strong>3 s\u00e9ances de culture religieuse sont OBLIGATOIRES en d\u00e9but d\u2019ann\u00e9e scolaire pour le niveau 6<sup>\u00e8me<\/sup>.<\/strong><br>Elles permettent ensuite \u00e0 chaque \u00e9l\u00e8ve de faire le choix de continuer ou non son chemin de foi.<\/p>\n\n\n\n<div class=\"wp-block-group chapitre_h is-layout-constrained wp-block-group-is-layout-constrained\">\n<div class=\"wp-block-columns is-layout-flex wp-container-core-columns-is-layout-9d6595d7 wp-block-columns-is-layout-flex\">\n<div class=\"wp-block-column is-layout-flow wp-block-column-is-layout-flow\" style=\"flex-basis:33.33%\">\n<figure class=\"wp-block-image size-large is-resized\"><img loading=\"lazy\" decoding=\"async\" width=\"1024\" height=\"1024\" src=\"https:\/\/www.groupechampagnat.fr\/wp-sites\/uploads\/sites\/2\/2025\/11\/pastorale_croix-1024x1024.jpg\" alt=\"\" class=\"wp-image-535\" style=\"width:324px;height:auto\" srcset=\"https:\/\/www.groupechampagnat.fr\/wp-sites\/uploads\/sites\/2\/2025\/11\/pastorale_croix-1024x1024.jpg 1024w, https:\/\/www.groupechampagnat.fr\/wp-sites\/uploads\/sites\/2\/2025\/11\/pastorale_croix-300x300.jpg 300w, https:\/\/www.groupechampagnat.fr\/wp-sites\/uploads\/sites\/2\/2025\/11\/pastorale_croix-150x150.jpg 150w, https:\/\/www.groupechampagnat.fr\/wp-sites\/uploads\/sites\/2\/2025\/11\/pastorale_croix-768x768.jpg 768w, https:\/\/www.groupechampagnat.fr\/wp-sites\/uploads\/sites\/2\/2025\/11\/pastorale_croix.jpg 1080w\" sizes=\"auto, (max-width: 1024px) 100vw, 1024px\" \/><\/figure>\n<\/div>\n\n\n\n<div class=\"wp-block-column is-layout-flow wp-block-column-is-layout-flow\">\n<h3 class=\"wp-block-heading\"><strong>Pour vivre tout cela, <\/strong><br><strong>des temps sp\u00e9cifiques sont propos\u00e9s aux volontaires sur inscription :<\/strong><\/h3>\n\n\n\n<ul class=\"wp-block-list\">\n<li>une heure hebdomadaire de culture religieuse, pastorale\/aum\u00f4nerie<\/li>\n\n\n\n<li>des temps forts \u00e0 vivre tout au long de l\u2019ann\u00e9e (au coll\u00e8ge et sur le dioc\u00e8se)<\/li>\n\n\n\n<li>des c\u00e9l\u00e9brations \u00e0 l\u2019\u00e9glise sur le temps m\u00e9ridien<\/li>\n\n\n\n<li>des actions de solidarit\u00e9<\/li>\n\n\n\n<li>un accompagnement des jeunes d\u00e9sirant se pr\u00e9parer au bapt\u00eame, \u00e0 la premi\u00e8re communion, \u00e0 une profession de foi sur des temps m\u00e9ridien ou de soir\u00e9e ou encore de mercredi apr\u00e8s-midi ou samedi.<br><br><\/li>\n<\/ul>\n<\/div>\n<\/div>\n<\/div>\n\n\n\n<p>Ces activit\u00e9s sont coordonn\u00e9es par une animatrice pastorale et anim\u00e9es b\u00e9n\u00e9volement par des professeurs, des parents, des grands-parents, des anciens \u00e9l\u00e8ves\u2026<\/p>\n\n\n\n<p class=\"has-text-align-center has-bleu-color has-text-color has-link-color has-large-font-size wp-elements-b781d39b44d7636777b4054f501fd797\"><strong>Pourquoi pas vous ?<\/strong><\/p>\n\n\n\n<p><\/p>\n","protected":false},"excerpt":{"rendered":"<p>Saint Marcellin Champagnat est un coll\u00e8ge de l\u2019Enseignement Catholique sous tutelle dioc\u00e9saine. Nous avons donc la mission de vous proposer d\u2019\u00e9duquer votre enfant \u00e0 la lumi\u00e8re de l\u2019Evangile.Comme nous, vous \u00eates attentifs \u00e0 sa r\u00e9ussite scolaire, mais aussi \u00e0 sa r\u00e9ussite personnelle, humaine, spirituelle. Pour l\u2019aider au mieux sur ce chemin parfois difficile, nous lui [&hellip;]<\/p>\n","protected":false},"author":1,"featured_media":502,"parent":157,"menu_order":4,"comment_status":"closed","ping_status":"closed","template":"","meta":{"footnotes":""},"class_list":["post-51","page","type-page","status-publish","has-post-thumbnail","hentry"],"yoast_head":"<!-- This site is optimized with the Yoast SEO plugin v27.4 - https:\/\/yoast.com\/product\/yoast-seo-wordpress\/ -->\n<title>Culture religieuse \u2013 Pastorale\/Aum\u00f4nerie - Coll\u00e8ge St Marcellin Champagnat<\/title>\n<meta name=\"description\" content=\"La pastorale au Coll\u00e8ge St Marcellin Champagnat : \u00e9veil \u00e0 la foi, parcours de cat\u00e9ch\u00e8se, actions solidaires et c\u00e9l\u00e9brations \u00e0 L&#039;Arbresle.\" \/>\n<meta name=\"robots\" content=\"index, follow, max-snippet:-1, max-image-preview:large, max-video-preview:-1\" \/>\n<link rel=\"canonical\" href=\"https:\/\/www.groupechampagnat.fr\/college-st-marcelin-champagnat\/projet-pedagogique\/pastorale-aumonerie\/\" \/>\n<meta property=\"og:locale\" content=\"fr_FR\" \/>\n<meta property=\"og:type\" content=\"article\" \/>\n<meta property=\"og:title\" content=\"Culture religieuse \u2013 Pastorale\/Aum\u00f4nerie - Coll\u00e8ge St Marcellin Champagnat\" \/>\n<meta property=\"og:description\" content=\"La pastorale au Coll\u00e8ge St Marcellin Champagnat : \u00e9veil \u00e0 la foi, parcours de cat\u00e9ch\u00e8se, actions solidaires et c\u00e9l\u00e9brations \u00e0 L&#039;Arbresle.\" \/>\n<meta property=\"og:url\" content=\"https:\/\/www.groupechampagnat.fr\/college-st-marcelin-champagnat\/projet-pedagogique\/pastorale-aumonerie\/\" \/>\n<meta property=\"og:site_name\" content=\"Coll\u00e8ge St Marcellin Champagnat\" \/>\n<meta property=\"article:modified_time\" content=\"2026-03-03T11:22:36+00:00\" \/>\n<meta property=\"og:image\" content=\"https:\/\/www.groupechampagnat.fr\/wp-sites\/uploads\/sites\/2\/2025\/11\/rosace-1024x284.png\" \/>\n\t<meta property=\"og:image:width\" content=\"1024\" \/>\n\t<meta property=\"og:image:height\" content=\"284\" \/>\n\t<meta property=\"og:image:type\" content=\"image\/png\" \/>\n<meta name=\"twitter:card\" content=\"summary_large_image\" \/>\n<meta name=\"twitter:label1\" content=\"Dur\u00e9e de lecture estim\u00e9e\" \/>\n\t<meta name=\"twitter:data1\" content=\"2 minutes\" \/>\n<script type=\"application\/ld+json\" class=\"yoast-schema-graph\">{\"@context\":\"https:\\\/\\\/schema.org\",\"@graph\":[{\"@type\":\"WebPage\",\"@id\":\"https:\\\/\\\/www.groupechampagnat.fr\\\/college-st-marcelin-champagnat\\\/projet-pedagogique\\\/pastorale-aumonerie\\\/\",\"url\":\"https:\\\/\\\/www.groupechampagnat.fr\\\/college-st-marcelin-champagnat\\\/projet-pedagogique\\\/pastorale-aumonerie\\\/\",\"name\":\"Culture religieuse \u2013 Pastorale\\\/Aum\u00f4nerie - Coll\u00e8ge St Marcellin Champagnat\",\"isPartOf\":{\"@id\":\"https:\\\/\\\/www.groupechampagnat.fr\\\/college-st-marcelin-champagnat\\\/#website\"},\"primaryImageOfPage\":{\"@id\":\"https:\\\/\\\/www.groupechampagnat.fr\\\/college-st-marcelin-champagnat\\\/projet-pedagogique\\\/pastorale-aumonerie\\\/#primaryimage\"},\"image\":{\"@id\":\"https:\\\/\\\/www.groupechampagnat.fr\\\/college-st-marcelin-champagnat\\\/projet-pedagogique\\\/pastorale-aumonerie\\\/#primaryimage\"},\"thumbnailUrl\":\"https:\\\/\\\/www.groupechampagnat.fr\\\/wp-sites\\\/uploads\\\/sites\\\/2\\\/2025\\\/11\\\/rosace.png\",\"datePublished\":\"2023-08-23T15:59:10+00:00\",\"dateModified\":\"2026-03-03T11:22:36+00:00\",\"description\":\"La pastorale au Coll\u00e8ge St Marcellin Champagnat : \u00e9veil \u00e0 la foi, parcours de cat\u00e9ch\u00e8se, actions solidaires et c\u00e9l\u00e9brations \u00e0 L'Arbresle.\",\"breadcrumb\":{\"@id\":\"https:\\\/\\\/www.groupechampagnat.fr\\\/college-st-marcelin-champagnat\\\/projet-pedagogique\\\/pastorale-aumonerie\\\/#breadcrumb\"},\"inLanguage\":\"fr-FR\",\"potentialAction\":[{\"@type\":\"ReadAction\",\"target\":[\"https:\\\/\\\/www.groupechampagnat.fr\\\/college-st-marcelin-champagnat\\\/projet-pedagogique\\\/pastorale-aumonerie\\\/\"]}]},{\"@type\":\"ImageObject\",\"inLanguage\":\"fr-FR\",\"@id\":\"https:\\\/\\\/www.groupechampagnat.fr\\\/college-st-marcelin-champagnat\\\/projet-pedagogique\\\/pastorale-aumonerie\\\/#primaryimage\",\"url\":\"https:\\\/\\\/www.groupechampagnat.fr\\\/wp-sites\\\/uploads\\\/sites\\\/2\\\/2025\\\/11\\\/rosace.png\",\"contentUrl\":\"https:\\\/\\\/www.groupechampagnat.fr\\\/wp-sites\\\/uploads\\\/sites\\\/2\\\/2025\\\/11\\\/rosace.png\",\"width\":1937,\"height\":537},{\"@type\":\"BreadcrumbList\",\"@id\":\"https:\\\/\\\/www.groupechampagnat.fr\\\/college-st-marcelin-champagnat\\\/projet-pedagogique\\\/pastorale-aumonerie\\\/#breadcrumb\",\"itemListElement\":[{\"@type\":\"ListItem\",\"position\":1,\"name\":\"Accueil\",\"item\":\"https:\\\/\\\/www.groupechampagnat.fr\\\/college-st-marcelin-champagnat\\\/\"},{\"@type\":\"ListItem\",\"position\":2,\"name\":\"\u00a0Projet p\u00e9dagogique\",\"item\":\"https:\\\/\\\/www.groupechampagnat.fr\\\/college-st-marcelin-champagnat\\\/projet-pedagogique\\\/\"},{\"@type\":\"ListItem\",\"position\":3,\"name\":\"Culture religieuse \u2013 Pastorale\\\/Aum\u00f4nerie\"}]},{\"@type\":\"WebSite\",\"@id\":\"https:\\\/\\\/www.groupechampagnat.fr\\\/college-st-marcelin-champagnat\\\/#website\",\"url\":\"https:\\\/\\\/www.groupechampagnat.fr\\\/college-st-marcelin-champagnat\\\/\",\"name\":\"Coll\u00e8ge St Marcellin Champagnat\",\"description\":\"\",\"potentialAction\":[{\"@type\":\"SearchAction\",\"target\":{\"@type\":\"EntryPoint\",\"urlTemplate\":\"https:\\\/\\\/www.groupechampagnat.fr\\\/college-st-marcelin-champagnat\\\/?s={search_term_string}\"},\"query-input\":{\"@type\":\"PropertyValueSpecification\",\"valueRequired\":true,\"valueName\":\"search_term_string\"}}],\"inLanguage\":\"fr-FR\"}]}<\/script>\n<!-- \/ Yoast SEO plugin. -->","yoast_head_json":{"title":"Culture religieuse \u2013 Pastorale\/Aum\u00f4nerie - Coll\u00e8ge St Marcellin Champagnat","description":"La pastorale au Coll\u00e8ge St Marcellin Champagnat : \u00e9veil \u00e0 la foi, parcours de cat\u00e9ch\u00e8se, actions solidaires et c\u00e9l\u00e9brations \u00e0 L'Arbresle.","robots":{"index":"index","follow":"follow","max-snippet":"max-snippet:-1","max-image-preview":"max-image-preview:large","max-video-preview":"max-video-preview:-1"},"canonical":"https:\/\/www.groupechampagnat.fr\/college-st-marcelin-champagnat\/projet-pedagogique\/pastorale-aumonerie\/","og_locale":"fr_FR","og_type":"article","og_title":"Culture religieuse \u2013 Pastorale\/Aum\u00f4nerie - Coll\u00e8ge St Marcellin Champagnat","og_description":"La pastorale au Coll\u00e8ge St Marcellin Champagnat : \u00e9veil \u00e0 la foi, parcours de cat\u00e9ch\u00e8se, actions solidaires et c\u00e9l\u00e9brations \u00e0 L'Arbresle.","og_url":"https:\/\/www.groupechampagnat.fr\/college-st-marcelin-champagnat\/projet-pedagogique\/pastorale-aumonerie\/","og_site_name":"Coll\u00e8ge St Marcellin Champagnat","article_modified_time":"2026-03-03T11:22:36+00:00","og_image":[{"width":1024,"height":284,"url":"https:\/\/www.groupechampagnat.fr\/wp-sites\/uploads\/sites\/2\/2025\/11\/rosace-1024x284.png","type":"image\/png"}],"twitter_card":"summary_large_image","twitter_misc":{"Dur\u00e9e de lecture estim\u00e9e":"2 minutes"},"schema":{"@context":"https:\/\/schema.org","@graph":[{"@type":"WebPage","@id":"https:\/\/www.groupechampagnat.fr\/college-st-marcelin-champagnat\/projet-pedagogique\/pastorale-aumonerie\/","url":"https:\/\/www.groupechampagnat.fr\/college-st-marcelin-champagnat\/projet-pedagogique\/pastorale-aumonerie\/","name":"Culture religieuse \u2013 Pastorale\/Aum\u00f4nerie - Coll\u00e8ge St Marcellin Champagnat","isPartOf":{"@id":"https:\/\/www.groupechampagnat.fr\/college-st-marcelin-champagnat\/#website"},"primaryImageOfPage":{"@id":"https:\/\/www.groupechampagnat.fr\/college-st-marcelin-champagnat\/projet-pedagogique\/pastorale-aumonerie\/#primaryimage"},"image":{"@id":"https:\/\/www.groupechampagnat.fr\/college-st-marcelin-champagnat\/projet-pedagogique\/pastorale-aumonerie\/#primaryimage"},"thumbnailUrl":"https:\/\/www.groupechampagnat.fr\/wp-sites\/uploads\/sites\/2\/2025\/11\/rosace.png","datePublished":"2023-08-23T15:59:10+00:00","dateModified":"2026-03-03T11:22:36+00:00","description":"La pastorale au Coll\u00e8ge St Marcellin Champagnat : \u00e9veil \u00e0 la foi, parcours de cat\u00e9ch\u00e8se, actions solidaires et c\u00e9l\u00e9brations \u00e0 L'Arbresle.","breadcrumb":{"@id":"https:\/\/www.groupechampagnat.fr\/college-st-marcelin-champagnat\/projet-pedagogique\/pastorale-aumonerie\/#breadcrumb"},"inLanguage":"fr-FR","potentialAction":[{"@type":"ReadAction","target":["https:\/\/www.groupechampagnat.fr\/college-st-marcelin-champagnat\/projet-pedagogique\/pastorale-aumonerie\/"]}]},{"@type":"ImageObject","inLanguage":"fr-FR","@id":"https:\/\/www.groupechampagnat.fr\/college-st-marcelin-champagnat\/projet-pedagogique\/pastorale-aumonerie\/#primaryimage","url":"https:\/\/www.groupechampagnat.fr\/wp-sites\/uploads\/sites\/2\/2025\/11\/rosace.png","contentUrl":"https:\/\/www.groupechampagnat.fr\/wp-sites\/uploads\/sites\/2\/2025\/11\/rosace.png","width":1937,"height":537},{"@type":"BreadcrumbList","@id":"https:\/\/www.groupechampagnat.fr\/college-st-marcelin-champagnat\/projet-pedagogique\/pastorale-aumonerie\/#breadcrumb","itemListElement":[{"@type":"ListItem","position":1,"name":"Accueil","item":"https:\/\/www.groupechampagnat.fr\/college-st-marcelin-champagnat\/"},{"@type":"ListItem","position":2,"name":"\u00a0Projet p\u00e9dagogique","item":"https:\/\/www.groupechampagnat.fr\/college-st-marcelin-champagnat\/projet-pedagogique\/"},{"@type":"ListItem","position":3,"name":"Culture religieuse \u2013 Pastorale\/Aum\u00f4nerie"}]},{"@type":"WebSite","@id":"https:\/\/www.groupechampagnat.fr\/college-st-marcelin-champagnat\/#website","url":"https:\/\/www.groupechampagnat.fr\/college-st-marcelin-champagnat\/","name":"Coll\u00e8ge St Marcellin Champagnat","description":"","potentialAction":[{"@type":"SearchAction","target":{"@type":"EntryPoint","urlTemplate":"https:\/\/www.groupechampagnat.fr\/college-st-marcelin-champagnat\/?s={search_term_string}"},"query-input":{"@type":"PropertyValueSpecification","valueRequired":true,"valueName":"search_term_string"}}],"inLanguage":"fr-FR"}]}},"_links":{"self":[{"href":"https:\/\/www.groupechampagnat.fr\/college-st-marcelin-champagnat\/wp-json\/wp\/v2\/pages\/51","targetHints":{"allow":["GET"]}}],"collection":[{"href":"https:\/\/www.groupechampagnat.fr\/college-st-marcelin-champagnat\/wp-json\/wp\/v2\/pages"}],"about":[{"href":"https:\/\/www.groupechampagnat.fr\/college-st-marcelin-champagnat\/wp-json\/wp\/v2\/types\/page"}],"author":[{"embeddable":true,"href":"https:\/\/www.groupechampagnat.fr\/college-st-marcelin-champagnat\/wp-json\/wp\/v2\/users\/1"}],"replies":[{"embeddable":true,"href":"https:\/\/www.groupechampagnat.fr\/college-st-marcelin-champagnat\/wp-json\/wp\/v2\/comments?post=51"}],"version-history":[{"count":17,"href":"https:\/\/www.groupechampagnat.fr\/college-st-marcelin-champagnat\/wp-json\/wp\/v2\/pages\/51\/revisions"}],"predecessor-version":[{"id":857,"href":"https:\/\/www.groupechampagnat.fr\/college-st-marcelin-champagnat\/wp-json\/wp\/v2\/pages\/51\/revisions\/857"}],"up":[{"embeddable":true,"href":"https:\/\/www.groupechampagnat.fr\/college-st-marcelin-champagnat\/wp-json\/wp\/v2\/pages\/157"}],"wp:featuredmedia":[{"embeddable":true,"href":"https:\/\/www.groupechampagnat.fr\/college-st-marcelin-champagnat\/wp-json\/wp\/v2\/media\/502"}],"wp:attachment":[{"href":"https:\/\/www.groupechampagnat.fr\/college-st-marcelin-champagnat\/wp-json\/wp\/v2\/media?parent=51"}],"curies":[{"name":"wp","href":"https:\/\/api.w.org\/{rel}","templated":true}]}}