{"id":49,"date":"2023-08-23T17:59:10","date_gmt":"2023-08-23T15:59:10","guid":{"rendered":"https:\/\/test.groupechampagnat.fr\/college-st-marcelin-champagnat\/rythme-activites-specificites\/"},"modified":"2026-01-12T15:09:45","modified_gmt":"2026-01-12T14:09:45","slug":"rythme-activites","status":"publish","type":"page","link":"https:\/\/www.groupechampagnat.fr\/college-st-marcelin-champagnat\/vie-scolaire\/rythme-activites\/","title":{"rendered":"Rythme \u2013 activit\u00e9s \u2013 sp\u00e9cificit\u00e9s"},"content":{"rendered":"\n<h3 class=\"wp-block-heading\">\u23f1\ufe0f <strong>Horaires<\/strong><\/h3>\n\n\n\n<div class=\"wp-block-columns is-layout-flex wp-container-core-columns-is-layout-9d6595d7 wp-block-columns-is-layout-flex\">\n<div class=\"wp-block-column is-vertically-aligned-center is-layout-flow wp-block-column-is-layout-flow\" style=\"flex-basis:20%\">\n<figure class=\"wp-block-image aligncenter\"><img decoding=\"async\" src=\"https:\/\/www.groupechampagnat.fr\/wp-media\/uploads\/2020\/11\/college_horloge.jpg\" alt=\"horloge\" class=\"wp-image-523\"\/><\/figure>\n<\/div>\n\n\n\n<div class=\"wp-block-column is-layout-flow wp-block-column-is-layout-flow\" style=\"flex-basis:80%\">\n<p>Classe le lundi, mardi, mercredi matin, jeudi et vendredi<\/p>\n\n\n\n<ul class=\"wp-block-list\">\n<li>Matin : 8h30 \u2013 12h30<\/li>\n\n\n\n<li>Apr\u00e8s-midi : 13h55 \u2013 16h55<\/li>\n<\/ul>\n\n\n\n<p class=\"has-text-align-center bloc has-bleu-color has-text-color has-link-color wp-elements-81d6c130649a89c48d98a5322b694b7b\"><strong>La pr\u00e9sence est obligatoire sur toutes ces plages horaires pour les 6<sup>\u00e8me<\/sup><\/strong><\/p>\n\n\n\n<p>Possibilit\u00e9 de rester en \u00e9tude surveill\u00e9e avec regroupement sur Ste Th\u00e9r\u00e8se de 17h \u00e0 18h30<\/p>\n\n\n\n<p>Une \u00e9tude dirig\u00e9e peut \u00eatre organis\u00e9e par des professeurs pour certains \u00e9l\u00e8ves en difficult\u00e9s de 17h \u00e0 18h<\/p>\n<\/div>\n<\/div>\n\n\n\n<h3 class=\"wp-block-heading\">\ud83d\udc49 <strong>Activit\u00e9s extra-scolaires<\/strong><\/h3>\n\n\n\n<div class=\"wp-block-columns is-layout-flex wp-container-core-columns-is-layout-9d6595d7 wp-block-columns-is-layout-flex\">\n<div class=\"wp-block-column is-vertically-aligned-center is-layout-flow wp-block-column-is-layout-flow\" style=\"flex-basis:20%\">\n<figure class=\"wp-block-image aligncenter\"><img decoding=\"async\" src=\"https:\/\/www.groupechampagnat.fr\/wp-media\/uploads\/2020\/11\/college_activites.png\" alt=\"activit\u00e9s\" class=\"wp-image-521\" style=\"object-fit:cover\"\/><\/figure>\n<\/div>\n\n\n\n<div class=\"wp-block-column is-layout-flow wp-block-column-is-layout-flow\" style=\"flex-basis:80%\">\n<p>Tous les jours, entre les cours du matin et de l\u2019apr\u00e8s-midi, des activit\u00e9s sont propos\u00e9es :<\/p>\n\n\n\n<ul class=\"wp-block-list\">\n<li>Groupe Chorale, Orchestre avec la d\u00e9couverte d\u2019instruments : guitare, percussions, flute\u2026<\/li>\n\n\n\n<li>Atelier Cin\u00e9-Club<\/li>\n\n\n\n<li>Atelier d\u2019Art Plastique<\/li>\n\n\n\n<li>CDI pour la lecture<\/li>\n\n\n\n<li>Sports : Volley, Badminton, Gymnastique<\/li>\n\n\n\n<li>Association Sportive<\/li>\n\n\n\n<li>Foyer (jeux de cartes, de soci\u00e9t\u00e9\u2026)<\/li>\n\n\n\n<li>Partenariat d\u2019animations avec la MJC de l\u2019Arbresle<\/li>\n\n\n\n<li>Mercredi apr\u00e8s-midi : autres activit\u00e9s en fonction de la saison avec l\u2019AS ou atelier jeux de soci\u00e9t\u00e9s<\/li>\n\n\n\n<li>Abonnement Th\u00e9\u00e2tre en soir\u00e9e<\/li>\n<\/ul>\n<\/div>\n<\/div>\n\n\n\n<p><\/p>\n\n\n\n<div class=\"wp-block-columns is-layout-flex wp-container-core-columns-is-layout-9d6595d7 wp-block-columns-is-layout-flex\">\n<div class=\"wp-block-column is-layout-flow wp-block-column-is-layout-flow\">\n<div class=\"wp-block-group chapitre is-layout-constrained wp-block-group-is-layout-constrained\">\n<div style=\"height:15px\" aria-hidden=\"true\" class=\"wp-block-spacer\"><\/div>\n\n\n\n<h3 class=\"wp-block-heading\">\ud83c\udfc6 <strong>L\u2019Association Sportive Champagnat<\/strong><\/h3>\n\n\n\n<p><em>D\u00e9velopper les capacit\u00e9s physiques et le sens de l\u2019effort individuel et collectif<\/em><\/p>\n\n\n\n<div style=\"height:15px\" aria-hidden=\"true\" class=\"wp-block-spacer\"><\/div>\n\n\n\n<h4 class=\"wp-block-heading\">L\u2019Association Sportive sur le temps de midi<\/h4>\n\n\n\n<p>Des activit\u00e9s sportives sont propos\u00e9es durant le temps de midi : gymnastique, badminton, volley. Chaque \u00e9l\u00e8ve ne peut s\u2019inscrire qu\u2019\u00e0 une ou deux activit\u00e9s maximums en fonction des places disponibles. Ces activit\u00e9s sont encadr\u00e9es par quatre professeurs d\u2019E.P.S.<\/p>\n\n\n\n<h4 class=\"wp-block-heading\">L\u2019Association Sportive du mercredi propose plusieurs activit\u00e9s, entre autres :<\/h4>\n\n\n\n<ul class=\"wp-block-list\">\n<li>VOLLEY BALL en comp\u00e9tition,<\/li>\n\n\n\n<li>CROSS<\/li>\n<\/ul>\n\n\n\n<h4 class=\"wp-block-heading\"><br>La participation aux comp\u00e9titions sportives<\/h4>\n\n\n\n<ul class=\"wp-block-list\">\n<li>Il s\u2019agit de participer aux championnats d\u00e9partementaux, r\u00e9gionaux voire aux championnats de France en fonction des r\u00e9sultats.<\/li>\n\n\n\n<li>Une cotisation annuelle est demand\u00e9e.<\/li>\n\n\n\n<li>Quelle que soit l\u2019activit\u00e9 pratiqu\u00e9e, notre association sportive a pour but de permettre \u00e0 l\u2019enfant de d\u00e9velopper ses capacit\u00e9s physiques et son sens personnel de l\u2019effort tout en prenant du plaisir \u00e0 pratiquer son activit\u00e9.<\/li>\n<\/ul>\n<\/div>\n<\/div>\n\n\n\n<div class=\"wp-block-column is-layout-flow wp-block-column-is-layout-flow\">\n<div class=\"wp-block-group chapitre is-layout-constrained wp-block-group-is-layout-constrained\">\n<div style=\"height:15px\" aria-hidden=\"true\" class=\"wp-block-spacer\"><\/div>\n\n\n\n<h3 class=\"wp-block-heading\">\ud83c\udfb6 <strong>L\u2019Association Musicale Champagnat<\/strong><\/h3>\n\n\n\n<div style=\"height:15px\" aria-hidden=\"true\" class=\"wp-block-spacer\"><\/div>\n\n\n\n<p>La musique \u00e9tant d\u2019abord un art vivant et collectif, sa pratique va d\u00e9velopper chez l\u2019adolescent des qualit\u00e9s d\u2019\u00e9coute de l\u2019autre mais aussi de lui-m\u00eame.<\/p>\n\n\n\n<p>Acte socialisateur, elle sollicite aussi la m\u00e9moire, la concentration la coordination, la patience, la t\u00e9nacit\u00e9\u2026 Autant d\u2019atouts plus que pr\u00e9cieux dans la vie.<\/p>\n\n\n\n<h4 class=\"wp-block-heading\">L\u2019association Musicale sur le temps de midi<\/h4>\n\n\n\n<p>Pour celles et ceux qui le souhaitent, plusieurs ateliers (ouverts \u00e0 tous) sont propos\u00e9s sur le temps m\u00e9ridien (orchestre, guitares, groupes, percussions). Il suffit de se renseigner en d\u00e9but d\u2019ann\u00e9e. L\u2019\u00e9l\u00e8ve qui choisit cette association, doit aimer chanter et souhaiter vivre une exp\u00e9rience musicale et artistique collective en s\u2019impliquant dans un projet annuel.<\/p>\n\n\n\n<p>La chorale participe \u00e0 la vie et au rayonnement de l\u2019\u00e9tablissement par un concert annuel mais aussi diff\u00e9rentes manifestations publiques en cours d\u2019ann\u00e9e.<\/p>\n<\/div>\n<\/div>\n<\/div>\n","protected":false},"excerpt":{"rendered":"<p>\u23f1\ufe0f Horaires Classe le lundi, mardi, mercredi matin, jeudi et vendredi La pr\u00e9sence est obligatoire sur toutes ces plages horaires pour les 6\u00e8me Possibilit\u00e9 de rester en \u00e9tude surveill\u00e9e avec regroupement sur Ste Th\u00e9r\u00e8se de 17h \u00e0 18h30 Une \u00e9tude dirig\u00e9e peut \u00eatre organis\u00e9e par des professeurs pour certains \u00e9l\u00e8ves en difficult\u00e9s de 17h \u00e0 [&hellip;]<\/p>\n","protected":false},"author":1,"featured_media":142,"parent":155,"menu_order":2,"comment_status":"closed","ping_status":"closed","template":"","meta":{"footnotes":""},"class_list":["post-49","page","type-page","status-publish","has-post-thumbnail","hentry"],"yoast_head":"<!-- This site is optimized with the Yoast SEO plugin v27.4 - https:\/\/yoast.com\/product\/yoast-seo-wordpress\/ -->\n<title>Rythme \u2013 activit\u00e9s \u2013 sp\u00e9cificit\u00e9s - Coll\u00e8ge St Marcellin Champagnat<\/title>\n<meta name=\"description\" content=\"Horaires des cours, \u00e9tude dirig\u00e9e et activit\u00e9s (sport, musique, cin\u00e9-club) au Coll\u00e8ge St Marcellin Champagnat.\" \/>\n<meta name=\"robots\" content=\"index, follow, max-snippet:-1, max-image-preview:large, max-video-preview:-1\" \/>\n<link rel=\"canonical\" href=\"https:\/\/www.groupechampagnat.fr\/college-st-marcelin-champagnat\/vie-scolaire\/rythme-activites\/\" \/>\n<meta property=\"og:locale\" content=\"fr_FR\" \/>\n<meta property=\"og:type\" content=\"article\" \/>\n<meta property=\"og:title\" content=\"Rythme \u2013 activit\u00e9s \u2013 sp\u00e9cificit\u00e9s - Coll\u00e8ge St Marcellin Champagnat\" \/>\n<meta property=\"og:description\" content=\"Horaires des cours, \u00e9tude dirig\u00e9e et activit\u00e9s (sport, musique, cin\u00e9-club) au Coll\u00e8ge St Marcellin Champagnat.\" \/>\n<meta property=\"og:url\" content=\"https:\/\/www.groupechampagnat.fr\/college-st-marcelin-champagnat\/vie-scolaire\/rythme-activites\/\" \/>\n<meta property=\"og:site_name\" content=\"Coll\u00e8ge St Marcellin Champagnat\" \/>\n<meta property=\"article:modified_time\" content=\"2026-01-12T14:09:45+00:00\" \/>\n<meta property=\"og:image\" content=\"https:\/\/www.groupechampagnat.fr\/wp-sites\/uploads\/sites\/2\/2025\/09\/top_champagnat.webp\" \/>\n\t<meta property=\"og:image:width\" content=\"1200\" \/>\n\t<meta property=\"og:image:height\" content=\"450\" \/>\n\t<meta property=\"og:image:type\" content=\"image\/webp\" \/>\n<meta name=\"twitter:card\" content=\"summary_large_image\" \/>\n<meta name=\"twitter:label1\" content=\"Dur\u00e9e de lecture estim\u00e9e\" \/>\n\t<meta name=\"twitter:data1\" content=\"3 minutes\" \/>\n<script type=\"application\/ld+json\" class=\"yoast-schema-graph\">{\"@context\":\"https:\\\/\\\/schema.org\",\"@graph\":[{\"@type\":\"WebPage\",\"@id\":\"https:\\\/\\\/www.groupechampagnat.fr\\\/college-st-marcelin-champagnat\\\/vie-scolaire\\\/rythme-activites\\\/\",\"url\":\"https:\\\/\\\/www.groupechampagnat.fr\\\/college-st-marcelin-champagnat\\\/vie-scolaire\\\/rythme-activites\\\/\",\"name\":\"Rythme \u2013 activit\u00e9s \u2013 sp\u00e9cificit\u00e9s - Coll\u00e8ge St Marcellin Champagnat\",\"isPartOf\":{\"@id\":\"https:\\\/\\\/www.groupechampagnat.fr\\\/college-st-marcelin-champagnat\\\/#website\"},\"primaryImageOfPage\":{\"@id\":\"https:\\\/\\\/www.groupechampagnat.fr\\\/college-st-marcelin-champagnat\\\/vie-scolaire\\\/rythme-activites\\\/#primaryimage\"},\"image\":{\"@id\":\"https:\\\/\\\/www.groupechampagnat.fr\\\/college-st-marcelin-champagnat\\\/vie-scolaire\\\/rythme-activites\\\/#primaryimage\"},\"thumbnailUrl\":\"https:\\\/\\\/www.groupechampagnat.fr\\\/wp-sites\\\/uploads\\\/sites\\\/2\\\/2025\\\/09\\\/top_champagnat.webp\",\"datePublished\":\"2023-08-23T15:59:10+00:00\",\"dateModified\":\"2026-01-12T14:09:45+00:00\",\"description\":\"Horaires des cours, \u00e9tude dirig\u00e9e et activit\u00e9s (sport, musique, cin\u00e9-club) au Coll\u00e8ge St Marcellin Champagnat.\",\"breadcrumb\":{\"@id\":\"https:\\\/\\\/www.groupechampagnat.fr\\\/college-st-marcelin-champagnat\\\/vie-scolaire\\\/rythme-activites\\\/#breadcrumb\"},\"inLanguage\":\"fr-FR\",\"potentialAction\":[{\"@type\":\"ReadAction\",\"target\":[\"https:\\\/\\\/www.groupechampagnat.fr\\\/college-st-marcelin-champagnat\\\/vie-scolaire\\\/rythme-activites\\\/\"]}]},{\"@type\":\"ImageObject\",\"inLanguage\":\"fr-FR\",\"@id\":\"https:\\\/\\\/www.groupechampagnat.fr\\\/college-st-marcelin-champagnat\\\/vie-scolaire\\\/rythme-activites\\\/#primaryimage\",\"url\":\"https:\\\/\\\/www.groupechampagnat.fr\\\/wp-sites\\\/uploads\\\/sites\\\/2\\\/2025\\\/09\\\/top_champagnat.webp\",\"contentUrl\":\"https:\\\/\\\/www.groupechampagnat.fr\\\/wp-sites\\\/uploads\\\/sites\\\/2\\\/2025\\\/09\\\/top_champagnat.webp\",\"width\":1200,\"height\":450},{\"@type\":\"BreadcrumbList\",\"@id\":\"https:\\\/\\\/www.groupechampagnat.fr\\\/college-st-marcelin-champagnat\\\/vie-scolaire\\\/rythme-activites\\\/#breadcrumb\",\"itemListElement\":[{\"@type\":\"ListItem\",\"position\":1,\"name\":\"Accueil\",\"item\":\"https:\\\/\\\/www.groupechampagnat.fr\\\/college-st-marcelin-champagnat\\\/\"},{\"@type\":\"ListItem\",\"position\":2,\"name\":\"Vie scolaire\",\"item\":\"https:\\\/\\\/www.groupechampagnat.fr\\\/college-st-marcelin-champagnat\\\/vie-scolaire\\\/\"},{\"@type\":\"ListItem\",\"position\":3,\"name\":\"Rythme \u2013 activit\u00e9s \u2013 sp\u00e9cificit\u00e9s\"}]},{\"@type\":\"WebSite\",\"@id\":\"https:\\\/\\\/www.groupechampagnat.fr\\\/college-st-marcelin-champagnat\\\/#website\",\"url\":\"https:\\\/\\\/www.groupechampagnat.fr\\\/college-st-marcelin-champagnat\\\/\",\"name\":\"Coll\u00e8ge St Marcellin Champagnat\",\"description\":\"\",\"potentialAction\":[{\"@type\":\"SearchAction\",\"target\":{\"@type\":\"EntryPoint\",\"urlTemplate\":\"https:\\\/\\\/www.groupechampagnat.fr\\\/college-st-marcelin-champagnat\\\/?s={search_term_string}\"},\"query-input\":{\"@type\":\"PropertyValueSpecification\",\"valueRequired\":true,\"valueName\":\"search_term_string\"}}],\"inLanguage\":\"fr-FR\"}]}<\/script>\n<!-- \/ Yoast SEO plugin. -->","yoast_head_json":{"title":"Rythme \u2013 activit\u00e9s \u2013 sp\u00e9cificit\u00e9s - Coll\u00e8ge St Marcellin Champagnat","description":"Horaires des cours, \u00e9tude dirig\u00e9e et activit\u00e9s (sport, musique, cin\u00e9-club) au Coll\u00e8ge St Marcellin Champagnat.","robots":{"index":"index","follow":"follow","max-snippet":"max-snippet:-1","max-image-preview":"max-image-preview:large","max-video-preview":"max-video-preview:-1"},"canonical":"https:\/\/www.groupechampagnat.fr\/college-st-marcelin-champagnat\/vie-scolaire\/rythme-activites\/","og_locale":"fr_FR","og_type":"article","og_title":"Rythme \u2013 activit\u00e9s \u2013 sp\u00e9cificit\u00e9s - Coll\u00e8ge St Marcellin Champagnat","og_description":"Horaires des cours, \u00e9tude dirig\u00e9e et activit\u00e9s (sport, musique, cin\u00e9-club) au Coll\u00e8ge St Marcellin Champagnat.","og_url":"https:\/\/www.groupechampagnat.fr\/college-st-marcelin-champagnat\/vie-scolaire\/rythme-activites\/","og_site_name":"Coll\u00e8ge St Marcellin Champagnat","article_modified_time":"2026-01-12T14:09:45+00:00","og_image":[{"width":1200,"height":450,"url":"https:\/\/www.groupechampagnat.fr\/wp-sites\/uploads\/sites\/2\/2025\/09\/top_champagnat.webp","type":"image\/webp"}],"twitter_card":"summary_large_image","twitter_misc":{"Dur\u00e9e de lecture estim\u00e9e":"3 minutes"},"schema":{"@context":"https:\/\/schema.org","@graph":[{"@type":"WebPage","@id":"https:\/\/www.groupechampagnat.fr\/college-st-marcelin-champagnat\/vie-scolaire\/rythme-activites\/","url":"https:\/\/www.groupechampagnat.fr\/college-st-marcelin-champagnat\/vie-scolaire\/rythme-activites\/","name":"Rythme \u2013 activit\u00e9s \u2013 sp\u00e9cificit\u00e9s - Coll\u00e8ge St Marcellin Champagnat","isPartOf":{"@id":"https:\/\/www.groupechampagnat.fr\/college-st-marcelin-champagnat\/#website"},"primaryImageOfPage":{"@id":"https:\/\/www.groupechampagnat.fr\/college-st-marcelin-champagnat\/vie-scolaire\/rythme-activites\/#primaryimage"},"image":{"@id":"https:\/\/www.groupechampagnat.fr\/college-st-marcelin-champagnat\/vie-scolaire\/rythme-activites\/#primaryimage"},"thumbnailUrl":"https:\/\/www.groupechampagnat.fr\/wp-sites\/uploads\/sites\/2\/2025\/09\/top_champagnat.webp","datePublished":"2023-08-23T15:59:10+00:00","dateModified":"2026-01-12T14:09:45+00:00","description":"Horaires des cours, \u00e9tude dirig\u00e9e et activit\u00e9s (sport, musique, cin\u00e9-club) au Coll\u00e8ge St Marcellin Champagnat.","breadcrumb":{"@id":"https:\/\/www.groupechampagnat.fr\/college-st-marcelin-champagnat\/vie-scolaire\/rythme-activites\/#breadcrumb"},"inLanguage":"fr-FR","potentialAction":[{"@type":"ReadAction","target":["https:\/\/www.groupechampagnat.fr\/college-st-marcelin-champagnat\/vie-scolaire\/rythme-activites\/"]}]},{"@type":"ImageObject","inLanguage":"fr-FR","@id":"https:\/\/www.groupechampagnat.fr\/college-st-marcelin-champagnat\/vie-scolaire\/rythme-activites\/#primaryimage","url":"https:\/\/www.groupechampagnat.fr\/wp-sites\/uploads\/sites\/2\/2025\/09\/top_champagnat.webp","contentUrl":"https:\/\/www.groupechampagnat.fr\/wp-sites\/uploads\/sites\/2\/2025\/09\/top_champagnat.webp","width":1200,"height":450},{"@type":"BreadcrumbList","@id":"https:\/\/www.groupechampagnat.fr\/college-st-marcelin-champagnat\/vie-scolaire\/rythme-activites\/#breadcrumb","itemListElement":[{"@type":"ListItem","position":1,"name":"Accueil","item":"https:\/\/www.groupechampagnat.fr\/college-st-marcelin-champagnat\/"},{"@type":"ListItem","position":2,"name":"Vie scolaire","item":"https:\/\/www.groupechampagnat.fr\/college-st-marcelin-champagnat\/vie-scolaire\/"},{"@type":"ListItem","position":3,"name":"Rythme \u2013 activit\u00e9s \u2013 sp\u00e9cificit\u00e9s"}]},{"@type":"WebSite","@id":"https:\/\/www.groupechampagnat.fr\/college-st-marcelin-champagnat\/#website","url":"https:\/\/www.groupechampagnat.fr\/college-st-marcelin-champagnat\/","name":"Coll\u00e8ge St Marcellin Champagnat","description":"","potentialAction":[{"@type":"SearchAction","target":{"@type":"EntryPoint","urlTemplate":"https:\/\/www.groupechampagnat.fr\/college-st-marcelin-champagnat\/?s={search_term_string}"},"query-input":{"@type":"PropertyValueSpecification","valueRequired":true,"valueName":"search_term_string"}}],"inLanguage":"fr-FR"}]}},"_links":{"self":[{"href":"https:\/\/www.groupechampagnat.fr\/college-st-marcelin-champagnat\/wp-json\/wp\/v2\/pages\/49","targetHints":{"allow":["GET"]}}],"collection":[{"href":"https:\/\/www.groupechampagnat.fr\/college-st-marcelin-champagnat\/wp-json\/wp\/v2\/pages"}],"about":[{"href":"https:\/\/www.groupechampagnat.fr\/college-st-marcelin-champagnat\/wp-json\/wp\/v2\/types\/page"}],"author":[{"embeddable":true,"href":"https:\/\/www.groupechampagnat.fr\/college-st-marcelin-champagnat\/wp-json\/wp\/v2\/users\/1"}],"replies":[{"embeddable":true,"href":"https:\/\/www.groupechampagnat.fr\/college-st-marcelin-champagnat\/wp-json\/wp\/v2\/comments?post=49"}],"version-history":[{"count":25,"href":"https:\/\/www.groupechampagnat.fr\/college-st-marcelin-champagnat\/wp-json\/wp\/v2\/pages\/49\/revisions"}],"predecessor-version":[{"id":686,"href":"https:\/\/www.groupechampagnat.fr\/college-st-marcelin-champagnat\/wp-json\/wp\/v2\/pages\/49\/revisions\/686"}],"up":[{"embeddable":true,"href":"https:\/\/www.groupechampagnat.fr\/college-st-marcelin-champagnat\/wp-json\/wp\/v2\/pages\/155"}],"wp:featuredmedia":[{"embeddable":true,"href":"https:\/\/www.groupechampagnat.fr\/college-st-marcelin-champagnat\/wp-json\/wp\/v2\/media\/142"}],"wp:attachment":[{"href":"https:\/\/www.groupechampagnat.fr\/college-st-marcelin-champagnat\/wp-json\/wp\/v2\/media?parent=49"}],"curies":[{"name":"wp","href":"https:\/\/api.w.org\/{rel}","templated":true}]}}