{"id":47,"date":"2023-08-23T17:59:10","date_gmt":"2023-08-23T15:59:10","guid":{"rendered":"https:\/\/test.groupechampagnat.fr\/college-st-marcelin-champagnat\/projet-detablissement\/"},"modified":"2026-01-09T10:36:19","modified_gmt":"2026-01-09T09:36:19","slug":"projet-detablissement","status":"publish","type":"page","link":"https:\/\/www.groupechampagnat.fr\/college-st-marcelin-champagnat\/etablissement\/projet-detablissement\/","title":{"rendered":"Projet d\u2019\u00e9tablissement"},"content":{"rendered":"\n<p>Les trois valeurs du projet \u00e9ducatif du groupe scolaire (Travail, Bienveillance et Solidarit\u00e9) sont d\u00e9clin\u00e9es dans le projet d\u2019\u00e9tablissement du coll\u00e8ge Saint-Marcellin Champagnat.<\/p>\n\n\n\n<p>Ce projet est ax\u00e9 sur trois volets :<\/p>\n\n\n\n<div class=\"wp-block-esab-accordion esab-9av38mxk\" data-mode=\"individual\" data-close=\"true\"><div class=\"esab__container\">\n<div class=\"wp-block-esab-accordion-child esab__active_accordion\"><div class=\"esab__head\" role=\"button\" aria-expanded=\"true\"><div class=\"esab__heading_txt\"><p class=\"esab__heading_tag\"><strong>Volet p\u00e9dagogique<\/strong><\/p><\/div><div class=\"esab__icon esab__active_icon\"><div class=\"esab__collapse\"> <svg version=\"1.2\" viewBox=\"0 0 24 24\" width=\"24\" height=\"24\"><path fill-rule=\"evenodd\" d=\"m3.5 20.5c-4.7-4.7-4.7-12.3 0-17 4.7-4.7 12.3-4.7 17 0 4.6 4.7 4.6 12.3 0 17-4.7 4.6-12.3 4.6-17 0zm0.9-0.9c4.2 4.2 11 4.2 15.2 0 4.2-4.2 4.2-11 0-15.2-4.2-4.3-11-4.3-15.2 0-4.3 4.2-4.3 11 0 15.2z\"><\/path><path d=\"m11.4 15.9v-3.3h-3.3c-0.3 0-0.6-0.3-0.6-0.6 0-0.4 0.3-0.6 0.6-0.6h3.3v-3.3c0-0.3 0.3-0.6 0.6-0.6 0.3 0 0.6 0.3 0.6 0.6v3.3h3.3c0.3 0 0.6 0.2 0.6 0.6q0 0.2-0.2 0.4-0.2 0.2-0.4 0.2h-3.3v3.3q0 0.2-0.2 0.4-0.2 0.2-0.4 0.2c-0.4 0-0.6-0.3-0.6-0.6z\"><\/path><\/svg> <\/div><div class=\"esab__expand\"> <svg version=\"1.2\" viewBox=\"0 0 24 24\" width=\"24\" height=\"24\"><path fill-rule=\"evenodd\" d=\"m12 24c-6.6 0-12-5.4-12-12 0-6.6 5.4-12 12-12 6.6 0 12 5.4 12 12 0 6.6-5.4 12-12 12zm10.6-12c0-5.9-4.7-10.6-10.6-10.6-5.9 0-10.6 4.7-10.6 10.6 0 5.9 4.7 10.6 10.6 10.6 5.9 0 10.6-4.7 10.6-10.6z\"><\/path><path d=\"m5.6 11.3h12.8v1.4h-12.8z\"><\/path><\/svg> <\/div><\/div><\/div><div class=\"esab__body esab__active\">\n<ul class=\"wp-block-list\">\n<li>En accompagnant l\u2019\u00e9l\u00e8ve dans l\u2019acquisition de comp\u00e9tences : de savoir-faire et de savoir \u00eatre.<\/li>\n\n\n\n<li>En donnant le go\u00fbt de l\u2019effort et de la pers\u00e9v\u00e9rance par une p\u00e9dagogie diff\u00e9renci\u00e9e et coop\u00e9rative qui donne du sens aux apprentissages pour un meilleur investissement.<\/li>\n\n\n\n<li>En accompagnant tout projet d\u2019orientation.<\/li>\n\n\n\n<li>En adaptant la p\u00e9dagogie \u00e0 tous les \u00e9l\u00e8ves, y compris porteurs d\u2019un handicap afin qu\u2019ils puissent progresser selon leur rythme.<\/li>\n\n\n\n<li>En encourageant les projets individuels et collectifs : montrer et valoriser toutes les r\u00e9ussites.<\/li>\n\n\n\n<li>En d\u00e9couvrant l\u2019art et la culture sous toutes ses formes et en valorisant tous les talents.<\/li>\n\n\n\n<li>En osant l\u2019innovation et la cr\u00e9ation.<\/li>\n\n\n\n<li>En cherchant de nouvelles pratiques p\u00e9dagogiques.<\/li>\n\n\n\n<li>En encourageant chaque \u00e9l\u00e8ve \u00e0 exp\u00e9rimenter et \u00e0 cr\u00e9er dans une d\u00e9marche constructive.<\/li>\n<\/ul>\n<\/div><\/div>\n\n\n\n<div class=\"wp-block-esab-accordion-child\"><div class=\"esab__head\" role=\"button\" aria-expanded=\"false\"><div class=\"esab__heading_txt\"><p class=\"esab__heading_tag\"><strong>Volet \u00c9ducatif<\/strong><\/p><\/div><div class=\"esab__icon\"><div class=\"esab__collapse\"> <svg version=\"1.2\" viewBox=\"0 0 24 24\" width=\"24\" height=\"24\"><path fill-rule=\"evenodd\" d=\"m3.5 20.5c-4.7-4.7-4.7-12.3 0-17 4.7-4.7 12.3-4.7 17 0 4.6 4.7 4.6 12.3 0 17-4.7 4.6-12.3 4.6-17 0zm0.9-0.9c4.2 4.2 11 4.2 15.2 0 4.2-4.2 4.2-11 0-15.2-4.2-4.3-11-4.3-15.2 0-4.3 4.2-4.3 11 0 15.2z\"><\/path><path d=\"m11.4 15.9v-3.3h-3.3c-0.3 0-0.6-0.3-0.6-0.6 0-0.4 0.3-0.6 0.6-0.6h3.3v-3.3c0-0.3 0.3-0.6 0.6-0.6 0.3 0 0.6 0.3 0.6 0.6v3.3h3.3c0.3 0 0.6 0.2 0.6 0.6q0 0.2-0.2 0.4-0.2 0.2-0.4 0.2h-3.3v3.3q0 0.2-0.2 0.4-0.2 0.2-0.4 0.2c-0.4 0-0.6-0.3-0.6-0.6z\"><\/path><\/svg> <\/div><div class=\"esab__expand\"> <svg version=\"1.2\" viewBox=\"0 0 24 24\" width=\"24\" height=\"24\"><path fill-rule=\"evenodd\" d=\"m12 24c-6.6 0-12-5.4-12-12 0-6.6 5.4-12 12-12 6.6 0 12 5.4 12 12 0 6.6-5.4 12-12 12zm10.6-12c0-5.9-4.7-10.6-10.6-10.6-5.9 0-10.6 4.7-10.6 10.6 0 5.9 4.7 10.6 10.6 10.6 5.9 0 10.6-4.7 10.6-10.6z\"><\/path><path d=\"m5.6 11.3h12.8v1.4h-12.8z\"><\/path><\/svg> <\/div><\/div><\/div><div class=\"esab__body\">\n<ul class=\"wp-block-list\">\n<li>En proposant un cadre exigeant et rassurant dont la bienveillance est la cl\u00e9 de vo\u00fbte.<\/li>\n\n\n\n<li>En ayant une attitude et une posture d\u2019exemplarit\u00e9 : respect, \u00e9coute active, cr\u00e9dibilit\u00e9 par ses propos et par une tenue vestimentaire appropri\u00e9e.<\/li>\n\n\n\n<li>En favorisant l\u2019\u00e9coute et la r\u00e9flexion pour apprendre \u00e0 \u00e9changer.<\/li>\n\n\n\n<li>En proposant des semaines \u00e0 th\u00e8me.<\/li>\n\n\n\n<li>En ayant une attitude citoyenne et solidaire avec le projet d\u2019une Ecologie int\u00e9grale.<\/li>\n\n\n\n<li>En impliquant tous les acteurs de la communaut\u00e9 \u00e9ducative.<\/li>\n\n\n\n<li>En valorisant le travail r\u00e9alis\u00e9 et en tirant profit des \u00e9checs.<\/li>\n\n\n\n<li>En permettant \u00e0 l\u2019\u00e9l\u00e8ve d\u2019\u00eatre acteur de sa scolarit\u00e9.<\/li>\n\n\n\n<li>En favorisant les relations sociales entre les diff\u00e9rentes \u00e9quipes des trois sites.<\/li>\n<\/ul>\n<\/div><\/div>\n\n\n\n<div class=\"wp-block-esab-accordion-child\"><div class=\"esab__head\" role=\"button\" aria-expanded=\"false\"><div class=\"esab__heading_txt\"><p class=\"esab__heading_tag\"><strong>Volet pastoral<\/strong><\/p><\/div><div class=\"esab__icon\"><div class=\"esab__collapse\"> <svg version=\"1.2\" viewBox=\"0 0 24 24\" width=\"24\" height=\"24\"><path fill-rule=\"evenodd\" d=\"m3.5 20.5c-4.7-4.7-4.7-12.3 0-17 4.7-4.7 12.3-4.7 17 0 4.6 4.7 4.6 12.3 0 17-4.7 4.6-12.3 4.6-17 0zm0.9-0.9c4.2 4.2 11 4.2 15.2 0 4.2-4.2 4.2-11 0-15.2-4.2-4.3-11-4.3-15.2 0-4.3 4.2-4.3 11 0 15.2z\"><\/path><path d=\"m11.4 15.9v-3.3h-3.3c-0.3 0-0.6-0.3-0.6-0.6 0-0.4 0.3-0.6 0.6-0.6h3.3v-3.3c0-0.3 0.3-0.6 0.6-0.6 0.3 0 0.6 0.3 0.6 0.6v3.3h3.3c0.3 0 0.6 0.2 0.6 0.6q0 0.2-0.2 0.4-0.2 0.2-0.4 0.2h-3.3v3.3q0 0.2-0.2 0.4-0.2 0.2-0.4 0.2c-0.4 0-0.6-0.3-0.6-0.6z\"><\/path><\/svg> <\/div><div class=\"esab__expand\"> <svg version=\"1.2\" viewBox=\"0 0 24 24\" width=\"24\" height=\"24\"><path fill-rule=\"evenodd\" d=\"m12 24c-6.6 0-12-5.4-12-12 0-6.6 5.4-12 12-12 6.6 0 12 5.4 12 12 0 6.6-5.4 12-12 12zm10.6-12c0-5.9-4.7-10.6-10.6-10.6-5.9 0-10.6 4.7-10.6 10.6 0 5.9 4.7 10.6 10.6 10.6 5.9 0 10.6-4.7 10.6-10.6z\"><\/path><path d=\"m5.6 11.3h12.8v1.4h-12.8z\"><\/path><\/svg> <\/div><\/div><\/div><div class=\"esab__body\">\n<ul class=\"wp-block-list\">\n<li>En ayant une attitude chr\u00e9tienne, humaine et solidaire.<\/li>\n\n\n\n<li>En proposant \u00e0 tous les moyens de grandir dans la foi : Journ\u00e9e d\u2019int\u00e9gration, sorties dioc\u00e9saines, retraite spirituelle, pr\u00e9paration de sacrements, temps spirituels.<\/li>\n\n\n\n<li>En \u00e9tant solidaire avec des actions caritatives tout au long de l\u2019ann\u00e9e.<\/li>\n\n\n\n<li>En \u00e9tant partenaire avec les acteurs locaux (paroisse, associations caritatives\u2026)<\/li>\n\n\n\n<li>En proposant des temps et des lieux de rencontres et d\u2019\u00e9changes.<\/li>\n<\/ul>\n<\/div><\/div>\n<\/div><\/div>\n","protected":false},"excerpt":{"rendered":"<p>Les trois valeurs du projet \u00e9ducatif du groupe scolaire (Travail, Bienveillance et Solidarit\u00e9) sont d\u00e9clin\u00e9es dans le projet d\u2019\u00e9tablissement du coll\u00e8ge Saint-Marcellin Champagnat. Ce projet est ax\u00e9 sur trois volets :<\/p>\n","protected":false},"author":1,"featured_media":142,"parent":153,"menu_order":0,"comment_status":"closed","ping_status":"closed","template":"","meta":{"footnotes":""},"class_list":["post-47","page","type-page","status-publish","has-post-thumbnail","hentry"],"yoast_head":"<!-- This site is optimized with the Yoast SEO plugin v27.4 - https:\/\/yoast.com\/product\/yoast-seo-wordpress\/ -->\n<title>Projet d\u2019\u00e9tablissement - Coll\u00e8ge St Marcellin Champagnat<\/title>\n<meta name=\"description\" content=\"Les trois valeurs du projet \u00e9ducatif du groupe scolaire sont d\u00e9clin\u00e9es sur ax\u00e9 sur trois volets : p\u00e9dagogique, \u00e9ducatif, pastoral\" \/>\n<meta name=\"robots\" content=\"index, follow, max-snippet:-1, max-image-preview:large, max-video-preview:-1\" \/>\n<link rel=\"canonical\" href=\"https:\/\/www.groupechampagnat.fr\/college-st-marcelin-champagnat\/etablissement\/projet-detablissement\/\" \/>\n<meta property=\"og:locale\" content=\"fr_FR\" \/>\n<meta property=\"og:type\" content=\"article\" \/>\n<meta property=\"og:title\" content=\"Projet d\u2019\u00e9tablissement - Coll\u00e8ge St Marcellin Champagnat\" \/>\n<meta property=\"og:description\" content=\"Les trois valeurs du projet \u00e9ducatif du groupe scolaire sont d\u00e9clin\u00e9es sur ax\u00e9 sur trois volets : p\u00e9dagogique, \u00e9ducatif, pastoral\" \/>\n<meta property=\"og:url\" content=\"https:\/\/www.groupechampagnat.fr\/college-st-marcelin-champagnat\/etablissement\/projet-detablissement\/\" \/>\n<meta property=\"og:site_name\" content=\"Coll\u00e8ge St Marcellin Champagnat\" \/>\n<meta property=\"article:modified_time\" content=\"2026-01-09T09:36:19+00:00\" \/>\n<meta property=\"og:image\" content=\"https:\/\/www.groupechampagnat.fr\/wp-sites\/uploads\/sites\/2\/2025\/09\/top_champagnat.webp\" \/>\n\t<meta property=\"og:image:width\" content=\"1200\" \/>\n\t<meta property=\"og:image:height\" content=\"450\" \/>\n\t<meta property=\"og:image:type\" content=\"image\/webp\" \/>\n<meta name=\"twitter:card\" content=\"summary_large_image\" \/>\n<meta name=\"twitter:label1\" content=\"Dur\u00e9e de lecture estim\u00e9e\" \/>\n\t<meta name=\"twitter:data1\" content=\"2 minutes\" \/>\n<script type=\"application\/ld+json\" class=\"yoast-schema-graph\">{\"@context\":\"https:\\\/\\\/schema.org\",\"@graph\":[{\"@type\":\"WebPage\",\"@id\":\"https:\\\/\\\/www.groupechampagnat.fr\\\/college-st-marcelin-champagnat\\\/etablissement\\\/projet-detablissement\\\/\",\"url\":\"https:\\\/\\\/www.groupechampagnat.fr\\\/college-st-marcelin-champagnat\\\/etablissement\\\/projet-detablissement\\\/\",\"name\":\"Projet d\u2019\u00e9tablissement - Coll\u00e8ge St Marcellin Champagnat\",\"isPartOf\":{\"@id\":\"https:\\\/\\\/www.groupechampagnat.fr\\\/college-st-marcelin-champagnat\\\/#website\"},\"primaryImageOfPage\":{\"@id\":\"https:\\\/\\\/www.groupechampagnat.fr\\\/college-st-marcelin-champagnat\\\/etablissement\\\/projet-detablissement\\\/#primaryimage\"},\"image\":{\"@id\":\"https:\\\/\\\/www.groupechampagnat.fr\\\/college-st-marcelin-champagnat\\\/etablissement\\\/projet-detablissement\\\/#primaryimage\"},\"thumbnailUrl\":\"https:\\\/\\\/www.groupechampagnat.fr\\\/wp-sites\\\/uploads\\\/sites\\\/2\\\/2025\\\/09\\\/top_champagnat.webp\",\"datePublished\":\"2023-08-23T15:59:10+00:00\",\"dateModified\":\"2026-01-09T09:36:19+00:00\",\"description\":\"Les trois valeurs du projet \u00e9ducatif du groupe scolaire sont d\u00e9clin\u00e9es sur ax\u00e9 sur trois volets : p\u00e9dagogique, \u00e9ducatif, pastoral\",\"breadcrumb\":{\"@id\":\"https:\\\/\\\/www.groupechampagnat.fr\\\/college-st-marcelin-champagnat\\\/etablissement\\\/projet-detablissement\\\/#breadcrumb\"},\"inLanguage\":\"fr-FR\",\"potentialAction\":[{\"@type\":\"ReadAction\",\"target\":[\"https:\\\/\\\/www.groupechampagnat.fr\\\/college-st-marcelin-champagnat\\\/etablissement\\\/projet-detablissement\\\/\"]}]},{\"@type\":\"ImageObject\",\"inLanguage\":\"fr-FR\",\"@id\":\"https:\\\/\\\/www.groupechampagnat.fr\\\/college-st-marcelin-champagnat\\\/etablissement\\\/projet-detablissement\\\/#primaryimage\",\"url\":\"https:\\\/\\\/www.groupechampagnat.fr\\\/wp-sites\\\/uploads\\\/sites\\\/2\\\/2025\\\/09\\\/top_champagnat.webp\",\"contentUrl\":\"https:\\\/\\\/www.groupechampagnat.fr\\\/wp-sites\\\/uploads\\\/sites\\\/2\\\/2025\\\/09\\\/top_champagnat.webp\",\"width\":1200,\"height\":450},{\"@type\":\"BreadcrumbList\",\"@id\":\"https:\\\/\\\/www.groupechampagnat.fr\\\/college-st-marcelin-champagnat\\\/etablissement\\\/projet-detablissement\\\/#breadcrumb\",\"itemListElement\":[{\"@type\":\"ListItem\",\"position\":1,\"name\":\"Accueil\",\"item\":\"https:\\\/\\\/www.groupechampagnat.fr\\\/college-st-marcelin-champagnat\\\/\"},{\"@type\":\"ListItem\",\"position\":2,\"name\":\"\u00c9tablissement\",\"item\":\"https:\\\/\\\/www.groupechampagnat.fr\\\/college-st-marcelin-champagnat\\\/etablissement\\\/\"},{\"@type\":\"ListItem\",\"position\":3,\"name\":\"Projet d\u2019\u00e9tablissement\"}]},{\"@type\":\"WebSite\",\"@id\":\"https:\\\/\\\/www.groupechampagnat.fr\\\/college-st-marcelin-champagnat\\\/#website\",\"url\":\"https:\\\/\\\/www.groupechampagnat.fr\\\/college-st-marcelin-champagnat\\\/\",\"name\":\"Coll\u00e8ge St Marcellin Champagnat\",\"description\":\"\",\"potentialAction\":[{\"@type\":\"SearchAction\",\"target\":{\"@type\":\"EntryPoint\",\"urlTemplate\":\"https:\\\/\\\/www.groupechampagnat.fr\\\/college-st-marcelin-champagnat\\\/?s={search_term_string}\"},\"query-input\":{\"@type\":\"PropertyValueSpecification\",\"valueRequired\":true,\"valueName\":\"search_term_string\"}}],\"inLanguage\":\"fr-FR\"}]}<\/script>\n<!-- \/ Yoast SEO plugin. -->","yoast_head_json":{"title":"Projet d\u2019\u00e9tablissement - Coll\u00e8ge St Marcellin Champagnat","description":"Les trois valeurs du projet \u00e9ducatif du groupe scolaire sont d\u00e9clin\u00e9es sur ax\u00e9 sur trois volets : p\u00e9dagogique, \u00e9ducatif, pastoral","robots":{"index":"index","follow":"follow","max-snippet":"max-snippet:-1","max-image-preview":"max-image-preview:large","max-video-preview":"max-video-preview:-1"},"canonical":"https:\/\/www.groupechampagnat.fr\/college-st-marcelin-champagnat\/etablissement\/projet-detablissement\/","og_locale":"fr_FR","og_type":"article","og_title":"Projet d\u2019\u00e9tablissement - Coll\u00e8ge St Marcellin Champagnat","og_description":"Les trois valeurs du projet \u00e9ducatif du groupe scolaire sont d\u00e9clin\u00e9es sur ax\u00e9 sur trois volets : p\u00e9dagogique, \u00e9ducatif, pastoral","og_url":"https:\/\/www.groupechampagnat.fr\/college-st-marcelin-champagnat\/etablissement\/projet-detablissement\/","og_site_name":"Coll\u00e8ge St Marcellin Champagnat","article_modified_time":"2026-01-09T09:36:19+00:00","og_image":[{"width":1200,"height":450,"url":"https:\/\/www.groupechampagnat.fr\/wp-sites\/uploads\/sites\/2\/2025\/09\/top_champagnat.webp","type":"image\/webp"}],"twitter_card":"summary_large_image","twitter_misc":{"Dur\u00e9e de lecture estim\u00e9e":"2 minutes"},"schema":{"@context":"https:\/\/schema.org","@graph":[{"@type":"WebPage","@id":"https:\/\/www.groupechampagnat.fr\/college-st-marcelin-champagnat\/etablissement\/projet-detablissement\/","url":"https:\/\/www.groupechampagnat.fr\/college-st-marcelin-champagnat\/etablissement\/projet-detablissement\/","name":"Projet d\u2019\u00e9tablissement - Coll\u00e8ge St Marcellin Champagnat","isPartOf":{"@id":"https:\/\/www.groupechampagnat.fr\/college-st-marcelin-champagnat\/#website"},"primaryImageOfPage":{"@id":"https:\/\/www.groupechampagnat.fr\/college-st-marcelin-champagnat\/etablissement\/projet-detablissement\/#primaryimage"},"image":{"@id":"https:\/\/www.groupechampagnat.fr\/college-st-marcelin-champagnat\/etablissement\/projet-detablissement\/#primaryimage"},"thumbnailUrl":"https:\/\/www.groupechampagnat.fr\/wp-sites\/uploads\/sites\/2\/2025\/09\/top_champagnat.webp","datePublished":"2023-08-23T15:59:10+00:00","dateModified":"2026-01-09T09:36:19+00:00","description":"Les trois valeurs du projet \u00e9ducatif du groupe scolaire sont d\u00e9clin\u00e9es sur ax\u00e9 sur trois volets : p\u00e9dagogique, \u00e9ducatif, pastoral","breadcrumb":{"@id":"https:\/\/www.groupechampagnat.fr\/college-st-marcelin-champagnat\/etablissement\/projet-detablissement\/#breadcrumb"},"inLanguage":"fr-FR","potentialAction":[{"@type":"ReadAction","target":["https:\/\/www.groupechampagnat.fr\/college-st-marcelin-champagnat\/etablissement\/projet-detablissement\/"]}]},{"@type":"ImageObject","inLanguage":"fr-FR","@id":"https:\/\/www.groupechampagnat.fr\/college-st-marcelin-champagnat\/etablissement\/projet-detablissement\/#primaryimage","url":"https:\/\/www.groupechampagnat.fr\/wp-sites\/uploads\/sites\/2\/2025\/09\/top_champagnat.webp","contentUrl":"https:\/\/www.groupechampagnat.fr\/wp-sites\/uploads\/sites\/2\/2025\/09\/top_champagnat.webp","width":1200,"height":450},{"@type":"BreadcrumbList","@id":"https:\/\/www.groupechampagnat.fr\/college-st-marcelin-champagnat\/etablissement\/projet-detablissement\/#breadcrumb","itemListElement":[{"@type":"ListItem","position":1,"name":"Accueil","item":"https:\/\/www.groupechampagnat.fr\/college-st-marcelin-champagnat\/"},{"@type":"ListItem","position":2,"name":"\u00c9tablissement","item":"https:\/\/www.groupechampagnat.fr\/college-st-marcelin-champagnat\/etablissement\/"},{"@type":"ListItem","position":3,"name":"Projet d\u2019\u00e9tablissement"}]},{"@type":"WebSite","@id":"https:\/\/www.groupechampagnat.fr\/college-st-marcelin-champagnat\/#website","url":"https:\/\/www.groupechampagnat.fr\/college-st-marcelin-champagnat\/","name":"Coll\u00e8ge St Marcellin Champagnat","description":"","potentialAction":[{"@type":"SearchAction","target":{"@type":"EntryPoint","urlTemplate":"https:\/\/www.groupechampagnat.fr\/college-st-marcelin-champagnat\/?s={search_term_string}"},"query-input":{"@type":"PropertyValueSpecification","valueRequired":true,"valueName":"search_term_string"}}],"inLanguage":"fr-FR"}]}},"_links":{"self":[{"href":"https:\/\/www.groupechampagnat.fr\/college-st-marcelin-champagnat\/wp-json\/wp\/v2\/pages\/47","targetHints":{"allow":["GET"]}}],"collection":[{"href":"https:\/\/www.groupechampagnat.fr\/college-st-marcelin-champagnat\/wp-json\/wp\/v2\/pages"}],"about":[{"href":"https:\/\/www.groupechampagnat.fr\/college-st-marcelin-champagnat\/wp-json\/wp\/v2\/types\/page"}],"author":[{"embeddable":true,"href":"https:\/\/www.groupechampagnat.fr\/college-st-marcelin-champagnat\/wp-json\/wp\/v2\/users\/1"}],"replies":[{"embeddable":true,"href":"https:\/\/www.groupechampagnat.fr\/college-st-marcelin-champagnat\/wp-json\/wp\/v2\/comments?post=47"}],"version-history":[{"count":10,"href":"https:\/\/www.groupechampagnat.fr\/college-st-marcelin-champagnat\/wp-json\/wp\/v2\/pages\/47\/revisions"}],"predecessor-version":[{"id":570,"href":"https:\/\/www.groupechampagnat.fr\/college-st-marcelin-champagnat\/wp-json\/wp\/v2\/pages\/47\/revisions\/570"}],"up":[{"embeddable":true,"href":"https:\/\/www.groupechampagnat.fr\/college-st-marcelin-champagnat\/wp-json\/wp\/v2\/pages\/153"}],"wp:featuredmedia":[{"embeddable":true,"href":"https:\/\/www.groupechampagnat.fr\/college-st-marcelin-champagnat\/wp-json\/wp\/v2\/media\/142"}],"wp:attachment":[{"href":"https:\/\/www.groupechampagnat.fr\/college-st-marcelin-champagnat\/wp-json\/wp\/v2\/media?parent=47"}],"curies":[{"name":"wp","href":"https:\/\/api.w.org\/{rel}","templated":true}]}}