{"id":336,"date":"2025-10-03T15:48:10","date_gmt":"2025-10-03T13:48:24","guid":{"rendered":"https:\/\/test.groupechampagnat.fr\/college-st-marcelin-champagnat\/projet-pedagogique\/accompagnement\/"},"modified":"2026-03-03T09:55:39","modified_gmt":"2026-03-03T08:55:39","slug":"accompagnement","status":"publish","type":"page","link":"https:\/\/www.groupechampagnat.fr\/college-st-marcelin-champagnat\/projet-pedagogique\/accompagnement\/","title":{"rendered":"Accompagnement"},"content":{"rendered":"\n<div class=\"wp-block-group is-layout-grid wp-container-core-group-is-layout-add48beb wp-block-group-is-layout-grid\">\n<p class=\"bloc\"><strong>Un \u00e9ducateur de vie scolaire r\u00e9f\u00e9rent :<br><\/strong>il accompagne les \u00e9l\u00e8ves d\u2019un m\u00eame niveau dans les domaines de l\u2019attitude, du comportement et des relations.<\/p>\n\n\n\n<p class=\"bloc\"><strong>Le cadre \u00e9ducatif :<\/strong><br>il a un r\u00f4le essentiel dans le suivi de l\u2019ensemble des \u00e9l\u00e8ves sur le plan \u00e9ducatif et il encadre une \u00e9quipe de 4 \u00e9ducateurs de vie scolaire.<\/p>\n\n\n\n<p class=\"bloc\"><strong>Les responsables de niveau :<br><\/strong>ils animent et coordonnent l\u2019ensemble des activit\u00e9s du niveau et le suivi des conseils de classe.<\/p>\n\n\n\n<p class=\"bloc\"><strong>Les Etudes du soir :<br><\/strong>Permettre aux familles de laisser leurs enfants de 17h00 \u00e0 18h30 afin de faire leurs devoirs. Un abonnement est n\u00e9cessaire et les \u00e9l\u00e8ves sont regroup\u00e9s sur le site de l&rsquo;\u00e9cole Ste Th\u00e9r\u00e8se. L\u2019\u00e9tude se passe en silence et est encadr\u00e9 par un \u00e9ducateur de vie scolaire du coll\u00e8ge. L\u2019\u00e9l\u00e8ve doit pr\u00e9voir le travail qu\u2019il va faire (exercices, apprentissage des le\u00e7ons, lecture\u2026).<\/p>\n\n\n\n<p class=\"bloc\"><strong>Les rendez-vous avec les parents :<br><\/strong>on insiste beaucoup sur le fait de rencontrer les parents le plus t\u00f4t possible quand un enfant est en difficult\u00e9. Les parents peuvent prendre RDV avec le professeur principal ou le professeur d\u2019une mati\u00e8re via EcoleDirecte. Dans tous les cas, les professeurs principaux rencontrent les parents \u00e0 la fin du 1er trimestre.<\/p>\n\n\n\n<p class=\"bloc\"><strong>Conseils de classe :<br><\/strong>Ils se r\u00e9unissent, une fois par trimestre, professeurs, parents et \u00e9l\u00e8ves. Ils permettent de faire le point sur les \u00e9l\u00e8ves, leur \u00e9volution et sur la vie de la classe. En plus, chaque \u00e9quipe se r\u00e9unit au moins une fois par trimestre pour pr\u00e9ciser le projet p\u00e9dagogique de la classe, mettre en place des actions particuli\u00e8res ou interdisciplinaires.<\/p>\n\n\n\n<p class=\"bloc\"><strong>Le professeur principal :<br><\/strong>il a un r\u00f4le de coordinateur aupr\u00e8s des professeurs, il pr\u00e9pare l\u2019ordre du jour des conseils de classe, rencontre les parents et tient \u00e0 jour le dossier des<br>\u00e9l\u00e8ves.<\/p>\n\n\n\n<p class=\"bloc\"><strong>Le CDI :<br><\/strong>Un lieu de Lecture, un centre de ressources sur l\u2019orientation et de formation \u00e0 l\u2019information et aux m\u00e9dias, un lieu d\u2019\u00e9ducation culturelle et artistique et un espace citoyen.<\/p>\n\n\n\n<p class=\"bloc\"><strong><a href=\"https:\/\/www.ecoledirecte.com\/\">Ecoledirecte.com<\/a> :<br><\/strong>un site d\u00e9di\u00e9 aux enfants et aux parents pour suivre : notes, vie de classe, cahier de texte, travail, r\u00e9unions, messagerie\u2026<\/p>\n\n\n\n<p class=\"bloc\"><strong>Les Etudes dirig\u00e9es :<br><\/strong>Il s\u2019agit d\u2019un dispositif mis en place de 17h00 \u00e0 18h00 au coll\u00e8ge pour permettre le travail personnel avec l\u2019encadrement d\u2019un professeur. Elles sont propos\u00e9es \u00e0 des groupes d\u2019une dizaine d\u2019\u00e9l\u00e8ves \u00e0 partir du bilan p\u00e9dagogique fait d\u00e9but octobre. Les familles concern\u00e9es sont pr\u00e9venues par le professeur principal.<\/p>\n\n\n\n<p class=\"bloc\"><strong>Le sport au coll\u00e8ge :<br><\/strong>l\u2019\u00e9l\u00e8ve, de la sixi\u00e8me \u00e0 la troisi\u00e8me, doit avoir une tenue compl\u00e8te :<br>Maillot sp\u00e9cifique du coll\u00e8ge en microfibre, Short ou surv\u00eatement et Chaussures de sport.<br>Toutes les chaussures vendues dans les magasins de sport ne sont pas adapt\u00e9es \u00e0 la pratique du sport ; seules les chaussures type \u00ab jogging ou tennis \u00bb ont une semelle assez \u00e9paisse pour faire du sport.<\/p>\n<\/div>\n","protected":false},"excerpt":{"rendered":"<p>Un \u00e9ducateur de vie scolaire r\u00e9f\u00e9rent :il accompagne les \u00e9l\u00e8ves d\u2019un m\u00eame niveau dans les domaines de l\u2019attitude, du comportement et des relations. Le cadre \u00e9ducatif :il a un r\u00f4le essentiel dans le suivi de l\u2019ensemble des \u00e9l\u00e8ves sur le plan \u00e9ducatif et il encadre une \u00e9quipe de 4 \u00e9ducateurs de vie scolaire. Les responsables [&hellip;]<\/p>\n","protected":false},"author":1,"featured_media":142,"parent":157,"menu_order":3,"comment_status":"closed","ping_status":"closed","template":"","meta":{"footnotes":""},"class_list":["post-336","page","type-page","status-publish","has-post-thumbnail","hentry"],"yoast_head":"<!-- This site is optimized with the Yoast SEO plugin v27.4 - https:\/\/yoast.com\/product\/yoast-seo-wordpress\/ -->\n<title>Accompagnement - Coll\u00e8ge St Marcellin Champagnat<\/title>\n<meta name=\"description\" content=\"D\u00e9couvrez l\u2019accompagnement au Coll\u00e8ge St Marcellin Champagnat : \u00e9tude dirig\u00e9e, suivi personnalis\u00e9 et relation parents-professeurs.\" \/>\n<meta name=\"robots\" content=\"index, follow, max-snippet:-1, max-image-preview:large, max-video-preview:-1\" \/>\n<link rel=\"canonical\" href=\"https:\/\/www.groupechampagnat.fr\/college-st-marcelin-champagnat\/projet-pedagogique\/accompagnement\/\" \/>\n<meta property=\"og:locale\" content=\"fr_FR\" \/>\n<meta property=\"og:type\" content=\"article\" \/>\n<meta property=\"og:title\" content=\"Accompagnement - Coll\u00e8ge St Marcellin Champagnat\" \/>\n<meta property=\"og:description\" content=\"D\u00e9couvrez l\u2019accompagnement au Coll\u00e8ge St Marcellin Champagnat : \u00e9tude dirig\u00e9e, suivi personnalis\u00e9 et relation parents-professeurs.\" \/>\n<meta property=\"og:url\" content=\"https:\/\/www.groupechampagnat.fr\/college-st-marcelin-champagnat\/projet-pedagogique\/accompagnement\/\" \/>\n<meta property=\"og:site_name\" content=\"Coll\u00e8ge St Marcellin Champagnat\" \/>\n<meta property=\"article:modified_time\" content=\"2026-03-03T08:55:39+00:00\" \/>\n<meta property=\"og:image\" content=\"https:\/\/www.groupechampagnat.fr\/wp-sites\/uploads\/sites\/2\/2025\/09\/top_champagnat.webp\" \/>\n\t<meta property=\"og:image:width\" content=\"1200\" \/>\n\t<meta property=\"og:image:height\" content=\"450\" \/>\n\t<meta property=\"og:image:type\" content=\"image\/webp\" \/>\n<meta name=\"twitter:card\" content=\"summary_large_image\" \/>\n<meta name=\"twitter:label1\" content=\"Dur\u00e9e de lecture estim\u00e9e\" \/>\n\t<meta name=\"twitter:data1\" content=\"3 minutes\" \/>\n<script type=\"application\/ld+json\" class=\"yoast-schema-graph\">{\"@context\":\"https:\\\/\\\/schema.org\",\"@graph\":[{\"@type\":\"WebPage\",\"@id\":\"https:\\\/\\\/www.groupechampagnat.fr\\\/college-st-marcelin-champagnat\\\/projet-pedagogique\\\/accompagnement\\\/\",\"url\":\"https:\\\/\\\/www.groupechampagnat.fr\\\/college-st-marcelin-champagnat\\\/projet-pedagogique\\\/accompagnement\\\/\",\"name\":\"Accompagnement - Coll\u00e8ge St Marcellin Champagnat\",\"isPartOf\":{\"@id\":\"https:\\\/\\\/www.groupechampagnat.fr\\\/college-st-marcelin-champagnat\\\/#website\"},\"primaryImageOfPage\":{\"@id\":\"https:\\\/\\\/www.groupechampagnat.fr\\\/college-st-marcelin-champagnat\\\/projet-pedagogique\\\/accompagnement\\\/#primaryimage\"},\"image\":{\"@id\":\"https:\\\/\\\/www.groupechampagnat.fr\\\/college-st-marcelin-champagnat\\\/projet-pedagogique\\\/accompagnement\\\/#primaryimage\"},\"thumbnailUrl\":\"https:\\\/\\\/www.groupechampagnat.fr\\\/wp-sites\\\/uploads\\\/sites\\\/2\\\/2025\\\/09\\\/top_champagnat.webp\",\"datePublished\":\"2025-10-03T13:48:24+00:00\",\"dateModified\":\"2026-03-03T08:55:39+00:00\",\"description\":\"D\u00e9couvrez l\u2019accompagnement au Coll\u00e8ge St Marcellin Champagnat : \u00e9tude dirig\u00e9e, suivi personnalis\u00e9 et relation parents-professeurs.\",\"breadcrumb\":{\"@id\":\"https:\\\/\\\/www.groupechampagnat.fr\\\/college-st-marcelin-champagnat\\\/projet-pedagogique\\\/accompagnement\\\/#breadcrumb\"},\"inLanguage\":\"fr-FR\",\"potentialAction\":[{\"@type\":\"ReadAction\",\"target\":[\"https:\\\/\\\/www.groupechampagnat.fr\\\/college-st-marcelin-champagnat\\\/projet-pedagogique\\\/accompagnement\\\/\"]}]},{\"@type\":\"ImageObject\",\"inLanguage\":\"fr-FR\",\"@id\":\"https:\\\/\\\/www.groupechampagnat.fr\\\/college-st-marcelin-champagnat\\\/projet-pedagogique\\\/accompagnement\\\/#primaryimage\",\"url\":\"https:\\\/\\\/www.groupechampagnat.fr\\\/wp-sites\\\/uploads\\\/sites\\\/2\\\/2025\\\/09\\\/top_champagnat.webp\",\"contentUrl\":\"https:\\\/\\\/www.groupechampagnat.fr\\\/wp-sites\\\/uploads\\\/sites\\\/2\\\/2025\\\/09\\\/top_champagnat.webp\",\"width\":1200,\"height\":450},{\"@type\":\"BreadcrumbList\",\"@id\":\"https:\\\/\\\/www.groupechampagnat.fr\\\/college-st-marcelin-champagnat\\\/projet-pedagogique\\\/accompagnement\\\/#breadcrumb\",\"itemListElement\":[{\"@type\":\"ListItem\",\"position\":1,\"name\":\"Accueil\",\"item\":\"https:\\\/\\\/www.groupechampagnat.fr\\\/college-st-marcelin-champagnat\\\/\"},{\"@type\":\"ListItem\",\"position\":2,\"name\":\"\u00a0Projet p\u00e9dagogique\",\"item\":\"https:\\\/\\\/www.groupechampagnat.fr\\\/college-st-marcelin-champagnat\\\/projet-pedagogique\\\/\"},{\"@type\":\"ListItem\",\"position\":3,\"name\":\"Accompagnement\"}]},{\"@type\":\"WebSite\",\"@id\":\"https:\\\/\\\/www.groupechampagnat.fr\\\/college-st-marcelin-champagnat\\\/#website\",\"url\":\"https:\\\/\\\/www.groupechampagnat.fr\\\/college-st-marcelin-champagnat\\\/\",\"name\":\"Coll\u00e8ge St Marcellin Champagnat\",\"description\":\"\",\"potentialAction\":[{\"@type\":\"SearchAction\",\"target\":{\"@type\":\"EntryPoint\",\"urlTemplate\":\"https:\\\/\\\/www.groupechampagnat.fr\\\/college-st-marcelin-champagnat\\\/?s={search_term_string}\"},\"query-input\":{\"@type\":\"PropertyValueSpecification\",\"valueRequired\":true,\"valueName\":\"search_term_string\"}}],\"inLanguage\":\"fr-FR\"}]}<\/script>\n<!-- \/ Yoast SEO plugin. -->","yoast_head_json":{"title":"Accompagnement - Coll\u00e8ge St Marcellin Champagnat","description":"D\u00e9couvrez l\u2019accompagnement au Coll\u00e8ge St Marcellin Champagnat : \u00e9tude dirig\u00e9e, suivi personnalis\u00e9 et relation parents-professeurs.","robots":{"index":"index","follow":"follow","max-snippet":"max-snippet:-1","max-image-preview":"max-image-preview:large","max-video-preview":"max-video-preview:-1"},"canonical":"https:\/\/www.groupechampagnat.fr\/college-st-marcelin-champagnat\/projet-pedagogique\/accompagnement\/","og_locale":"fr_FR","og_type":"article","og_title":"Accompagnement - Coll\u00e8ge St Marcellin Champagnat","og_description":"D\u00e9couvrez l\u2019accompagnement au Coll\u00e8ge St Marcellin Champagnat : \u00e9tude dirig\u00e9e, suivi personnalis\u00e9 et relation parents-professeurs.","og_url":"https:\/\/www.groupechampagnat.fr\/college-st-marcelin-champagnat\/projet-pedagogique\/accompagnement\/","og_site_name":"Coll\u00e8ge St Marcellin Champagnat","article_modified_time":"2026-03-03T08:55:39+00:00","og_image":[{"width":1200,"height":450,"url":"https:\/\/www.groupechampagnat.fr\/wp-sites\/uploads\/sites\/2\/2025\/09\/top_champagnat.webp","type":"image\/webp"}],"twitter_card":"summary_large_image","twitter_misc":{"Dur\u00e9e de lecture estim\u00e9e":"3 minutes"},"schema":{"@context":"https:\/\/schema.org","@graph":[{"@type":"WebPage","@id":"https:\/\/www.groupechampagnat.fr\/college-st-marcelin-champagnat\/projet-pedagogique\/accompagnement\/","url":"https:\/\/www.groupechampagnat.fr\/college-st-marcelin-champagnat\/projet-pedagogique\/accompagnement\/","name":"Accompagnement - Coll\u00e8ge St Marcellin Champagnat","isPartOf":{"@id":"https:\/\/www.groupechampagnat.fr\/college-st-marcelin-champagnat\/#website"},"primaryImageOfPage":{"@id":"https:\/\/www.groupechampagnat.fr\/college-st-marcelin-champagnat\/projet-pedagogique\/accompagnement\/#primaryimage"},"image":{"@id":"https:\/\/www.groupechampagnat.fr\/college-st-marcelin-champagnat\/projet-pedagogique\/accompagnement\/#primaryimage"},"thumbnailUrl":"https:\/\/www.groupechampagnat.fr\/wp-sites\/uploads\/sites\/2\/2025\/09\/top_champagnat.webp","datePublished":"2025-10-03T13:48:24+00:00","dateModified":"2026-03-03T08:55:39+00:00","description":"D\u00e9couvrez l\u2019accompagnement au Coll\u00e8ge St Marcellin Champagnat : \u00e9tude dirig\u00e9e, suivi personnalis\u00e9 et relation parents-professeurs.","breadcrumb":{"@id":"https:\/\/www.groupechampagnat.fr\/college-st-marcelin-champagnat\/projet-pedagogique\/accompagnement\/#breadcrumb"},"inLanguage":"fr-FR","potentialAction":[{"@type":"ReadAction","target":["https:\/\/www.groupechampagnat.fr\/college-st-marcelin-champagnat\/projet-pedagogique\/accompagnement\/"]}]},{"@type":"ImageObject","inLanguage":"fr-FR","@id":"https:\/\/www.groupechampagnat.fr\/college-st-marcelin-champagnat\/projet-pedagogique\/accompagnement\/#primaryimage","url":"https:\/\/www.groupechampagnat.fr\/wp-sites\/uploads\/sites\/2\/2025\/09\/top_champagnat.webp","contentUrl":"https:\/\/www.groupechampagnat.fr\/wp-sites\/uploads\/sites\/2\/2025\/09\/top_champagnat.webp","width":1200,"height":450},{"@type":"BreadcrumbList","@id":"https:\/\/www.groupechampagnat.fr\/college-st-marcelin-champagnat\/projet-pedagogique\/accompagnement\/#breadcrumb","itemListElement":[{"@type":"ListItem","position":1,"name":"Accueil","item":"https:\/\/www.groupechampagnat.fr\/college-st-marcelin-champagnat\/"},{"@type":"ListItem","position":2,"name":"\u00a0Projet p\u00e9dagogique","item":"https:\/\/www.groupechampagnat.fr\/college-st-marcelin-champagnat\/projet-pedagogique\/"},{"@type":"ListItem","position":3,"name":"Accompagnement"}]},{"@type":"WebSite","@id":"https:\/\/www.groupechampagnat.fr\/college-st-marcelin-champagnat\/#website","url":"https:\/\/www.groupechampagnat.fr\/college-st-marcelin-champagnat\/","name":"Coll\u00e8ge St Marcellin Champagnat","description":"","potentialAction":[{"@type":"SearchAction","target":{"@type":"EntryPoint","urlTemplate":"https:\/\/www.groupechampagnat.fr\/college-st-marcelin-champagnat\/?s={search_term_string}"},"query-input":{"@type":"PropertyValueSpecification","valueRequired":true,"valueName":"search_term_string"}}],"inLanguage":"fr-FR"}]}},"_links":{"self":[{"href":"https:\/\/www.groupechampagnat.fr\/college-st-marcelin-champagnat\/wp-json\/wp\/v2\/pages\/336","targetHints":{"allow":["GET"]}}],"collection":[{"href":"https:\/\/www.groupechampagnat.fr\/college-st-marcelin-champagnat\/wp-json\/wp\/v2\/pages"}],"about":[{"href":"https:\/\/www.groupechampagnat.fr\/college-st-marcelin-champagnat\/wp-json\/wp\/v2\/types\/page"}],"author":[{"embeddable":true,"href":"https:\/\/www.groupechampagnat.fr\/college-st-marcelin-champagnat\/wp-json\/wp\/v2\/users\/1"}],"replies":[{"embeddable":true,"href":"https:\/\/www.groupechampagnat.fr\/college-st-marcelin-champagnat\/wp-json\/wp\/v2\/comments?post=336"}],"version-history":[{"count":17,"href":"https:\/\/www.groupechampagnat.fr\/college-st-marcelin-champagnat\/wp-json\/wp\/v2\/pages\/336\/revisions"}],"predecessor-version":[{"id":847,"href":"https:\/\/www.groupechampagnat.fr\/college-st-marcelin-champagnat\/wp-json\/wp\/v2\/pages\/336\/revisions\/847"}],"up":[{"embeddable":true,"href":"https:\/\/www.groupechampagnat.fr\/college-st-marcelin-champagnat\/wp-json\/wp\/v2\/pages\/157"}],"wp:featuredmedia":[{"embeddable":true,"href":"https:\/\/www.groupechampagnat.fr\/college-st-marcelin-champagnat\/wp-json\/wp\/v2\/media\/142"}],"wp:attachment":[{"href":"https:\/\/www.groupechampagnat.fr\/college-st-marcelin-champagnat\/wp-json\/wp\/v2\/media?parent=336"}],"curies":[{"name":"wp","href":"https:\/\/api.w.org\/{rel}","templated":true}]}}