{"id":330,"date":"2025-10-03T15:43:10","date_gmt":"2025-10-03T13:43:18","guid":{"rendered":"https:\/\/test.groupechampagnat.fr\/college-st-marcelin-champagnat\/projet-pedagogique\/les-differents-parcours-2\/"},"modified":"2026-03-03T09:56:26","modified_gmt":"2026-03-03T08:56:26","slug":"options","status":"publish","type":"page","link":"https:\/\/www.groupechampagnat.fr\/college-st-marcelin-champagnat\/projet-pedagogique\/options\/","title":{"rendered":"Les options"},"content":{"rendered":"\n<div class=\"wp-block-columns is-layout-flex wp-container-core-columns-is-layout-9d6595d7 wp-block-columns-is-layout-flex\">\n<div class=\"wp-block-column is-layout-flow wp-block-column-is-layout-flow\">\n<div class=\"wp-block-group bloc is-layout-constrained wp-block-group-is-layout-constrained\">\n<figure class=\"wp-block-image alignright size-full is-resized\"><img loading=\"lazy\" decoding=\"async\" width=\"600\" height=\"308\" src=\"https:\/\/www.groupechampagnat.fr\/wp-sites\/uploads\/sites\/2\/2025\/11\/uk-de.png\" alt=\"\" class=\"wp-image-589\" style=\"width:100px\" srcset=\"https:\/\/www.groupechampagnat.fr\/wp-sites\/uploads\/sites\/2\/2025\/11\/uk-de.png 600w, https:\/\/www.groupechampagnat.fr\/wp-sites\/uploads\/sites\/2\/2025\/11\/uk-de-300x154.png 300w\" sizes=\"auto, (max-width: 600px) 100vw, 600px\" \/><\/figure>\n\n\n\n<h3 class=\"wp-block-heading\">BILANGUE ANGLAIS\/ALLEMAND<\/h3>\n\n\n\n<p>De la 6\u00e8me \u00e0 la 3\u00e8me : <br>3 heures d\u2019anglais et 3 heures d\u2019allemand hebdomadaire.<\/p>\n<\/div>\n\n\n\n<div class=\"wp-block-group bloc is-layout-constrained wp-block-group-is-layout-constrained\">\n<figure class=\"wp-block-image alignright size-full is-resized\"><img loading=\"lazy\" decoding=\"async\" width=\"600\" height=\"308\" src=\"https:\/\/www.groupechampagnat.fr\/wp-sites\/uploads\/sites\/2\/2025\/11\/uk-sp.png\" alt=\"\" class=\"wp-image-591\" style=\"width:100px\" srcset=\"https:\/\/www.groupechampagnat.fr\/wp-sites\/uploads\/sites\/2\/2025\/11\/uk-sp.png 600w, https:\/\/www.groupechampagnat.fr\/wp-sites\/uploads\/sites\/2\/2025\/11\/uk-sp-300x154.png 300w\" sizes=\"auto, (max-width: 600px) 100vw, 600px\" \/><\/figure>\n\n\n\n<h3 class=\"wp-block-heading\">BILANGUE ANGLAIS\/ESPAGNOL<\/h3>\n\n\n\n<p>De la 6\u00e8me \u00e0 la 3\u00e8me : <br>3 heures d\u2019anglais et 3 heures d\u2019espagnol hebdomadaire.<\/p>\n<\/div>\n\n\n\n<div class=\"wp-block-group bloc is-layout-constrained wp-block-group-is-layout-constrained\">\n<figure class=\"wp-block-image alignright size-full is-resized\"><img loading=\"lazy\" decoding=\"async\" width=\"600\" height=\"308\" src=\"https:\/\/www.groupechampagnat.fr\/wp-sites\/uploads\/sites\/2\/2025\/11\/i18.png\" alt=\"\" class=\"wp-image-593\" style=\"width:100px\" srcset=\"https:\/\/www.groupechampagnat.fr\/wp-sites\/uploads\/sites\/2\/2025\/11\/i18.png 600w, https:\/\/www.groupechampagnat.fr\/wp-sites\/uploads\/sites\/2\/2025\/11\/i18-300x154.png 300w\" sizes=\"auto, (max-width: 600px) 100vw, 600px\" \/><\/figure>\n\n\n\n<h3 class=\"wp-block-heading\">ENGLISH INTERNATIONAL (option EI)<\/h3>\n\n\n\n<p>De la 5\u00e8me \u00e0 la 3\u00e8me : <br>4 heures d&rsquo;anglais<br><em>Aisance orale, approfondissement linguistique et voyage \u00e0 l&rsquo;\u00e9tranger<\/em><\/p>\n<\/div>\n\n\n\n<div class=\"wp-block-group bloc is-layout-constrained wp-block-group-is-layout-constrained\">\n<figure class=\"wp-block-image alignright size-full is-resized\"><img loading=\"lazy\" decoding=\"async\" width=\"600\" height=\"308\" src=\"https:\/\/www.groupechampagnat.fr\/wp-sites\/uploads\/sites\/2\/2025\/11\/latin.png\" alt=\"\" class=\"wp-image-595\" style=\"width:100px\" srcset=\"https:\/\/www.groupechampagnat.fr\/wp-sites\/uploads\/sites\/2\/2025\/11\/latin.png 600w, https:\/\/www.groupechampagnat.fr\/wp-sites\/uploads\/sites\/2\/2025\/11\/latin-300x154.png 300w\" sizes=\"auto, (max-width: 600px) 100vw, 600px\" \/><\/figure>\n\n\n\n<h3 class=\"wp-block-heading\">LATIN<\/h3>\n\n\n\n<p>1 heure par semaine en 5\u00e8me, puis 2 heures par semaine en 4\u00e8me &amp; 3\u00e8me.<br><em>D\u00e9couverte de la civilisation romaine \u00e0 travers la mythologie, la vie quotidienne, les \u0153uvres d\u2019art et l\u2019histoire de ce peuple depuis la fondation de Rome jusqu\u2019au d\u00e9but du Moyen-Age.<\/em><\/p>\n<\/div>\n<\/div>\n\n\n\n<div class=\"wp-block-column is-layout-flow wp-block-column-is-layout-flow\">\n<div class=\"wp-block-group bloc is-layout-constrained wp-block-group-is-layout-constrained\">\n<figure class=\"wp-block-image alignright size-full is-resized\"><img loading=\"lazy\" decoding=\"async\" width=\"600\" height=\"308\" src=\"https:\/\/www.groupechampagnat.fr\/wp-sites\/uploads\/sites\/2\/2025\/11\/chorale.png\" alt=\"\" class=\"wp-image-598\" style=\"width:100px\" srcset=\"https:\/\/www.groupechampagnat.fr\/wp-sites\/uploads\/sites\/2\/2025\/11\/chorale.png 600w, https:\/\/www.groupechampagnat.fr\/wp-sites\/uploads\/sites\/2\/2025\/11\/chorale-300x154.png 300w\" sizes=\"auto, (max-width: 600px) 100vw, 600px\" \/><\/figure>\n\n\n\n<h3 class=\"wp-block-heading\">CHORALE<\/h3>\n\n\n\n<p>R\u00e9p\u00e9titions : 1 \u00e0 2 fois par semaine \u00e0 raison d\u2019une r\u00e9p\u00e9tition d\u20191 heure<br><em>Cet enseignement collectif rassemble chaque semaine les \u00e9l\u00e8ves volontaires de tous les niveaux sur le temps m\u00e9ridien. <\/em><\/p>\n<\/div>\n\n\n\n<div class=\"wp-block-group bloc is-layout-constrained wp-block-group-is-layout-constrained\">\n<figure class=\"wp-block-image alignright size-full is-resized\"><img loading=\"lazy\" decoding=\"async\" width=\"192\" height=\"263\" src=\"https:\/\/www.groupechampagnat.fr\/wp-sites\/uploads\/sites\/2\/2026\/02\/Logo-Domtac.jpg\" alt=\"\" class=\"wp-image-825\" style=\"aspect-ratio:0.7300275635528053;width:57px;height:auto\"\/><\/figure>\n\n\n\n<h3 class=\"wp-block-heading\">FOOT<\/h3>\n\n\n\n<p>Lundi et vendredi sont lib\u00e9r\u00e9s \u00e0 15h45 pour un entrainement compl\u00e9mentaire.<br><em>En partenariat avec le club de Foot DOMTAC de La Tour de Salvagny<\/em><\/p>\n<\/div>\n\n\n\n<div class=\"wp-block-group bloc is-layout-constrained wp-block-group-is-layout-constrained\">\n<figure class=\"wp-block-image alignright size-full is-resized\"><img loading=\"lazy\" decoding=\"async\" width=\"600\" height=\"308\" src=\"https:\/\/www.groupechampagnat.fr\/wp-sites\/uploads\/sites\/2\/2025\/11\/basket.png\" alt=\"\" class=\"wp-image-597\" style=\"aspect-ratio:1.9480519963066794;width:109px;height:auto\" srcset=\"https:\/\/www.groupechampagnat.fr\/wp-sites\/uploads\/sites\/2\/2025\/11\/basket.png 600w, https:\/\/www.groupechampagnat.fr\/wp-sites\/uploads\/sites\/2\/2025\/11\/basket-300x154.png 300w\" sizes=\"auto, (max-width: 600px) 100vw, 600px\" \/><\/figure>\n\n\n\n<h3 class=\"wp-block-heading\">BASKET<\/h3>\n\n\n\n<p>Lundi et vendredi sont lib\u00e9r\u00e9s \u00e0 15h45 pour un entrainement compl\u00e9mentaire.<br><em>En partenariat avec le Basket Club Arbreslois de l&rsquo;Arbresle, <\/em><\/p>\n<\/div>\n\n\n\n<div class=\"wp-block-group bloc is-layout-constrained wp-block-group-is-layout-constrained\">\n<figure class=\"wp-block-image alignright size-full is-resized\"><img loading=\"lazy\" decoding=\"async\" width=\"473\" height=\"504\" src=\"https:\/\/www.groupechampagnat.fr\/wp-sites\/uploads\/sites\/2\/2026\/02\/BMX.jpg\" alt=\"\" class=\"wp-image-824\" style=\"aspect-ratio:0.9385264864931437;width:56px;height:auto\" srcset=\"https:\/\/www.groupechampagnat.fr\/wp-sites\/uploads\/sites\/2\/2026\/02\/BMX.jpg 473w, https:\/\/www.groupechampagnat.fr\/wp-sites\/uploads\/sites\/2\/2026\/02\/BMX-282x300.jpg 282w\" sizes=\"auto, (max-width: 473px) 100vw, 473px\" \/><\/figure>\n\n\n\n<h3 class=\"wp-block-heading\">BMX-VTT<\/h3>\n\n\n\n<p>Lundi et vendredi sont lib\u00e9r\u00e9s \u00e0 15h45 pour un entrainement compl\u00e9mentaire<br><em>En partenariat avec le Club BMX-VTT de Dardilly <\/em><\/p>\n<\/div>\n<\/div>\n<\/div>\n","protected":false},"excerpt":{"rendered":"<p>BILANGUE ANGLAIS\/ALLEMAND De la 6\u00e8me \u00e0 la 3\u00e8me : 3 heures d\u2019anglais et 3 heures d\u2019allemand hebdomadaire. BILANGUE ANGLAIS\/ESPAGNOL De la 6\u00e8me \u00e0 la 3\u00e8me : 3 heures d\u2019anglais et 3 heures d\u2019espagnol hebdomadaire. ENGLISH INTERNATIONAL (option EI) De la 5\u00e8me \u00e0 la 3\u00e8me : 4 heures d&rsquo;anglaisAisance orale, approfondissement linguistique et voyage \u00e0 l&rsquo;\u00e9tranger [&hellip;]<\/p>\n","protected":false},"author":1,"featured_media":142,"parent":157,"menu_order":1,"comment_status":"closed","ping_status":"closed","template":"","meta":{"footnotes":""},"class_list":["post-330","page","type-page","status-publish","has-post-thumbnail","hentry"],"yoast_head":"<!-- This site is optimized with the Yoast SEO plugin v27.4 - https:\/\/yoast.com\/product\/yoast-seo-wordpress\/ -->\n<title>Les options - Coll\u00e8ge St Marcellin Champagnat<\/title>\n<meta name=\"description\" content=\"Explorez les options du Coll\u00e8ge St Marcellin Champagnat : classes bilangues, English International, latin, chorale et sections sportives.\" \/>\n<meta name=\"robots\" content=\"index, follow, max-snippet:-1, max-image-preview:large, max-video-preview:-1\" \/>\n<link rel=\"canonical\" href=\"https:\/\/www.groupechampagnat.fr\/college-st-marcelin-champagnat\/projet-pedagogique\/options\/\" \/>\n<meta property=\"og:locale\" content=\"fr_FR\" \/>\n<meta property=\"og:type\" content=\"article\" \/>\n<meta property=\"og:title\" content=\"Les options - Coll\u00e8ge St Marcellin Champagnat\" \/>\n<meta property=\"og:description\" content=\"Explorez les options du Coll\u00e8ge St Marcellin Champagnat : classes bilangues, English International, latin, chorale et sections sportives.\" \/>\n<meta property=\"og:url\" content=\"https:\/\/www.groupechampagnat.fr\/college-st-marcelin-champagnat\/projet-pedagogique\/options\/\" \/>\n<meta property=\"og:site_name\" content=\"Coll\u00e8ge St Marcellin Champagnat\" \/>\n<meta property=\"article:modified_time\" content=\"2026-03-03T08:56:26+00:00\" \/>\n<meta property=\"og:image\" content=\"https:\/\/www.groupechampagnat.fr\/wp-sites\/uploads\/sites\/2\/2025\/09\/top_champagnat.webp\" \/>\n\t<meta property=\"og:image:width\" content=\"1200\" \/>\n\t<meta property=\"og:image:height\" content=\"450\" \/>\n\t<meta property=\"og:image:type\" content=\"image\/webp\" \/>\n<meta name=\"twitter:card\" content=\"summary_large_image\" \/>\n<meta name=\"twitter:label1\" content=\"Dur\u00e9e de lecture estim\u00e9e\" \/>\n\t<meta name=\"twitter:data1\" content=\"3 minutes\" \/>\n<script type=\"application\/ld+json\" class=\"yoast-schema-graph\">{\"@context\":\"https:\\\/\\\/schema.org\",\"@graph\":[{\"@type\":\"WebPage\",\"@id\":\"https:\\\/\\\/www.groupechampagnat.fr\\\/college-st-marcelin-champagnat\\\/projet-pedagogique\\\/options\\\/\",\"url\":\"https:\\\/\\\/www.groupechampagnat.fr\\\/college-st-marcelin-champagnat\\\/projet-pedagogique\\\/options\\\/\",\"name\":\"Les options - Coll\u00e8ge St Marcellin Champagnat\",\"isPartOf\":{\"@id\":\"https:\\\/\\\/www.groupechampagnat.fr\\\/college-st-marcelin-champagnat\\\/#website\"},\"primaryImageOfPage\":{\"@id\":\"https:\\\/\\\/www.groupechampagnat.fr\\\/college-st-marcelin-champagnat\\\/projet-pedagogique\\\/options\\\/#primaryimage\"},\"image\":{\"@id\":\"https:\\\/\\\/www.groupechampagnat.fr\\\/college-st-marcelin-champagnat\\\/projet-pedagogique\\\/options\\\/#primaryimage\"},\"thumbnailUrl\":\"https:\\\/\\\/www.groupechampagnat.fr\\\/wp-sites\\\/uploads\\\/sites\\\/2\\\/2025\\\/09\\\/top_champagnat.webp\",\"datePublished\":\"2025-10-03T13:43:18+00:00\",\"dateModified\":\"2026-03-03T08:56:26+00:00\",\"description\":\"Explorez les options du Coll\u00e8ge St Marcellin Champagnat : classes bilangues, English International, latin, chorale et sections sportives.\",\"breadcrumb\":{\"@id\":\"https:\\\/\\\/www.groupechampagnat.fr\\\/college-st-marcelin-champagnat\\\/projet-pedagogique\\\/options\\\/#breadcrumb\"},\"inLanguage\":\"fr-FR\",\"potentialAction\":[{\"@type\":\"ReadAction\",\"target\":[\"https:\\\/\\\/www.groupechampagnat.fr\\\/college-st-marcelin-champagnat\\\/projet-pedagogique\\\/options\\\/\"]}]},{\"@type\":\"ImageObject\",\"inLanguage\":\"fr-FR\",\"@id\":\"https:\\\/\\\/www.groupechampagnat.fr\\\/college-st-marcelin-champagnat\\\/projet-pedagogique\\\/options\\\/#primaryimage\",\"url\":\"https:\\\/\\\/www.groupechampagnat.fr\\\/wp-sites\\\/uploads\\\/sites\\\/2\\\/2025\\\/09\\\/top_champagnat.webp\",\"contentUrl\":\"https:\\\/\\\/www.groupechampagnat.fr\\\/wp-sites\\\/uploads\\\/sites\\\/2\\\/2025\\\/09\\\/top_champagnat.webp\",\"width\":1200,\"height\":450},{\"@type\":\"BreadcrumbList\",\"@id\":\"https:\\\/\\\/www.groupechampagnat.fr\\\/college-st-marcelin-champagnat\\\/projet-pedagogique\\\/options\\\/#breadcrumb\",\"itemListElement\":[{\"@type\":\"ListItem\",\"position\":1,\"name\":\"Accueil\",\"item\":\"https:\\\/\\\/www.groupechampagnat.fr\\\/college-st-marcelin-champagnat\\\/\"},{\"@type\":\"ListItem\",\"position\":2,\"name\":\"\u00a0Projet p\u00e9dagogique\",\"item\":\"https:\\\/\\\/www.groupechampagnat.fr\\\/college-st-marcelin-champagnat\\\/projet-pedagogique\\\/\"},{\"@type\":\"ListItem\",\"position\":3,\"name\":\"Les options\"}]},{\"@type\":\"WebSite\",\"@id\":\"https:\\\/\\\/www.groupechampagnat.fr\\\/college-st-marcelin-champagnat\\\/#website\",\"url\":\"https:\\\/\\\/www.groupechampagnat.fr\\\/college-st-marcelin-champagnat\\\/\",\"name\":\"Coll\u00e8ge St Marcellin Champagnat\",\"description\":\"\",\"potentialAction\":[{\"@type\":\"SearchAction\",\"target\":{\"@type\":\"EntryPoint\",\"urlTemplate\":\"https:\\\/\\\/www.groupechampagnat.fr\\\/college-st-marcelin-champagnat\\\/?s={search_term_string}\"},\"query-input\":{\"@type\":\"PropertyValueSpecification\",\"valueRequired\":true,\"valueName\":\"search_term_string\"}}],\"inLanguage\":\"fr-FR\"}]}<\/script>\n<!-- \/ Yoast SEO plugin. -->","yoast_head_json":{"title":"Les options - Coll\u00e8ge St Marcellin Champagnat","description":"Explorez les options du Coll\u00e8ge St Marcellin Champagnat : classes bilangues, English International, latin, chorale et sections sportives.","robots":{"index":"index","follow":"follow","max-snippet":"max-snippet:-1","max-image-preview":"max-image-preview:large","max-video-preview":"max-video-preview:-1"},"canonical":"https:\/\/www.groupechampagnat.fr\/college-st-marcelin-champagnat\/projet-pedagogique\/options\/","og_locale":"fr_FR","og_type":"article","og_title":"Les options - Coll\u00e8ge St Marcellin Champagnat","og_description":"Explorez les options du Coll\u00e8ge St Marcellin Champagnat : classes bilangues, English International, latin, chorale et sections sportives.","og_url":"https:\/\/www.groupechampagnat.fr\/college-st-marcelin-champagnat\/projet-pedagogique\/options\/","og_site_name":"Coll\u00e8ge St Marcellin Champagnat","article_modified_time":"2026-03-03T08:56:26+00:00","og_image":[{"width":1200,"height":450,"url":"https:\/\/www.groupechampagnat.fr\/wp-sites\/uploads\/sites\/2\/2025\/09\/top_champagnat.webp","type":"image\/webp"}],"twitter_card":"summary_large_image","twitter_misc":{"Dur\u00e9e de lecture estim\u00e9e":"3 minutes"},"schema":{"@context":"https:\/\/schema.org","@graph":[{"@type":"WebPage","@id":"https:\/\/www.groupechampagnat.fr\/college-st-marcelin-champagnat\/projet-pedagogique\/options\/","url":"https:\/\/www.groupechampagnat.fr\/college-st-marcelin-champagnat\/projet-pedagogique\/options\/","name":"Les options - Coll\u00e8ge St Marcellin Champagnat","isPartOf":{"@id":"https:\/\/www.groupechampagnat.fr\/college-st-marcelin-champagnat\/#website"},"primaryImageOfPage":{"@id":"https:\/\/www.groupechampagnat.fr\/college-st-marcelin-champagnat\/projet-pedagogique\/options\/#primaryimage"},"image":{"@id":"https:\/\/www.groupechampagnat.fr\/college-st-marcelin-champagnat\/projet-pedagogique\/options\/#primaryimage"},"thumbnailUrl":"https:\/\/www.groupechampagnat.fr\/wp-sites\/uploads\/sites\/2\/2025\/09\/top_champagnat.webp","datePublished":"2025-10-03T13:43:18+00:00","dateModified":"2026-03-03T08:56:26+00:00","description":"Explorez les options du Coll\u00e8ge St Marcellin Champagnat : classes bilangues, English International, latin, chorale et sections sportives.","breadcrumb":{"@id":"https:\/\/www.groupechampagnat.fr\/college-st-marcelin-champagnat\/projet-pedagogique\/options\/#breadcrumb"},"inLanguage":"fr-FR","potentialAction":[{"@type":"ReadAction","target":["https:\/\/www.groupechampagnat.fr\/college-st-marcelin-champagnat\/projet-pedagogique\/options\/"]}]},{"@type":"ImageObject","inLanguage":"fr-FR","@id":"https:\/\/www.groupechampagnat.fr\/college-st-marcelin-champagnat\/projet-pedagogique\/options\/#primaryimage","url":"https:\/\/www.groupechampagnat.fr\/wp-sites\/uploads\/sites\/2\/2025\/09\/top_champagnat.webp","contentUrl":"https:\/\/www.groupechampagnat.fr\/wp-sites\/uploads\/sites\/2\/2025\/09\/top_champagnat.webp","width":1200,"height":450},{"@type":"BreadcrumbList","@id":"https:\/\/www.groupechampagnat.fr\/college-st-marcelin-champagnat\/projet-pedagogique\/options\/#breadcrumb","itemListElement":[{"@type":"ListItem","position":1,"name":"Accueil","item":"https:\/\/www.groupechampagnat.fr\/college-st-marcelin-champagnat\/"},{"@type":"ListItem","position":2,"name":"\u00a0Projet p\u00e9dagogique","item":"https:\/\/www.groupechampagnat.fr\/college-st-marcelin-champagnat\/projet-pedagogique\/"},{"@type":"ListItem","position":3,"name":"Les options"}]},{"@type":"WebSite","@id":"https:\/\/www.groupechampagnat.fr\/college-st-marcelin-champagnat\/#website","url":"https:\/\/www.groupechampagnat.fr\/college-st-marcelin-champagnat\/","name":"Coll\u00e8ge St Marcellin Champagnat","description":"","potentialAction":[{"@type":"SearchAction","target":{"@type":"EntryPoint","urlTemplate":"https:\/\/www.groupechampagnat.fr\/college-st-marcelin-champagnat\/?s={search_term_string}"},"query-input":{"@type":"PropertyValueSpecification","valueRequired":true,"valueName":"search_term_string"}}],"inLanguage":"fr-FR"}]}},"_links":{"self":[{"href":"https:\/\/www.groupechampagnat.fr\/college-st-marcelin-champagnat\/wp-json\/wp\/v2\/pages\/330","targetHints":{"allow":["GET"]}}],"collection":[{"href":"https:\/\/www.groupechampagnat.fr\/college-st-marcelin-champagnat\/wp-json\/wp\/v2\/pages"}],"about":[{"href":"https:\/\/www.groupechampagnat.fr\/college-st-marcelin-champagnat\/wp-json\/wp\/v2\/types\/page"}],"author":[{"embeddable":true,"href":"https:\/\/www.groupechampagnat.fr\/college-st-marcelin-champagnat\/wp-json\/wp\/v2\/users\/1"}],"replies":[{"embeddable":true,"href":"https:\/\/www.groupechampagnat.fr\/college-st-marcelin-champagnat\/wp-json\/wp\/v2\/comments?post=330"}],"version-history":[{"count":17,"href":"https:\/\/www.groupechampagnat.fr\/college-st-marcelin-champagnat\/wp-json\/wp\/v2\/pages\/330\/revisions"}],"predecessor-version":[{"id":838,"href":"https:\/\/www.groupechampagnat.fr\/college-st-marcelin-champagnat\/wp-json\/wp\/v2\/pages\/330\/revisions\/838"}],"up":[{"embeddable":true,"href":"https:\/\/www.groupechampagnat.fr\/college-st-marcelin-champagnat\/wp-json\/wp\/v2\/pages\/157"}],"wp:featuredmedia":[{"embeddable":true,"href":"https:\/\/www.groupechampagnat.fr\/college-st-marcelin-champagnat\/wp-json\/wp\/v2\/media\/142"}],"wp:attachment":[{"href":"https:\/\/www.groupechampagnat.fr\/college-st-marcelin-champagnat\/wp-json\/wp\/v2\/media?parent=330"}],"curies":[{"name":"wp","href":"https:\/\/api.w.org\/{rel}","templated":true}]}}