{"id":260,"date":"2025-09-12T18:13:10","date_gmt":"2025-09-12T16:13:46","guid":{"rendered":"https:\/\/test.groupechampagnat.fr\/college-st-marcelin-champagnat\/projet-pedagogique\/les-differents-parcours\/"},"modified":"2026-01-13T11:29:53","modified_gmt":"2026-01-13T10:29:53","slug":"parcours","status":"publish","type":"page","link":"https:\/\/www.groupechampagnat.fr\/college-st-marcelin-champagnat\/projet-pedagogique\/parcours\/","title":{"rendered":"Les diff\u00e9rents parcours"},"content":{"rendered":"\n<p class=\"has-text-align-center has-medium-font-size\"><em>Les parcours \u00c9DUCATIFS &#8211; Prendre soin pour une \u00e9ducation int\u00e9grale.<\/em><\/p>\n\n\n\n<div class=\"wp-block-columns are-vertically-aligned-top is-layout-flex wp-container-core-columns-is-layout-9d6595d7 wp-block-columns-is-layout-flex\">\n<div class=\"wp-block-column is-vertically-aligned-top is-layout-flow wp-block-column-is-layout-flow\">\n<h3 class=\"wp-block-heading\"><strong>6<sup>\u00e8me<\/sup> : Parcours \u00ab Ecole de la m\u00e9moire \u00bb <\/strong><br><strong>et \u00ab Ma\u00eetrise ton fran\u00e7ais \u00bb<\/strong><\/h3>\n\n\n\n<p class=\"bloc\">Comment apprendre ses le\u00e7ons, am\u00e9liorer sa m\u00e9moire gr\u00e2ce \u00e0 diff\u00e9rentes techniques, g\u00e9rer sa concentration et son stress, retenir des dates. Une orthop\u00e9dagogue au service des \u00e9l\u00e8ves.<\/p>\n\n\n\n<h3 class=\"wp-block-heading\"><strong>6<sup>\u00e8me<\/sup> :<\/strong> <strong>Projet Voltaire<\/strong><\/h3>\n\n\n\n<p class=\"bloc\">Aider nos \u00e9l\u00e8ves de 6\u00e8mes prioritairement, \u00e0 progresser et \u00e0 ma\u00eetriser les r\u00e8gles de l\u2019orthographe progressivement en fonction des lacunes de l\u2019apprenant et de son rythme d\u2019apprentissage<\/p>\n\n\n\n<h3 class=\"wp-block-heading\"><strong>5<sup>\u00e8me<\/sup> : <\/strong>Prendre soin de son corps et de la vie. <\/h3>\n\n\n\n<p class=\"bloc\">Se pr\u00e9parer \u00e0 vivre les changements du corps et s\u2019\u00e9merveiller devant la transmission de la vie.<br>Avec les intervenants de <strong>CYCLOSHOW <\/strong>et <strong>MISSION XY<\/strong>, une journ\u00e9e banalis\u00e9e sera consacr\u00e9e \u00e0 cette th\u00e9matique. La participation des parents \u00e0 cette journ\u00e9e est fortement pr\u00e9conis\u00e9e pour accompagner son enfant (M\u00e8re\/Fille et P\u00e8re\/Fils) dans sa transformation du corps.<\/p>\n<\/div>\n\n\n\n<div class=\"wp-block-column is-vertically-aligned-top is-layout-flow wp-block-column-is-layout-flow\">\n<h3 class=\"wp-block-heading\"><strong>4<sup>\u00e8me<\/sup> : <\/strong>Impala <\/h3>\n\n\n\n<div class=\"wp-block-group bloc is-layout-constrained wp-block-group-is-layout-constrained\">\n<p>Impala est une application qui aide les jeunes dans leur orientation avec un outil simple et amusant, pour apprendre \u00e0 se connaitre, d\u00e9couvrir leurs forces, leurs valeurs et leur projet.<\/p>\n\n\n\n<p>Tous les \u00e9l\u00e8ves de 4\u00e8mes sont abonn\u00e9s et tous les professeurs principaux accompagnent leurs \u00e9l\u00e8ves hebdomadairement dans une d\u00e9marche de connaissance de soi.<\/p>\n<\/div>\n\n\n\n<h3 class=\"wp-block-heading\"><strong>3<sup>\u00e8me<\/sup><\/strong><\/h3>\n\n\n\n<div class=\"wp-block-group bloc is-layout-constrained wp-block-group-is-layout-constrained\">\n<p>Poursuite du travail enclench\u00e9 en 4\u00e8me avec l\u2019objectif d\u2019aider les jeunes \u00e0 choisir sa fili\u00e8re pour le lyc\u00e9e et que ce soit pour une 2de g\u00e9n\u00e9rale et technologique, une 2de professionnelle ou une premi\u00e8re ann\u00e9e de CAP. <\/p>\n\n\n\n<ul class=\"wp-block-list\">\n<li>Visites d&rsquo;un lyc\u00e9e g\u00e9n\u00e9ral et d&rsquo;un lyc\u00e9e professionnel<\/li>\n\n\n\n<li>Mondial des m\u00e9tiers<\/li>\n\n\n\n<li>Entretiens de l&rsquo;excellence. <\/li>\n\n\n\n<li>Intervention avec Log.in sur Vie Affective et Num\u00e9rique. <\/li>\n\n\n\n<li>Analyse avec les jeunes l\u2019ensemble des r\u00e9seaux sociaux afin d\u2019analyser l\u2019influence qu\u2019ils ont sur les relations affectives, le respect de l\u2019autre et l\u2019estime de soi.<\/li>\n<\/ul>\n<\/div>\n<\/div>\n<\/div>\n","protected":false},"excerpt":{"rendered":"<p>Les parcours \u00c9DUCATIFS &#8211; Prendre soin pour une \u00e9ducation int\u00e9grale. 6\u00e8me : Parcours \u00ab Ecole de la m\u00e9moire \u00bb et \u00ab Ma\u00eetrise ton fran\u00e7ais \u00bb Comment apprendre ses le\u00e7ons, am\u00e9liorer sa m\u00e9moire gr\u00e2ce \u00e0 diff\u00e9rentes techniques, g\u00e9rer sa concentration et son stress, retenir des dates. Une orthop\u00e9dagogue au service des \u00e9l\u00e8ves. 6\u00e8me : Projet Voltaire [&hellip;]<\/p>\n","protected":false},"author":1,"featured_media":142,"parent":157,"menu_order":2,"comment_status":"closed","ping_status":"closed","template":"","meta":{"footnotes":""},"class_list":["post-260","page","type-page","status-publish","has-post-thumbnail","hentry"],"yoast_head":"<!-- This site is optimized with the Yoast SEO plugin v27.4 - https:\/\/yoast.com\/product\/yoast-seo-wordpress\/ -->\n<title>Les diff\u00e9rents parcours - Coll\u00e8ge St Marcellin Champagnat<\/title>\n<meta name=\"description\" content=\"D\u00e9couvrez les parcours du Coll\u00e8ge St Marcellin Champagnat : Projet Voltaire, orientation avec Impala et \u00e9ducation int\u00e9grale de la 6e \u00e0 la 3e.\" \/>\n<meta name=\"robots\" content=\"index, follow, max-snippet:-1, max-image-preview:large, max-video-preview:-1\" \/>\n<link rel=\"canonical\" href=\"https:\/\/www.groupechampagnat.fr\/college-st-marcelin-champagnat\/projet-pedagogique\/parcours\/\" \/>\n<meta property=\"og:locale\" content=\"fr_FR\" \/>\n<meta property=\"og:type\" content=\"article\" \/>\n<meta property=\"og:title\" content=\"Les diff\u00e9rents parcours - Coll\u00e8ge St Marcellin Champagnat\" \/>\n<meta property=\"og:description\" content=\"D\u00e9couvrez les parcours du Coll\u00e8ge St Marcellin Champagnat : Projet Voltaire, orientation avec Impala et \u00e9ducation int\u00e9grale de la 6e \u00e0 la 3e.\" \/>\n<meta property=\"og:url\" content=\"https:\/\/www.groupechampagnat.fr\/college-st-marcelin-champagnat\/projet-pedagogique\/parcours\/\" \/>\n<meta property=\"og:site_name\" content=\"Coll\u00e8ge St Marcellin Champagnat\" \/>\n<meta property=\"article:modified_time\" content=\"2026-01-13T10:29:53+00:00\" \/>\n<meta property=\"og:image\" content=\"https:\/\/www.groupechampagnat.fr\/wp-sites\/uploads\/sites\/2\/2025\/09\/top_champagnat.webp\" \/>\n\t<meta property=\"og:image:width\" content=\"1200\" \/>\n\t<meta property=\"og:image:height\" content=\"450\" \/>\n\t<meta property=\"og:image:type\" content=\"image\/webp\" \/>\n<meta name=\"twitter:card\" content=\"summary_large_image\" \/>\n<meta name=\"twitter:label1\" content=\"Dur\u00e9e de lecture estim\u00e9e\" \/>\n\t<meta name=\"twitter:data1\" content=\"2 minutes\" \/>\n<script type=\"application\/ld+json\" class=\"yoast-schema-graph\">{\"@context\":\"https:\\\/\\\/schema.org\",\"@graph\":[{\"@type\":\"WebPage\",\"@id\":\"https:\\\/\\\/www.groupechampagnat.fr\\\/college-st-marcelin-champagnat\\\/projet-pedagogique\\\/parcours\\\/\",\"url\":\"https:\\\/\\\/www.groupechampagnat.fr\\\/college-st-marcelin-champagnat\\\/projet-pedagogique\\\/parcours\\\/\",\"name\":\"Les diff\u00e9rents parcours - Coll\u00e8ge St Marcellin Champagnat\",\"isPartOf\":{\"@id\":\"https:\\\/\\\/www.groupechampagnat.fr\\\/college-st-marcelin-champagnat\\\/#website\"},\"primaryImageOfPage\":{\"@id\":\"https:\\\/\\\/www.groupechampagnat.fr\\\/college-st-marcelin-champagnat\\\/projet-pedagogique\\\/parcours\\\/#primaryimage\"},\"image\":{\"@id\":\"https:\\\/\\\/www.groupechampagnat.fr\\\/college-st-marcelin-champagnat\\\/projet-pedagogique\\\/parcours\\\/#primaryimage\"},\"thumbnailUrl\":\"https:\\\/\\\/www.groupechampagnat.fr\\\/wp-sites\\\/uploads\\\/sites\\\/2\\\/2025\\\/09\\\/top_champagnat.webp\",\"datePublished\":\"2025-09-12T16:13:46+00:00\",\"dateModified\":\"2026-01-13T10:29:53+00:00\",\"description\":\"D\u00e9couvrez les parcours du Coll\u00e8ge St Marcellin Champagnat : Projet Voltaire, orientation avec Impala et \u00e9ducation int\u00e9grale de la 6e \u00e0 la 3e.\",\"breadcrumb\":{\"@id\":\"https:\\\/\\\/www.groupechampagnat.fr\\\/college-st-marcelin-champagnat\\\/projet-pedagogique\\\/parcours\\\/#breadcrumb\"},\"inLanguage\":\"fr-FR\",\"potentialAction\":[{\"@type\":\"ReadAction\",\"target\":[\"https:\\\/\\\/www.groupechampagnat.fr\\\/college-st-marcelin-champagnat\\\/projet-pedagogique\\\/parcours\\\/\"]}]},{\"@type\":\"ImageObject\",\"inLanguage\":\"fr-FR\",\"@id\":\"https:\\\/\\\/www.groupechampagnat.fr\\\/college-st-marcelin-champagnat\\\/projet-pedagogique\\\/parcours\\\/#primaryimage\",\"url\":\"https:\\\/\\\/www.groupechampagnat.fr\\\/wp-sites\\\/uploads\\\/sites\\\/2\\\/2025\\\/09\\\/top_champagnat.webp\",\"contentUrl\":\"https:\\\/\\\/www.groupechampagnat.fr\\\/wp-sites\\\/uploads\\\/sites\\\/2\\\/2025\\\/09\\\/top_champagnat.webp\",\"width\":1200,\"height\":450},{\"@type\":\"BreadcrumbList\",\"@id\":\"https:\\\/\\\/www.groupechampagnat.fr\\\/college-st-marcelin-champagnat\\\/projet-pedagogique\\\/parcours\\\/#breadcrumb\",\"itemListElement\":[{\"@type\":\"ListItem\",\"position\":1,\"name\":\"Accueil\",\"item\":\"https:\\\/\\\/www.groupechampagnat.fr\\\/college-st-marcelin-champagnat\\\/\"},{\"@type\":\"ListItem\",\"position\":2,\"name\":\"\u00a0Projet p\u00e9dagogique\",\"item\":\"https:\\\/\\\/www.groupechampagnat.fr\\\/college-st-marcelin-champagnat\\\/projet-pedagogique\\\/\"},{\"@type\":\"ListItem\",\"position\":3,\"name\":\"Les diff\u00e9rents parcours\"}]},{\"@type\":\"WebSite\",\"@id\":\"https:\\\/\\\/www.groupechampagnat.fr\\\/college-st-marcelin-champagnat\\\/#website\",\"url\":\"https:\\\/\\\/www.groupechampagnat.fr\\\/college-st-marcelin-champagnat\\\/\",\"name\":\"Coll\u00e8ge St Marcellin Champagnat\",\"description\":\"\",\"potentialAction\":[{\"@type\":\"SearchAction\",\"target\":{\"@type\":\"EntryPoint\",\"urlTemplate\":\"https:\\\/\\\/www.groupechampagnat.fr\\\/college-st-marcelin-champagnat\\\/?s={search_term_string}\"},\"query-input\":{\"@type\":\"PropertyValueSpecification\",\"valueRequired\":true,\"valueName\":\"search_term_string\"}}],\"inLanguage\":\"fr-FR\"}]}<\/script>\n<!-- \/ Yoast SEO plugin. -->","yoast_head_json":{"title":"Les diff\u00e9rents parcours - Coll\u00e8ge St Marcellin Champagnat","description":"D\u00e9couvrez les parcours du Coll\u00e8ge St Marcellin Champagnat : Projet Voltaire, orientation avec Impala et \u00e9ducation int\u00e9grale de la 6e \u00e0 la 3e.","robots":{"index":"index","follow":"follow","max-snippet":"max-snippet:-1","max-image-preview":"max-image-preview:large","max-video-preview":"max-video-preview:-1"},"canonical":"https:\/\/www.groupechampagnat.fr\/college-st-marcelin-champagnat\/projet-pedagogique\/parcours\/","og_locale":"fr_FR","og_type":"article","og_title":"Les diff\u00e9rents parcours - Coll\u00e8ge St Marcellin Champagnat","og_description":"D\u00e9couvrez les parcours du Coll\u00e8ge St Marcellin Champagnat : Projet Voltaire, orientation avec Impala et \u00e9ducation int\u00e9grale de la 6e \u00e0 la 3e.","og_url":"https:\/\/www.groupechampagnat.fr\/college-st-marcelin-champagnat\/projet-pedagogique\/parcours\/","og_site_name":"Coll\u00e8ge St Marcellin Champagnat","article_modified_time":"2026-01-13T10:29:53+00:00","og_image":[{"width":1200,"height":450,"url":"https:\/\/www.groupechampagnat.fr\/wp-sites\/uploads\/sites\/2\/2025\/09\/top_champagnat.webp","type":"image\/webp"}],"twitter_card":"summary_large_image","twitter_misc":{"Dur\u00e9e de lecture estim\u00e9e":"2 minutes"},"schema":{"@context":"https:\/\/schema.org","@graph":[{"@type":"WebPage","@id":"https:\/\/www.groupechampagnat.fr\/college-st-marcelin-champagnat\/projet-pedagogique\/parcours\/","url":"https:\/\/www.groupechampagnat.fr\/college-st-marcelin-champagnat\/projet-pedagogique\/parcours\/","name":"Les diff\u00e9rents parcours - Coll\u00e8ge St Marcellin Champagnat","isPartOf":{"@id":"https:\/\/www.groupechampagnat.fr\/college-st-marcelin-champagnat\/#website"},"primaryImageOfPage":{"@id":"https:\/\/www.groupechampagnat.fr\/college-st-marcelin-champagnat\/projet-pedagogique\/parcours\/#primaryimage"},"image":{"@id":"https:\/\/www.groupechampagnat.fr\/college-st-marcelin-champagnat\/projet-pedagogique\/parcours\/#primaryimage"},"thumbnailUrl":"https:\/\/www.groupechampagnat.fr\/wp-sites\/uploads\/sites\/2\/2025\/09\/top_champagnat.webp","datePublished":"2025-09-12T16:13:46+00:00","dateModified":"2026-01-13T10:29:53+00:00","description":"D\u00e9couvrez les parcours du Coll\u00e8ge St Marcellin Champagnat : Projet Voltaire, orientation avec Impala et \u00e9ducation int\u00e9grale de la 6e \u00e0 la 3e.","breadcrumb":{"@id":"https:\/\/www.groupechampagnat.fr\/college-st-marcelin-champagnat\/projet-pedagogique\/parcours\/#breadcrumb"},"inLanguage":"fr-FR","potentialAction":[{"@type":"ReadAction","target":["https:\/\/www.groupechampagnat.fr\/college-st-marcelin-champagnat\/projet-pedagogique\/parcours\/"]}]},{"@type":"ImageObject","inLanguage":"fr-FR","@id":"https:\/\/www.groupechampagnat.fr\/college-st-marcelin-champagnat\/projet-pedagogique\/parcours\/#primaryimage","url":"https:\/\/www.groupechampagnat.fr\/wp-sites\/uploads\/sites\/2\/2025\/09\/top_champagnat.webp","contentUrl":"https:\/\/www.groupechampagnat.fr\/wp-sites\/uploads\/sites\/2\/2025\/09\/top_champagnat.webp","width":1200,"height":450},{"@type":"BreadcrumbList","@id":"https:\/\/www.groupechampagnat.fr\/college-st-marcelin-champagnat\/projet-pedagogique\/parcours\/#breadcrumb","itemListElement":[{"@type":"ListItem","position":1,"name":"Accueil","item":"https:\/\/www.groupechampagnat.fr\/college-st-marcelin-champagnat\/"},{"@type":"ListItem","position":2,"name":"\u00a0Projet p\u00e9dagogique","item":"https:\/\/www.groupechampagnat.fr\/college-st-marcelin-champagnat\/projet-pedagogique\/"},{"@type":"ListItem","position":3,"name":"Les diff\u00e9rents parcours"}]},{"@type":"WebSite","@id":"https:\/\/www.groupechampagnat.fr\/college-st-marcelin-champagnat\/#website","url":"https:\/\/www.groupechampagnat.fr\/college-st-marcelin-champagnat\/","name":"Coll\u00e8ge St Marcellin Champagnat","description":"","potentialAction":[{"@type":"SearchAction","target":{"@type":"EntryPoint","urlTemplate":"https:\/\/www.groupechampagnat.fr\/college-st-marcelin-champagnat\/?s={search_term_string}"},"query-input":{"@type":"PropertyValueSpecification","valueRequired":true,"valueName":"search_term_string"}}],"inLanguage":"fr-FR"}]}},"_links":{"self":[{"href":"https:\/\/www.groupechampagnat.fr\/college-st-marcelin-champagnat\/wp-json\/wp\/v2\/pages\/260","targetHints":{"allow":["GET"]}}],"collection":[{"href":"https:\/\/www.groupechampagnat.fr\/college-st-marcelin-champagnat\/wp-json\/wp\/v2\/pages"}],"about":[{"href":"https:\/\/www.groupechampagnat.fr\/college-st-marcelin-champagnat\/wp-json\/wp\/v2\/types\/page"}],"author":[{"embeddable":true,"href":"https:\/\/www.groupechampagnat.fr\/college-st-marcelin-champagnat\/wp-json\/wp\/v2\/users\/1"}],"replies":[{"embeddable":true,"href":"https:\/\/www.groupechampagnat.fr\/college-st-marcelin-champagnat\/wp-json\/wp\/v2\/comments?post=260"}],"version-history":[{"count":26,"href":"https:\/\/www.groupechampagnat.fr\/college-st-marcelin-champagnat\/wp-json\/wp\/v2\/pages\/260\/revisions"}],"predecessor-version":[{"id":817,"href":"https:\/\/www.groupechampagnat.fr\/college-st-marcelin-champagnat\/wp-json\/wp\/v2\/pages\/260\/revisions\/817"}],"up":[{"embeddable":true,"href":"https:\/\/www.groupechampagnat.fr\/college-st-marcelin-champagnat\/wp-json\/wp\/v2\/pages\/157"}],"wp:featuredmedia":[{"embeddable":true,"href":"https:\/\/www.groupechampagnat.fr\/college-st-marcelin-champagnat\/wp-json\/wp\/v2\/media\/142"}],"wp:attachment":[{"href":"https:\/\/www.groupechampagnat.fr\/college-st-marcelin-champagnat\/wp-json\/wp\/v2\/media?parent=260"}],"curies":[{"name":"wp","href":"https:\/\/api.w.org\/{rel}","templated":true}]}}