{"id":151,"date":"2025-09-08T18:47:10","date_gmt":"2025-09-08T16:47:32","guid":{"rendered":"https:\/\/test.groupechampagnat.fr\/college-st-marcelin-champagnat\/?page_id=151"},"modified":"2026-03-03T10:16:02","modified_gmt":"2026-03-03T09:16:02","slug":"bienvenue","status":"publish","type":"page","link":"https:\/\/www.groupechampagnat.fr\/college-st-marcelin-champagnat\/","title":{"rendered":"Bienvenue au Coll\u00e8ge St Marcellin Champagnat"},"content":{"rendered":"\n<p>Bienvenue au Coll\u00e8ge Saint-Marcellin Champagnat, un \u00e9tablissement priv\u00e9&nbsp;catholique sous contrat avec l\u2019\u00e9tat et de valeurs Maristes.<\/p>\n\n\n\n<p>Toute l\u2019\u00e9quipe \u00e9ducative est engag\u00e9e aupr\u00e8s de votre enfant dans la bienveillance et le respect de la personne, de la parole engag\u00e9e, des r\u00e8gles de savoir-vivre, de l\u2019environnement et des biens.<\/p>\n\n\n\n<p>Confier votre enfant dans notre coll\u00e8ge, c\u2019est lui permettre de grandir humainement, spirituellement et socialement, sous l\u2019\u00e9gide de notre protecteur Saint\u00a0Marcellin Champagnat.<\/p>\n\n\n\n<div class=\"wp-block-columns is-layout-flex wp-container-core-columns-is-layout-9d6595d7 wp-block-columns-is-layout-flex\">\n<div class=\"wp-block-column is-layout-flow wp-block-column-is-layout-flow\">\n<p class=\"has-text-align-center has-medium-font-size\"><strong><a href=\"https:\/\/www.groupechampagnat.fr\/college-st-marcelin-champagnat\/inscription\/\">PRE-INSCRIPTION<\/a><\/strong><\/p>\n<\/div>\n\n\n\n<div class=\"wp-block-column is-layout-flow wp-block-column-is-layout-flow\">\n<p class=\"has-text-align-right\"><strong>M. Combarette<br><\/strong><em><em>Le Chef d\u2019Etablissement<\/em><\/em><\/p>\n<\/div>\n<\/div>\n\n\n\n<p><\/p>\n","protected":false},"excerpt":{"rendered":"<p>Bienvenue au Coll\u00e8ge Saint-Marcellin Champagnat, un \u00e9tablissement priv\u00e9&nbsp;catholique sous contrat avec l\u2019\u00e9tat et de valeurs Maristes. Toute l\u2019\u00e9quipe \u00e9ducative est engag\u00e9e aupr\u00e8s de votre enfant dans la bienveillance et le respect de la personne, de la parole engag\u00e9e, des r\u00e8gles de savoir-vivre, de l\u2019environnement et des biens. Confier votre enfant dans notre coll\u00e8ge, c\u2019est lui [&hellip;]<\/p>\n","protected":false},"author":1,"featured_media":0,"parent":0,"menu_order":1,"comment_status":"closed","ping_status":"closed","template":"","meta":{"footnotes":""},"class_list":["post-151","page","type-page","status-publish","hentry"],"yoast_head":"<!-- This site is optimized with the Yoast SEO plugin v27.4 - https:\/\/yoast.com\/product\/yoast-seo-wordpress\/ -->\n<title>Bienvenue au Coll\u00e8ge St Marcellin Champagnat - Coll\u00e8ge St Marcellin Champagnat<\/title>\n<meta name=\"description\" content=\"Bienvenue au Coll\u00e8ge Saint-Marcellin Champagnat, un \u00e9tablissement priv\u00e9 catholique sous contrat avec l\u2019\u00e9tat et de valeurs Maristes.\" \/>\n<meta name=\"robots\" content=\"index, follow, max-snippet:-1, max-image-preview:large, max-video-preview:-1\" \/>\n<link rel=\"canonical\" href=\"https:\/\/www.groupechampagnat.fr\/college-st-marcelin-champagnat\/\" \/>\n<meta property=\"og:locale\" content=\"fr_FR\" \/>\n<meta property=\"og:type\" content=\"article\" \/>\n<meta property=\"og:title\" content=\"Bienvenue au Coll\u00e8ge St Marcellin Champagnat - Coll\u00e8ge St Marcellin Champagnat\" \/>\n<meta property=\"og:description\" content=\"Bienvenue au Coll\u00e8ge Saint-Marcellin Champagnat, un \u00e9tablissement priv\u00e9 catholique sous contrat avec l\u2019\u00e9tat et de valeurs Maristes.\" \/>\n<meta property=\"og:url\" content=\"https:\/\/www.groupechampagnat.fr\/college-st-marcelin-champagnat\/\" \/>\n<meta property=\"og:site_name\" content=\"Coll\u00e8ge St Marcellin Champagnat\" \/>\n<meta property=\"article:modified_time\" content=\"2026-03-03T09:16:02+00:00\" \/>\n<meta name=\"twitter:card\" content=\"summary_large_image\" \/>\n<meta name=\"twitter:label1\" content=\"Dur\u00e9e de lecture estim\u00e9e\" \/>\n\t<meta name=\"twitter:data1\" content=\"1 minute\" \/>\n<script type=\"application\/ld+json\" class=\"yoast-schema-graph\">{\"@context\":\"https:\\\/\\\/schema.org\",\"@graph\":[{\"@type\":\"WebPage\",\"@id\":\"https:\\\/\\\/www.groupechampagnat.fr\\\/college-st-marcelin-champagnat\\\/\",\"url\":\"https:\\\/\\\/www.groupechampagnat.fr\\\/college-st-marcelin-champagnat\\\/\",\"name\":\"Bienvenue au Coll\u00e8ge St Marcellin Champagnat - Coll\u00e8ge St Marcellin Champagnat\",\"isPartOf\":{\"@id\":\"https:\\\/\\\/www.groupechampagnat.fr\\\/college-st-marcelin-champagnat\\\/#website\"},\"datePublished\":\"2025-09-08T16:47:32+00:00\",\"dateModified\":\"2026-03-03T09:16:02+00:00\",\"description\":\"Bienvenue au Coll\u00e8ge Saint-Marcellin Champagnat, un \u00e9tablissement priv\u00e9 catholique sous contrat avec l\u2019\u00e9tat et de valeurs Maristes.\",\"breadcrumb\":{\"@id\":\"https:\\\/\\\/www.groupechampagnat.fr\\\/college-st-marcelin-champagnat\\\/#breadcrumb\"},\"inLanguage\":\"fr-FR\",\"potentialAction\":[{\"@type\":\"ReadAction\",\"target\":[\"https:\\\/\\\/www.groupechampagnat.fr\\\/college-st-marcelin-champagnat\\\/\"]}]},{\"@type\":\"BreadcrumbList\",\"@id\":\"https:\\\/\\\/www.groupechampagnat.fr\\\/college-st-marcelin-champagnat\\\/#breadcrumb\",\"itemListElement\":[{\"@type\":\"ListItem\",\"position\":1,\"name\":\"Accueil\",\"item\":\"https:\\\/\\\/www.groupechampagnat.fr\\\/college-st-marcelin-champagnat\\\/\"},{\"@type\":\"ListItem\",\"position\":2,\"name\":\"Bienvenue au Coll\u00e8ge St Marcellin Champagnat\"}]},{\"@type\":\"WebSite\",\"@id\":\"https:\\\/\\\/www.groupechampagnat.fr\\\/college-st-marcelin-champagnat\\\/#website\",\"url\":\"https:\\\/\\\/www.groupechampagnat.fr\\\/college-st-marcelin-champagnat\\\/\",\"name\":\"Coll\u00e8ge St Marcellin Champagnat\",\"description\":\"\",\"potentialAction\":[{\"@type\":\"SearchAction\",\"target\":{\"@type\":\"EntryPoint\",\"urlTemplate\":\"https:\\\/\\\/www.groupechampagnat.fr\\\/college-st-marcelin-champagnat\\\/?s={search_term_string}\"},\"query-input\":{\"@type\":\"PropertyValueSpecification\",\"valueRequired\":true,\"valueName\":\"search_term_string\"}}],\"inLanguage\":\"fr-FR\"}]}<\/script>\n<!-- \/ Yoast SEO plugin. -->","yoast_head_json":{"title":"Bienvenue au Coll\u00e8ge St Marcellin Champagnat - Coll\u00e8ge St Marcellin Champagnat","description":"Bienvenue au Coll\u00e8ge Saint-Marcellin Champagnat, un \u00e9tablissement priv\u00e9 catholique sous contrat avec l\u2019\u00e9tat et de valeurs Maristes.","robots":{"index":"index","follow":"follow","max-snippet":"max-snippet:-1","max-image-preview":"max-image-preview:large","max-video-preview":"max-video-preview:-1"},"canonical":"https:\/\/www.groupechampagnat.fr\/college-st-marcelin-champagnat\/","og_locale":"fr_FR","og_type":"article","og_title":"Bienvenue au Coll\u00e8ge St Marcellin Champagnat - Coll\u00e8ge St Marcellin Champagnat","og_description":"Bienvenue au Coll\u00e8ge Saint-Marcellin Champagnat, un \u00e9tablissement priv\u00e9 catholique sous contrat avec l\u2019\u00e9tat et de valeurs Maristes.","og_url":"https:\/\/www.groupechampagnat.fr\/college-st-marcelin-champagnat\/","og_site_name":"Coll\u00e8ge St Marcellin Champagnat","article_modified_time":"2026-03-03T09:16:02+00:00","twitter_card":"summary_large_image","twitter_misc":{"Dur\u00e9e de lecture estim\u00e9e":"1 minute"},"schema":{"@context":"https:\/\/schema.org","@graph":[{"@type":"WebPage","@id":"https:\/\/www.groupechampagnat.fr\/college-st-marcelin-champagnat\/","url":"https:\/\/www.groupechampagnat.fr\/college-st-marcelin-champagnat\/","name":"Bienvenue au Coll\u00e8ge St Marcellin Champagnat - Coll\u00e8ge St Marcellin Champagnat","isPartOf":{"@id":"https:\/\/www.groupechampagnat.fr\/college-st-marcelin-champagnat\/#website"},"datePublished":"2025-09-08T16:47:32+00:00","dateModified":"2026-03-03T09:16:02+00:00","description":"Bienvenue au Coll\u00e8ge Saint-Marcellin Champagnat, un \u00e9tablissement priv\u00e9 catholique sous contrat avec l\u2019\u00e9tat et de valeurs Maristes.","breadcrumb":{"@id":"https:\/\/www.groupechampagnat.fr\/college-st-marcelin-champagnat\/#breadcrumb"},"inLanguage":"fr-FR","potentialAction":[{"@type":"ReadAction","target":["https:\/\/www.groupechampagnat.fr\/college-st-marcelin-champagnat\/"]}]},{"@type":"BreadcrumbList","@id":"https:\/\/www.groupechampagnat.fr\/college-st-marcelin-champagnat\/#breadcrumb","itemListElement":[{"@type":"ListItem","position":1,"name":"Accueil","item":"https:\/\/www.groupechampagnat.fr\/college-st-marcelin-champagnat\/"},{"@type":"ListItem","position":2,"name":"Bienvenue au Coll\u00e8ge St Marcellin Champagnat"}]},{"@type":"WebSite","@id":"https:\/\/www.groupechampagnat.fr\/college-st-marcelin-champagnat\/#website","url":"https:\/\/www.groupechampagnat.fr\/college-st-marcelin-champagnat\/","name":"Coll\u00e8ge St Marcellin Champagnat","description":"","potentialAction":[{"@type":"SearchAction","target":{"@type":"EntryPoint","urlTemplate":"https:\/\/www.groupechampagnat.fr\/college-st-marcelin-champagnat\/?s={search_term_string}"},"query-input":{"@type":"PropertyValueSpecification","valueRequired":true,"valueName":"search_term_string"}}],"inLanguage":"fr-FR"}]}},"_links":{"self":[{"href":"https:\/\/www.groupechampagnat.fr\/college-st-marcelin-champagnat\/wp-json\/wp\/v2\/pages\/151","targetHints":{"allow":["GET"]}}],"collection":[{"href":"https:\/\/www.groupechampagnat.fr\/college-st-marcelin-champagnat\/wp-json\/wp\/v2\/pages"}],"about":[{"href":"https:\/\/www.groupechampagnat.fr\/college-st-marcelin-champagnat\/wp-json\/wp\/v2\/types\/page"}],"author":[{"embeddable":true,"href":"https:\/\/www.groupechampagnat.fr\/college-st-marcelin-champagnat\/wp-json\/wp\/v2\/users\/1"}],"replies":[{"embeddable":true,"href":"https:\/\/www.groupechampagnat.fr\/college-st-marcelin-champagnat\/wp-json\/wp\/v2\/comments?post=151"}],"version-history":[{"count":18,"href":"https:\/\/www.groupechampagnat.fr\/college-st-marcelin-champagnat\/wp-json\/wp\/v2\/pages\/151\/revisions"}],"predecessor-version":[{"id":853,"href":"https:\/\/www.groupechampagnat.fr\/college-st-marcelin-champagnat\/wp-json\/wp\/v2\/pages\/151\/revisions\/853"}],"wp:attachment":[{"href":"https:\/\/www.groupechampagnat.fr\/college-st-marcelin-champagnat\/wp-json\/wp\/v2\/media?parent=151"}],"curies":[{"name":"wp","href":"https:\/\/api.w.org\/{rel}","templated":true}]}}